{"id":246366,"date":"2026-01-02T23:19:47","date_gmt":"2026-01-02T20:19:47","guid":{"rendered":"https:\/\/baldumarket.lt\/product\/zestaw-szafka-z-umywalka-meblowa-80-cm-oraz-slupek-wysoki-talia-casella\/"},"modified":"2026-02-11T18:32:58","modified_gmt":"2026-02-11T15:32:58","slug":"zestaw-szafka-z-umywalka-meblowa-80-cm-oraz-slupek-wysoki-talia-casella","status":"publish","type":"product","link":"https:\/\/baldumarket.lt\/lt\/product\/zestaw-szafka-z-umywalka-meblowa-80-cm-oraz-slupek-wysoki-talia-casella\/","title":{"rendered":"Spintel\u0117s su 80 cm praustuvu ir \u201eCasella\u201c auk\u0161to juosmens kolona komplektas"},"content":{"rendered":"<p>\u201eTalia Casella\u201c 80 cm kriaukl\u0117s spintel\u0117s ir auk\u0161to stulpelio komplektas. \u201eTalia Casella\u201c kriaukl\u0117s spintel\u0117 ir komplektas derina klasikin\u0119 elegancij\u0105 su modernumu. Juodi r\u0117mai ir fasadai su \u201eCasella Oak\u201c apdaila sukuria harmonij\u0105. Du stal\u010diai ir viena spintel\u0117 suteikia vietos daiktams susid\u0117ti. Matmenys: Plotis (cm): 80 Gylis (cm): 46 Auk\u0161tis (cm): 50 Svoris (kg): 54,3 Techniniai duomenys: Komplekt\u0105 sudaro: Praustuvo spintel\u0117 80 cm 2 stal\u010diai Talia Casella, Talia Casella 1 dureli\u0173 auk\u0161ta kolona 30 cm, SKY 80-8099 baldinis praustuvas 81 x 46 cm Korpuso spalva: Matin\u0117 juoda Priekin\u0117s dalies spalva: Casella \u0105\u017euolas Ranken\u0117l\u0117s spalva: Pakuot\u0117je \u2013 Aukso blizgi, matin\u0117 juoda, blizgus chromas Praustuvo spalva: Blizgi balta Korpuso med\u017eiaga: Laminuota plok\u0161t\u0117 Priekin\u0117 dalis: MDF plok\u0161t\u0117 Ranken\u0117l\u0117s med\u017eiaga: Plastikas Praustuvo med\u017eiaga: Keramika Pridedama praustuvas: Taip B\u0117geliai: Tylus u\u017edarymas \u012e komplekt\u0105 \u012feina surinkimo rinkinys: Taip Surinkimas: Savaranki\u0161kas surinkimas \u201eComad\u201c \u201eCasella\u201c 80 cm bald\u0173 praustuvo spintel\u0117s ir auk\u0161tos kolonos \u201eTalia\u201c komplektas yra puikus sprendimas tiems, kurie ie\u0161ko harmonijos ir elegancijos savo vonios kambaryje. Komplekte derinamas klasikinis estetinis sprendimas su moderniais akcentais, tod\u0117l jis tampa bet kokio interjero traukos centru. Dviej\u0173 stal\u010di\u0173 praustuvo spintel\u0117 traukia d\u0117mes\u012f subtiliu frezuotu r\u0117mu ir \u0161ilta \u201eCasella Oak\u201c apdaila, kuri kasdieniam naudojimui suteikia nat\u016bral\u0173 medienos gro\u017e\u012f.<\/p>\n<p>Dr\u0105sus matin\u0117s juodos spalvos ir dekoratyvinio medinio priekio derinys pabr\u0117\u017eia bald\u0173 i\u0161rai\u0161kingum\u0105, suteikdamas jiems modernumo. Trij\u0173 skirting\u0173 spalv\u0173 ranken\u0117l\u0117s: blizgios auksin\u0117s, matin\u0117s juodos ir chromuotos, papildo eleganti\u0161k\u0105 i\u0161vaizd\u0105 ir leid\u017eia suasmeninti baldus pagal savo pageidavimus. Ergonomi\u0161ka 50 cm auk\u0161\u010dio spintel\u0117 kartu su \u0161velnaus u\u017edarymo stal\u010di\u0173 sistema ne tik atrodo stilingai, bet ir u\u017etikrina maksimal\u0173 komfort\u0105.<\/p>\n<p>Vien\u0173 dur\u0173 auk\u0161ta spintel\u0117 i\u0161 tos pa\u010dios kolekcijos yra \u012fsp\u016bdingo 140 cm auk\u0161\u010dio ir turi keturias erdvias lentynas, kurios pad\u0117s sutvarkyti vonios kambario erdv\u0119. Paspaudus atidarymo sistema leid\u017eia lengvai atidaryti duris vienu lengvu judesiu, tod\u0117l nereikia tradicini\u0173 ranken\u0173. \u0160velnaus u\u017edarymo sistema padidina komfort\u0105, tod\u0117l naudotis \u0161iuo baldu yra tikras malonumas.<\/p>\n<p>Kiekvienas \u201eTalia Casella\u201c kolekcijos baldas buvo sukurtas galvojant apie smulkiausias detales. Baldai pristatomi savaranki\u0161kai surenkamose pakuot\u0117se, tod\u0117l surinkimas yra paprastas ir intuityvus net ir tiems, kurie neturi surinkimo patirties. Be to, Lenkijoje sertifikuota FSC gamyba garantuoja patvarum\u0105 ir naudotoj\u0173 pasitenkinim\u0105, o 2 met\u0173 garantija u\u017etikrina, kad investuojate \u012f baldus, kurie tarnaus ilgus metus.<\/p>\n<p>Galiausiai, \u201eTalia Casella\u201c praustuvo spintel\u0117s ir auk\u0161tos kolon\u0117l\u0117s komplektas yra puikus pasirinkimas tiems, kurie vertina elegancij\u0105, funkcionalum\u0105 ir modern\u0173 dizain\u0105. Suteikite savo vonios kambariui unikal\u0173 stili\u0173 ir harmonij\u0105 pasirinkdami baldus, kurie derina klasikin\u012f paprastum\u0105 su moderniais sprendimais.<\/p>","protected":false},"excerpt":{"rendered":"<p>Plotis (cm): 80<br \/>\n\u016agis (cm): 50<br \/>\nGylis (cm): 46<\/p>","protected":false},"featured_media":246367,"comment_status":"open","ping_status":"open","template":"","meta":[],"product_brand":[],"product_cat":[9117,2015,9183],"product_tag":[],"class_list":{"0":"post-246366","1":"product","2":"type-product","3":"status-publish","4":"has-post-thumbnail","6":"product_cat-bathroom","7":"product_cat-comad","8":"product_cat-bathroom-furniture-sets-comad","10":"first","11":"instock","12":"purchasable","13":"product-type-simple"},"_links":{"self":[{"href":"https:\/\/baldumarket.lt\/lt\/wp-json\/wp\/v2\/product\/246366","targetHints":{"allow":["GET"]}}],"collection":[{"href":"https:\/\/baldumarket.lt\/lt\/wp-json\/wp\/v2\/product"}],"about":[{"href":"https:\/\/baldumarket.lt\/lt\/wp-json\/wp\/v2\/types\/product"}],"replies":[{"embeddable":true,"href":"https:\/\/baldumarket.lt\/lt\/wp-json\/wp\/v2\/comments?post=246366"}],"wp:featuredmedia":[{"embeddable":true,"href":"https:\/\/baldumarket.lt\/lt\/wp-json\/wp\/v2\/media\/246367"}],"wp:attachment":[{"href":"https:\/\/baldumarket.lt\/lt\/wp-json\/wp\/v2\/media?parent=246366"}],"wp:term":[{"taxonomy":"product_brand","embeddable":true,"href":"https:\/\/baldumarket.lt\/lt\/wp-json\/wp\/v2\/product_brand?post=246366"},{"taxonomy":"product_cat","embeddable":true,"href":"https:\/\/baldumarket.lt\/lt\/wp-json\/wp\/v2\/product_cat?post=246366"},{"taxonomy":"product_tag","embeddable":true,"href":"https:\/\/baldumarket.lt\/lt\/wp-json\/wp\/v2\/product_tag?post=246366"}],"curies":[{"name":"wp","href":"https:\/\/api.w.org\/{rel}","templated":true}]}}