{"id":246362,"date":"2026-01-02T23:19:45","date_gmt":"2026-01-02T20:19:45","guid":{"rendered":"https:\/\/baldumarket.lt\/product\/zestaw-szafka-z-umywalka-meblowa-80-cm-i-slupek-wysoki-dalia-cashmere\/"},"modified":"2026-02-11T18:32:59","modified_gmt":"2026-02-11T15:32:59","slug":"zestaw-szafka-z-umywalka-meblowa-80-cm-i-slupek-wysoki-dalia-cashmere","status":"publish","type":"product","link":"https:\/\/baldumarket.lt\/lt\/product\/zestaw-szafka-z-umywalka-meblowa-80-cm-i-slupek-wysoki-dalia-cashmere\/","title":{"rendered":"Spintel\u0117s su praustuvu (80 cm) ir auk\u0161ta kolona \u201eDalia Cashmere\u201c komplektas"},"content":{"rendered":"<p>Dalia Cashmere 80 cm praustuvo spintel\u0117 su kriaukle ir auk\u0161ta spintele. Dalia Cashmere komplektas pasi\u017eymi minimalistine elegancija. Komplekt\u0105 sudaro praustuvo spintel\u0117 su keramine kriaukle ir auk\u0161ta spintele, abi pagamintos i\u0161 ka\u0161myro. Lyg\u016bs fasadai, \u0161velnaus u\u017edarymo sistema ir trij\u0173 spalv\u0173 ranken\u0117l\u0117s. Tobula harmonija ir funkcionalumas. Matmenys: Plotis (cm): 60 Gylis (cm): 46 Auk\u0161tis (cm): 50 Techniniai duomenys: Komplekt\u0105 sudaro: Vonios kambario kolon\u0117l\u0117 80 cm Dalia Cashmere, Keraminis praustuvas CFP 80D 80 cm, Praustuvo spintel\u0117 2S 80 cm Dalia Cashmere Korpuso spalva: Matinis ka\u0161myras Priekin\u0117s spalvos: Matinis ka\u0161myras Ranken\u0117l\u0117s spalva: Blizgi auksin\u0117, matin\u0117 juoda, blizgus chromas Korpuso med\u017eiaga: Laminuota plok\u0161t\u0117 Priekin\u0117 med\u017eiaga: Laminuota plok\u0161t\u0117 Ranken\u0117l\u0117s med\u017eiaga: Plastikas Praustuvo med\u017eiaga: Keramika Pridedama praustuvo: Taip Stal\u010di\u0173 b\u0117geliai: \u0160velniai u\u017esidarantys Vyriai: \u0160velniai u\u017esidarantys Pakabinimo ant sienos rinkinys: \u012ftrauktas Surinkimas: Savaranki\u0161kam surinkimui \u012etraukite \u012f savo vonios kambar\u012f Pasiekite rafinuot\u0105 dizain\u0105 su Comad vonios kambario bald\u0173 komplektu i\u0161 Dalia Cashmere kolekcijos. \u0160is komplektas \u2013 tobulas estetikos ir prakti\u0161kumo derinys, ka\u0161myro apdaila suteikia interjerui \u0161ilt\u0105 ir eleganti\u0161k\u0105 charakter\u012f. Minimalistai jame ras visk\u0105, k\u0105 m\u0117gsta \u2013 formos grynum\u0105 ir paprastum\u0105, o subtil\u0173 trij\u0173 spalv\u0173 ranken\u0117li\u0173 akcent\u0105 puikiai der\u0117s prie j\u016bs\u0173 stiliaus.<\/p>\n<p>Komplektas ne tik atrodo stulbinamai, bet ir stebina savo funkcionalumu. Praustuvo spintel\u0117 su dviem erdviais stal\u010diais suteikia daug vietos svarbiausiems vonios kambario aksesuarams susid\u0117ti. D\u0117l tylaus u\u017edarymo technologijos kiekviena akimirka vonios kambaryje tampa malonesn\u0117. Laminuoti pavir\u0161iai yra atspar\u016bs dr\u0117gmei ir pa\u017eeidimams, u\u017etikrina ilgalaik\u012f naudojim\u0105 ir i\u0161laiko \u012fsp\u016bding\u0105 i\u0161vaizd\u0105.<\/p>\n<p>Auk\u0161ta kolonin\u0117 spintel\u0117 \u2013 puikus pasirinkimas norint suasmeninti erdv\u0119. D\u0117l savo auk\u0161\u010dio ir trij\u0173 lentyn\u0173 ji suteikia papildomos vietos daiktams susid\u0117ti ir suteikia interjerui lengvumo poj\u016bt\u012f. Galimyb\u0117 pastatyti dvi kolonines spinteles greta arba vien\u0105 ant kitos leid\u017eia k\u016brybi\u0161kai jas i\u0161d\u0117styti ir prisitaiko prie \u012fvairi\u0173 interjer\u0173.<\/p>\n<p>\u201eComad\u201c \u201eDalia Cashmere\u201c baldai \u2013 kruop\u0161taus meistri\u0161kumo ir d\u0117mesio detal\u0117ms \u012fsik\u016bnijimas. Kiekvienas baldas yra tiksliai sumontuotas, pabr\u0117\u017eiant jo stabili\u0105 konstrukcij\u0105 ir estetin\u012f patrauklum\u0105. D\u0117l lengvo surinkimo jums nereikia b\u016bti ekspertu, kad gal\u0117tum\u0117te m\u0117gautis auk\u0161tos kokyb\u0117s baldais.<\/p>","protected":false},"excerpt":{"rendered":"<p>Plotis (cm): 60<br \/>\n\u016agis (cm): 50<br \/>\nGylis (cm): 46<\/p>","protected":false},"featured_media":246363,"comment_status":"open","ping_status":"open","template":"","meta":[],"product_brand":[],"product_cat":[9117,2015,9183],"product_tag":[],"class_list":{"0":"post-246362","1":"product","2":"type-product","3":"status-publish","4":"has-post-thumbnail","6":"product_cat-bathroom","7":"product_cat-comad","8":"product_cat-bathroom-furniture-sets-comad","10":"first","11":"instock","12":"purchasable","13":"product-type-simple"},"_links":{"self":[{"href":"https:\/\/baldumarket.lt\/lt\/wp-json\/wp\/v2\/product\/246362","targetHints":{"allow":["GET"]}}],"collection":[{"href":"https:\/\/baldumarket.lt\/lt\/wp-json\/wp\/v2\/product"}],"about":[{"href":"https:\/\/baldumarket.lt\/lt\/wp-json\/wp\/v2\/types\/product"}],"replies":[{"embeddable":true,"href":"https:\/\/baldumarket.lt\/lt\/wp-json\/wp\/v2\/comments?post=246362"}],"wp:featuredmedia":[{"embeddable":true,"href":"https:\/\/baldumarket.lt\/lt\/wp-json\/wp\/v2\/media\/246363"}],"wp:attachment":[{"href":"https:\/\/baldumarket.lt\/lt\/wp-json\/wp\/v2\/media?parent=246362"}],"wp:term":[{"taxonomy":"product_brand","embeddable":true,"href":"https:\/\/baldumarket.lt\/lt\/wp-json\/wp\/v2\/product_brand?post=246362"},{"taxonomy":"product_cat","embeddable":true,"href":"https:\/\/baldumarket.lt\/lt\/wp-json\/wp\/v2\/product_cat?post=246362"},{"taxonomy":"product_tag","embeddable":true,"href":"https:\/\/baldumarket.lt\/lt\/wp-json\/wp\/v2\/product_tag?post=246362"}],"curies":[{"name":"wp","href":"https:\/\/api.w.org\/{rel}","templated":true}]}}