{"id":246359,"date":"2026-01-02T23:19:44","date_gmt":"2026-01-02T20:19:44","guid":{"rendered":"https:\/\/baldumarket.lt\/product\/zestaw-szafka-z-umywalka-meblowa-80-cm-dalia-cashmere\/"},"modified":"2026-02-11T18:32:59","modified_gmt":"2026-02-11T15:32:59","slug":"zestaw-szafka-z-umywalka-meblowa-80-cm-dalia-cashmere","status":"publish","type":"product","link":"https:\/\/baldumarket.lt\/lt\/product\/zestaw-szafka-z-umywalka-meblowa-80-cm-dalia-cashmere\/","title":{"rendered":"Spintel\u0117s su praustuvu komplektas, 80 cm, Dalia Cashmere"},"content":{"rendered":"<p>Dalia Cashmere 80 cm praustuvo spintel\u0117 su kriaukle. Dalia Cashmere praustuvo spintel\u0117 su kriaukle \u2013 tai harmoningas stiliaus ir funkcionalumo derinys. Eleganti\u0161ki ka\u0161myro fasadai ir keramin\u0117 kriaukl\u0117 suteikia interjerui prabangos. Trys ranken\u0117li\u0173 spalvos (auksin\u0117, juoda, chromuota) ir \u0161velniai u\u017esidarantys stal\u010diai pabr\u0117\u017eia modernum\u0105. Matmenys: Plotis (cm): 80 Gylis (cm): 46 Auk\u0161tis (cm): 50 Techniniai duomenys: Komplekt\u0105 sudaro: Praustuvo spintel\u0117 2S 80 cm Dalia Cashmere, keraminis praustuvas CFP 80D 80 cm Korpuso spalva: matin\u0117 ka\u0161myro spalva Priekin\u0117s spalvos: matin\u0117 ka\u0161myro spalva Ranken\u0117l\u0117s spalva: blizgi auksin\u0117, matin\u0117 juoda, blizgus chromas Korpuso med\u017eiaga: laminuota plok\u0161t\u0117 Priekin\u0117 med\u017eiaga: laminuota plok\u0161t\u0117 Ranken\u0117l\u0117s med\u017eiaga: plastikas Praustuvo med\u017eiaga: keramika Priekinis praustuvas komplekte: taip Stal\u010di\u0173 b\u0117geliai: \u0161velniai u\u017esidarantys Pakabinimo ant sienos rinkinys: \u012ftrauktas Surinkimas: savaranki\u0161kam surinkimui Spintel\u0117s su baldiniu praustuvu komplektas 80 cm Dalia Cashmere kolekcija \u2013 puikus sprendimas modernaus ir eleganti\u0161ko dizaino m\u0117g\u0117jams. \u201eDalia Cashmere\u201c kolekcija \u017eavi minimalistiniu stiliumi \u2013 subtil\u016bs, lyg\u016bs matinio ka\u0161myro atspalvio fasadai spinduliuoja \u0161ilum\u0105 ir elegancij\u0105, vonios kambaryje sukurdami jauki\u0105 atmosfer\u0105. Pasirinkus tris ranken\u0117li\u0173 spalvas \u2013 blizgaus aukso, blizgaus chromo ir matin\u0117s juodos \u2013 baldus galima pritaikyti \u012fvairiems interjero stiliams, pabr\u0117\u017eiant savininko individualum\u0105 ir skon\u012f.<\/p>\n<p>\u0160io komplekto funkcionalumas puikiai dera su estetika. Du erdv\u016bs stal\u010diai suteikia daug vietos \u012fvairiems vonios kambario aksesuarams laikyti, u\u017etikrinant tvark\u0105. 50 cm auk\u0161\u010dio spintel\u0117 suteikia interjerui lengvumo ir atrodo moderniau, palyginti su \u012fprastais auk\u0161tesniais modeliais. \u0160velnaus u\u017edarymo sistema dar labiau padidina komfort\u0105, o auk\u0161tos kokyb\u0117s laminuota plok\u0161t\u0117 u\u017etikrina atsparum\u0105 pa\u017eeidimams ir ilgaam\u017ei\u0161kum\u0105.<\/p>\n<p>Kiekviena \u201eDalia Cashmere\u201c komplekto detal\u0117 buvo kruop\u0161\u010diai apgalvota ir pagaminta su dideliu d\u0117mesiu detal\u0117ms, u\u017etikrinant stulbinan\u010di\u0105 i\u0161vaizd\u0105 ir ilgamet\u012f pasitenkinim\u0105. Surinkimas yra paprastas ir nereikalauja joki\u0173 speciali\u0173 \u017eini\u0173, tod\u0117l baldus lengva suasmeninti ir pritaikyti individualiems poreikiams. Pridedamas prakti\u0161kas surinkimo rinkinys, kuris dar labiau supaprastina montavimo proces\u0105.<\/p>\n<p>Rinkit\u0117s \u201eDalia Cashmere\u201c komplekt\u0105, kad m\u0117gautum\u0117t\u0117s vonios kambariu, kuriame dera modernus stilius ir funkcionalumas. D\u0117l minimalistini\u0173, glotni\u0173 fasad\u0173 ir galimyb\u0117s suasmeninti ranken\u0117les \u0161is komplektas patenkins net ir reikliausi\u0173 vartotoj\u0173 l\u016bkes\u010dius. Ergonomi\u0161kas spinteli\u0173 auk\u0161tis, \u0161velniai u\u017esidarantys stal\u010diai ir d\u0117mesys kokybi\u0161kai gamybai garantuoja komfort\u0105 ir pasitenkinim\u0105 ilgus metus.<\/p>","protected":false},"excerpt":{"rendered":"<p>Plotis (cm): 80<br \/>\n\u016agis (cm): 50<br \/>\nGylis (cm): 46<\/p>","protected":false},"featured_media":246360,"comment_status":"open","ping_status":"open","template":"","meta":[],"product_brand":[],"product_cat":[9117,2015,9183],"product_tag":[],"class_list":{"0":"post-246359","1":"product","2":"type-product","3":"status-publish","4":"has-post-thumbnail","6":"product_cat-bathroom","7":"product_cat-comad","8":"product_cat-bathroom-furniture-sets-comad","10":"first","11":"instock","12":"purchasable","13":"product-type-simple"},"_links":{"self":[{"href":"https:\/\/baldumarket.lt\/lt\/wp-json\/wp\/v2\/product\/246359","targetHints":{"allow":["GET"]}}],"collection":[{"href":"https:\/\/baldumarket.lt\/lt\/wp-json\/wp\/v2\/product"}],"about":[{"href":"https:\/\/baldumarket.lt\/lt\/wp-json\/wp\/v2\/types\/product"}],"replies":[{"embeddable":true,"href":"https:\/\/baldumarket.lt\/lt\/wp-json\/wp\/v2\/comments?post=246359"}],"wp:featuredmedia":[{"embeddable":true,"href":"https:\/\/baldumarket.lt\/lt\/wp-json\/wp\/v2\/media\/246360"}],"wp:attachment":[{"href":"https:\/\/baldumarket.lt\/lt\/wp-json\/wp\/v2\/media?parent=246359"}],"wp:term":[{"taxonomy":"product_brand","embeddable":true,"href":"https:\/\/baldumarket.lt\/lt\/wp-json\/wp\/v2\/product_brand?post=246359"},{"taxonomy":"product_cat","embeddable":true,"href":"https:\/\/baldumarket.lt\/lt\/wp-json\/wp\/v2\/product_cat?post=246359"},{"taxonomy":"product_tag","embeddable":true,"href":"https:\/\/baldumarket.lt\/lt\/wp-json\/wp\/v2\/product_tag?post=246359"}],"curies":[{"name":"wp","href":"https:\/\/api.w.org\/{rel}","templated":true}]}}