{"id":246351,"date":"2026-01-02T23:19:40","date_gmt":"2026-01-02T20:19:40","guid":{"rendered":"https:\/\/baldumarket.lt\/product\/zestaw-szafka-z-umywalka-meblowa-80-cm-2-szuflady-talia-casella-2\/"},"modified":"2026-02-11T18:32:59","modified_gmt":"2026-02-11T15:32:59","slug":"zestaw-szafka-z-umywalka-meblowa-80-cm-2-szuflady-talia-casella-2","status":"publish","type":"product","link":"https:\/\/baldumarket.lt\/lt\/product\/zestaw-szafka-z-umywalka-meblowa-80-cm-2-szuflady-talia-casella-2\/","title":{"rendered":"Praustuvo spintel\u0117s bald\u0173 komplektas 80 cm, 2 stal\u010diai, Talia Casella"},"content":{"rendered":"<p>\u201eTalia Casella\u201c 80 cm praustuvo spintel\u0117s su 2 stal\u010diais komplektas. \u201eTalia Casella\u201c praustuvo spintel\u0117s komplekte dera elegancija ir modernumas. Pagaminta i\u0161 MDF ir laminuotos plok\u0161t\u0117s, pasi\u017eymi matin\u0117s juodos ir nat\u016bralios \u201eCasella\u201c \u0105\u017euolo apdailos apdaila. Du stal\u010diai su \u0161velniu u\u017edarymu u\u017etikrina komfort\u0105. Matmenys: Plotis (cm): 80 Gylis (cm): 46 Auk\u0161tis (cm): 50 Svoris (kg): 37,5 Techniniai duomenys: Komplekt\u0105 sudaro: Praustuvo spintel\u0117 80 cm 2 stal\u010diai \u201eTalia Casella\u201c, Keraminis baldinis praustuvas 80 cm SKY 1 BLACK MATT 80 E-8099-80 Matin\u0117 juoda Korpuso spalva: Matin\u0117 juoda Priekin\u0117s spalvos: \u201eCasella Oak\u201c Ranken\u0117l\u0117s spalva: Pakuot\u0117je \u2013 auksin\u0117 blizgi, matin\u0117 juoda, blizgus chromas Praustuvo spalva: Matin\u0117 juoda Korpuso med\u017eiaga: laminuota plok\u0161t\u0117 Priekin\u0117 med\u017eiaga: MDF plok\u0161t\u0117 Ranken\u0117l\u0117s med\u017eiaga: Plastikas Praustuvo med\u017eiaga: keramika B\u0117geliai: \u0160velniai u\u017esidarantis Praustuvas \u012ftrauktas: Taip Tvirtinimo paketas \u012ftrauktas: Taip Surinkimas: Savaranki\u0161kas surinkimas. Atraskite elegancij\u0105 ir modernum\u0105 savo interjere su \u201eComad\u201c \u201eTalia Casella\u201c praustuvo spintel\u0117s ir praustuvo komplektu. \u0160is unikalus, 80 cm plo\u010dio baldas \u2013 tai tobulas stilingo dizaino ir funkcionalumo derinys. I\u0161skirtiniai fasadai su subtiliu frezuotu r\u0117meliu gra\u017eiai kontrastuoja su matin\u0117s juodos spalvos korpusu, sukurdami eleganti\u0161k\u0105 kompozicij\u0105, kuri j\u016bs\u0173 vonios kambariui suteikia ne tik estetikos, bet ir harmonijos.<\/p>\n<p>\u0160i praustuvo spintel\u0117 su dviem prakti\u0161kais stal\u010diais si\u016blo prakti\u0161kus vonios kambario aksesuar\u0173 laikymo sprendimus, padedan\u010dius palaikyti tvark\u0105 j\u016bs\u0173 erdv\u0117je. 50 cm auk\u0161tis suteikia spintelei eleganti\u0161k\u0105 ir erdvi\u0105 i\u0161vaizd\u0105, puikiai papildan\u010di\u0105 \u0161iuolaikines dizaino tendencijas. Galimyb\u0117 j\u0105 suasmeninti trij\u0173 skirting\u0173 spalv\u0173 ranken\u0117l\u0117mis \u2013 blizgios aukso, chromo ir matin\u0117s juodos \u2013 suteikia jums laisv\u0119 susikurti interjer\u0105, kuris atspind\u0117t\u0173 j\u016bs\u0173 individual\u0173 stili\u0173.<\/p>\n<p>\u0160is matin\u0117s juodos spalvos keraminis praustuvas ne tik \u017eavi savo i\u0161vaizda, bet ir si\u016blo funkcionalum\u0105, kuris atitinka kasdienio naudojimo l\u016bkes\u010dius. \u0160velniai u\u017esidaranti stal\u010di\u0173 sistema suteikia papildomo komforto, o patvarios med\u017eiagos, tokios kaip MDF ir laminatas, garantuoja ilgalaik\u0119 estetik\u0105. Kiekviena detal\u0117 buvo kruop\u0161\u010diai apgalvota, tod\u0117l galite d\u017eiaugtis ne tik gra\u017eiu baldu, bet ir jo ilgaam\u017ei\u0161kumu.<\/p>\n<p>Rinkdamiesi \u201eTalia Casella\u201c kolekcijos gamin\u012f, renkat\u0117s kokyb\u0119 ir d\u0117mes\u012f detal\u0117ms. Komplektas pristatomas savaranki\u0161kai surenkamose pakuot\u0117se, tod\u0117l vonios kambario \u012frengimui nereikia joki\u0173 speciali\u0173 \u017eini\u0173. Be to, baldams suteikiama 2 met\u0173 garantija, u\u017etikrinanti visi\u0161k\u0105 pasitenkinim\u0105. \u012esitikinkite patys, kaip praustuvo ir spintel\u0117s komplektas gali pakeisti j\u016bs\u0173 erdv\u0119 ir suteikti jai unikal\u0173 charakter\u012f.<\/p>","protected":false},"excerpt":{"rendered":"<p>Plotis (cm): 80<br \/>\n\u016agis (cm): 50<br \/>\nGylis (cm): 46<\/p>","protected":false},"featured_media":246352,"comment_status":"open","ping_status":"open","template":"","meta":[],"product_brand":[],"product_cat":[9117,2015,9183],"product_tag":[],"class_list":{"0":"post-246351","1":"product","2":"type-product","3":"status-publish","4":"has-post-thumbnail","6":"product_cat-bathroom","7":"product_cat-comad","8":"product_cat-bathroom-furniture-sets-comad","10":"first","11":"instock","12":"purchasable","13":"product-type-simple"},"_links":{"self":[{"href":"https:\/\/baldumarket.lt\/lt\/wp-json\/wp\/v2\/product\/246351","targetHints":{"allow":["GET"]}}],"collection":[{"href":"https:\/\/baldumarket.lt\/lt\/wp-json\/wp\/v2\/product"}],"about":[{"href":"https:\/\/baldumarket.lt\/lt\/wp-json\/wp\/v2\/types\/product"}],"replies":[{"embeddable":true,"href":"https:\/\/baldumarket.lt\/lt\/wp-json\/wp\/v2\/comments?post=246351"}],"wp:featuredmedia":[{"embeddable":true,"href":"https:\/\/baldumarket.lt\/lt\/wp-json\/wp\/v2\/media\/246352"}],"wp:attachment":[{"href":"https:\/\/baldumarket.lt\/lt\/wp-json\/wp\/v2\/media?parent=246351"}],"wp:term":[{"taxonomy":"product_brand","embeddable":true,"href":"https:\/\/baldumarket.lt\/lt\/wp-json\/wp\/v2\/product_brand?post=246351"},{"taxonomy":"product_cat","embeddable":true,"href":"https:\/\/baldumarket.lt\/lt\/wp-json\/wp\/v2\/product_cat?post=246351"},{"taxonomy":"product_tag","embeddable":true,"href":"https:\/\/baldumarket.lt\/lt\/wp-json\/wp\/v2\/product_tag?post=246351"}],"curies":[{"name":"wp","href":"https:\/\/api.w.org\/{rel}","templated":true}]}}