{"id":246348,"date":"2026-01-02T23:19:38","date_gmt":"2026-01-02T20:19:38","guid":{"rendered":"https:\/\/baldumarket.lt\/product\/zestaw-szafka-z-umywalka-meblowa-80-cm-2-szuflady-talia-casella\/"},"modified":"2026-02-11T18:32:59","modified_gmt":"2026-02-11T15:32:59","slug":"zestaw-szafka-z-umywalka-meblowa-80-cm-2-szuflady-talia-casella","status":"publish","type":"product","link":"https:\/\/baldumarket.lt\/lt\/product\/zestaw-szafka-z-umywalka-meblowa-80-cm-2-szuflady-talia-casella\/","title":{"rendered":"Praustuvo spintel\u0117s bald\u0173 komplektas 80 cm, 2 stal\u010diai, Talia Casella"},"content":{"rendered":"<p>\u201eTalia Casella\u201c 80 cm dviej\u0173 stal\u010di\u0173 praustuvo spintel\u0117s komplektas. \u201eTalia Casella\u201c praustuvo spintel\u0117s komplekte dera elegancija ir modernumas. Matin\u0117s juodos spalvos korpusai ir \u201eCasella Oak\u201c apdailos fasadai sukuria harmoning\u0105 visum\u0105. Du stal\u010diai su \u0161velnaus u\u017edarymo sistema u\u017etikrina patog\u0173 naudojim\u0105. Matmenys: Plotis (cm): 80 Gylis (cm): 46 Auk\u0161tis (cm): 50 Svoris (kg): 54,3 Techniniai duomenys: Komplekt\u0105 sudaro: Praustuvo spintel\u0117 80 cm 2 stal\u010diai Talia Casella, SKY 80-8099 baldas praustuvas 81 x 46 cm Korpuso spalva: Matin\u0117 juoda Priekin\u0117s dalies spalva: Casella \u0105\u017euolas Ranken\u0117l\u0117s spalva: Pakuot\u0117je \u2013 aukso blizgi, matin\u0117 juoda, blizgus chromas Praustuvo spalva: Blizgi balta Korpuso med\u017eiaga: laminuota plok\u0161t\u0117 Priekin\u0117 dalis: MDF plok\u0161t\u0117 Ranken\u0117l\u0117s med\u017eiaga: Plastikas Praustuvo med\u017eiaga: keramika Pridedama praustuvo: Taip B\u0117geliai: \u0160velnaus u\u017edarymo sistema Pridedama tvirtinimo pakuot\u0117: Taip Surinkimas: Savaranki\u0161kas surinkimas 80 cm spintel\u0117 su praustuvu \u2013 tai tobulas elegancijos ir modernumo derinys, kuris prad\u017eiugins kiekvien\u0105 stilingo vonios kambario dizaino entuziast\u0105. \u0160is baldas, pasi\u017eymintis Casella \u0105\u017euolo spindesiu, patraukia ak\u012f subtiliais, frezuotais fasadais. Sodri matin\u0117 juoda apdaila suteikia visam baldui i\u0161skirtinumo, sukurdama harmoning\u0105 visum\u0105, kuri suteiks \u0161ilumos ir jaukumo bet kokiam interjerui. Be to, rinkin\u012f galima suasmeninti d\u0117l trij\u0173 ranken\u0173 spalv\u0173 \u2013 blizgios aukso, chromo ir matin\u0117s juodos \u2013 kurios leid\u017eia visi\u0161kai pritaikyti prie individuali\u0173 poreiki\u0173.<\/p>\n<p>Komplekt\u0105 sudaro 81 x 46 cm dyd\u017eio praustuvas su praustuvu, kuris derina funkcionalum\u0105 ir gro\u017e\u012f. Blizgi balta apdaila ir keramin\u0117 med\u017eiaga suteikia elegancijos ir sukuria tobul\u0105 pagrind\u0105 j\u016bs\u0173 vonios kambario erdvei. Du erdv\u016bs stal\u010diai idealiai tinka aksesuarams laikyti, u\u017etikrina tvark\u0105 ir lengv\u0105 prieig\u0105 prie b\u016btiniausi\u0173 daikt\u0173. Be to, ergonomi\u0161kas 50 cm auk\u0161tis suteikia spintelei lengvumo ir net ma\u017eiems vonios kambariams suteikia erdv\u0117s poj\u016bt\u012f.<\/p>\n<p>\u201eTalia Casella\u201c kolekcija si\u016blo ne tik estetik\u0105, bet ir komfort\u0105. \u0160velnaus u\u017edarymo stal\u010di\u0173 sistema u\u017etikrina skland\u0173 ir diskreti\u0161k\u0105 jud\u0117jim\u0105, kur\u012f tikrai \u012fvertins gyventojai ir sve\u010diai. Auk\u0161tos kokyb\u0117s med\u017eiagos, tokios kaip MDF ir laminuota plok\u0161t\u0117, garantuoja ne tik ilgaam\u017ei\u0161kum\u0105, bet ir nesenstan\u010di\u0105 i\u0161vaizd\u0105 ilgus metus, tod\u0117l \u0161is komplektas yra unikalus sprendimas tiems, kurie nori ilgai m\u0117gautis savo bald\u0173 gro\u017eiu.<\/p>\n<p>Kad surinkimas b\u016bt\u0173 kuo paprastesnis, dalys pristatomos savaranki\u0161kai surenkamose pakuot\u0117se, o intuityvus dizainas rei\u0161kia, kad \u0161i\u0105 u\u017eduot\u012f gali atlikti kiekvienas, net ir neturintis speciali\u0173 \u012fg\u016bd\u017ei\u0173. Dvej\u0173 met\u0173 garantija u\u017etikrina, kad pasirinkdami \u201eTalia Casella\u201c praustuvo komplekt\u0105, investuojate \u012f sprendim\u0105, kuris atitiks visus j\u016bs\u0173 estetinius ir funkcinius l\u016bkes\u010dius. Jei ie\u0161kote gra\u017ei\u0173 ir funkcionali\u0173 vonios bald\u0173, \u0161is komplektas yra puikus pasirinkimas!<\/p>","protected":false},"excerpt":{"rendered":"<p>Plotis (cm): 80<br \/>\n\u016agis (cm): 50<br \/>\nGylis (cm): 46<\/p>","protected":false},"featured_media":246349,"comment_status":"open","ping_status":"open","template":"","meta":[],"product_brand":[],"product_cat":[9117,2015,9183],"product_tag":[],"class_list":{"0":"post-246348","1":"product","2":"type-product","3":"status-publish","4":"has-post-thumbnail","6":"product_cat-bathroom","7":"product_cat-comad","8":"product_cat-bathroom-furniture-sets-comad","10":"first","11":"instock","12":"purchasable","13":"product-type-simple"},"_links":{"self":[{"href":"https:\/\/baldumarket.lt\/lt\/wp-json\/wp\/v2\/product\/246348","targetHints":{"allow":["GET"]}}],"collection":[{"href":"https:\/\/baldumarket.lt\/lt\/wp-json\/wp\/v2\/product"}],"about":[{"href":"https:\/\/baldumarket.lt\/lt\/wp-json\/wp\/v2\/types\/product"}],"replies":[{"embeddable":true,"href":"https:\/\/baldumarket.lt\/lt\/wp-json\/wp\/v2\/comments?post=246348"}],"wp:featuredmedia":[{"embeddable":true,"href":"https:\/\/baldumarket.lt\/lt\/wp-json\/wp\/v2\/media\/246349"}],"wp:attachment":[{"href":"https:\/\/baldumarket.lt\/lt\/wp-json\/wp\/v2\/media?parent=246348"}],"wp:term":[{"taxonomy":"product_brand","embeddable":true,"href":"https:\/\/baldumarket.lt\/lt\/wp-json\/wp\/v2\/product_brand?post=246348"},{"taxonomy":"product_cat","embeddable":true,"href":"https:\/\/baldumarket.lt\/lt\/wp-json\/wp\/v2\/product_cat?post=246348"},{"taxonomy":"product_tag","embeddable":true,"href":"https:\/\/baldumarket.lt\/lt\/wp-json\/wp\/v2\/product_tag?post=246348"}],"curies":[{"name":"wp","href":"https:\/\/api.w.org\/{rel}","templated":true}]}}