{"id":246345,"date":"2026-01-02T23:19:36","date_gmt":"2026-01-02T20:19:36","guid":{"rendered":"https:\/\/baldumarket.lt\/product\/zestaw-szafka-z-umywalka-meblowa-80-cm-2-szuflady-nordic-cremona\/"},"modified":"2026-02-11T18:32:59","modified_gmt":"2026-02-11T15:32:59","slug":"zestaw-szafka-z-umywalka-meblowa-80-cm-2-szuflady-nordic-cremona","status":"publish","type":"product","link":"https:\/\/baldumarket.lt\/lt\/product\/zestaw-szafka-z-umywalka-meblowa-80-cm-2-szuflady-nordic-cremona\/","title":{"rendered":"Spintel\u0117s su praustuvu komplektas, 80 cm, 2 stal\u010diai, \u201eNordic Cremona\u201c"},"content":{"rendered":"<p>\u201eNordic Cremona\u201c 80 cm praustuvo spintel\u0117 su 2 stal\u010diais\u201eNordic Cremona\u201c 80 cm praustuvo spintel\u0117 su 2 stal\u010diais derina modern\u0173 dizain\u0105 ir elegancij\u0105. Subtiliai grioveliai priekyje ir \u201eCremona Oak\u201c apdaila sukuria harmoning\u0105 visum\u0105. Du erdv\u016bs stal\u010diai su \u0161velniu u\u017edarymu u\u017etikrina funkcionalum\u0105 ir tvark\u0105. Matmenys: Plotis (cm): 80 Gylis (cm): 46 Auk\u0161tis (cm): 57 Techniniai duomenys: Komplekt\u0105 sudaro: Praustuvo spintel\u0117 80 cm 2 stal\u010diai \u201eNordic Cremona\u201c, SKY 80-8099 praustuvas su baldais 81 x 46 cm Korpuso spalva: \u201eCremona Oak\u201c Priekin\u0117s dalies spalva: \u201eCremona Oak\u201c Praustuvo spalva: B\u0117geliai: \u0160velniai u\u017esidarantys Praustuvas pridedamas: Taip Pridedamas tvirtinimo paketas: Taip Surinkimas: Savaranki\u0161kam surinkimui Spintel\u0117s su baldais komplektas 80 cm praustuvas yra puikus sprendimas \u017emon\u0117ms, ie\u0161kantiems eleganti\u0161ko ir funkcionalaus vonios kambario i\u0161d\u0117stymo. \u0160is komplektas, derinantis modern\u0173 dizain\u0105 su subtilia elegancija, puikiai der\u0117s tiek prie modernaus, tiek prie klasikinio interjero. Kremonos \u0105\u017euolo apdaila suteikia baldams \u0161ilt\u0105 charakter\u012f, primena nat\u016bral\u0173 med\u017eio gro\u017e\u012f ir kiekvien\u0105 maudym\u0105si paver\u010dia dar atpalaiduojan\u010diu.<\/p>\n<p>\u0160velnaus u\u017edarymo b\u0117geliai u\u017etikrina ne\u012ftik\u0117tin\u0105 komfort\u0105, nes u\u017edarant stal\u010dius nesigirdi jokio triuk\u0161mo. Komplekte yra du erdv\u016bs stal\u010diai, kuriuose galima lengvai ir patogiai laikyti visus vonios kambario aksesuarus. Tai leid\u017eia palaikyti tvark\u0105 vonios kambaryje ir sukurti daugiau erdv\u0117s poilsiui kasdien\u0117je rutinoje.<\/p>\n<p>80 cm plo\u010dio \u201eNordic Cremona\u201c kolekcijos praustuvo spintel\u0117 buvo kruop\u0161\u010diai sukurta galvojant apie auk\u0161tos kokyb\u0117s meistri\u0161kum\u0105. Tokios med\u017eiagos kaip MDF ir laminuota plok\u0161t\u0117 garantuoja estetin\u012f patrauklum\u0105 ir ilgaam\u017ei\u0161kum\u0105. Kiekviena detal\u0117 atspindi m\u016bs\u0173 \u012fsipareigojim\u0105 u\u017etikrinti naudotojo komfort\u0105, o subtil\u016bs vertikal\u016bs grioveliai priekin\u0117je dalyje suteikia unikalaus \u017eavesio.<\/p>\n<p>Ne tik stilius, bet ir funkcionalumas daro 80 cm praustuvo komplekt\u0105 puikiu pasirinkimu tiems, kurie vertina prakti\u0161kum\u0105. Baldai yra intuityviai surinkti savaranki\u0161kai, tod\u0117l surinkimas yra paprastas ir malonus net ir tiems, kurie neturi patirties.<\/p>\n<p>Kiekvienas \u201eNordic Cremona\u201c kolekcijos elementas atitinka auk\u0161tus kokyb\u0117s standartus, o lenki\u0161ka, FSC sertifikuota gamyba u\u017etikrina, kad pasirinkdami \u0161\u012f komplekt\u0105 remiate atsaking\u0105 gamtos i\u0161tekli\u0173 valdym\u0105. Suteikite savo vonios kambariui elegancijos ir modernumo su 80 cm praustuvo komplektu \u2013 \u0161iandien jus nustebins estetikos ir funkcionalumo derinys!<\/p>","protected":false},"excerpt":{"rendered":"<p>Plotis (cm): 80<br \/>\n\u016agis (cm): 57<br \/>\nGylis (cm): 46<\/p>","protected":false},"featured_media":246346,"comment_status":"open","ping_status":"open","template":"","meta":[],"product_brand":[],"product_cat":[9117,2015,9183],"product_tag":[],"class_list":{"0":"post-246345","1":"product","2":"type-product","3":"status-publish","4":"has-post-thumbnail","6":"product_cat-bathroom","7":"product_cat-comad","8":"product_cat-bathroom-furniture-sets-comad","10":"first","11":"instock","12":"purchasable","13":"product-type-simple"},"_links":{"self":[{"href":"https:\/\/baldumarket.lt\/lt\/wp-json\/wp\/v2\/product\/246345","targetHints":{"allow":["GET"]}}],"collection":[{"href":"https:\/\/baldumarket.lt\/lt\/wp-json\/wp\/v2\/product"}],"about":[{"href":"https:\/\/baldumarket.lt\/lt\/wp-json\/wp\/v2\/types\/product"}],"replies":[{"embeddable":true,"href":"https:\/\/baldumarket.lt\/lt\/wp-json\/wp\/v2\/comments?post=246345"}],"wp:featuredmedia":[{"embeddable":true,"href":"https:\/\/baldumarket.lt\/lt\/wp-json\/wp\/v2\/media\/246346"}],"wp:attachment":[{"href":"https:\/\/baldumarket.lt\/lt\/wp-json\/wp\/v2\/media?parent=246345"}],"wp:term":[{"taxonomy":"product_brand","embeddable":true,"href":"https:\/\/baldumarket.lt\/lt\/wp-json\/wp\/v2\/product_brand?post=246345"},{"taxonomy":"product_cat","embeddable":true,"href":"https:\/\/baldumarket.lt\/lt\/wp-json\/wp\/v2\/product_cat?post=246345"},{"taxonomy":"product_tag","embeddable":true,"href":"https:\/\/baldumarket.lt\/lt\/wp-json\/wp\/v2\/product_tag?post=246345"}],"curies":[{"name":"wp","href":"https:\/\/api.w.org\/{rel}","templated":true}]}}