{"id":246341,"date":"2026-01-02T23:19:35","date_gmt":"2026-01-02T20:19:35","guid":{"rendered":"https:\/\/baldumarket.lt\/product\/zestaw-szafka-z-umywalka-meblowa-80-cm-2-szuflady-donna-sand\/"},"modified":"2026-02-11T18:32:59","modified_gmt":"2026-02-11T15:32:59","slug":"zestaw-szafka-z-umywalka-meblowa-80-cm-2-szuflady-donna-sand","status":"publish","type":"product","link":"https:\/\/baldumarket.lt\/lt\/product\/zestaw-szafka-z-umywalka-meblowa-80-cm-2-szuflady-donna-sand\/","title":{"rendered":"Praustuvo spintel\u0117s bald\u0173 komplektas, 80 cm, 2 stal\u010diai, Donna Sand"},"content":{"rendered":"<p>Donna Sand 80 cm praustuvo spintel\u0117s su 2 stal\u010diais komplektas. Donna Sand 80 cm praustuvo spintel\u0117 su praustuvu \u2013 tai modernumo ir klasikinio stiliaus derinys. Subtil\u016bs sm\u0117lio spalvos fasadai ir auksin\u0117s metalin\u0117s ranken\u0117l\u0117s suteikia elegancijos. Du stal\u010diai su \u0161velniu u\u017edarymu u\u017etikrina patog\u0173 aksesuar\u0173 laikym\u0105. Matmenys: Plotis (cm): 80 Gylis (cm): 46 Auk\u0161tis (cm): 57 Svoris (kg): 23,9 Techniniai duomenys: Komplekt\u0105 sudaro: Praustuvo spintel\u0117 80 cm 2 stal\u010diai Donna Sand, keraminis bald\u0173 praustuvas 80 cm FLY E-8073-80 Blizgi balta Korpuso spalva: Sm\u0117lio sm\u0117lio Priekio spalva: Sm\u0117lio sm\u0117lio Ranken\u0117l\u0117s spalva: Blizgi auksin\u0117 Praustuvo spalva: Blizgi balta Korpuso med\u017eiaga: laminuota plok\u0161t\u0117 Priekin\u0117 med\u017eiaga: MDF plok\u0161t\u0117 Ranken\u0117l\u0117s med\u017eiaga: Metalas Praustuvo med\u017eiaga: keramika B\u0117geliai: \u0160velniai u\u017esidarantis Praustuvas komplekte: Taip Pridedamas tvirtinimo paketas: Taip Surinkimas: Savaranki\u0161kam surinkimui Praustuvo spintel\u0117 80 cm kriaukl\u0117 su dviem stal\u010diais i\u0161 Donna Sand kolekcijos yra puikus sprendimas moderniems vonios kambariams, kuriuose siekiama harmoningai derinti funkcionalum\u0105 ir elegancij\u0105. Rafinuotas sm\u0117lio spalvos dizainas su subtiliu frezavimu suteikia lengvumo, \u0161ilumos ir originalumo. Tai puikus elementas, suteikiantis j\u016bs\u0173 vonios kambariui ne tik prakti\u0161kumo, bet ir stiliaus.<\/p>\n<p>Pagaminta i\u0161 auk\u0161tos kokyb\u0117s med\u017eiag\u0173, toki\u0173 kaip laminuota plok\u0161t\u0117 ir MDF, \u0161i spintel\u0117 u\u017etikrina patvarum\u0105 ir ilgaam\u017ei\u0161kum\u0105. Auksin\u0117s metalin\u0117s ranken\u0117l\u0117s u\u017ebaigia dizain\u0105, pabr\u0117\u017edamos baldo elegancij\u0105 ir modern\u0173 charakter\u012f. \u0160velnaus u\u017edarymo stal\u010di\u0173 sistema u\u017etikrina patog\u0173 kasdien\u012f naudojim\u0105, pa\u0161alindama nemalonius garsus. Tai leid\u017eia kiekvienam m\u0117gautis ramia vonia namuose.<\/p>\n<p>Spintel\u0117 si\u016blo du erdvius stal\u010dius, puikiai tinkan\u010dius vonios kambario aksesuarams susid\u0117ti. Palaikydami tvark\u0105 vonios kambaryje, kasdien\u0117 prie\u017ei\u016bra taps dar malonesn\u0117. Pritaikydami erdv\u0119 prie individuali\u0173 poreiki\u0173, galite susikurti unikal\u0173 interjer\u0105.<\/p>\n<p>Kiekviena \u201eDonna Sand\u201c kolekcijos detal\u0117 buvo kruop\u0161\u010diai apgalvota, siekiant u\u017etikrinti auk\u0161\u010diausi\u0105 estetikos lyg\u012f. Lenkijoje gaminama naudojant FSC sertifikuotas med\u017eiagas, pabr\u0117\u017eiama auk\u0161ta kokyb\u0117 ir ekologi\u0161kumas. Baldai pristatomi savaranki\u0161kai surenkamose pakuot\u0117se, tod\u0117l juos lengva surinkti be profesionalios pagalbos.<\/p>\n<p>Pasirink\u0119 80 cm praustuvo spintel\u0119 i\u0161 \u201eDonna Sand\u201c kolekcijos, gausite ne tik esteti\u0161kai patraukl\u0173 vonios kambario papildym\u0105, bet ir i\u0161skirtinai prakti\u0161k\u0105 bald\u0105. Tai puikus stiliaus, funkcionalumo ir kokyb\u0117s derinys, kuris tikrai patenkins net ir reikliausi\u0173 vartotoj\u0173 l\u016bkes\u010dius.<\/p>","protected":false},"excerpt":{"rendered":"<p>Plotis (cm): 80<br \/>\n\u016agis (cm): 57<br \/>\nGylis (cm): 46<\/p>","protected":false},"featured_media":246342,"comment_status":"open","ping_status":"open","template":"","meta":[],"product_brand":[],"product_cat":[9117,2015,9183],"product_tag":[],"class_list":{"0":"post-246341","1":"product","2":"type-product","3":"status-publish","4":"has-post-thumbnail","6":"product_cat-bathroom","7":"product_cat-comad","8":"product_cat-bathroom-furniture-sets-comad","10":"first","11":"instock","12":"purchasable","13":"product-type-simple"},"_links":{"self":[{"href":"https:\/\/baldumarket.lt\/lt\/wp-json\/wp\/v2\/product\/246341","targetHints":{"allow":["GET"]}}],"collection":[{"href":"https:\/\/baldumarket.lt\/lt\/wp-json\/wp\/v2\/product"}],"about":[{"href":"https:\/\/baldumarket.lt\/lt\/wp-json\/wp\/v2\/types\/product"}],"replies":[{"embeddable":true,"href":"https:\/\/baldumarket.lt\/lt\/wp-json\/wp\/v2\/comments?post=246341"}],"wp:featuredmedia":[{"embeddable":true,"href":"https:\/\/baldumarket.lt\/lt\/wp-json\/wp\/v2\/media\/246342"}],"wp:attachment":[{"href":"https:\/\/baldumarket.lt\/lt\/wp-json\/wp\/v2\/media?parent=246341"}],"wp:term":[{"taxonomy":"product_brand","embeddable":true,"href":"https:\/\/baldumarket.lt\/lt\/wp-json\/wp\/v2\/product_brand?post=246341"},{"taxonomy":"product_cat","embeddable":true,"href":"https:\/\/baldumarket.lt\/lt\/wp-json\/wp\/v2\/product_cat?post=246341"},{"taxonomy":"product_tag","embeddable":true,"href":"https:\/\/baldumarket.lt\/lt\/wp-json\/wp\/v2\/product_tag?post=246341"}],"curies":[{"name":"wp","href":"https:\/\/api.w.org\/{rel}","templated":true}]}}