{"id":246337,"date":"2026-01-02T23:19:33","date_gmt":"2026-01-02T20:19:33","guid":{"rendered":"https:\/\/baldumarket.lt\/product\/zestaw-szafka-z-umywalka-meblowa-60-cm-i-slupek-wysoki-viva-cashmere\/"},"modified":"2026-02-11T18:32:59","modified_gmt":"2026-02-11T15:32:59","slug":"zestaw-szafka-z-umywalka-meblowa-60-cm-i-slupek-wysoki-viva-cashmere","status":"publish","type":"product","link":"https:\/\/baldumarket.lt\/lt\/product\/zestaw-szafka-z-umywalka-meblowa-60-cm-i-slupek-wysoki-viva-cashmere\/","title":{"rendered":"60 cm praustuvo spintel\u0117s ir auk\u0161tos kolonos \u201eViva Cashmere\u201c komplektas"},"content":{"rendered":"<p>Spintel\u0117s su 60 cm praustuvu ir auk\u0161ta kolona \u201eViva Cashmere\u201c komplektas. Stilingas \u201eViva Cashmere\u201c komplektas \u2013 tai tobulas elegancijos ir funkcionalumo derinys. Spintel\u0117 su dviem stal\u010diais ir baltos blizgios keramikos praustuvas su auk\u0161ta kolona turi unikalius, trima\u010dius fasadus, kurie suteikia stiliaus bet kokiam vonios kambariui. Matmenys: Plotis (cm): 60 Gylis (cm): 39 Auk\u0161tis (cm): 57 Svoris (kg): 53 Techniniai duomenys: Komplekt\u0105 sudaro: Praustuvo spintel\u0117 2 stal\u010diai 60 cm Viva Cashmere, auk\u0161ta kolona 2 durel\u0117s 30 cm Viva Cashmere, keraminis praustuvas 60 cm 2060 RB Korpuso spalva: Matin\u0117 ka\u0161myro spalva Priekin\u0117s dalies spalva: Matin\u0117 ka\u0161myro spalva Ranken\u0117l\u0117s spalva: Blizgi auksin\u0117, matin\u0117 juoda, blizgus chromas Praustuvo spalva: Blizgi balta Korpuso med\u017eiaga: Laminuota plok\u0161t\u0117 Priekin\u0117 dalis: MDF plok\u0161t\u0117 Praustuvo med\u017eiaga: Keramika Rankena: Plastikas Praustuvas komplekte: Taip Surinkimo rinkinys komplekte: Taip Surinkimas: Savaranki\u0161kas surinkimas \u201eViva Cashmere\u201c komplektas \u2013 60 cm praustuvo spintel\u0117 ir auk\u0161ta kolona \u2013 derina elegancij\u0105 ir funkcionalum\u0105, puikiai papildydami modern\u0173 interjer\u0105. Subtilus ka\u0161myro spalvos dizainas tikrai pritrauks d\u0117mes\u012f ir suteiks subtilumo bet kokiam vonios kambariui. Trima\u010diai, frezuoti \u201eeglut\u0117s\u201c ra\u0161to fasadai yra ne tik estetinis akcentas, bet ir d\u0117mesio detal\u0117ms \u012frodymas. Nesvarbu, koks j\u016bs\u0173 pageidaujamas stilius, \u0161is komplektas puikiai papildys j\u016bs\u0173 erdv\u0119, suteikdamas jai unikal\u0173 charakter\u012f.<\/p>\n<p>Komplekt\u0105 sudaro praustuvo spintel\u0117 su dviem erdviais stal\u010diais, kuriuose prakti\u0161kai galima laikyti vonios kambario aksesuarus. \u0160velnaus u\u017edarymo sistema leid\u017eia patogiau naudotis baldais ir \u017eenkliai pagerinti kasdienio naudojimo komfort\u0105. Meistri\u0161kumo kokyb\u0117, pagr\u012fsta auk\u0161tos kokyb\u0117s MDF ir laminuota plok\u0161te, u\u017etikrina ne tik patvarum\u0105, bet ir elegancij\u0105, kuri atlaikys laiko i\u0161bandym\u0105.<\/p>\n<p>Auk\u0161ta spintel\u0117 i\u0161 tos pa\u010dios kolekcijos, kurios matmenys \u2013 140 cm, tampa prakti\u0161ku priedu d\u0117l penki\u0173 erdvi\u0173 lentyn\u0173, skirt\u0173 visiems vonios kambario aksesuarams susid\u0117ti. Spintel\u0117s dureli\u0173 atidarymas \u2013 vienas malonumas, o \u0161velnaus u\u017edarymo sistema panaikina bet kok\u012f gars\u0173 trenksm\u0105. Visas komplektas atrodo kruop\u0161\u010diai apgalvotas ir harmoningai sukurtas atsi\u017evelgiant \u012f j\u016bs\u0173 komfort\u0105.<\/p>\n<p>Verta pamin\u0117ti, kad spintel\u0117 ir spintel\u0117 i\u0161 ka\u0161myro visi\u0161kai dera su kitomis kolekcijomis, tokiomis kaip \u201eNova Oak\u201c ir \u201eNova White\u201c, tod\u0117l si\u016blomos ne\u012ftik\u0117tinos pritaikymo galimyb\u0117s ir galimyb\u0117 sukurti unikal\u0173 vonios kambario dekor\u0105. Pasirinkdami \u0161\u012f komplekt\u0105, investuojate ne tik \u012f estetik\u0105, bet ir \u012f funkcionalum\u0105, kuris yra b\u016btinas bet kurioje erdv\u0117je. Baldai pristatomi supakuoti, tod\u0117l juos galima surinkti patiems, tod\u0117l bald\u0173 surinkimo procesas yra paprastesnis ir malonesnis.<\/p>\n<p>\u201eViva Cashmere\u201c komplektas garantuoja ne tik stiling\u0105 i\u0161vaizd\u0105, bet ir ilgalaik\u012f pasitenkinim\u0105. Kiekvienas baldas yra kruop\u0161\u010diai sukurtas, derinant modern\u0173 dizain\u0105 su auk\u0161tos kokyb\u0117s meistri\u0161kumu, tod\u0117l tai investicija, kuri tikrai d\u017eiugins jus ilgus metus. Daugelis klient\u0173 mumis pasitiki, o m\u016bs\u0173 baldams suteikiama 2 met\u0173 garantija, rodanti m\u016bs\u0173 \u012fsipareigojim\u0105 u\u017etikrinti gamini\u0173 kokyb\u0119.<\/p>","protected":false},"excerpt":{"rendered":"<p>Plotis (cm): 60<br \/>\n\u016agis (cm): 57<br \/>\nGylis (cm): 39<\/p>","protected":false},"featured_media":246338,"comment_status":"open","ping_status":"open","template":"","meta":[],"product_brand":[],"product_cat":[9117,2015,9183],"product_tag":[],"class_list":{"0":"post-246337","1":"product","2":"type-product","3":"status-publish","4":"has-post-thumbnail","6":"product_cat-bathroom","7":"product_cat-comad","8":"product_cat-bathroom-furniture-sets-comad","10":"first","11":"instock","12":"purchasable","13":"product-type-simple"},"_links":{"self":[{"href":"https:\/\/baldumarket.lt\/lt\/wp-json\/wp\/v2\/product\/246337","targetHints":{"allow":["GET"]}}],"collection":[{"href":"https:\/\/baldumarket.lt\/lt\/wp-json\/wp\/v2\/product"}],"about":[{"href":"https:\/\/baldumarket.lt\/lt\/wp-json\/wp\/v2\/types\/product"}],"replies":[{"embeddable":true,"href":"https:\/\/baldumarket.lt\/lt\/wp-json\/wp\/v2\/comments?post=246337"}],"wp:featuredmedia":[{"embeddable":true,"href":"https:\/\/baldumarket.lt\/lt\/wp-json\/wp\/v2\/media\/246338"}],"wp:attachment":[{"href":"https:\/\/baldumarket.lt\/lt\/wp-json\/wp\/v2\/media?parent=246337"}],"wp:term":[{"taxonomy":"product_brand","embeddable":true,"href":"https:\/\/baldumarket.lt\/lt\/wp-json\/wp\/v2\/product_brand?post=246337"},{"taxonomy":"product_cat","embeddable":true,"href":"https:\/\/baldumarket.lt\/lt\/wp-json\/wp\/v2\/product_cat?post=246337"},{"taxonomy":"product_tag","embeddable":true,"href":"https:\/\/baldumarket.lt\/lt\/wp-json\/wp\/v2\/product_tag?post=246337"}],"curies":[{"name":"wp","href":"https:\/\/api.w.org\/{rel}","templated":true}]}}