{"id":246334,"date":"2026-01-02T23:19:31","date_gmt":"2026-01-02T20:19:31","guid":{"rendered":"https:\/\/baldumarket.lt\/product\/zestaw-szafka-z-umywalka-meblowa-60-cm-i-slupek-wysoki-talia-casella-czarny-mat\/"},"modified":"2026-02-11T18:32:59","modified_gmt":"2026-02-11T15:32:59","slug":"zestaw-szafka-z-umywalka-meblowa-60-cm-i-slupek-wysoki-talia-casella-czarny-mat","status":"publish","type":"product","link":"https:\/\/baldumarket.lt\/lt\/product\/zestaw-szafka-z-umywalka-meblowa-60-cm-i-slupek-wysoki-talia-casella-czarny-mat\/","title":{"rendered":"Spintel\u0117s komplektas su praustuvu baldams 60 cm ir auk\u0161to juosmens \u201eCasella\u201c kolona, \u200b\u200bmatin\u0117s juodos spalvos"},"content":{"rendered":"<p>\u201eTalia Casella\u201c 60 cm kriaukl\u0117s spintel\u0117s ir auk\u0161tos kolonos komplektas, matin\u0117s juodos spalvos. \u201eTalia Casella\u201c vonios kambario komplektas derina elegancij\u0105 ir modernum\u0105. 60 cm kriaukl\u0117s spintel\u0117 turi du erdvius stal\u010dius, \u0161velnaus u\u017edarymo sistem\u0105 ir matin\u0117s juodos spalvos konstrukcij\u0105, papuo\u0161t\u0105 \u201eCasella\u201c \u0105\u017euolo akcentais. \u010cia rasite komfort\u0105 ir stili\u0173 ateinantiems metams. Matmenys: Plotis (cm): 60 Gylis (cm): 46 Auk\u0161tis (cm): 50 Svoris (kg): 45,8 Techniniai duomenys: Komplekt\u0105 sudaro: Praustuvo spintel\u0117 60 cm 2 stal\u010diai Talia Casella, SKY 60 \u2013 Baldinis praustuvas 61 cm keraminis, Talia Casella 1 dureli\u0173 auk\u0161tas stovas 30 cm Korpuso spalva: Matin\u0117 juoda Priekin\u0117s dalies spalva: Casella \u0105\u017euolas Ranken\u0117l\u0117s spalva: Pakuot\u0117 \u2013 Aukso blizgi, matin\u0117 juoda, blizgus chromas Praustuvo spalva: Blizgi balta Korpuso med\u017eiaga: Laminuota plok\u0161t\u0117 Priekin\u0117 dalis: MDF plok\u0161t\u0117 Ranken\u0117l\u0117s med\u017eiaga: Plastikas Praustuvo med\u017eiaga: Keramika Pridedama praustuvo: Taip Vyriai: Tylus u\u017edarymasB\u0117geliai: \u0160velnus u\u017edarymas\u012eskai\u010diuotas montavimo rinkinys: TaipSurinkimas: Savaranki\u0161kas surinkimasCasella 60 cm baldo kriaukl\u0117s spintel\u0117 ir Talia Talia auk\u0161tas stovas yra puikus sprendimas tiems, kurie nori savo vonios kambaryje suderinti elegancij\u0105 ir funkcionalum\u0105. Kruop\u0161\u010diai atkreipus d\u0117mes\u012f \u012f detales, komplektas pasi\u017eymi subtiliu, frezuotu r\u0117meliu, kuris traukia ak\u012f ir suteikia unikal\u0173 charakter\u012f. \u201eCasella Oak\u201c spalva kartu su matin\u0117s juodos spalvos korpusu suteiks interjerui nat\u016bralaus \u0161ilumos ir modernumo, sukurdama harmoning\u0105 erdv\u0119.<\/p>\n<p>Auk\u0161tos kokyb\u0117s meistri\u0161kumas, pagamintas i\u0161 patvari\u0173 med\u017eiag\u0173, toki\u0173 kaip MDF ir laminuota plok\u0161t\u0117, garantuoja ne tik estetik\u0105, bet ir ilgaam\u017ei\u0161kum\u0105. \u0160velniai u\u017esidaranti stal\u010di\u0173 ir dureli\u0173 sistema leid\u017eia naudotis baldais nepaprastai patogiai, o kiekvienas elementas kruop\u0161\u010diai apgalvotas, kad atitikt\u0173 \u0161iuolaikinio vartotojo poreikius. 50 cm auk\u0161tis suteikia kriaukl\u0117s spintelei lengvumo ir neu\u017ego\u017eia interjero, suteikdamas erdv\u0117s poj\u016bt\u012f.<\/p>\n<p>\u201eTalia Casella\u201c kolekcija taip pat si\u016blo pritaikymo galimybes d\u0117l trij\u0173 ranken\u0117li\u0173 spalv\u0173 \u2013 blizgios auksin\u0117s, matin\u0117s juodos ir blizgaus chromo. \u0160is universalumas leid\u017eia priderinti baldus prie individuali\u0173 pageidavim\u0173 ir stiliaus, tod\u0117l jie tampa dar patrauklesniu pasirinkimu bet kokiam interjerui. Kiekvienas baldas turi savo funkcij\u0105, o dideli stal\u010diai puikiai tinka vonios kambario aksesuarams laikyti, padeda palaikyti tvark\u0105.<\/p>\n<p>\u0160is komplektas buvo sukurtas atsi\u017evelgiant \u012f dizain\u0105 ir prakti\u0161kum\u0105. Surinkimas yra paprastas ir intuityvus, tod\u0117l net ir neturintys specializuot\u0173 \u017eini\u0173 gali j\u012f susitvarkyti. Be to, baldams suteikiama 2 met\u0173 garantija, u\u017etikrinanti ramyb\u0119 ir kokyb\u0117s u\u017etikrinim\u0105. \u201eTalia Casella\u201c \u2013 puikus pasirinkimas ie\u0161kantiems unikali\u0173 vonios bald\u0173, kuriuose derinamas modernus stilius ir funkcionalumas.<\/p>\n<p>Pasirink\u0119 \u201eTalia Casella\u201c komplekt\u0105, gaunate ne tik esteti\u0161kus baldus, bet ir prakti\u0161kus sprendimus. Lenki\u0161ki gaminiai, turintys FSC sertifikat\u0105, garantuoja, kad renkat\u0117s atsakingai ir pagr\u012fstai. Papuo\u0161kite savo vonios kambar\u012f unikaliu stiliumi ir funkcionalumu, kurie supaprastins kasdienyb\u0119. Suteikite savo interjerui nauj\u0105 komforto ir elegancijos dimensij\u0105 su \u201eTalia Casella\u201c komplektu!<\/p>","protected":false},"excerpt":{"rendered":"<p>Plotis (cm): 60<br \/>\n\u016agis (cm): 50<br \/>\nGylis (cm): 46<\/p>","protected":false},"featured_media":246335,"comment_status":"open","ping_status":"open","template":"","meta":[],"product_brand":[],"product_cat":[9117,2015,9183],"product_tag":[],"class_list":{"0":"post-246334","1":"product","2":"type-product","3":"status-publish","4":"has-post-thumbnail","6":"product_cat-bathroom","7":"product_cat-comad","8":"product_cat-bathroom-furniture-sets-comad","10":"first","11":"instock","12":"purchasable","13":"product-type-simple"},"_links":{"self":[{"href":"https:\/\/baldumarket.lt\/lt\/wp-json\/wp\/v2\/product\/246334","targetHints":{"allow":["GET"]}}],"collection":[{"href":"https:\/\/baldumarket.lt\/lt\/wp-json\/wp\/v2\/product"}],"about":[{"href":"https:\/\/baldumarket.lt\/lt\/wp-json\/wp\/v2\/types\/product"}],"replies":[{"embeddable":true,"href":"https:\/\/baldumarket.lt\/lt\/wp-json\/wp\/v2\/comments?post=246334"}],"wp:featuredmedia":[{"embeddable":true,"href":"https:\/\/baldumarket.lt\/lt\/wp-json\/wp\/v2\/media\/246335"}],"wp:attachment":[{"href":"https:\/\/baldumarket.lt\/lt\/wp-json\/wp\/v2\/media?parent=246334"}],"wp:term":[{"taxonomy":"product_brand","embeddable":true,"href":"https:\/\/baldumarket.lt\/lt\/wp-json\/wp\/v2\/product_brand?post=246334"},{"taxonomy":"product_cat","embeddable":true,"href":"https:\/\/baldumarket.lt\/lt\/wp-json\/wp\/v2\/product_cat?post=246334"},{"taxonomy":"product_tag","embeddable":true,"href":"https:\/\/baldumarket.lt\/lt\/wp-json\/wp\/v2\/product_tag?post=246334"}],"curies":[{"name":"wp","href":"https:\/\/api.w.org\/{rel}","templated":true}]}}