{"id":246330,"date":"2026-01-02T23:19:29","date_gmt":"2026-01-02T20:19:29","guid":{"rendered":"https:\/\/baldumarket.lt\/product\/zestaw-szafka-z-umywalka-meblowa-60-cm-i-slupek-wysoki-dalia-cashmere\/"},"modified":"2026-02-11T18:32:59","modified_gmt":"2026-02-11T15:32:59","slug":"zestaw-szafka-z-umywalka-meblowa-60-cm-i-slupek-wysoki-dalia-cashmere","status":"publish","type":"product","link":"https:\/\/baldumarket.lt\/lt\/product\/zestaw-szafka-z-umywalka-meblowa-60-cm-i-slupek-wysoki-dalia-cashmere\/","title":{"rendered":"60 cm praustuvo spintel\u0117s ir auk\u0161tos kolonos \u201eDalia Cashmere\u201c komplektas"},"content":{"rendered":"<p>60 cm praustuvo spintel\u0117 su kriaukle ir auk\u0161ta kolona \u201eDalia Cashmere\u201c. \u201eComad\u201c \u201eDalia Cashmere\u201c vonios kambario komplektas derina stili\u0173 ir funkcionalum\u0105. Spintel\u0117 su kriaukle ir auk\u0161ta kolona ka\u0161myro atspalvio pasi\u017eymi minimalistiniu dizainu. Lyg\u016bs fasadai, \u0161velnus u\u017edarymas, 3 ranken\u0117li\u0173 spalvos ir keramika u\u017etikrina elegancij\u0105 ir komfort\u0105. Matmenys: Plotis (cm): 60 Gylis (cm): 46 Auk\u0161tis (cm): 50 Techniniai duomenys: Komplekt\u0105 sudaro: 80 cm vonios kambario spintel\u0117 \u201eDalia Cashmere\u201c, keraminis praustuvas CFP 60D, 60 cm praustuvo spintel\u0117 2S \u201eDalia Cashmere\u201c Korpuso spalva: matin\u0117 ka\u0161myro spalva Priekin\u0117 spalva: matin\u0117 ka\u0161myro spalva Rankenos spalva: blizgi auksin\u0117, matin\u0117 juoda, blizgus chromas Korpuso med\u017eiaga: laminuota plok\u0161t\u0117 Priekin\u0117 med\u017eiaga: laminuota plok\u0161t\u0117 Rankenos med\u017eiaga: plastikas Praustuvo med\u017eiaga: keramika Pridedama praustuvo: taip Stal\u010di\u0173 b\u0117geliai: \u0161velnus u\u017edarymas Vyriai: \u0161velnus u\u017edarymas Tvirtinimo rinkinys Kabinama prie sienos: \u012ftraukta. Surinkimas: savaranki\u0161kas surinkimas. \u201eComad\u201c \u201eDalia Cashmere\u201c 60 cm praustuvo spintel\u0117 su kriaukle ir auk\u0161ta kolona si\u016blo ne tik funkcionalum\u0105, bet, svarbiausia, elegancij\u0105 ir stili\u0173 j\u016bs\u0173 vonios kambaryje. Minimalistinis dizainas, pary\u0161kintas ka\u0161myro apdaila, suteikia bet kokiam interjerui subtilios \u0161ilumos ir jaukumo. Trys ranken\u0117li\u0173 variantai \u2013 auksin\u0117, juoda ir blizgus chromas \u2013 leid\u017eia priderinti komplekt\u0105 prie savo unikalaus stiliaus.<\/p>\n<p>\u0160io komplekto \u017eavesys slypi ne tik i\u0161vaizdoje, bet ir prakti\u0161kame erdv\u0117s organizavime. Dviejuose erdviuose praustuvo spintel\u0117s stal\u010diuose tilps visi b\u016btiniausi reikmenys, o viskas i\u0161liks tvarkingai. 50 cm auk\u0161\u010dio spintel\u0117 suteikia interjerui lengvumo, vizualiai padidindama vonios kambar\u012f. \u0160velnaus u\u017edarymo sistema padidina komfort\u0105, u\u017etikrinant tyl\u0173 ir skland\u0173 u\u017edarym\u0105.<\/p>\n<p>Auk\u0161ta tos pa\u010dios serijos kolona puikiai papildo bald\u0105. Jos 80 cm auk\u0161tis ir trys lentynos suteikia daug vietos viskam, ko reikia, laikyti po ranka. Ji puikiai veikia ir pati savaime, bet taip pat gali b\u016bti derinama \u012f didesnes konfig\u016bracijas, sukuriant funkcionalius derinius, kurie puikiai tiks bet kokioje erdv\u0117je. Laminuota plok\u0161t\u0117, i\u0161 kurios pagaminti baldai, u\u017etikrina ilgaam\u017ei\u0161kum\u0105 ir atsparum\u0105 pa\u017eeidimams.<\/p>\n<p>Kiekviena \u0161io baldo detal\u0117 buvo kruop\u0161\u010diai sukurta atsi\u017evelgiant \u012f detales, kurias pasteb\u0117site i\u0161 pirmo \u017evilgsnio. Nesvarbu, ar jums reikia bald\u0173 moderniam, ar klasikiniam vonios kambariui, \u201eDalia Cashmere\u201c komplektas visada pateisins j\u016bs\u0173 l\u016bkes\u010dius, suteikdamas ne tik estetin\u0119 patirt\u012f, bet ir praktin\u0119 naud\u0105 kiekvien\u0105 dien\u0105. D\u0117l lengvai suprantam\u0173 surinkimo instrukcij\u0173 surinkimui nereikia joki\u0173 speciali\u0173 \u017eini\u0173, tod\u0117l tai puikus pasirinkimas bet kuriam \u201epasidaryk pats\u201c nam\u0173 entuziastui.<\/p>","protected":false},"excerpt":{"rendered":"<p>Plotis (cm): 60<br \/>\n\u016agis (cm): 50<br \/>\nGylis (cm): 46<\/p>","protected":false},"featured_media":246331,"comment_status":"open","ping_status":"open","template":"","meta":[],"product_brand":[],"product_cat":[9117,2015,9183],"product_tag":[],"class_list":{"0":"post-246330","1":"product","2":"type-product","3":"status-publish","4":"has-post-thumbnail","6":"product_cat-bathroom","7":"product_cat-comad","8":"product_cat-bathroom-furniture-sets-comad","10":"first","11":"instock","12":"purchasable","13":"product-type-simple"},"_links":{"self":[{"href":"https:\/\/baldumarket.lt\/lt\/wp-json\/wp\/v2\/product\/246330","targetHints":{"allow":["GET"]}}],"collection":[{"href":"https:\/\/baldumarket.lt\/lt\/wp-json\/wp\/v2\/product"}],"about":[{"href":"https:\/\/baldumarket.lt\/lt\/wp-json\/wp\/v2\/types\/product"}],"replies":[{"embeddable":true,"href":"https:\/\/baldumarket.lt\/lt\/wp-json\/wp\/v2\/comments?post=246330"}],"wp:featuredmedia":[{"embeddable":true,"href":"https:\/\/baldumarket.lt\/lt\/wp-json\/wp\/v2\/media\/246331"}],"wp:attachment":[{"href":"https:\/\/baldumarket.lt\/lt\/wp-json\/wp\/v2\/media?parent=246330"}],"wp:term":[{"taxonomy":"product_brand","embeddable":true,"href":"https:\/\/baldumarket.lt\/lt\/wp-json\/wp\/v2\/product_brand?post=246330"},{"taxonomy":"product_cat","embeddable":true,"href":"https:\/\/baldumarket.lt\/lt\/wp-json\/wp\/v2\/product_cat?post=246330"},{"taxonomy":"product_tag","embeddable":true,"href":"https:\/\/baldumarket.lt\/lt\/wp-json\/wp\/v2\/product_tag?post=246330"}],"curies":[{"name":"wp","href":"https:\/\/api.w.org\/{rel}","templated":true}]}}