{"id":246327,"date":"2026-01-02T23:19:27","date_gmt":"2026-01-02T20:19:27","guid":{"rendered":"https:\/\/baldumarket.lt\/product\/zestaw-szafka-z-umywalka-meblowa-60-cm-dalia-cashmere\/"},"modified":"2026-02-11T18:32:59","modified_gmt":"2026-02-11T15:32:59","slug":"zestaw-szafka-z-umywalka-meblowa-60-cm-dalia-cashmere","status":"publish","type":"product","link":"https:\/\/baldumarket.lt\/lt\/product\/zestaw-szafka-z-umywalka-meblowa-60-cm-dalia-cashmere\/","title":{"rendered":"Spintel\u0117s su praustuvu komplektas, 60 cm, Dalia, ka\u0161myras"},"content":{"rendered":"<p>Dalia Cashmere 60 cm bald\u0173 komplektas praustuvui. Dalia Cashmere komplektas \u2013 tai eleganti\u0161ka 60 cm plo\u010dio kriaukl\u0117s spintel\u0117 su matiniu ka\u0161myro pavir\u0161iumi ir trij\u0173 spalv\u0173 ranken\u0117l\u0117mis: blizgia auksine, matine juoda ir chromuota. Du erdv\u016bs stal\u010diai su \u0161velnaus u\u017edarymo mechanizmais suteikia prakti\u0161k\u0105 daikt\u0173 laikym\u0105. Surenkama savaranki\u0161kai. Matmenys: Plotis (cm): 60 Gylis (cm): 46 Auk\u0161tis (cm): 50 Techniniai duomenys: Komplekt\u0105 sudaro: Keraminis praustuvas CFP 60D, Praustuvo spintel\u0117 2S 60 cm Dalia Cashmere Korpuso spalva: matin\u0117 ka\u0161myro spalva Priekin\u0117 spalva: matin\u0117 ka\u0161myro spalva Ranken\u0117l\u0117s spalva: blizgi auksin\u0117, matin\u0117 juoda, blizgus chromas Korpuso med\u017eiaga: laminuota plok\u0161t\u0117 Priekin\u0117 med\u017eiaga: laminuota plok\u0161t\u0117 Ranken\u0117l\u0117s med\u017eiaga: plastikas Praustuvo med\u017eiaga: keramika Priekinis praustuvas komplekte: taip Stal\u010di\u0173 b\u0117geliai: \u0161velnaus u\u017edarymo Surinkimo rinkinys, pakabinamas ant sienos: \u012ftrauktas Surinkimas: skirta surinkti savaranki\u0161kai \u201eComad\u201c praustuvo spintel\u0117s 60 cm Dalia Cashmere komplektas \u2013 tai puikus minimalistinio stiliaus ir funkcionalumo derinys. Su savo lygiais ka\u0161myro spalvos fasadais \u0161is baldas sukuria subtili\u0105 ir \u0161ilt\u0105 atmosfer\u0105, kuri skatina atsipalaidavim\u0105. Komplekto universalum\u0105 padidina trys ranken\u0117li\u0173 spalvos \u2013 blizgi auksin\u0117, blizgi chromin\u0117 ir matin\u0117 juoda \u2013 tod\u0117l puikiai dera prie bet kokio interjero.<\/p>\n<p>\u0160i dviej\u0173 lygi\u0173 spintel\u0117 suteikia daug vietos vonios kambario aksesuarams susitvarkyti, i\u0161laikant eleganti\u0161k\u0105 i\u0161vaizd\u0105. Ergonomi\u0161kas 50 cm auk\u0161tis sukuria lengvumo ir erdv\u0117s poj\u016bt\u012f, tod\u0117l idealiai tinka net ir ma\u017eesniems vonios kambariams. Stal\u010diai su \u0161velnaus u\u017edarymo sistema suteikia patogumo kasdieniam naudojimui ir suteikia daug vietos daiktams susid\u0117ti.<\/p>\n<p>Baldai, pagaminti i\u0161 laminuotos plok\u0161t\u0117s, yra patvar\u016bs ir atspar\u016bs pa\u017eeidimams, u\u017etikrinantys ilgalaik\u012f naudojim\u0105. Kiekviena \u201eDalia Cashmere\u201c komplekto detal\u0117 buvo kruop\u0161\u010diai apgalvota, tod\u0117l pasiekiama i\u0161skirtin\u0117 estetika ir tvirtas meistri\u0161kumas. \u0160is baldas derina elegancij\u0105 ir prakti\u0161kum\u0105, patenkindamas net ir reikliausi\u0173 vartotoj\u0173 reikalavimus.<\/p>\n<p>Surinkimas paprastas ir ai\u0161kus, nereikalaujantis speciali\u0173 \u017eini\u0173, tod\u0117l baldus galima lengvai surinkti savaranki\u0161kai. Baldai pristatomi pakuot\u0117se, kurios u\u017etikrina saugum\u0105 transportavimo metu.<\/p>","protected":false},"excerpt":{"rendered":"<p>Plotis (cm): 60<br \/>\n\u016agis (cm): 50<br \/>\nGylis (cm): 46<\/p>","protected":false},"featured_media":246328,"comment_status":"open","ping_status":"open","template":"","meta":[],"product_brand":[],"product_cat":[9117,2015,9183],"product_tag":[],"class_list":{"0":"post-246327","1":"product","2":"type-product","3":"status-publish","4":"has-post-thumbnail","6":"product_cat-bathroom","7":"product_cat-comad","8":"product_cat-bathroom-furniture-sets-comad","10":"first","11":"instock","12":"purchasable","13":"product-type-simple"},"_links":{"self":[{"href":"https:\/\/baldumarket.lt\/lt\/wp-json\/wp\/v2\/product\/246327","targetHints":{"allow":["GET"]}}],"collection":[{"href":"https:\/\/baldumarket.lt\/lt\/wp-json\/wp\/v2\/product"}],"about":[{"href":"https:\/\/baldumarket.lt\/lt\/wp-json\/wp\/v2\/types\/product"}],"replies":[{"embeddable":true,"href":"https:\/\/baldumarket.lt\/lt\/wp-json\/wp\/v2\/comments?post=246327"}],"wp:featuredmedia":[{"embeddable":true,"href":"https:\/\/baldumarket.lt\/lt\/wp-json\/wp\/v2\/media\/246328"}],"wp:attachment":[{"href":"https:\/\/baldumarket.lt\/lt\/wp-json\/wp\/v2\/media?parent=246327"}],"wp:term":[{"taxonomy":"product_brand","embeddable":true,"href":"https:\/\/baldumarket.lt\/lt\/wp-json\/wp\/v2\/product_brand?post=246327"},{"taxonomy":"product_cat","embeddable":true,"href":"https:\/\/baldumarket.lt\/lt\/wp-json\/wp\/v2\/product_cat?post=246327"},{"taxonomy":"product_tag","embeddable":true,"href":"https:\/\/baldumarket.lt\/lt\/wp-json\/wp\/v2\/product_tag?post=246327"}],"curies":[{"name":"wp","href":"https:\/\/api.w.org\/{rel}","templated":true}]}}