{"id":246323,"date":"2026-01-02T23:19:25","date_gmt":"2026-01-02T20:19:25","guid":{"rendered":"https:\/\/baldumarket.lt\/product\/zestaw-szafka-z-umywalka-meblowa-60-cm-2-drzwiowa-viva-cashmere\/"},"modified":"2026-02-11T18:32:59","modified_gmt":"2026-02-11T15:32:59","slug":"zestaw-szafka-z-umywalka-meblowa-60-cm-2-drzwiowa-viva-cashmere","status":"publish","type":"product","link":"https:\/\/baldumarket.lt\/lt\/product\/zestaw-szafka-z-umywalka-meblowa-60-cm-2-drzwiowa-viva-cashmere\/","title":{"rendered":"Praustuvo spintel\u0117s bald\u0173 komplektas, 60 cm, 2 dur\u0173, Viva Cashmere"},"content":{"rendered":"<p>Spintel\u0117s su praustuvu komplektas, 60 cm, 2 dur\u0173 Viva CashmereEleganti\u0161ka 60 cm plo\u010dio Viva Cashmere spintel\u0117 su praustuvu, derina subtil\u0173 dizain\u0105 ir funkcionalum\u0105. Frezuoti \u201eeglut\u0117s kaulo\u201c formos fasadai, pagaminti i\u0161 patvari\u0173 med\u017eiag\u0173, ir trij\u0173 spalv\u0173 ranken\u0117l\u0117s \u2013 puikus sprendimas moderniam vonios kambariui. Matmenys: Plotis (cm): 60 Gylis (cm): 39 Auk\u0161tis (cm): 57 Svoris (kg): 30 Techniniai duomenys: Komplekt\u0105 sudaro: 2 dur\u0173 praustuvo spintel\u0117 60 cm Viva Cashmere, keraminis praustuvas 60 cm 2060 RB Korpuso spalva: matin\u0117 ka\u0161myro spalva Priekin\u0117 spalva: matin\u0117 ka\u0161myro spalva Ranken\u0117l\u0117s spalva: blizgi auksin\u0117, matin\u0117 juoda, blizgus chromas Praustuvo spalva: blizgi balta Korpuso med\u017eiaga: laminuota plok\u0161t\u0117 Priekin\u0117 med\u017eiaga: MDF Praustuvo med\u017eiaga: keramika Ranken\u0117l\u0117s med\u017eiaga: plastikas Praustuvas pridedamas: taip Pridedamas tvirtinimo paketas: taip Surinkimas: savaranki\u0161kam surinkimui Spintel\u0117s su 60 cm Viva Cashmere 2 dur\u0173 praustuvu komplektas i\u0161 Comad yra puikus sprendimas tiems, kurie ie\u0161ko elegancijos ir funkcionalumo vienoje darnioje visumoje. \u0160i spintel\u0117, sukurta stilingiems vonios kambariams, pasi\u017eymi unikalia ka\u0161myro spalva ir trima\u010diais, frezuotais \u201esilk\u0117s kaulo\u201c ra\u0161to fasadais, suteikian\u010diais interjerui rafinuot\u0105 charakter\u012f. Organin\u0117s formos ir subtilios detal\u0117s paver\u010dia \u0161\u012f bald\u0105 ne tik prakti\u0161ku baldu, bet ir stilingu dekoratyviniu akcentu, kuris pritrauks kiekvieno sve\u010dio ak\u012f.<\/p>\n<p>D\u0117l dviej\u0173 dureli\u0173 konstrukcijos spintel\u0117 si\u016blo daug vietos vertingiems vonios kambario aksesuarams laikyti. D\u0117l eleganti\u0161kos ka\u0161myro apdailos ir trij\u0173 patraukli\u0173 spalv\u0173 \u2013 blizgios auksin\u0117s, matin\u0117s juodos ir chromuotos \u2013 ranken\u0117li\u0173 spintel\u0119 lengvai priderinsite prie savo stiliaus ir interjero estetikos. \u0160velniai u\u017esidaran\u010dios durel\u0117s suteikia papildomo komforto, pa\u0161alindamos nemalonius atidarymo ir u\u017edarymo garsus.<\/p>\n<p>Spintel\u0117 pagaminta i\u0161 auk\u0161tos kokyb\u0117s med\u017eiag\u0173, \u012fskaitant MDF ir laminuot\u0105 plok\u0161t\u0119, u\u017etikrinan\u010di\u0173 patvarum\u0105 ir ilgaam\u017ei\u0161kum\u0105. Sukurta ma\u017eesn\u0117ms erdv\u0117ms, kruop\u0161\u010diai apgalvotas 40 cm gylis leid\u017eia lanks\u010diai pritaikyti interjer\u0105. Ji puikiai dera su kitais \u201eNova Oak\u201c, \u201eNova White\u201c ir \u201eNova Cashmere\u201c kolekcij\u0173 elementais, atverdama daugyb\u0119 galimybi\u0173 sukurti individual\u0173 dekor\u0105.<\/p>\n<p>Pasirinkdami \u201eViva Cashmere\u201c praustuvo spintel\u0119 su kriaukle, renkat\u0117s ne tik i\u0161skirtin\u012f dizain\u0105, bet ir kokyb\u0119, kuri u\u017etikrina ilgalaik\u012f naudojim\u0105. Kiekviena detal\u0117 kruop\u0161\u010diai apgalvota, o 2 met\u0173 garantija patvirtina \u0161io gaminio patikimum\u0105. \u201eComad\u201c vonios kambario baldai pristatomi plok\u0161\u010diai supakuoti, tod\u0117l juos galima surinkti patiems, tod\u0117l visas procesas yra paprastas ir patogus.<\/p>","protected":false},"excerpt":{"rendered":"<p>Plotis (cm): 60<br \/>\n\u016agis (cm): 57<br \/>\nGylis (cm): 39<\/p>","protected":false},"featured_media":246324,"comment_status":"open","ping_status":"open","template":"","meta":[],"product_brand":[],"product_cat":[9117,2015,9183],"product_tag":[],"class_list":{"0":"post-246323","1":"product","2":"type-product","3":"status-publish","4":"has-post-thumbnail","6":"product_cat-bathroom","7":"product_cat-comad","8":"product_cat-bathroom-furniture-sets-comad","10":"first","11":"instock","12":"purchasable","13":"product-type-simple"},"_links":{"self":[{"href":"https:\/\/baldumarket.lt\/lt\/wp-json\/wp\/v2\/product\/246323","targetHints":{"allow":["GET"]}}],"collection":[{"href":"https:\/\/baldumarket.lt\/lt\/wp-json\/wp\/v2\/product"}],"about":[{"href":"https:\/\/baldumarket.lt\/lt\/wp-json\/wp\/v2\/types\/product"}],"replies":[{"embeddable":true,"href":"https:\/\/baldumarket.lt\/lt\/wp-json\/wp\/v2\/comments?post=246323"}],"wp:featuredmedia":[{"embeddable":true,"href":"https:\/\/baldumarket.lt\/lt\/wp-json\/wp\/v2\/media\/246324"}],"wp:attachment":[{"href":"https:\/\/baldumarket.lt\/lt\/wp-json\/wp\/v2\/media?parent=246323"}],"wp:term":[{"taxonomy":"product_brand","embeddable":true,"href":"https:\/\/baldumarket.lt\/lt\/wp-json\/wp\/v2\/product_brand?post=246323"},{"taxonomy":"product_cat","embeddable":true,"href":"https:\/\/baldumarket.lt\/lt\/wp-json\/wp\/v2\/product_cat?post=246323"},{"taxonomy":"product_tag","embeddable":true,"href":"https:\/\/baldumarket.lt\/lt\/wp-json\/wp\/v2\/product_tag?post=246323"}],"curies":[{"name":"wp","href":"https:\/\/api.w.org\/{rel}","templated":true}]}}