{"id":246320,"date":"2026-01-02T23:19:23","date_gmt":"2026-01-02T20:19:23","guid":{"rendered":"https:\/\/baldumarket.lt\/product\/zestaw-szafka-z-umywalka-meblowa-60-cm-2-szuflady-viva-cashmere\/"},"modified":"2026-02-11T18:32:59","modified_gmt":"2026-02-11T15:32:59","slug":"zestaw-szafka-z-umywalka-meblowa-60-cm-2-szuflady-viva-cashmere","status":"publish","type":"product","link":"https:\/\/baldumarket.lt\/lt\/product\/zestaw-szafka-z-umywalka-meblowa-60-cm-2-szuflady-viva-cashmere\/","title":{"rendered":"Spintel\u0117s su praustuvu komplektas, 60 cm, 2 stal\u010diai, Viva Cashmere"},"content":{"rendered":"<p>\u201eViva Cashmere\u201c 60 cm praustuvo komplektas su 2 stal\u010diais. \u201eViva Cashmere\u201c praustuvo ir spintel\u0117s komplektas sujungia elegancij\u0105 ir funkcionalum\u0105. Trima\u010diai \u201eeglut\u0117s kaulo\u201c ra\u0161to fasadai, prabangios trij\u0173 spalv\u0173 rankenos ir \u0161velniai u\u017esidarantys stal\u010diai yra \u0161io baldo savyb\u0117s. Auk\u0161tos kokyb\u0117s med\u017eiagos garantuoja ilgaam\u017ei\u0161kum\u0105. Matmenys: Plotis (cm): 60 Gylis (cm): 40 Auk\u0161tis (cm): 57 Svoris (kg): 35 Techniniai duomenys: Komplekt\u0105 sudaro: Praustuvo spintel\u0117 su 2 stal\u010diais 60 cm \u201eViva Cashmere\u201c, keraminis praustuvas 60 cm 2060 RB Korpuso spalva: matin\u0117 ka\u0161myro spalva Priekin\u0117s spalvos: matin\u0117 ka\u0161myro spalva Ranken\u0117l\u0117s spalva: blizgi auksin\u0117, matin\u0117 juoda, blizgus chromas Korpuso med\u017eiaga: laminuota plok\u0161t\u0117 Priekin\u0117 med\u017eiaga: MDF Praustuvo med\u017eiaga: keramika Ranken\u0117l\u0117s med\u017eiaga: plastikas B\u0117geliai: \u0161velnus u\u017edarymas Praustuvas pridedamas: taip Pridedamas tvirtinimo rinkinys: taip Surinkimas: skirtas savaranki\u0161kam surinkimui Atraskite prabang\u0173 praustuvo spintel\u0117s 60 cm \u201eViva Cashmere\u201c bald\u0173 komplekt\u0105, kuris pavers j\u016bs\u0173 vonios kambar\u012f tikra elegancijos ir stiliaus oaze. Subtilus ka\u0161myro atspalvis ir trima\u010diai, frezuoti \u201esilk\u0117s kaulo\u201c ra\u0161to fasadai sukuria intriguojant\u012f akcent\u0105, suteikiant\u012f erdvei unikal\u0173 charakter\u012f. Tai ne tik baldas, bet ir tikras dekoratyvinis elementas, traukiantis ak\u012f ir suteikiantis interjerui modernumo.<\/p>\n<p>\u0160io komplekto funkcionalumas ne ma\u017eiau \u012fsp\u016bdingas. Dviejuose erdviuose stal\u010diuose yra daug vietos vonios kambario aksesuarams, tod\u0117l tvark\u0105 laikyti bus vienas malonumas. \u0160velnaus u\u017edarymo sistema u\u017etikrina komfort\u0105 kasdien naudojantis, pa\u0161alindama erzinan\u010dius garsus. Atminkite, kad kiekvieni namai nusipelno b\u016bti ne tik patog\u016bs, bet ir esteti\u0161kai patraukl\u016bs, o \u0161i spintel\u0117 puikiai sujungia \u0161iuos du aspektus.<\/p>\n<p>Pagaminta i\u0161 auk\u0161tos kokyb\u0117s med\u017eiag\u0173, toki\u0173 kaip MDF ir laminuota plok\u0161t\u0117, \u0161i spintel\u0117 yra ne tik patvari, bet ir lengvai pri\u017ei\u016brima. D\u0117l gerai apgalvoto dizaino, kurio gylis siekia 40 cm, ji idealiai tinka ma\u017eesniems vonios kambariams, kur svarbus kiekvienas centimetras. Be to, trij\u0173 spalv\u0173 ranken\u0117l\u0117s \u2013 blizgios aukso, blizgios chromo ir matin\u0117s juodos \u2013 leid\u017eia k\u016brybi\u0161kai pritaikyti spintel\u0119 pagal individualius pageidavimus.<\/p>\n<p>Kiekvienas \u0161ios spintel\u0117s elementas sukurtas galvojant apie patogum\u0105 ir gro\u017e\u012f. Suteikiama 2 met\u0173 garantija, tod\u0117l galite b\u016bti tikri, kad investuojate \u012f kokyb\u0119, kuri tarnaus ilgus metus. Komplektas pristatomas savaranki\u0161kai surenkamose pakuot\u0117se, tod\u0117l montavimas yra paprastas ir intuityvus net tiems, kurie neturi bald\u0173 gamybos patirties. \u201eViva Cashmere\u201c 60 cm spintel\u0117 su kriaukle neabejotinai yra pasirinkimas, kuris derina elegancij\u0105 ir prakti\u0161kum\u0105, puikiai atitinkant\u012f \u0161iuolaikines interjero dizaino tendencijas.<\/p>","protected":false},"excerpt":{"rendered":"<p>Plotis (cm): 60<br \/>\n\u016agis (cm): 57<br \/>\nGylis (cm): 40<\/p>","protected":false},"featured_media":246321,"comment_status":"open","ping_status":"open","template":"","meta":[],"product_brand":[],"product_cat":[9117,2015,9183],"product_tag":[],"class_list":{"0":"post-246320","1":"product","2":"type-product","3":"status-publish","4":"has-post-thumbnail","6":"product_cat-bathroom","7":"product_cat-comad","8":"product_cat-bathroom-furniture-sets-comad","10":"first","11":"instock","12":"purchasable","13":"product-type-simple"},"_links":{"self":[{"href":"https:\/\/baldumarket.lt\/lt\/wp-json\/wp\/v2\/product\/246320","targetHints":{"allow":["GET"]}}],"collection":[{"href":"https:\/\/baldumarket.lt\/lt\/wp-json\/wp\/v2\/product"}],"about":[{"href":"https:\/\/baldumarket.lt\/lt\/wp-json\/wp\/v2\/types\/product"}],"replies":[{"embeddable":true,"href":"https:\/\/baldumarket.lt\/lt\/wp-json\/wp\/v2\/comments?post=246320"}],"wp:featuredmedia":[{"embeddable":true,"href":"https:\/\/baldumarket.lt\/lt\/wp-json\/wp\/v2\/media\/246321"}],"wp:attachment":[{"href":"https:\/\/baldumarket.lt\/lt\/wp-json\/wp\/v2\/media?parent=246320"}],"wp:term":[{"taxonomy":"product_brand","embeddable":true,"href":"https:\/\/baldumarket.lt\/lt\/wp-json\/wp\/v2\/product_brand?post=246320"},{"taxonomy":"product_cat","embeddable":true,"href":"https:\/\/baldumarket.lt\/lt\/wp-json\/wp\/v2\/product_cat?post=246320"},{"taxonomy":"product_tag","embeddable":true,"href":"https:\/\/baldumarket.lt\/lt\/wp-json\/wp\/v2\/product_tag?post=246320"}],"curies":[{"name":"wp","href":"https:\/\/api.w.org\/{rel}","templated":true}]}}