{"id":246316,"date":"2026-01-02T23:19:21","date_gmt":"2026-01-02T20:19:21","guid":{"rendered":"https:\/\/baldumarket.lt\/product\/zestaw-szafka-z-umywalka-meblowa-60-cm-2-szuflady-talia-casella-czarny-mat\/"},"modified":"2026-02-11T18:32:59","modified_gmt":"2026-02-11T15:32:59","slug":"zestaw-szafka-z-umywalka-meblowa-60-cm-2-szuflady-talia-casella-czarny-mat","status":"publish","type":"product","link":"https:\/\/baldumarket.lt\/lt\/product\/zestaw-szafka-z-umywalka-meblowa-60-cm-2-szuflady-talia-casella-czarny-mat\/","title":{"rendered":"Praustuvo spintel\u0117s bald\u0173 komplektas 60 cm, 2 stal\u010diai, Talia Casella, juodas matinis"},"content":{"rendered":"<p>Talia Casella 60 cm kriaukl\u0117s spintel\u0117 su 2 stal\u010diais, matin\u0117s juodos spalvos. Talia Casella 60 cm kriaukl\u0117s spintel\u0117 derina klasikin\u0119 elegancij\u0105 su moderniu stiliumi. Matin\u0117s juodos ir Casella \u0105\u017euolo spalvos apdailos suteiks harmonijos j\u016bs\u0173 vonios kambariui. Du erdv\u016bs stal\u010diai su \u0161velniu u\u017edarymu \u2013 puiki vieta aksesuarams. Matmenys: Plotis (cm): 60 Gylis (cm): 46 Auk\u0161tis (cm): 50 Svoris (kg): 27,5 Techniniai duomenys: Komplekt\u0105 sudaro: Praustuvo spintel\u0117 60 cm 2 stal\u010diai Talia Casella, keraminiai baldai Praustuvas 60 cm SKY 1 BLACK MATT 60 E-8099-60 Matt Black Korpuso spalva: Matin\u0117 juoda Priekin\u0117s dalies spalva: Casella \u0105\u017euolas Ranken\u0117l\u0117s spalva: Pakuot\u0117 \u2013 Aukso blizgi, Juoda matin\u0117, Chromo blizgi Praustuvo spalva: Matin\u0117 juoda Korpuso med\u017eiaga: Laminuota plok\u0161t\u0117 Priekin\u0117 dalis: MDF plok\u0161t\u0117 Ranken\u0117l\u0117s med\u017eiaga: Plastikas Praustuvo med\u017eiaga: Keramika Pridedama praustuvas: Taip B\u0117geliai: Tylus u\u017eraktas Pridedamas surinkimo rinkinys: Taip Surinkimas: Savaranki\u0161kas surinkimas. Atraskite unikal\u0173 \u201eTalia Casella\u201c 60 cm praustuvo spinteli\u0173 komplekt\u0105, kuris j\u016bs\u0173 vonios kambariui suteiks harmonijos ir elegancijos. \u0160is komplektas, sukurtas derinant klasikin\u0119 estetik\u0105 su moderniu stiliumi, yra puikus sprendimas tiems, kurie vertina ir i\u0161vaizd\u0105, ir funkcionalum\u0105. Pasi\u017eyminti gra\u017eia \u201eCasella Oak\u201c apdaila ir sodriu, matin\u0117s juodos spalvos korpusu, spintel\u0117 tampa ne tik prakti\u0161ku, bet ir dekoratyviniu elementu j\u016bs\u0173 interjere, suteikian\u010diu \u0161ilumos ir jaukumo.<\/p>\n<p>D\u0117l dviej\u0173 erdvi\u0173 stal\u010di\u0173 komplektas puikiai tinka laikyti ma\u017eus vonios kambario aksesuarus. J\u0173 apgalvotas gylis leid\u017eia lengvai susid\u0117ti visus b\u016btiniausius daiktus, o tai \u017eymiai padidina kasdienio naudojimo patogum\u0105. Be to, 50 cm auk\u0161tis suteikia spintelei lengvumo, tod\u0117l vonios kambarys atrodo erdvesnis nei standartiniai modeliai. \u0160velnaus u\u017edarymo stal\u010di\u0173 sistema dar labiau padidina naudojimo patogum\u0105, nes pa\u0161alina triuk\u0161m\u0105 u\u017edarant baldus.<\/p>\n<p>\u201eTalia Casella\u201c kolekcija pasi\u017eymi ne tik gra\u017eiomis formomis, bet ir d\u0117mesiu detal\u0117ms. Baldai pagaminti i\u0161 tvirt\u0173 med\u017eiag\u0173, toki\u0173 kaip MDF ir laminuota plok\u0161t\u0117, u\u017etikrinan\u010di\u0173 patvarum\u0105 ir esteti\u0161k\u0105 i\u0161vaizd\u0105 ilgus metus. Be to, galimyb\u0117 suasmeninti praustuv\u0173 spinteles trij\u0173 spalv\u0173 ranken\u0117l\u0117mis \u2013 blizgios aukso, blizgios chromo ir matin\u0117s juodos \u2013 leid\u017eia pritaikyti baldus pagal individualius pageidavimus. J\u016bs\u0173 stilius, j\u016bs\u0173 vonios kambarys!<\/p>\n<p>Paprastas bald\u0173 dizainas leid\u017eia juos surinkti intuityviai ir nereikalauja speciali\u0173 \u017eini\u0173. Komplektas pristatomas savaranki\u0161kai surenkamose pakuot\u0117se, o 2 met\u0173 garantija u\u017etikrina pasitenkinim\u0105 ir ilgaam\u017ei\u0161kum\u0105. Be to, lenki\u0161ka, FSC sertifikuota gamyba rodo aplinkosaugin\u0119 atsakomyb\u0119 ir produkto kokyb\u0119. Pasirinkdami \u201eTalia Casella\u201c, investuojate \u012f elegancij\u0105, funkcionalum\u0105 ir tvarum\u0105.<\/p>\n<p>Daugiau nelaukite \u2013 investuokite \u012f komplekt\u0105, kuris pavers j\u016bs\u0173 vonios kambar\u012f komforto ir stiliaus oaze. \u201eTalia Casella\u201c praustuvo spintel\u0117 \u2013 puikus pasirinkimas visiems, norintiems savo interjero dizaine derinti modernum\u0105 su klasikiniu gro\u017eiu.<\/p>","protected":false},"excerpt":{"rendered":"<p>Plotis (cm): 60<br \/>\n\u016agis (cm): 50<br \/>\nGylis (cm): 46<\/p>","protected":false},"featured_media":246317,"comment_status":"open","ping_status":"open","template":"","meta":[],"product_brand":[],"product_cat":[9117,2015,9183],"product_tag":[],"class_list":{"0":"post-246316","1":"product","2":"type-product","3":"status-publish","4":"has-post-thumbnail","6":"product_cat-bathroom","7":"product_cat-comad","8":"product_cat-bathroom-furniture-sets-comad","10":"first","11":"instock","12":"purchasable","13":"product-type-simple"},"_links":{"self":[{"href":"https:\/\/baldumarket.lt\/lt\/wp-json\/wp\/v2\/product\/246316","targetHints":{"allow":["GET"]}}],"collection":[{"href":"https:\/\/baldumarket.lt\/lt\/wp-json\/wp\/v2\/product"}],"about":[{"href":"https:\/\/baldumarket.lt\/lt\/wp-json\/wp\/v2\/types\/product"}],"replies":[{"embeddable":true,"href":"https:\/\/baldumarket.lt\/lt\/wp-json\/wp\/v2\/comments?post=246316"}],"wp:featuredmedia":[{"embeddable":true,"href":"https:\/\/baldumarket.lt\/lt\/wp-json\/wp\/v2\/media\/246317"}],"wp:attachment":[{"href":"https:\/\/baldumarket.lt\/lt\/wp-json\/wp\/v2\/media?parent=246316"}],"wp:term":[{"taxonomy":"product_brand","embeddable":true,"href":"https:\/\/baldumarket.lt\/lt\/wp-json\/wp\/v2\/product_brand?post=246316"},{"taxonomy":"product_cat","embeddable":true,"href":"https:\/\/baldumarket.lt\/lt\/wp-json\/wp\/v2\/product_cat?post=246316"},{"taxonomy":"product_tag","embeddable":true,"href":"https:\/\/baldumarket.lt\/lt\/wp-json\/wp\/v2\/product_tag?post=246316"}],"curies":[{"name":"wp","href":"https:\/\/api.w.org\/{rel}","templated":true}]}}