{"id":246311,"date":"2026-01-02T23:19:18","date_gmt":"2026-01-02T20:19:18","guid":{"rendered":"https:\/\/baldumarket.lt\/product\/zestaw-szafka-z-umywalka-meblowa-60-cm-2-szuflady-talia-casella\/"},"modified":"2026-02-11T18:32:59","modified_gmt":"2026-02-11T15:32:59","slug":"zestaw-szafka-z-umywalka-meblowa-60-cm-2-szuflady-talia-casella","status":"publish","type":"product","link":"https:\/\/baldumarket.lt\/lt\/product\/zestaw-szafka-z-umywalka-meblowa-60-cm-2-szuflady-talia-casella\/","title":{"rendered":"Praustuvo spintel\u0117s bald\u0173 komplektas 60 cm, 2 stal\u010diai, Talia Casella"},"content":{"rendered":"<p>Talia Casella 60 cm praustuvo spintel\u0117 su 2 stal\u010diais. Eleganti\u0161ka Talia Casella 50 cm spintel\u0117 su matin\u0117s juodos spalvos ir gra\u017eios Casella \u0105\u017euolo apdailos deriniu. Du erdv\u016bs stal\u010diai su \u0161velnaus u\u017edarymo sistema u\u017etikrina patog\u0173 naudojim\u0105. Galimyb\u0117 suasmeninti ranken\u0117les \u2013 papildomas privalumas! Matmenys: Plotis (cm): 60 Gylis (cm): 46 Auk\u0161tis (cm): 50 Svoris (kg): 29 Techniniai duomenys: Komplekt\u0105 sudaro: Praustuvo spintel\u0117 60 cm 2 stal\u010diai Talia Casella, SKY 60 \u2013 Baldinis praustuvas 61 cm keraminis Korpuso spalva: Matin\u0117 juoda Priekin\u0117s spalvos: Casella \u0105\u017euolas Ranken\u0117l\u0117s spalva: Pakuot\u0117 \u2013 Blizgios auksin\u0117s, matin\u0117s juodos, blizgaus chromo Praustuvo spalva: Blizgi balta Korpuso med\u017eiaga: laminuota plok\u0161t\u0117 Priekin\u0117 med\u017eiaga: MDF plok\u0161t\u0117 Ranken\u0117l\u0117s med\u017eiaga: Plastikas Praustuvo med\u017eiaga: keramika Pridedama praustuvas: Taip B\u0117geliai: \u0160velnus u\u017edarymas Pridedama tvirtinimo pakuot\u0117: Taip Surinkimas: Savaranki\u0161kam surinkimui Praustuvo spintel\u0117s komplektas 60 cm spintel\u0117 \u2013 tai puikus elegancijos ir modernumo derinys, suteikiantis j\u016bs\u0173 vonios kambariui unikal\u0173 charakter\u012f. \u201eTalia Casella\u201c kolekcijos praustuvo spintel\u0117 \u017eavi savo estetika ir d\u0117mesiu detal\u0117ms. Unikalios priekin\u0117s dalys su subtiliu, frezuotu r\u0117mu traukia ak\u012f, o \u201eCasella Oak\u201c apdaila puikiai perteikia nat\u016bral\u0173 med\u017eio gro\u017e\u012f, suteikdama interjerui \u0161ilumos ir harmonijos. Gilus, matin\u0117s juodos spalvos korpusas suteikia visam komplektui modern\u0173 ir i\u0161skirtin\u012f stili\u0173.<\/p>\n<p>Komplekto funkcionalumas toks pat \u012fsp\u016bdingas, kaip ir jo gro\u017eis. Du erdv\u016bs stal\u010diai su \u0161velnaus u\u017edarymo sistema \u2013 puikus sprendimas vonios kambario aksesuarams laikyti, padedantis palaikyti tvark\u0105 erdv\u0117je. 50 cm auk\u0161\u010dio spintel\u0117 suteikia vonios kambariui lengvumo ir erdv\u0117s poj\u016bt\u012f. Estetinis papildymas prakti\u0161kumu \u2013 tai raktas \u012f tobulo interjero k\u016brim\u0105.<\/p>\n<p>Taip pat verta pamin\u0117ti, kad kolekcija si\u016blo pritaikymo galimybes. Komplekte yra trij\u0173 eleganti\u0161k\u0173 spalv\u0173 ranken\u0117l\u0117s: blizgios auksin\u0117s, matin\u0117s juodos ir blizgaus chromo, tod\u0117l galite pritaikyti baldus pagal savo individualius pageidavimus. \u0160ios detal\u0117s suteikia kiekvienam vonios kambariui asmenin\u012f akcent\u0105, atspindint\u012f j\u016bs\u0173 stili\u0173. Baldai yra ne tik esteti\u0161ki, bet ir patvar\u016bs, pagaminti i\u0161 auk\u0161tos kokyb\u0117s MDF ir laminat\u0173, u\u017etikrinan\u010di\u0173 ilgaam\u017ei\u0161kum\u0105.<\/p>\n<p>Komplekto dizainas sukurtas taip, kad b\u016bt\u0173 lengva surinkti \u2013 komplekte yra surinkimo rinkinys, kad surinkti b\u016bt\u0173 lengva net ir nepatyrusiems vartotojams. Be to, kolekcijai suteikiama 2 met\u0173 garantija, u\u017etikrinanti, kad pasirinkote teisingai. Jei norite susikurti savo svajoni\u0173 vonios kambar\u012f, \u201eTalia Casella\u201c komplektas tikrai pateisins j\u016bs\u0173 l\u016bkes\u010dius ir taps dekoratyviniu elementu j\u016bs\u0173 namuose.<\/p>","protected":false},"excerpt":{"rendered":"<p>Plotis (cm): 60<br \/>\n\u016agis (cm): 50<br \/>\nGylis (cm): 46<\/p>","protected":false},"featured_media":246312,"comment_status":"open","ping_status":"open","template":"","meta":[],"product_brand":[],"product_cat":[9117,2015,9183],"product_tag":[],"class_list":{"0":"post-246311","1":"product","2":"type-product","3":"status-publish","4":"has-post-thumbnail","6":"product_cat-bathroom","7":"product_cat-comad","8":"product_cat-bathroom-furniture-sets-comad","10":"first","11":"instock","12":"purchasable","13":"product-type-simple"},"_links":{"self":[{"href":"https:\/\/baldumarket.lt\/lt\/wp-json\/wp\/v2\/product\/246311","targetHints":{"allow":["GET"]}}],"collection":[{"href":"https:\/\/baldumarket.lt\/lt\/wp-json\/wp\/v2\/product"}],"about":[{"href":"https:\/\/baldumarket.lt\/lt\/wp-json\/wp\/v2\/types\/product"}],"replies":[{"embeddable":true,"href":"https:\/\/baldumarket.lt\/lt\/wp-json\/wp\/v2\/comments?post=246311"}],"wp:featuredmedia":[{"embeddable":true,"href":"https:\/\/baldumarket.lt\/lt\/wp-json\/wp\/v2\/media\/246312"}],"wp:attachment":[{"href":"https:\/\/baldumarket.lt\/lt\/wp-json\/wp\/v2\/media?parent=246311"}],"wp:term":[{"taxonomy":"product_brand","embeddable":true,"href":"https:\/\/baldumarket.lt\/lt\/wp-json\/wp\/v2\/product_brand?post=246311"},{"taxonomy":"product_cat","embeddable":true,"href":"https:\/\/baldumarket.lt\/lt\/wp-json\/wp\/v2\/product_cat?post=246311"},{"taxonomy":"product_tag","embeddable":true,"href":"https:\/\/baldumarket.lt\/lt\/wp-json\/wp\/v2\/product_tag?post=246311"}],"curies":[{"name":"wp","href":"https:\/\/api.w.org\/{rel}","templated":true}]}}