{"id":246307,"date":"2026-01-02T23:19:17","date_gmt":"2026-01-02T20:19:17","guid":{"rendered":"https:\/\/baldumarket.lt\/product\/zestaw-szafka-z-umywalka-meblowa-60-cm-2-szuflady-nordic-cremona\/"},"modified":"2026-02-11T18:32:59","modified_gmt":"2026-02-11T15:32:59","slug":"zestaw-szafka-z-umywalka-meblowa-60-cm-2-szuflady-nordic-cremona","status":"publish","type":"product","link":"https:\/\/baldumarket.lt\/lt\/product\/zestaw-szafka-z-umywalka-meblowa-60-cm-2-szuflady-nordic-cremona\/","title":{"rendered":"Spintel\u0117s su praustuvu komplektas, 60 cm, 2 stal\u010diai, \u201eNordic Cremona\u201c"},"content":{"rendered":"<p>\u201eNordic Cremona\u201c 60 cm praustuvo komplektas su 2 stal\u010diais\u201eNordic Cremona\u201c 60 cm praustuvo komplektas \u2013 tai modernumo ir elegancijos derinys. \u0160i dviej\u0173 stal\u010di\u0173 spintel\u0117, padengta \u201eCremona Oak\u201c spalva, pasi\u017eymi funkcionalumu ir \u0161velnaus u\u017edarymo stal\u010diais. Komplekte yra baltai blizgios keramikos praustuvas. Matmenys: Plotis (cm): 60 Gylis (cm): 46 Auk\u0161tis (cm): 57 Techniniai duomenys: Komplekt\u0105 sudaro: Praustuvo spintel\u0117 60 cm su 2 stal\u010diais \u201eNordic Cremona\u201c, SKY 60 \u2013 Baldinis praustuvas 61 cm, keramika Korpuso spalva: \u201eCremona Oak\u201c Priekin\u0117s spalvos: \u201eCremona Oak\u201c Praustuvo spalva: B\u0117gel\u0117 balta Korpuso med\u017eiaga: laminuota plok\u0161t\u0117 Priekin\u0117 med\u017eiaga: MDF plok\u0161t\u0117 Praustuvo med\u017eiaga: keramika B\u0117geliai: \u0160velnaus u\u017edarymo sistema Priekin\u0117 dalis: Taip Pridedama tvirtinimo pakuot\u0117: Taip Surinkimas: Skirta savaranki\u0161kam surinkimui Spintel\u0117 su baldiniu praustuvo komplektu 60 cm yra ne tik funkcionalus sprendimas j\u016bs\u0173 vonios kambariui, bet ir b\u016bdas suteikti interjerui elegancijos bei stiliaus. \u012ekv\u0117ptas skandinavi\u0161ko dizaino, jis derina modernum\u0105 su subtiliu \u017eavesiu, sukurdamas harmoning\u0105 visum\u0105. Kremonos \u0105\u017euolo spalva ant bald\u0173 korpuso ir fasad\u0173 suteikia \u0161ilumos, o subtil\u016bs grioveliai fasaduose \u2013 lengvumo ir klas\u0117s. Tai idealus pasirinkimas visiems, norintiems \u012frengti vonios kambar\u012f minimalistiniu, ta\u010diau jaukiu stiliumi.<\/p>\n<p>Komplekto funkcionalumas patrauklus tiems, kurie vertina tvark\u0105 ir prakti\u0161kum\u0105. Du erdv\u016bs stal\u010diai suteikia daug vietos vonios kambario aksesuarams, labai supaprastindami erdv\u0117s organizavim\u0105. D\u0117l \u0161velnaus u\u017edarymo sistemos naudotis baldais tampa ne tik patogu, bet ir saugu. Galite b\u016bti tikri, kad kiekviena \u0161io komplekto detal\u0117 buvo kruop\u0161\u010diai apgalvota, kad kasdienis vonios kambario naudojimas b\u016bt\u0173 malonus.<\/p>\n<p>Bald\u0173 ilgaam\u017ei\u0161kumui ir ilgaam\u017ei\u0161kumui \u012ftakos turi ne tik estetika, bet ir gamyboje naudojam\u0173 med\u017eiag\u0173 kokyb\u0117. Laminuota plok\u0161t\u0117 ir MDF u\u017etikrina ne tik eleganti\u0161k\u0105 i\u0161vaizd\u0105, bet ir atsparum\u0105 pa\u017eeidimams. Lenki\u0161ka gamyba, paremta FSC sertifikuotomis \u017ealiavomis, garantuoja ne tik ekologi\u0161kum\u0105, bet ir auk\u0161tus gamybos standartus. Kiekvienas elementas kruop\u0161\u010diai projektuojamas atsi\u017evelgiant \u012f j\u016bs\u0173 pasitenkinim\u0105.<\/p>\n<p>Komplektas pristatomas savaranki\u0161kai surenkamose pakuot\u0117se. Intuityvus dizainas rei\u0161kia, kad montavimui nereikia speciali\u0173 \u017eini\u0173 \u2013 kiekvienas gali lengvai pasir\u016bpinti savo erdve ir tapti savo interjero k\u016br\u0117ju. Palepinkite save prabangos prisilietimu kasdieniame gyvenime ir m\u0117gaukit\u0117s 60 cm praustuvo ir kriaukl\u0117s komplekto si\u016blomu gro\u017eiu. \u012ekv\u0117pkite skandinavi\u0161ko stiliaus ir susikurkite vonios kambar\u012f, kuris b\u016bt\u0173 ne tik funkcionalus, bet ir esteti\u0161kai patrauklus.<\/p>","protected":false},"excerpt":{"rendered":"<p>Plotis (cm): 60<br \/>\n\u016agis (cm): 57<br \/>\nGylis (cm): 46<\/p>","protected":false},"featured_media":246308,"comment_status":"open","ping_status":"open","template":"","meta":[],"product_brand":[],"product_cat":[9117,2015,9183],"product_tag":[],"class_list":{"0":"post-246307","1":"product","2":"type-product","3":"status-publish","4":"has-post-thumbnail","6":"product_cat-bathroom","7":"product_cat-comad","8":"product_cat-bathroom-furniture-sets-comad","10":"first","11":"instock","12":"purchasable","13":"product-type-simple"},"_links":{"self":[{"href":"https:\/\/baldumarket.lt\/lt\/wp-json\/wp\/v2\/product\/246307","targetHints":{"allow":["GET"]}}],"collection":[{"href":"https:\/\/baldumarket.lt\/lt\/wp-json\/wp\/v2\/product"}],"about":[{"href":"https:\/\/baldumarket.lt\/lt\/wp-json\/wp\/v2\/types\/product"}],"replies":[{"embeddable":true,"href":"https:\/\/baldumarket.lt\/lt\/wp-json\/wp\/v2\/comments?post=246307"}],"wp:featuredmedia":[{"embeddable":true,"href":"https:\/\/baldumarket.lt\/lt\/wp-json\/wp\/v2\/media\/246308"}],"wp:attachment":[{"href":"https:\/\/baldumarket.lt\/lt\/wp-json\/wp\/v2\/media?parent=246307"}],"wp:term":[{"taxonomy":"product_brand","embeddable":true,"href":"https:\/\/baldumarket.lt\/lt\/wp-json\/wp\/v2\/product_brand?post=246307"},{"taxonomy":"product_cat","embeddable":true,"href":"https:\/\/baldumarket.lt\/lt\/wp-json\/wp\/v2\/product_cat?post=246307"},{"taxonomy":"product_tag","embeddable":true,"href":"https:\/\/baldumarket.lt\/lt\/wp-json\/wp\/v2\/product_tag?post=246307"}],"curies":[{"name":"wp","href":"https:\/\/api.w.org\/{rel}","templated":true}]}}