{"id":246299,"date":"2026-01-02T23:19:13","date_gmt":"2026-01-02T20:19:13","guid":{"rendered":"https:\/\/baldumarket.lt\/product\/zestaw-szafka-z-umywalka-meblowa-50-cm-nova-oak-dab-cost-evoke-bialy-polysk\/"},"modified":"2026-02-11T18:32:59","modified_gmt":"2026-02-11T15:32:59","slug":"zestaw-szafka-z-umywalka-meblowa-50-cm-nova-oak-dab-cost-evoke-bialy-polysk","status":"publish","type":"product","link":"https:\/\/baldumarket.lt\/lt\/product\/zestaw-szafka-z-umywalka-meblowa-50-cm-nova-oak-dab-cost-evoke-bialy-polysk\/","title":{"rendered":"Praustuvo spintel\u0117s bald\u0173 komplektas, 50 cm, Nova Oak, Cost Evoke, balta, blizgi"},"content":{"rendered":"<p>\u201eNova Oak\u201c 50 cm spintel\u0117 su praustuvu, blizgios baltos spalvos \u201eCost Evoke\u201c. \u201eComad Nova Oak\u201c 50 cm spintel\u0117 su praustuvu \u2013 tai tobulas stiliaus ir funkcionalumo derinys. Pagaminta i\u0161 laminuotos \u201eCost Evoke\u201c \u0105\u017euolo plok\u0161t\u0117s, ji turi du prakti\u0161kus stal\u010dius. Lygi konstrukcija ir chromuotos ranken\u0117l\u0117s suteikia elegancijos. Matmenys: Plotis (cm): 50 Gylis (cm): 39 Auk\u0161tis (cm): 57 Svoris (kg): 18 Techniniai duomenys: Spalva: \u201eCost Evoke Oak\u201c Korpuso med\u017eiaga: Laminuota plok\u0161t\u0117 Korpuso spalva: \u201eCost Evoke Oak\u201c Priekini\u0173 dali\u0173 med\u017eiaga: Laminuota plok\u0161t\u0117 Priekini\u0173 dali\u0173 spalva: \u201eCoast Evoke Oak\u201c Priekiniai fasadai Konstrukcija: Lygi Reikalingas surinkimas: Taip Tvirtinimo kai\u0161\u010diai pridedami: Taip \u012etraukta Tvirtinimo rinkinys \u012ftrauktas: Taip Montavimo viduje b\u016bdas: Kabinamiems prie sienos Stal\u010di\u0173 skai\u010dius: 2 Stal\u010diai 1 stal\u010diaus konstrukcija: Tvirtas dugnas su i\u0161pjova galin\u0117je juostel\u0117je \u2013 Rekomenduojama montuoti \u017eem\u0105 sienin\u012f sifon\u0105 \u2013 Sifonas ne\u012ftrauktas 1 stal\u010diaus prailginimas: 3\/4 prailginimo 2 stal\u010diaus prailginimai: Pilno i\u0161traukimo, Vir\u0161utinio stal\u010diaus organizatorius: Ne, 1 stal\u010dius, Maksimali talpa: 3, Rankenos: Tvirtinamos prie kra\u0161to, Ranken\u0173 med\u017eiaga: Aliuminis, Ranken\u0173 spalva: Blizgus chromas. Susipa\u017einkite su nuostabia \u201eNova Oak\u201c praustuvo spintele, kuri suteiks j\u016bs\u0173 vonios kambariui modernumo. 50 cm plo\u010dio, 39 cm gylio ir 57 cm auk\u0161\u010dio, ji puikiai tinka ma\u017eesn\u0117ms erdv\u0117ms, si\u016blydama ir funkcionalum\u0105, ir stili\u0173. \u201eCost Evoke Oak\u201c spalva ne tik suteikia nat\u016bralaus \u017eavesio, bet ir dera prie \u012fvairi\u0173 interjero dizaino stili\u0173 \u2013 nuo klasikinio iki modernaus minimalizmo.<\/p>\n<p>\u201eNova Oak\u201c spintel\u0117s pasi\u017eymi lygiu pavir\u0161iaus tekst\u016bra, suteikian\u010dia joms eleganti\u0161k\u0105 ir \u0161vari\u0105 i\u0161vaizd\u0105. Pagamintos i\u0161 auk\u0161tos kokyb\u0117s laminuotos plok\u0161t\u0117s, jos yra ne tik esteti\u0161kai patrauklios, bet ir patvarios, u\u017etikrinan\u010dios ilgus metus patraukli\u0105 i\u0161vaizd\u0105 ir reikalaujan\u010dios minimalios prie\u017ei\u016bros. Komplekte yra viskas, ko reikia lengvam surinkimui, tod\u0117l jos yra idealus sprendimas net ir tiems, kurie neturi renovacijos patirties.<\/p>\n<p>\u0160ios spintel\u0117s funkcionalumas neatsiejamas nuo estetikos. Ji turi du stal\u010dius, vien\u0105 su pilnu i\u0161traukimu, o kit\u0105 su 3\/4 i\u0161traukimu, tod\u0117l puikiai tinka kosmetikai ir kitiems vonios kambario aksesuarams laikyti. Platus stal\u010di\u0173 angos leid\u017eia patogiai pasiekti vid\u0173, tod\u0117l kasdienis naudojimas yra daug paprastesnis. Sutvarkyti savo erdv\u0119 dar niekada nebuvo taip paprasta!<\/p>\n<p>Nepamir\u0161kime ir detali\u0173 \u2013 chromuotos rankenos ne tik pabr\u0117\u017eia modern\u0173 \u0161io baldo dizain\u0105, bet ir u\u017etikrina patog\u0173 su\u0117mim\u0105. Spintel\u0117 buvo sukurta montuoti prie sienos, tod\u0117l ji lengvesn\u0117 ir taupo verting\u0105 grind\u0173 plot\u0105. Tai taip pat leid\u017eia lengviau valyti ir efektyviau i\u0161naudoti vonios kambario erdv\u0119.<\/p>\n<p>\u201eNova Oak\u201c praustuvo spintel\u0117 \u2013 tai tobulas stiliaus, komforto ir funkcionalumo derinys. Papuo\u0161kite savo vonios kambar\u012f \u0161iuo unikaliu baldu, kuris ne tik suteiks vizualin\u0117s harmonijos, bet ir patenkins visus j\u016bs\u0173 praktinius poreikius. \u012esitikinkite patys, kiek daug gali pasiekti gerai suprojektuotas baldas!<\/p>","protected":false},"excerpt":{"rendered":"<p>Plotis (cm): 50<br \/>\nGylis (cm): 39<br \/>\n\u016agis (cm): 57<\/p>","protected":false},"featured_media":246300,"comment_status":"open","ping_status":"open","template":"","meta":[],"product_brand":[],"product_cat":[9117,2015,9183],"product_tag":[],"class_list":{"0":"post-246299","1":"product","2":"type-product","3":"status-publish","4":"has-post-thumbnail","6":"product_cat-bathroom","7":"product_cat-comad","8":"product_cat-bathroom-furniture-sets-comad","10":"first","11":"instock","12":"purchasable","13":"product-type-simple"},"_links":{"self":[{"href":"https:\/\/baldumarket.lt\/lt\/wp-json\/wp\/v2\/product\/246299","targetHints":{"allow":["GET"]}}],"collection":[{"href":"https:\/\/baldumarket.lt\/lt\/wp-json\/wp\/v2\/product"}],"about":[{"href":"https:\/\/baldumarket.lt\/lt\/wp-json\/wp\/v2\/types\/product"}],"replies":[{"embeddable":true,"href":"https:\/\/baldumarket.lt\/lt\/wp-json\/wp\/v2\/comments?post=246299"}],"wp:featuredmedia":[{"embeddable":true,"href":"https:\/\/baldumarket.lt\/lt\/wp-json\/wp\/v2\/media\/246300"}],"wp:attachment":[{"href":"https:\/\/baldumarket.lt\/lt\/wp-json\/wp\/v2\/media?parent=246299"}],"wp:term":[{"taxonomy":"product_brand","embeddable":true,"href":"https:\/\/baldumarket.lt\/lt\/wp-json\/wp\/v2\/product_brand?post=246299"},{"taxonomy":"product_cat","embeddable":true,"href":"https:\/\/baldumarket.lt\/lt\/wp-json\/wp\/v2\/product_cat?post=246299"},{"taxonomy":"product_tag","embeddable":true,"href":"https:\/\/baldumarket.lt\/lt\/wp-json\/wp\/v2\/product_tag?post=246299"}],"curies":[{"name":"wp","href":"https:\/\/api.w.org\/{rel}","templated":true}]}}