{"id":246295,"date":"2026-01-02T23:19:11","date_gmt":"2026-01-02T20:19:11","guid":{"rendered":"https:\/\/baldumarket.lt\/product\/zestaw-szafka-z-umywalka-meblowa-120-cm-i-slupek-wysoki-dalia-cashmere\/"},"modified":"2026-02-11T18:33:00","modified_gmt":"2026-02-11T15:33:00","slug":"zestaw-szafka-z-umywalka-meblowa-120-cm-i-slupek-wysoki-dalia-cashmere","status":"publish","type":"product","link":"https:\/\/baldumarket.lt\/lt\/product\/zestaw-szafka-z-umywalka-meblowa-120-cm-i-slupek-wysoki-dalia-cashmere\/","title":{"rendered":"120 cm praustuvo spintel\u0117s ir auk\u0161tos kolonos \u201eDalia Cashmere\u201c komplektas"},"content":{"rendered":"<p>Dalia Cashmere 120 cm praustuvo spintel\u0117 su kriaukle ir auk\u0161ta kolona. Dalia Cashmere 120 cm praustuvo spintel\u0117 su kriaukle pasi\u017eymi minimalistiniu stiliumi ir ka\u0161myro apdaila. Auksin\u0117s, juodos ir chromuotos ranken\u0117l\u0117s leid\u017eia pritaikyti dizain\u0105 pagal individualius poreikius. \u0160velnus u\u017edarymas ir patvari laminuota plok\u0161t\u0117 padidina komfort\u0105 ir estetik\u0105. Matmenys: Plotis (cm): 120 Gylis (cm): 46 Auk\u0161tis (cm): 50 Techniniai duomenys: Komplekt\u0105 sudaro: Vonios kambario kolon\u0117l\u0117 80 cm Dalia Cashmere, dvigubas keraminis praustuvas LAVA 120\/8003 120 cm, 2S praustuvo spintel\u0117 60 cm Dalia Cashmere Korpuso spalva: matin\u0117 ka\u0161myro spalva Priekin\u0117 spalva: matin\u0117 ka\u0161myro spalva Ranken\u0117l\u0117s spalva: blizgi auksin\u0117, matin\u0117 juoda, blizgus chromas Korpuso med\u017eiaga: laminuota plok\u0161t\u0117 Priekin\u0117 med\u017eiaga: laminuota plok\u0161t\u0117 Ranken\u0117l\u0117s med\u017eiaga: plastikas Praustuvo med\u017eiaga: keramika Pridedama praustuvo: taip Stal\u010di\u0173 b\u0117geliai: \u0161velnus u\u017edarymas Vyriai: \u0161velnus u\u017edarymas Komplektas Tvirtinamas prie sienos: \u012ftraukta. Surinkimas: savaranki\u0161kas surinkimas. Stilinga \u201eComad\u201c vonios kambario kolekcija \u201eDalia Cashmere\u201c sujungia elegancij\u0105 ir funkcionalum\u0105 viename komplekte. 120 cm plo\u010dio praustuvo spintel\u0117 ir auk\u0161ta kolon\u0117l\u0117 yra minimalistinio dizaino kvintesencija, kur lyg\u016bs fasadai ir subtili ka\u0161myro spalva sukuria jauki\u0105 ir moderni\u0105 atmosfer\u0105 bet kuriame vonios kambaryje. Komplektas \u017eavi savo subtilumu, o auksin\u0117s, chromuotos ir matin\u0117s juodos spalvos ranken\u0117l\u0117s suteikia asmenin\u012f akcent\u0105 ir leid\u017eia pritaikyti j\u012f pagal savo skon\u012f.<\/p>\n<p>Dvigubas keraminis praustuvas LAVA si\u016blo i\u0161skirtin\u012f komfort\u0105 ir yra viso komplekto pagrindinis elementas, puikiai papildantis lengv\u0105, ergonomi\u0161ko dizaino praustuvo spintel\u0119 su dviem erdviais stal\u010diais. D\u0117l \u0161velnaus u\u017edarymo sistemos, u\u017etikrinan\u010dios diskreti\u0161k\u0105 valdym\u0105, kasdienis naudojimas yra ne\u012ftik\u0117tinai patogus, o gele\u017ein\u0117 konstrukcija, pagaminta i\u0161 laminuotos plok\u0161t\u0117s, u\u017etikrina patvarum\u0105 ir atsparum\u0105 pa\u017eeidimams.<\/p>\n<p>Auk\u0161ta spintel\u0117 su trimis lentynomis puikiai papildo komplekt\u0105, suteikdama papildomos vietos \u012fvairiems vonios kambario aksesuarams. Gerai apgalvotas dizainas leid\u017eia lanks\u010diai i\u0161d\u0117styti baldus \u2013 galite juos pastatyti atskirai arba derinti su kitais \u201eDalia Cashmere\u201c kolekcijos elementais, taip sukurdami unikalius sprendimus savo vonios kambaryje. Ry\u0161ki ka\u0161myro apdaila suteikia j\u016bs\u0173 interjerui jaukumo ir elegancijos, paversdama kasdienius ritualus tikru malonumu.<\/p>\n<p>\u201eComad\u201c bald\u0173 surinkimas yra paprastas ir intuityvus, nereikalaujantis joki\u0173 speciali\u0173 \u017eini\u0173. Kiekviena detal\u0117 yra tiksliai i\u0161pjauta ir puikiai sumontuota, u\u017etikrinant stabilum\u0105 ir esteti\u0161k\u0105 i\u0161vaizd\u0105. Visas komplektas yra skirtas savaranki\u0161kam surinkimui, tod\u0117l j\u012f galima greitai ir be vargo sumontuoti, nereikia i\u0161or\u0117s specialist\u0173.<\/p>\n<p>Jei ie\u0161kote eleganti\u0161k\u0173, bet kartu ir ergonomi\u0161k\u0173 sprendim\u0173, savo vonios kambariui rinkit\u0117s \u201eDalia Cashmere\u201c kolekcij\u0105. Subtilus ka\u0161myras, minimalistinis dizainas ir prakti\u0161ki kasdieniai elementai garantuoja ne tik estetik\u0105, bet ir komfort\u0105, kuriuo m\u0117gausit\u0117s kiekvien\u0105 dien\u0105. Paruo\u0161kite savo erdv\u0119 \u0161io unikalaus vonios kambario bald\u0173 komplekto teikiamai elegancijai ir funkcionalumui.<\/p>","protected":false},"excerpt":{"rendered":"<p>Plotis (cm): 120<br \/>\n\u016agis (cm): 50<br \/>\nGylis (cm): 46<\/p>","protected":false},"featured_media":246296,"comment_status":"open","ping_status":"open","template":"","meta":[],"product_brand":[],"product_cat":[9117,2015,9183],"product_tag":[],"class_list":{"0":"post-246295","1":"product","2":"type-product","3":"status-publish","4":"has-post-thumbnail","6":"product_cat-bathroom","7":"product_cat-comad","8":"product_cat-bathroom-furniture-sets-comad","10":"first","11":"instock","12":"purchasable","13":"product-type-simple"},"_links":{"self":[{"href":"https:\/\/baldumarket.lt\/lt\/wp-json\/wp\/v2\/product\/246295","targetHints":{"allow":["GET"]}}],"collection":[{"href":"https:\/\/baldumarket.lt\/lt\/wp-json\/wp\/v2\/product"}],"about":[{"href":"https:\/\/baldumarket.lt\/lt\/wp-json\/wp\/v2\/types\/product"}],"replies":[{"embeddable":true,"href":"https:\/\/baldumarket.lt\/lt\/wp-json\/wp\/v2\/comments?post=246295"}],"wp:featuredmedia":[{"embeddable":true,"href":"https:\/\/baldumarket.lt\/lt\/wp-json\/wp\/v2\/media\/246296"}],"wp:attachment":[{"href":"https:\/\/baldumarket.lt\/lt\/wp-json\/wp\/v2\/media?parent=246295"}],"wp:term":[{"taxonomy":"product_brand","embeddable":true,"href":"https:\/\/baldumarket.lt\/lt\/wp-json\/wp\/v2\/product_brand?post=246295"},{"taxonomy":"product_cat","embeddable":true,"href":"https:\/\/baldumarket.lt\/lt\/wp-json\/wp\/v2\/product_cat?post=246295"},{"taxonomy":"product_tag","embeddable":true,"href":"https:\/\/baldumarket.lt\/lt\/wp-json\/wp\/v2\/product_tag?post=246295"}],"curies":[{"name":"wp","href":"https:\/\/api.w.org\/{rel}","templated":true}]}}