{"id":246292,"date":"2026-01-02T23:19:09","date_gmt":"2026-01-02T20:19:09","guid":{"rendered":"https:\/\/baldumarket.lt\/product\/zestaw-szafka-z-umywalka-meblowa-120-cm-dalia-cashmere\/"},"modified":"2026-02-11T18:33:00","modified_gmt":"2026-02-11T15:33:00","slug":"zestaw-szafka-z-umywalka-meblowa-120-cm-dalia-cashmere","status":"publish","type":"product","link":"https:\/\/baldumarket.lt\/lt\/product\/zestaw-szafka-z-umywalka-meblowa-120-cm-dalia-cashmere\/","title":{"rendered":"Spintel\u0117s su praustuvu komplektas, 120 cm, Dalia, ka\u0161myras"},"content":{"rendered":"<p>Dalia Cashmere 120 cm praustuvo spintel\u0117 su kriaukle. Dalia Cashmere praustuvo spintel\u0117 derina minimalistin\u012f dizain\u0105 ir funkcionalum\u0105. Matin\u0117 ka\u0161myro apdaila, dviguba keramin\u0117 kriaukl\u0117 ir trij\u0173 spalv\u0173 ranken\u0117l\u0117s suteikia elegancijos ir suasmeninimo. \u0160velniai u\u017esidarantys stal\u010diai u\u017etikrina komfort\u0105. Matmenys: Plotis (cm): 120 Gylis (cm): 46 Auk\u0161tis (cm): 50 Techniniai duomenys: Komplekt\u0105 sudaro: Praustuvo spintel\u0117 2S 60 cm Dalia Cashmere, dvigubas keraminis praustuvas LAVA 120\/8003 120 cm Korpuso spalva: Matin\u0117 ka\u0161myro spalva Priekin\u0117 spalva: Matin\u0117 ka\u0161myro spalva Ranken\u0117l\u0117s spalva: Blizgi auksin\u0117, matin\u0117 juoda, blizgus chromas Korpuso med\u017eiaga: Laminuota plok\u0161t\u0117 Priekin\u0117 med\u017eiaga: Laminuota plok\u0161t\u0117 Ranken\u0117l\u0117s med\u017eiaga: Plastikas Praustuvo med\u017eiaga: Keramika Pridedama praustuvo: Taip Stal\u010di\u0173 b\u0117geliai: \u0160velniai u\u017esidarantys Surinkimo rinkinys, pakabinamas ant sienos: \u012ftrauktas Surinkimas: Skirtas savaranki\u0161kam surinkimui Pakelkite savo vonios kambar\u012f \u012f kit\u0105 lyg\u012f su eleganti\u0161ku spintel\u0117s su praustuvu komplektu. 120 cm Dalia Cashmere prad\u017eiugins kiekvien\u0105 modernaus minimalizmo gerb\u0117j\u0105. Lyg\u016bs fasadai, padengti subtilia ka\u0161myro spalva, suteikian\u010dia interjerui \u0161velni\u0105 ir \u0161ilt\u0105 atmosfer\u0105. \u0160is komplektas suteiks j\u016bs\u0173 vonios kambariui lengvumo ir erdv\u0117s, nepriklausomai nuo jo dyd\u017eio.<\/p>\n<p>120 cm plo\u010dio dviguba keramin\u0117 LAVA kriaukl\u0117 yra ne tik esteti\u0161kai patrauklus elementas, bet ir prakti\u0161kas sprendimas didesn\u0117ms \u0161eimoms ar poroms. \u012esigijus kriaukl\u0119, nereik\u0117s r\u016bpintis papildomomis i\u0161laidomis, o kruop\u0161\u010diai suprojektuotos mai\u0161ytuvo angos u\u017etikrina patog\u0173 naudojim\u0105. Ka\u0161myro apdailos ir modernios keramikos derinys suteikia bet kokiam interjerui prabangos.<\/p>\n<p>\u0160is funkcionalus komplektas si\u016blo erdvius stal\u010dius, kuriuose tilps visi svarbiausi vonios kambario aksesuarai, u\u017etikrinant tvark\u0105 ir lengv\u0105 prieig\u0105 prie b\u016btiniausi\u0173 daikt\u0173. \u0160velniai u\u017esidarantys stal\u010diai yra papildomas privalumas, u\u017etikrinantis naudojimo patogum\u0105, o laminuota plok\u0161t\u0117 garantuoja patvarum\u0105 ir atsparum\u0105 kasdieniam naudojimui.<\/p>\n<p>\u201eDalia Cashmere\u201c kolekcijos baldai yra ne tik gra\u017e\u016bs, bet ir pritaikyti individualiems j\u016bs\u0173 poreikiams, nes galima rinktis i\u0161 trij\u0173 skirting\u0173 ranken\u0173 spalv\u0173: auksin\u0117s, chromuotos ir matin\u0117s juodos. \u0160i personalizavimo funkcija leid\u017eia sukurti unikali\u0105 erdv\u0119, atitinkan\u010di\u0105 j\u016bs\u0173 estetinius pageidavimus. Baldai pristatomi savaranki\u0161kam surinkimui, kuris yra paprastas ir nereikalauja joki\u0173 speciali\u0173 \u017eini\u0173.<\/p>","protected":false},"excerpt":{"rendered":"<p>Plotis (cm): 120<br \/>\n\u016agis (cm): 50<br \/>\nGylis (cm): 46<\/p>","protected":false},"featured_media":246293,"comment_status":"open","ping_status":"open","template":"","meta":[],"product_brand":[],"product_cat":[9117,2015,9183],"product_tag":[],"class_list":{"0":"post-246292","1":"product","2":"type-product","3":"status-publish","4":"has-post-thumbnail","6":"product_cat-bathroom","7":"product_cat-comad","8":"product_cat-bathroom-furniture-sets-comad","10":"first","11":"instock","12":"purchasable","13":"product-type-simple"},"_links":{"self":[{"href":"https:\/\/baldumarket.lt\/lt\/wp-json\/wp\/v2\/product\/246292","targetHints":{"allow":["GET"]}}],"collection":[{"href":"https:\/\/baldumarket.lt\/lt\/wp-json\/wp\/v2\/product"}],"about":[{"href":"https:\/\/baldumarket.lt\/lt\/wp-json\/wp\/v2\/types\/product"}],"replies":[{"embeddable":true,"href":"https:\/\/baldumarket.lt\/lt\/wp-json\/wp\/v2\/comments?post=246292"}],"wp:featuredmedia":[{"embeddable":true,"href":"https:\/\/baldumarket.lt\/lt\/wp-json\/wp\/v2\/media\/246293"}],"wp:attachment":[{"href":"https:\/\/baldumarket.lt\/lt\/wp-json\/wp\/v2\/media?parent=246292"}],"wp:term":[{"taxonomy":"product_brand","embeddable":true,"href":"https:\/\/baldumarket.lt\/lt\/wp-json\/wp\/v2\/product_brand?post=246292"},{"taxonomy":"product_cat","embeddable":true,"href":"https:\/\/baldumarket.lt\/lt\/wp-json\/wp\/v2\/product_cat?post=246292"},{"taxonomy":"product_tag","embeddable":true,"href":"https:\/\/baldumarket.lt\/lt\/wp-json\/wp\/v2\/product_tag?post=246292"}],"curies":[{"name":"wp","href":"https:\/\/api.w.org\/{rel}","templated":true}]}}