{"id":246287,"date":"2026-01-02T23:19:07","date_gmt":"2026-01-02T20:19:07","guid":{"rendered":"https:\/\/baldumarket.lt\/product\/zestaw-szafka-z-umywalka-meblowa-120-cm-4-szuflady-donna-sand\/"},"modified":"2026-02-11T18:33:00","modified_gmt":"2026-02-11T15:33:00","slug":"zestaw-szafka-z-umywalka-meblowa-120-cm-4-szuflady-donna-sand","status":"publish","type":"product","link":"https:\/\/baldumarket.lt\/lt\/product\/zestaw-szafka-z-umywalka-meblowa-120-cm-4-szuflady-donna-sand\/","title":{"rendered":"Praustuvo spintel\u0117s bald\u0173 komplektas 120 cm, 4 stal\u010diai, Donna Sand"},"content":{"rendered":"<p>Donna Sand 120 cm plo\u010dio praustuvo spintel\u0117s komplektas su 4 stal\u010diais. Eleganti\u0161ka 120 cm plo\u010dio Donna Sand praustuvo spintel\u0117 \u2013 tai modernaus ir klasikinio stili\u0173 derinys. Sm\u0117lio spalvos fasadai su frezuotomis detal\u0117mis ir auksin\u0117mis metalin\u0117mis rankenomis sukuria harmoning\u0105 visum\u0105. 4 erdv\u016bs stal\u010diai su \u0161velnaus u\u017edarymo sistema u\u017etikrina komfort\u0105. Matmenys: Plotis (cm): 120 Gylis (cm): 46 Auk\u0161tis (cm): 57 Svoris (kg): 69,3 Techniniai duomenys: Komplekt\u0105 sudaro: Baldai: Praustuvas, dvigubas dubuo, keraminis, 120 cm FLY 120D E-8073-120D blizgi balta spalva, Praustuvo spintel\u0117, 60 cm, 2 stal\u010diai Donna Sand, 2 vnt. Korpuso spalva: Sm\u0117lio sm\u0117lio spalvos Priekin\u0117 spalva: Sm\u0117lio sm\u0117lio spalvos Rankenos spalva: Blizgi auksin\u0117 Korpuso med\u017eiaga: Laminuota plok\u0161t\u0117 Priekin\u0117 med\u017eiaga: MDF plok\u0161t\u0117 Rankenos med\u017eiaga: Metalas B\u0117geliai: \u0160velnus u\u017edarymas Tvirtinimo rinkinys pridedamas: Taip Praustuvas pridedamas: Taip Praustuvo spalva: Balta Blizgi apdaila. Praustuvo med\u017eiaga: Keramika. Surinkimas: Savaranki\u0161kas surinkimas. 120 cm praustuvo spintel\u0117 su 4 stal\u010diais \u201eDonna Sand\u201c \u2013 puikus pasirinkimas tiems, kurie vertina stili\u0173 ir funkcionalum\u0105. Modernus dizainas su eleganti\u0161kais, apvaliais fasadais, \u0161iltos sm\u0117lio spalvos, puikiai dera prie \u012fvairi\u0173 vonios kambari\u0173 dizaino. \u0160i spintel\u0117 ne tik atlieka praktin\u0119 funkcij\u0105, bet ir pabr\u0117\u017eia unikal\u0173 interjero charakter\u012f, suteikdama jam harmonijos ir jaukumo.<\/p>\n<p>Kiekvienas i\u0161 4 stal\u010di\u0173 yra sukurtas atsi\u017evelgiant \u012f maksimal\u0173 funkcionalum\u0105, suteikiant daug vietos vonios kambario aksesuarams laikyti. \u0160velnaus u\u017edarymo sistema dar labiau padidina naudojimo patogum\u0105, pa\u0161alina triuk\u0161m\u0105 ir suteikia elegancijos kiekvienam atidarymui. Tokiu b\u016bdu u\u017etikrinsite ne tik tvarking\u0105 vonios kambar\u012f, bet ir savo nam\u0173 ramyb\u0119 bei tyl\u0105.<\/p>\n<p>Pagaminta i\u0161 auk\u0161tos kokyb\u0117s MDF ir laminuotos plok\u0161t\u0117s, \u201eDonna Sand\u201c spintel\u0117 u\u017etikrina patvarum\u0105 ir estetik\u0105 daugeliui met\u0173. Auksin\u0117s metalin\u0117s ranken\u0117l\u0117s ne tik suteikia elegancijos, bet ir puikiai dera su bendru dizainu, sukurdamos eleganti\u0161k\u0105 ir modern\u0173 akcent\u0105. \u0160is d\u0117mesys detal\u0117ms paver\u010dia spintel\u0119 tikru vonios kambario puo\u0161mena.<\/p>\n<p>Be to, kiekvienas \u0161ios lenki\u0161kos produkcijos, \u017einomos d\u0117l FSC sertifikuot\u0173 med\u017eiag\u0173 naudojimo, elementas u\u017etikrina, kad renkat\u0117s aplinkai nekenksming\u0105 produkt\u0105. Spintel\u0117 pristatoma savaranki\u0161kai surenkamose pakuot\u0117se, o intuityvus dizainas leid\u017eia surinkti paprast\u0105 ir malon\u0173 proces\u0105, nereikalaujant\u012f joki\u0173 speciali\u0173 \u012fg\u016bd\u017ei\u0173.<\/p>\n<p>Nelaukite ilgiau! Su \u201eDonna Sand\u201c 120 cm praustuvo spintele suteikite savo interjerui stiliaus ir elegancijos. D\u0117l unikalios apdailos ir apgalvoto funkcionalumo sukursite erdv\u0119, kuri bus ir gra\u017ei, ir prakti\u0161ka.<\/p>","protected":false},"excerpt":{"rendered":"<p>Plotis (cm): 120<br \/>\n\u016agis (cm): 57<br \/>\nGylis (cm): 46<\/p>","protected":false},"featured_media":246288,"comment_status":"open","ping_status":"open","template":"","meta":[],"product_brand":[],"product_cat":[9117,2015,9183],"product_tag":[],"class_list":{"0":"post-246287","1":"product","2":"type-product","3":"status-publish","4":"has-post-thumbnail","6":"product_cat-bathroom","7":"product_cat-comad","8":"product_cat-bathroom-furniture-sets-comad","10":"first","11":"instock","12":"purchasable","13":"product-type-simple"},"_links":{"self":[{"href":"https:\/\/baldumarket.lt\/lt\/wp-json\/wp\/v2\/product\/246287","targetHints":{"allow":["GET"]}}],"collection":[{"href":"https:\/\/baldumarket.lt\/lt\/wp-json\/wp\/v2\/product"}],"about":[{"href":"https:\/\/baldumarket.lt\/lt\/wp-json\/wp\/v2\/types\/product"}],"replies":[{"embeddable":true,"href":"https:\/\/baldumarket.lt\/lt\/wp-json\/wp\/v2\/comments?post=246287"}],"wp:featuredmedia":[{"embeddable":true,"href":"https:\/\/baldumarket.lt\/lt\/wp-json\/wp\/v2\/media\/246288"}],"wp:attachment":[{"href":"https:\/\/baldumarket.lt\/lt\/wp-json\/wp\/v2\/media?parent=246287"}],"wp:term":[{"taxonomy":"product_brand","embeddable":true,"href":"https:\/\/baldumarket.lt\/lt\/wp-json\/wp\/v2\/product_brand?post=246287"},{"taxonomy":"product_cat","embeddable":true,"href":"https:\/\/baldumarket.lt\/lt\/wp-json\/wp\/v2\/product_cat?post=246287"},{"taxonomy":"product_tag","embeddable":true,"href":"https:\/\/baldumarket.lt\/lt\/wp-json\/wp\/v2\/product_tag?post=246287"}],"curies":[{"name":"wp","href":"https:\/\/api.w.org\/{rel}","templated":true}]}}