{"id":246283,"date":"2026-01-02T23:19:05","date_gmt":"2026-01-02T20:19:05","guid":{"rendered":"https:\/\/baldumarket.lt\/product\/zestaw-szafka-z-umywalka-i-blatem-2d-60-cm-viva-cashmere-dab-coast-evoke\/"},"modified":"2026-02-11T18:33:00","modified_gmt":"2026-02-11T15:33:00","slug":"zestaw-szafka-z-umywalka-i-blatem-2d-60-cm-viva-cashmere-dab-coast-evoke","status":"publish","type":"product","link":"https:\/\/baldumarket.lt\/lt\/product\/zestaw-szafka-z-umywalka-i-blatem-2d-60-cm-viva-cashmere-dab-coast-evoke\/","title":{"rendered":"Spintel\u0117s su praustuvu ir stalvir\u0161iu komplektas 2D 60 cm Viva Cashmere Oak Coast Evoke"},"content":{"rendered":"<p>\u201eViva Cashmere\u201c 60 cm \u201eCoast Oak Evoke\u201c 2-D praustuvo spintel\u0117s ir stalvir\u0161io komplektas. \u201eViva Cashmere\u201c 60 cm 2-D praustuvo spintel\u0117s ir stalvir\u0161io komplektas sujungia elegancij\u0105 ir funkcionalum\u0105. Trima\u010diai \u201eeglut\u0117s kaulo\u201c ra\u0161to fasadai ir matin\u0117 ka\u0161myro apdaila sukuria unikal\u0173 stili\u0173, o \u0161velnaus u\u017edarymo sistema u\u017etikrina komfort\u0105. Puikiai tinka moderniam vonios kambariui. Matmenys: Plotis (cm): 60 Gylis (cm): 40 Auk\u0161tis (cm): 57 Svoris (kg): 28 Techniniai duomenys: Komplekt\u0105 sudaro: 2 dur\u0173 praustuvo spintel\u0117 60 cm Viva Cashmere, vonios stalvir\u0161is 60 cm NOVA OAK, keraminis praustuvas LOLA-GW baltas blizgus 40,5 cm Korpuso spalva: matin\u0117 ka\u0161myro spalva Priekin\u0117s spalvos: matin\u0117 ka\u0161myro spalva Ranken\u0117l\u0117s spalva: blizgi auksin\u0117, matin\u0117 juoda, blizgi chromas Stalvir\u0161io spalva: \u0105\u017euolas \u201eCoast Evoke\u201c Praustuvo spalva: blizgi balta Korpuso med\u017eiaga: laminuota plok\u0161t\u0117 Priekin\u0117 med\u017eiaga: MDF plok\u0161t\u0117 Ranken\u0117l\u0117s med\u017eiaga: plastikas Stalvir\u0161io med\u017eiaga: laminuota plok\u0161t\u0117 Kriaukl\u0117s med\u017eiaga: keramika Vyriai: \u0161velniai u\u017esidaranti Praustuvas \u012f komplekt\u0105 \u012feina: taip Stalvir\u0161is \u012f komplekt\u0105 \u012feina: taip Surinkimo komplektas \u012f komplekt\u0105 \u012feina: taip Surinkimo komplektas \u012f komplekt\u0105 \u012feina: taip Surinkimas: savaranki\u0161kas surinkimas \u201eViva Cashmere Oak Coast Evoke 2D\u201c praustuvo ir stalvir\u0161io komplektas 60 cm yra puikus pasirinkimas visiems, norintiems savo vonios kambariui suteikti elegancijos ir modernumo. Ka\u0161myro sodrumas kartu su intriguojan\u010diais, trima\u010diais frezuotais \u201esilk\u0117s kaulo\u201c ra\u0161to fasadais kiekvien\u0105 bald\u0105 patraukia ak\u012f ir sukuria unikali\u0105 atmosfer\u0105. Stilingos blizgaus aukso, chromo ir matin\u0117s juodos spalvos ranken\u0117l\u0117s yra papildomas akcentas, leid\u017eiantis suasmeninti ir pritaikyti bald\u0105 individualiems poreikiams, pabr\u0117\u017eiant jo estetin\u0119 vert\u0119.<\/p>\n<p>Komplekto funkcionalumas taip pat puikus. 60 cm plo\u010dio dvidur\u0117 spintel\u0117 suteikia erdv\u0117s ir pakankamai vietos vonios kambario aksesuarams laikyti, padeda palaikyti tvark\u0105. \u0160velnaus u\u017edarymo dureli\u0173 sistema ne tik padidina komfort\u0105, bet ir pa\u0161alina triuk\u0161m\u0105, susijus\u012f su dureli\u0173 u\u017edarymu. Pagaminta i\u0161 auk\u0161tos kokyb\u0117s med\u017eiag\u0173, spintel\u0117 garantuoja ilgaam\u017ei\u0161kum\u0105 ir atsparum\u0105 kasdieniam naudojimui, tod\u0117l idealiai tinka da\u017enai naudojamoms erdv\u0117ms.<\/p>\n<p>60 cm ilgio stalvir\u0161is i\u0161 \u201eNova Oak\u201c kolekcijos su \u201eCoast Evoke\u201c \u0105\u017euolo apdaila suteikia interjerui \u0161ilt\u0105, nat\u016bral\u0173 akcent\u0105, puikiai papildydamas kitus serijos elementus. Jo patvarumas ir lengvas valymas yra ne\u012fkainojami privalumai, d\u0117l kuri\u0173 komplektas yra prakti\u0161kas ir funkcionalus. D\u0117mesys detal\u0117ms, susijusioms su stalvir\u0161io gamyba, patvirtina jo estetin\u0119 i\u0161vaizd\u0105, kuri d\u017eiugins ak\u012f ilgus metus.<\/p>\n<p>Pasirinkdami \u0161\u012f komplekt\u0105, investuojate ne tik \u012f unikal\u0173 dizain\u0105, bet ir \u012f komfort\u0105 bei funkcionalum\u0105. Komplektas pristatomas savaranki\u0161kai surenkamose pakuot\u0117se, tod\u0117l montavimas yra paprastas ir nereikalauja joki\u0173 speciali\u0173 \u017eini\u0173. Galiausiai verta pamin\u0117ti, kad \u201eComad\u201c gaminiams suteikiama 2 met\u0173 garantija, kuri dar labiau sustiprina j\u016bs\u0173 saugumo jausm\u0105 ir pasitenkinim\u0105 savo pasirinkimu. Spintel\u0117 su praustuvu \u2013 puikus b\u016bdas atnaujinti savo vonios kambar\u012f ir paversti j\u012f stilinga bei patogia erdve.<\/p>","protected":false},"excerpt":{"rendered":"<p>Plotis (cm): 60<br \/>\n\u016agis (cm): 57<br \/>\nGylis (cm): 40<\/p>","protected":false},"featured_media":246284,"comment_status":"open","ping_status":"open","template":"","meta":[],"product_brand":[],"product_cat":[9117,2015,9183],"product_tag":[],"class_list":{"0":"post-246283","1":"product","2":"type-product","3":"status-publish","4":"has-post-thumbnail","6":"product_cat-bathroom","7":"product_cat-comad","8":"product_cat-bathroom-furniture-sets-comad","10":"first","11":"instock","12":"purchasable","13":"product-type-simple"},"_links":{"self":[{"href":"https:\/\/baldumarket.lt\/lt\/wp-json\/wp\/v2\/product\/246283","targetHints":{"allow":["GET"]}}],"collection":[{"href":"https:\/\/baldumarket.lt\/lt\/wp-json\/wp\/v2\/product"}],"about":[{"href":"https:\/\/baldumarket.lt\/lt\/wp-json\/wp\/v2\/types\/product"}],"replies":[{"embeddable":true,"href":"https:\/\/baldumarket.lt\/lt\/wp-json\/wp\/v2\/comments?post=246283"}],"wp:featuredmedia":[{"embeddable":true,"href":"https:\/\/baldumarket.lt\/lt\/wp-json\/wp\/v2\/media\/246284"}],"wp:attachment":[{"href":"https:\/\/baldumarket.lt\/lt\/wp-json\/wp\/v2\/media?parent=246283"}],"wp:term":[{"taxonomy":"product_brand","embeddable":true,"href":"https:\/\/baldumarket.lt\/lt\/wp-json\/wp\/v2\/product_brand?post=246283"},{"taxonomy":"product_cat","embeddable":true,"href":"https:\/\/baldumarket.lt\/lt\/wp-json\/wp\/v2\/product_cat?post=246283"},{"taxonomy":"product_tag","embeddable":true,"href":"https:\/\/baldumarket.lt\/lt\/wp-json\/wp\/v2\/product_tag?post=246283"}],"curies":[{"name":"wp","href":"https:\/\/api.w.org\/{rel}","templated":true}]}}