{"id":246280,"date":"2026-01-02T23:19:03","date_gmt":"2026-01-02T20:19:03","guid":{"rendered":"https:\/\/baldumarket.lt\/product\/zestaw-szafka-z-umywalka-i-blatem-2d-60-cm-viva-cashmere-bialy\/"},"modified":"2026-02-11T18:33:00","modified_gmt":"2026-02-11T15:33:00","slug":"zestaw-szafka-z-umywalka-i-blatem-2d-60-cm-viva-cashmere-bialy","status":"publish","type":"product","link":"https:\/\/baldumarket.lt\/lt\/product\/zestaw-szafka-z-umywalka-i-blatem-2d-60-cm-viva-cashmere-bialy\/","title":{"rendered":"Spintel\u0117s su praustuvu ir 2D stalvir\u0161iu komplektas, 60 cm, Viva Cashmere White"},"content":{"rendered":"<p>\u201eViva Cashmere\u201c 60 cm balta kriaukl\u0117s spintel\u0117 su stalvir\u0161iu. \u201eViva Cashmere\u201c 60 cm kriaukl\u0117s spintel\u0117s su stalvir\u0161iu komplektas yra eleganti\u0161kas bet kurio vonios kambario papildymas. Eglut\u0117s formos frezuoti fasadai ir subtilios spalvos pary\u0161kina stili\u0173. \u0160velnus u\u017edarymas ir trys ranken\u0173 variantai u\u017etikrina komfort\u0105 ir suasmeninim\u0105. Matmenys: Plotis (cm): 60 Gylis (cm): 40 Auk\u0161tis (cm): 57 Svoris (kg): 29,5 Techniniai duomenys: Komplekt\u0105 sudaro: 2 dur\u0173 praustuvo spintel\u0117 60 cm \u201eViva Cashmere\u201c, vonios stalvir\u0161is 60 cm \u201eNOVA WHITE\u201c, keraminis praustuvas LOLA-GW baltas blizgus 40,5 cm Korpuso spalva: matin\u0117 ka\u0161myro spalva Priekin\u0117 spalva: matin\u0117 ka\u0161myro spalva Ranken\u0117l\u0117s spalva: blizgi auksin\u0117, matin\u0117 juoda, blizgus chromas Stalvir\u0161io spalva: balta Praustuvo spalva: blizgi balta Korpuso med\u017eiaga: laminuota plok\u0161t\u0117 Priekin\u0117 med\u017eiaga: MDF plok\u0161t\u0117 Ranken\u0117l\u0117s med\u017eiaga: plastikas Praustuvo med\u017eiaga: keramika Stalvir\u0161io med\u017eiaga: laminuota plok\u0161t\u0117 Vyriai: \u0161velnus u\u017edarymas Praustuvas \u012fskai\u010diuotas: taip Stalvir\u0161is \u012fskai\u010diuotas: taip Surinkimo rinkinys \u012fskai\u010diuotas: taip Surinkimas: savaiminis surinkimas. \u201eViva Cashmere\u201c 60 cm 2D praustuvas ir stalvir\u0161io spintel\u0117 \u2013 tai tobulas elegancijos ir funkcionalumo derinys, suteikiantis j\u016bs\u0173 vonios kambariui nauj\u0105 kokyb\u0117s lyg\u012f. \u0160is baldas, pasi\u017eymintis subtiliomis ka\u0161myro spalvomis, pasi\u017eymi trima\u010diais, frezuotais \u201esilk\u0117s kaulo\u201c ra\u0161to fasadais, kurie traukia ak\u012f ir suteikia interjerui unikal\u0173 charakter\u012f. D\u0117l harmoningo matini\u0173 pavir\u0161i\u0173 ir blizgi\u0173 ranken\u0117li\u0173 derinio spintel\u0117 puikiai papildys \u012fvairius interjerus, suteikdama prabangos.<\/p>\n<p>\u0160io komplekto funkcionalumas ne\u012fkainojamas. Erdviame dviduriame viduje puikiai tinka vonios kambario aksesuar\u0173 laikymas ir erdv\u0117s laikymas. Ergonomi\u0161kas 40 cm spintel\u0117s gylis leid\u017eia maksimaliai i\u0161naudoti erdv\u0119 net ir ma\u017eesniuose vonios kambariuose, neprarandant estetikos. Dar vienas privalumas \u2013 moderni \u0161velnaus u\u017edarymo dureli\u0173 sistema, \u017eymiai pagerinanti komfort\u0105 ir pa\u0161alinanti nemalonius garsus.<\/p>\n<p>Pridedama kriaukl\u0117, pagaminta i\u0161 blizgios baltos keramikos, puikiai papildo vis\u0105 dizain\u0105, suteikdama vonios kambariui gaiv\u0173 ir modern\u0173 vaizd\u0105. Taip pat verta d\u0117mesio ir pritaikymo galimyb\u0117s \u2013 trys skirtingos ranken\u0117li\u0173 spalvos (blizgi auksin\u0117, matin\u0117 juoda ir blizgus chromas) leid\u017eia pritaikyti spintel\u0119 pagal savo pageidavimus ir dizaino stili\u0173. Tai leid\u017eia jums tapti savo erdv\u0117s architektu, kuriant harmonij\u0105 ir estetik\u0105 pagal j\u016bs\u0173 skon\u012f.<\/p>\n<p>Ne tik dizainas, bet ir auk\u0161ta gamybos kokyb\u0117 daro \u0161iuos baldus ilgalaike investicija. Naudotos med\u017eiagos, tokios kaip MDF ir laminatas, garantuoja patvarum\u0105 ir atsparum\u0105 kasdieniam naudojimui. Be to, \u201eComad\u201c vonios kambario baldai pristatomi plok\u0161\u010diai supakuoti, tod\u0117l juos galima surinkti patiems, nereikalaujant speciali\u0173 \u017eini\u0173. Visam baldui suteikiama 2 met\u0173 garantija, kuri suteikia saugumo ir pasitenkinimo pirkiniu jausm\u0105.<\/p>","protected":false},"excerpt":{"rendered":"<p>Plotis (cm): 60<br \/>\n\u016agis (cm): 57<br \/>\nGylis (cm): 40<\/p>","protected":false},"featured_media":246281,"comment_status":"open","ping_status":"open","template":"","meta":[],"product_brand":[],"product_cat":[9117,2015,9183],"product_tag":[],"class_list":{"0":"post-246280","1":"product","2":"type-product","3":"status-publish","4":"has-post-thumbnail","6":"product_cat-bathroom","7":"product_cat-comad","8":"product_cat-bathroom-furniture-sets-comad","10":"first","11":"instock","12":"purchasable","13":"product-type-simple"},"_links":{"self":[{"href":"https:\/\/baldumarket.lt\/lt\/wp-json\/wp\/v2\/product\/246280","targetHints":{"allow":["GET"]}}],"collection":[{"href":"https:\/\/baldumarket.lt\/lt\/wp-json\/wp\/v2\/product"}],"about":[{"href":"https:\/\/baldumarket.lt\/lt\/wp-json\/wp\/v2\/types\/product"}],"replies":[{"embeddable":true,"href":"https:\/\/baldumarket.lt\/lt\/wp-json\/wp\/v2\/comments?post=246280"}],"wp:featuredmedia":[{"embeddable":true,"href":"https:\/\/baldumarket.lt\/lt\/wp-json\/wp\/v2\/media\/246281"}],"wp:attachment":[{"href":"https:\/\/baldumarket.lt\/lt\/wp-json\/wp\/v2\/media?parent=246280"}],"wp:term":[{"taxonomy":"product_brand","embeddable":true,"href":"https:\/\/baldumarket.lt\/lt\/wp-json\/wp\/v2\/product_brand?post=246280"},{"taxonomy":"product_cat","embeddable":true,"href":"https:\/\/baldumarket.lt\/lt\/wp-json\/wp\/v2\/product_cat?post=246280"},{"taxonomy":"product_tag","embeddable":true,"href":"https:\/\/baldumarket.lt\/lt\/wp-json\/wp\/v2\/product_tag?post=246280"}],"curies":[{"name":"wp","href":"https:\/\/api.w.org\/{rel}","templated":true}]}}