{"id":246276,"date":"2026-01-02T23:19:01","date_gmt":"2026-01-02T20:19:01","guid":{"rendered":"https:\/\/baldumarket.lt\/product\/zestaw-szafka-z-umywalka-i-blatem-2d-60-cm-viva-cashmere\/"},"modified":"2026-02-11T18:33:00","modified_gmt":"2026-02-11T15:33:00","slug":"zestaw-szafka-z-umywalka-i-blatem-2d-60-cm-viva-cashmere","status":"publish","type":"product","link":"https:\/\/baldumarket.lt\/lt\/product\/zestaw-szafka-z-umywalka-i-blatem-2d-60-cm-viva-cashmere\/","title":{"rendered":"Spintel\u0117s su praustuvu ir 2D stalvir\u0161iu komplektas, 60 cm Viva Cashmere"},"content":{"rendered":"<p>\u201eViva Cashmere\u201c 60 cm kriaukl\u0117s spintel\u0117 su 2D stalvir\u0161iu. \u201eViva Cashmere\u201c 60 cm kriaukl\u0117s spintel\u0117s su 2D stalvir\u0161iu komplektas sujungia elegancij\u0105 ir funkcionalum\u0105. Frezuoti \u201eeglut\u0117s kaulo\u201c ra\u0161to fasadai ir ka\u0161myro spalva suteikia unikal\u0173 stili\u0173. \u0160velnus u\u017edarymas, \u012fvairios ranken\u0117li\u0173 spalvos ir patvarios med\u017eiagos. Matmenys: Plotis (cm): 60 Gylis (cm): 40 Auk\u0161tis (cm): 57 Svoris (kg): 31,5 Techniniai duomenys: Korpuso spalva: matin\u0117 ka\u0161myro spalva Komplekt\u0105 sudaro: 2 dur\u0173 praustuvo spintel\u0117 60 cm \u201eViva Cashmere\u201c, vonios stalvir\u0161is 60 cm \u201eNOVA CASHMERE\u201c, keraminis praustuvas su stalvir\u0161iu DOMI-MB balta matin\u0117 spalva 32 cm Priekin\u0117s spalvos spalva: matin\u0117 ka\u0161myro spalva Ranken\u0117l\u0117s spalva: blizgi auksin\u0117, matin\u0117 juoda, blizgus chromas Stalvir\u0161io spalva: matin\u0117 ka\u0161myro spalva Praustuvo spalva: matin\u0117 balta Korpuso med\u017eiaga: laminuota plok\u0161t\u0117 Priekin\u0117 med\u017eiaga: MDF plok\u0161t\u0117 Ranken\u0117l\u0117s med\u017eiaga: plastikas Praustuvo med\u017eiaga: keramika Stalvir\u0161io med\u017eiaga: laminuota plok\u0161t\u0117 Vyriai: \u0161velnus u\u017edarymas Praustuvas \u012fskai\u010diuotas: taip Stalvir\u0161is \u012fskai\u010diuotas: taip Surinkimo rinkinys \u012fskai\u010diuotas: taip Surinkimas: savaiminis surinkimas. \u201eViva Cashmere\u201c 60 cm 2D praustuvo ir stalvir\u0161io komplektas yra nepakei\u010diamas bet kurio modernaus vonios kambario elementas, derinantis elegancij\u0105 ir funkcionalum\u0105. Auk\u0161tos kokyb\u0117s meistri\u0161kumas ir subtil\u016bs ka\u0161myro atspalviai suteikia jam unikal\u0173 charakter\u012f, o trima\u010diai, frezuoti \u201esilk\u0117s kaulo\u201c ra\u0161to fasadai traukia d\u0117mes\u012f ir suteikia prabangos. \u0160is komplektas suteiks j\u016bs\u0173 vonios kambariui gaivumo, kuris d\u017eiugins tiek \u0161eimos narius, tiek sve\u010dius.<\/p>\n<p>Komplekt\u0105 sudaro dviej\u0173 dur\u0173 praustuvo spintel\u0117, NOVA CASHMERE stalvir\u0161is ir DOMI-MB keramin\u0117 stalvir\u0161io kriaukl\u0117 matin\u0117s baltos spalvos. \u0160is harmoningas spalv\u0173 derinys leid\u017eia spintelei puikiai dera prie \u012fvairi\u0173 interjero dizain\u0173. Be to, trij\u0173 skirting\u0173 spalv\u0173 \u2013 blizgaus aukso, blizgaus chromo ir matin\u0117s juodos \u2013 ranken\u0117li\u0173 pasirinkimas leid\u017eia suasmeninti spintel\u0117s i\u0161vaizd\u0105, tod\u0117l ji dar labiau patrauklesn\u0117 bet kokiam stiliui.<\/p>\n<p>Funkcionalumas yra dar vienas m\u016bs\u0173 spintel\u0117s privalumas. D\u0117l erdvaus dizaino ji suteikia daug vietos vonios kambario aksesuarams laikyti, tod\u0117l lengva palaikyti tvark\u0105 ir lengvai pasiekti reikiamus daiktus. \u0160velniai u\u017esidaranti dureli\u0173 sistema leid\u017eia naudotis spintele ne tik patogiai, bet ir tyliai, o tai yra svarbus kasdienio naudojimo elementas.<\/p>\n<p>Pagaminta i\u0161 patvari\u0173 med\u017eiag\u0173, toki\u0173 kaip MDF ir laminuota plok\u0161t\u0117, ji garantuoja ilgaam\u017ei\u0161kum\u0105 ir atsparum\u0105 kasdieniams i\u0161\u0161\u016bkiams, o ergonomi\u0161kas 40 cm gylis idealiai tinka ma\u017eesn\u0117ms erdv\u0117ms, kur svarbus kiekvienas centimetras. Be to, komplektas suderinamas su \u201eNova Oak\u201c, \u201eNova White\u201c ir \u201eNova Cashmere\u201c kolekcijomis, atverdamas pla\u010dias dizaino galimybes ir sukurdamas unikalius interjerus.<\/p>\n<p>Nelaukite ilgiau ir pasinaudokite \u0161iuo unikaliu pasi\u016blymu! \u201eViva Cashmere\u201c 60 cm praustuvo spintel\u0117 su kriaukle ir stalvir\u0161iu yra daugiau nei tiesiog baldas \u2013 tai kvietimas susikurti eleganti\u0161k\u0105 ir funkcional\u0173 interjer\u0105, kuris tikrai su\u017eav\u0117s kiekvien\u0105 sve\u010di\u0105. Pasirink\u0119 \u201eComad\u201c baldus, visada galite b\u016bti tikri, kad investuojate \u012f kokyb\u0119 ir stili\u0173, k\u0105 patvirtina 2 met\u0173 gaminio garantija.<\/p>","protected":false},"excerpt":{"rendered":"<p>Plotis (cm): 60<br \/>\n\u016agis (cm): 57<br \/>\nGylis (cm): 40<\/p>","protected":false},"featured_media":246277,"comment_status":"open","ping_status":"open","template":"","meta":[],"product_brand":[],"product_cat":[9117,2015,9183],"product_tag":[],"class_list":{"0":"post-246276","1":"product","2":"type-product","3":"status-publish","4":"has-post-thumbnail","6":"product_cat-bathroom","7":"product_cat-comad","8":"product_cat-bathroom-furniture-sets-comad","10":"first","11":"instock","12":"purchasable","13":"product-type-simple"},"_links":{"self":[{"href":"https:\/\/baldumarket.lt\/lt\/wp-json\/wp\/v2\/product\/246276","targetHints":{"allow":["GET"]}}],"collection":[{"href":"https:\/\/baldumarket.lt\/lt\/wp-json\/wp\/v2\/product"}],"about":[{"href":"https:\/\/baldumarket.lt\/lt\/wp-json\/wp\/v2\/types\/product"}],"replies":[{"embeddable":true,"href":"https:\/\/baldumarket.lt\/lt\/wp-json\/wp\/v2\/comments?post=246276"}],"wp:featuredmedia":[{"embeddable":true,"href":"https:\/\/baldumarket.lt\/lt\/wp-json\/wp\/v2\/media\/246277"}],"wp:attachment":[{"href":"https:\/\/baldumarket.lt\/lt\/wp-json\/wp\/v2\/media?parent=246276"}],"wp:term":[{"taxonomy":"product_brand","embeddable":true,"href":"https:\/\/baldumarket.lt\/lt\/wp-json\/wp\/v2\/product_brand?post=246276"},{"taxonomy":"product_cat","embeddable":true,"href":"https:\/\/baldumarket.lt\/lt\/wp-json\/wp\/v2\/product_cat?post=246276"},{"taxonomy":"product_tag","embeddable":true,"href":"https:\/\/baldumarket.lt\/lt\/wp-json\/wp\/v2\/product_tag?post=246276"}],"curies":[{"name":"wp","href":"https:\/\/api.w.org\/{rel}","templated":true}]}}