{"id":246273,"date":"2026-01-02T23:18:59","date_gmt":"2026-01-02T20:18:59","guid":{"rendered":"https:\/\/baldumarket.lt\/product\/zestaw-szafka-z-umywalka-i-blatem-2-szuflady-80-cm-viva-cashmere-3\/"},"modified":"2026-02-11T18:33:00","modified_gmt":"2026-02-11T15:33:00","slug":"zestaw-szafka-z-umywalka-i-blatem-2-szuflady-80-cm-viva-cashmere-3","status":"publish","type":"product","link":"https:\/\/baldumarket.lt\/lt\/product\/zestaw-szafka-z-umywalka-i-blatem-2-szuflady-80-cm-viva-cashmere-3\/","title":{"rendered":"Spintel\u0117s su praustuvu ir stalvir\u0161io su 2 stal\u010diais komplektas, 80 cm, Viva Cashmere"},"content":{"rendered":"<p>\u201eViva Cashmere\u201c 80 cm kriaukl\u0117s spintel\u0117 su stalvir\u0161iu ir 2 stal\u010diais. Eleganti\u0161ka \u201eViva Cashmere\u201c kriaukl\u0117s spintel\u0117 su stalvir\u0161iu pasi\u017eymi trima\u010diu \u201eeglut\u0117s\u201c ra\u0161to fasadu. Du erdv\u016bs stal\u010diai su \u0161velniai u\u017esidaran\u010diais u\u017esegimais ir trij\u0173 spalv\u0173 ranken\u0117l\u0117mis leid\u017eia suasmeninti spintel\u0119. Puikiai tinka bet kokiam vonios kambariui. Matmenys: Plotis (cm): 80 Gylis (cm): 40 Auk\u0161tis (cm): 57 Svoris (kg): 38,5 Techniniai duomenys: Korpuso spalva: Matin\u0117 ka\u0161myro spalva Komplekt\u0105 sudaro: Praustuvo spintel\u0117 su 2 stal\u010diais 80 cm Viva Cashmere, Vonios stalvir\u0161is 80 cm NOVA OAK, Keraminis stalvir\u0161is Praustuvas LOLA-GW Balta blizgi 40,5 cm Priekin\u0117s spalvos spalva: Matin\u0117 ka\u0161myro spalva Ranken\u0117l\u0117s spalva: Blizgi auksin\u0117, matin\u0117 juoda, blizgi chromuota Stalvir\u0161io spalva: Coast Evoke \u0105\u017euolas Praustuvo spalva: Blizgi balta Korpuso med\u017eiaga: Laminuota plok\u0161t\u0117 Priekin\u0117 med\u017eiaga: MDF plok\u0161t\u0117 Ranken\u0117l\u0117s med\u017eiaga: Plastikas Praustuvo med\u017eiaga: Keramika Stalvir\u0161io med\u017eiaga: Laminuota plok\u0161t\u0117 Stal\u010di\u0173 b\u0117geliai: \u0160velniai u\u017esidarantys Kriaukl\u0117 \u012ftraukta: Taip Stalvir\u0161is \u012ftrauktas: Taip Surinkimo rinkinys \u012ftrauktas: Taip Surinkimas: Savaranki\u0161kas surinkimas Viva Cashmere 80 cm kriaukl\u0117s ir stalvir\u0161io spintel\u0117s komplektas su 2 stal\u010diais yra puikus sprendimas tiems, kurie ie\u0161ko eleganti\u0161k\u0173 ir funkcionali\u0173 vonios bald\u0173. Subtili ka\u0161myro spalva ir trima\u010diai, frezuoti \u201eeglut\u0117s\u201c ra\u0161to fasadai suteikia unikalaus charakterio bet kokiam interjerui. D\u0117l harmoningo spalv\u0173 ir ra\u0161t\u0173 derinio \u0161is komplektas yra puikus pasirinkimas visiems, vertinantiems estetik\u0105 ir i\u0161skirtin\u012f dizain\u0105. Vonios kambario dizainas dar niekada nebuvo toks malonus!<\/p>\n<p>\u0160io komplekto prakti\u0161kumas slypi jo dizaine. Tur\u0117damas du erdvius stal\u010dius, tai sprendimas, kuris atitiks bet kurio modernaus vonios kambario poreikius. D\u0117l \u0161velnaus u\u017edarymo sistemos galite m\u0117gautis komfortu, o interjeras i\u0161liks harmoningas ir tvarkingas. D\u0117l gerai apgalvoto dizaino \u0161is baldas puikiai tinka siauroms erdv\u0117ms, tod\u0117l yra puikus pasirinkimas butams su ribota erdve.<\/p>\n<p>Nepriklausomai nuo j\u016bs\u0173 vonios kambario stiliaus, \u201eViva Cashmere\u201c puikiai papildo \u201eNova Oak\u201c, \u201eNova White\u201c ir \u201eNova Cashmere\u201c kolekcijas. Si\u016blomos trys ranken\u0117li\u0173 spalvos \u2013 blizgios aukso, blizgios chromo ir matin\u0117s juodos \u2013 leid\u017eia suasmeninti ir pritaikyti bald\u0105 pagal individualius pageidavimus. \u0160is baldas ne tik atrodo gra\u017eiai, bet ir yra gerai apgalvotas bei organizuotas.<\/p>\n<p>Komplekt\u0105 papildo 80 cm vonios stalvir\u0161is i\u0161 \u201eNova Oak\u201c kolekcijos, suteikiantis \u0161ilt\u0105 ir nat\u016bral\u0173 akcent\u0105. Pagamintas i\u0161 patvarios laminato plok\u0161t\u0117s, jis yra esteti\u0161kai patrauklus ir lengvai pri\u017ei\u016brimas. Kiekviena detal\u0117 buvo kruop\u0161\u010diai sukurta atsi\u017evelgiant \u012f ilgalaik\u012f naudojim\u0105. Nor\u0117dami pritvirtinti kriaukl\u0119, tiesiog i\u0161pjaukite atitinkam\u0105 skyl\u0119 \u2013 montavimas bus greitas ir paprastas.<\/p>\n<p>Su \u201eViva Cashmere\u201c 80 cm kriaukl\u0117s spintele su 2 stal\u010diais patirsite tobul\u0105 stiliaus ir funkcionalumo derin\u012f. Suteikiame 2 met\u0173 garantij\u0105, tod\u0117l galite b\u016bti tikri, kad investicija \u012f \u0161\u012f gamin\u012f atne\u0161 jums ilgus metus pasitenkinimo. \u012esitikinkite patys, kiek nedaug tereikia, kad j\u016bs\u0173 vonios kambarys tapt\u0173 tikra komforto ir elegancijos oaze!<\/p>","protected":false},"excerpt":{"rendered":"<p>Plotis (cm): 80<br \/>\n\u016agis (cm): 57<br \/>\nGylis (cm): 40<\/p>","protected":false},"featured_media":246274,"comment_status":"open","ping_status":"open","template":"","meta":[],"product_brand":[],"product_cat":[9117,2015,9183],"product_tag":[],"class_list":{"0":"post-246273","1":"product","2":"type-product","3":"status-publish","4":"has-post-thumbnail","6":"product_cat-bathroom","7":"product_cat-comad","8":"product_cat-bathroom-furniture-sets-comad","10":"first","11":"instock","12":"purchasable","13":"product-type-simple"},"_links":{"self":[{"href":"https:\/\/baldumarket.lt\/lt\/wp-json\/wp\/v2\/product\/246273","targetHints":{"allow":["GET"]}}],"collection":[{"href":"https:\/\/baldumarket.lt\/lt\/wp-json\/wp\/v2\/product"}],"about":[{"href":"https:\/\/baldumarket.lt\/lt\/wp-json\/wp\/v2\/types\/product"}],"replies":[{"embeddable":true,"href":"https:\/\/baldumarket.lt\/lt\/wp-json\/wp\/v2\/comments?post=246273"}],"wp:featuredmedia":[{"embeddable":true,"href":"https:\/\/baldumarket.lt\/lt\/wp-json\/wp\/v2\/media\/246274"}],"wp:attachment":[{"href":"https:\/\/baldumarket.lt\/lt\/wp-json\/wp\/v2\/media?parent=246273"}],"wp:term":[{"taxonomy":"product_brand","embeddable":true,"href":"https:\/\/baldumarket.lt\/lt\/wp-json\/wp\/v2\/product_brand?post=246273"},{"taxonomy":"product_cat","embeddable":true,"href":"https:\/\/baldumarket.lt\/lt\/wp-json\/wp\/v2\/product_cat?post=246273"},{"taxonomy":"product_tag","embeddable":true,"href":"https:\/\/baldumarket.lt\/lt\/wp-json\/wp\/v2\/product_tag?post=246273"}],"curies":[{"name":"wp","href":"https:\/\/api.w.org\/{rel}","templated":true}]}}