{"id":246269,"date":"2026-01-02T23:18:57","date_gmt":"2026-01-02T20:18:57","guid":{"rendered":"https:\/\/baldumarket.lt\/product\/zestaw-szafka-z-umywalka-i-blatem-2-szuflady-80-cm-viva-cashmere-2\/"},"modified":"2026-02-11T18:33:00","modified_gmt":"2026-02-11T15:33:00","slug":"zestaw-szafka-z-umywalka-i-blatem-2-szuflady-80-cm-viva-cashmere-2","status":"publish","type":"product","link":"https:\/\/baldumarket.lt\/lt\/product\/zestaw-szafka-z-umywalka-i-blatem-2-szuflady-80-cm-viva-cashmere-2\/","title":{"rendered":"Spintel\u0117s su praustuvu ir stalvir\u0161io su 2 stal\u010diais komplektas, 80 cm, Viva Cashmere"},"content":{"rendered":"<p>\u201eViva Cashmere\u201c 80 cm kriaukl\u0117s spintel\u0117 su stalvir\u0161iu ir 2 stal\u010diais. \u201eViva Cashmere\u201c vonios spinteli\u0173 komplektas \u2013 tai tobulas elegancijos ir funkcionalumo derinys. Du \u0161velniai u\u017esidarantys stal\u010diai, trima\u010diai \u201esilk\u0117s kaulo\u201c ra\u0161to fasadai ir \u012fvairios ranken\u0117li\u0173 spalvos leid\u017eia suasmeninti erdv\u0119. Med\u017eiagos Matmenys: Plotis (cm): 80 Gylis (cm): 40 Auk\u0161tis (cm): 57 Svoris (kg): 42,5 Techniniai duomenys: Komplekt\u0105 sudaro: Praustuvo spintel\u0117 su 2 stal\u010diais 80 cm Viva Cashmere, vonios stalvir\u0161is 80 cm NOVA CASHMERE, keraminis praustuvas DOMI-MB balta matin\u0117 32 cm Korpuso spalva: Matin\u0117 ka\u0161myro spalva Priekin\u0117s dalies spalva: Matin\u0117 ka\u0161myro spalva Ranken\u0117l\u0117s spalva: Blizgios auksin\u0117s spalvos, matin\u0117s juodos spalvos, blizgios chromo spalvos Stalvir\u0161io spalva: Matin\u0117 ka\u0161myro spalva Praustuvo spalva: Matin\u0117 balta Korpuso med\u017eiaga: Laminuota plok\u0161t\u0117 Priekin\u0117s dalies med\u017eiaga: MDF plok\u0161t\u0117 Ranken\u0117l\u0117s med\u017eiaga: Plastikas Praustuvo med\u017eiaga: Keramika Stalvir\u0161io med\u017eiaga: Laminuota plok\u0161t\u0117 Stal\u010di\u0173 b\u0117geliai: Tylus u\u017edarymas: Praustuvas pridedamas: Taip Stalvir\u0161is pridedamas: Taip \u012e komplekt\u0105 \u012feina montavimo rinkinys: Taip Surinkimas: Savaranki\u0161kas surinkimas. \u201eViva Cashmere\u201c 80 cm praustuvo komplektas su praustuvu ir stalvir\u0161iu su 2 stal\u010diais yra eleganti\u0161kas pasirinkimas tiems, kurie nori savo vonios kambariui suteikti prabangos ir stiliaus. Unikali ka\u0161myro spalva, derinama su trima\u010diais, frezuotais \u201esilk\u0117s kaulo\u201c ra\u0161to fasadais, suteikia visam interjerui unikal\u0173 charakter\u012f. \u0160is baldas kiekvien\u0105 vonios kambar\u012f paver\u010dia atpalaiduojan\u010dia erdve, kurioje estetika dera su funkcionalumu.<\/p>\n<p>M\u016bs\u0173 praustuvo spintel\u0117 harmoningai derina eleganti\u0161k\u0105 dizain\u0105 ir pragmati\u0161kum\u0105. Du erdv\u016bs stal\u010diai u\u017etikrina, kad visi svarbiausi aksesuarai visada b\u016bt\u0173 ranka pasiekiami, o \u0161velnaus u\u017edarymo sistema leid\u017eia jais naudotis dar maloniau. Tai puikus sprendimas norint palaikyti tvark\u0105 ma\u017eesn\u0117se erdv\u0117se, kur svarbi kiekviena detal\u0117. Blizgaus aukso, matin\u0117s juodos ir blizgaus chromo ranken\u0117l\u0117s suteikia unikal\u0173 akcent\u0105 ir leid\u017eia suasmeninti spintel\u0117s i\u0161vaizd\u0105.<\/p>\n<p>80 cm ilgio vonios stalvir\u0161is i\u0161 \u201eNova Cashmere\u201c kolekcijos yra ne tik esteti\u0161kai patrauklus, bet ir prakti\u0161kas. Pagamintas i\u0161 auk\u0161tos kokyb\u0117s MDF plok\u0161t\u0117s, jis u\u017etikrina patvarum\u0105 ir lengv\u0105 valym\u0105. Minimalistinis dizainas leid\u017eia jam skland\u017eiai integruotis \u012f \u012fvairius interjerus, sukuriant harmoning\u0105 visum\u0105 su kitais baldais. Be to, naudodami rekomenduojamus gaminius, galite laisvai pritaikyti erdv\u0119 pagal savo poreikius, sukurdami unikal\u0173 savo svajoni\u0173 vonios kambar\u012f.<\/p>\n<p>Kiekvienas baldas yra kruop\u0161taus d\u0117mesio detal\u0117ms ir i\u0161skirtinio meistri\u0161kumo rezultatas. Komplektui suteikiama 2 met\u0173 garantija, patvirtinanti auk\u0161t\u0105 panaudot\u0173 med\u017eiag\u0173, toki\u0173 kaip laminuota plok\u0161t\u0117 ir keramin\u0117 kriaukl\u0117, kokyb\u0119. D\u0117l savaiminio surinkimo sistemos galite greitai ir lengvai m\u0117gautis savo nauju baldu be profesionalios pagalbos. Investuokite \u012f savo komfort\u0105 ir interjero estetik\u0105 su \u201eViva Cashmere\u201c komplektu.<\/p>","protected":false},"excerpt":{"rendered":"<p>Plotis (cm): 80<br \/>\n\u016agis (cm): 57<br \/>\nGylis (cm): 40<\/p>","protected":false},"featured_media":246270,"comment_status":"open","ping_status":"open","template":"","meta":[],"product_brand":[],"product_cat":[9117,2015,9183],"product_tag":[],"class_list":{"0":"post-246269","1":"product","2":"type-product","3":"status-publish","4":"has-post-thumbnail","6":"product_cat-bathroom","7":"product_cat-comad","8":"product_cat-bathroom-furniture-sets-comad","10":"first","11":"instock","12":"purchasable","13":"product-type-simple"},"_links":{"self":[{"href":"https:\/\/baldumarket.lt\/lt\/wp-json\/wp\/v2\/product\/246269","targetHints":{"allow":["GET"]}}],"collection":[{"href":"https:\/\/baldumarket.lt\/lt\/wp-json\/wp\/v2\/product"}],"about":[{"href":"https:\/\/baldumarket.lt\/lt\/wp-json\/wp\/v2\/types\/product"}],"replies":[{"embeddable":true,"href":"https:\/\/baldumarket.lt\/lt\/wp-json\/wp\/v2\/comments?post=246269"}],"wp:featuredmedia":[{"embeddable":true,"href":"https:\/\/baldumarket.lt\/lt\/wp-json\/wp\/v2\/media\/246270"}],"wp:attachment":[{"href":"https:\/\/baldumarket.lt\/lt\/wp-json\/wp\/v2\/media?parent=246269"}],"wp:term":[{"taxonomy":"product_brand","embeddable":true,"href":"https:\/\/baldumarket.lt\/lt\/wp-json\/wp\/v2\/product_brand?post=246269"},{"taxonomy":"product_cat","embeddable":true,"href":"https:\/\/baldumarket.lt\/lt\/wp-json\/wp\/v2\/product_cat?post=246269"},{"taxonomy":"product_tag","embeddable":true,"href":"https:\/\/baldumarket.lt\/lt\/wp-json\/wp\/v2\/product_tag?post=246269"}],"curies":[{"name":"wp","href":"https:\/\/api.w.org\/{rel}","templated":true}]}}