{"id":246264,"date":"2026-01-02T23:18:55","date_gmt":"2026-01-02T20:18:55","guid":{"rendered":"https:\/\/baldumarket.lt\/product\/zestaw-szafka-z-umywalka-i-blatem-2-szuflady-80-cm-viva-cashmere\/"},"modified":"2026-02-11T18:33:00","modified_gmt":"2026-02-11T15:33:00","slug":"zestaw-szafka-z-umywalka-i-blatem-2-szuflady-80-cm-viva-cashmere","status":"publish","type":"product","link":"https:\/\/baldumarket.lt\/lt\/product\/zestaw-szafka-z-umywalka-i-blatem-2-szuflady-80-cm-viva-cashmere\/","title":{"rendered":"Spintel\u0117s su praustuvu ir stalvir\u0161io su 2 stal\u010diais komplektas, 80 cm, Viva Cashmere"},"content":{"rendered":"<p>\u201eViva Cashmere\u201c 80 cm kriaukl\u0117s spintel\u0117 su stalvir\u0161iu ir 2 stal\u010diais. \u201eViva Cashmere\u201c kriaukl\u0117s spintel\u0117s komplektas yra eleganti\u0161kas bet kurio vonios kambario papildymas. Ji turi du erdvius stal\u010dius su \u0161velnaus u\u017edarymo mechanizmu, o trima\u010diai, frezuoti, eglut\u0117s formos fasadai suteikia unikal\u0173 charakter\u012f. Trij\u0173 spalv\u0173 ranken\u0117l\u0117s. Matmenys: Plotis (cm): 80 Gylis (cm): 40 Auk\u0161tis (cm): 57 Svoris (kg): 40,5 Techniniai duomenys: Komplekt\u0105 sudaro: Praustuvo spintel\u0117 su 2 stal\u010diais 80 cm \u201eViva Cashmere\u201c, vonios stalvir\u0161is 80 cm \u201eNOVA WHITE\u201c, keraminis praustuvas LOLA-GW baltai blizgi 40,5 cm Korpuso spalva: matin\u0117 ka\u0161myro spalva Priekin\u0117s spalvos: matin\u0117 ka\u0161myro spalva Ranken\u0117li\u0173 spalva: blizgi auksin\u0117, matin\u0117 juoda, blizgus chromas Stalvir\u0161io spalva: balta Praustuvo spalva: blizgi balta Korpuso med\u017eiaga: laminuota plok\u0161t\u0117 Priekin\u0117 med\u017eiaga: MDF plok\u0161t\u0117 Ranken\u0117li\u0173 med\u017eiaga: plastikas Praustuvo med\u017eiaga: keramika Stalvir\u0161io med\u017eiaga: laminuota plok\u0161t\u0117 B\u0117geliai Stal\u010diai: \u0161velnaus u\u017edarymo. Kriaukl\u0117 yra komplekte: taip. Stalvir\u0161is yra komplekte: taip. Surinkimo rinkinys yra komplekte: taip. Surinkimas: Savaranki\u0161kas surinkimas. \u201eViva Cashmere\u201c kriaukl\u0117s ir stalvir\u0161io komplektas su 2 stal\u010diais (80 cm) yra tikras perlas visiems, norintiems savo vonios kambariui suteikti elegancijos. Subtili estetika derina modern\u0173 dizain\u0105 su paprastu naudojimu, tod\u0117l tai idealus sprendimas tiek ma\u017eiems, tiek dideliems interjerams. Stilinga matin\u0117 ka\u0161myro spalva kartu su frezuotais \u201esilk\u0117s kaulo\u201c ra\u0161to fasadais sukuria unikal\u0173 efekt\u0105, kuris patraukia ak\u012f ir suteikia charakterio bet kokiam kambariui.<\/p>\n<p>Du patog\u016bs stal\u010diai leid\u017eia susid\u0117ti b\u016btiniausius daiktus, u\u017etikrinant tvark\u0105 ir funkcionalum\u0105. \u0160velnaus u\u017edarymo sistema suteikia papildomo komforto, pa\u0161alindama nemalonius u\u017edarymo garsus. D\u0117l gerai apgalvoto dizaino 40 cm gylio spintel\u0117 puikiai tinka net ir ma\u017eesniems vonios kambariams, suteikdama reikiam\u0105 erdv\u0119 neu\u017eimdama per daug vietos. Kiekviena detal\u0117 buvo kruop\u0161\u010diai apgalvota, tod\u0117l \u0161is baldas yra ne tik prakti\u0161kas, bet ir esteti\u0161kai patrauklus.<\/p>\n<p>Komplekt\u0105 sudaro eleganti\u0161kos blizgios baltos spalvos keramin\u0117 stalvir\u0161io kriaukl\u0117, kuri puikiai dera su \u201eNova White\u201c vonios stalvir\u0161iu. \u0160is derinys garantuoja elegancij\u0105 ir stili\u0173, be to, j\u012f lengva valyti. Ranken\u0117l\u0117s yra trij\u0173 spalv\u0173: blizgios auksin\u0117s, blizgios chromo ir matin\u0117s juodos, tod\u0117l galite suasmeninti spintel\u0119 pagal savo individualius poreikius ir skon\u012f.<\/p>\n<p>Naudot\u0173 med\u017eiag\u0173, toki\u0173 kaip MDF ir laminuota plok\u0161t\u0117, patvarumas u\u017etikrina ilgaam\u017ei\u0161kum\u0105 ir atsparum\u0105 kasdieniam naudojimui. Visi komponentai yra auk\u0161tos kokyb\u0117s, k\u0105 patvirtina dvej\u0173 met\u0173 garantija. Komplektas pristatomas savaranki\u0161kai surenkamose pakuot\u0117se, tod\u0117l j\u012f galima greitai ir lengvai surinkti bet kurioje vietoje \u2013 idealus sprendimas tiems, kurie vertina prakti\u0161kum\u0105 ir patogum\u0105.<\/p>\n<p>Pasirinkdami \u201eViva Cashmere\u201c 80 cm kriaukl\u0117s spintel\u0119 su stalvir\u0161iu ir 2 stal\u010diais, investuojate \u012f bald\u0105, kuris ne tik papuo\u0161 j\u016bs\u0173 vonios kambar\u012f, bet ir pavers kiekvien\u0105 jame praleist\u0105 akimirk\u0105 ypatinga. Palepinkite save prabangos prisilietimu ir m\u0117gaukit\u0117s \u0161ios nepaprastos spintel\u0117s gro\u017eiu bei komfortu.<\/p>","protected":false},"excerpt":{"rendered":"<p>Plotis (cm): 80<br \/>\n\u016agis (cm): 57<br \/>\nGylis (cm): 40<\/p>","protected":false},"featured_media":246265,"comment_status":"open","ping_status":"open","template":"","meta":[],"product_brand":[],"product_cat":[9117,2015,9183],"product_tag":[],"class_list":{"0":"post-246264","1":"product","2":"type-product","3":"status-publish","4":"has-post-thumbnail","6":"product_cat-bathroom","7":"product_cat-comad","8":"product_cat-bathroom-furniture-sets-comad","10":"first","11":"instock","12":"purchasable","13":"product-type-simple"},"_links":{"self":[{"href":"https:\/\/baldumarket.lt\/lt\/wp-json\/wp\/v2\/product\/246264","targetHints":{"allow":["GET"]}}],"collection":[{"href":"https:\/\/baldumarket.lt\/lt\/wp-json\/wp\/v2\/product"}],"about":[{"href":"https:\/\/baldumarket.lt\/lt\/wp-json\/wp\/v2\/types\/product"}],"replies":[{"embeddable":true,"href":"https:\/\/baldumarket.lt\/lt\/wp-json\/wp\/v2\/comments?post=246264"}],"wp:featuredmedia":[{"embeddable":true,"href":"https:\/\/baldumarket.lt\/lt\/wp-json\/wp\/v2\/media\/246265"}],"wp:attachment":[{"href":"https:\/\/baldumarket.lt\/lt\/wp-json\/wp\/v2\/media?parent=246264"}],"wp:term":[{"taxonomy":"product_brand","embeddable":true,"href":"https:\/\/baldumarket.lt\/lt\/wp-json\/wp\/v2\/product_brand?post=246264"},{"taxonomy":"product_cat","embeddable":true,"href":"https:\/\/baldumarket.lt\/lt\/wp-json\/wp\/v2\/product_cat?post=246264"},{"taxonomy":"product_tag","embeddable":true,"href":"https:\/\/baldumarket.lt\/lt\/wp-json\/wp\/v2\/product_tag?post=246264"}],"curies":[{"name":"wp","href":"https:\/\/api.w.org\/{rel}","templated":true}]}}