{"id":246261,"date":"2026-01-02T23:18:52","date_gmt":"2026-01-02T20:18:52","guid":{"rendered":"https:\/\/baldumarket.lt\/product\/zestaw-szafka-z-umywalka-i-blatem-2-szuflady-60-cm-viva-cashmere-dab-coast-evoke\/"},"modified":"2026-02-11T18:33:00","modified_gmt":"2026-02-11T15:33:00","slug":"zestaw-szafka-z-umywalka-i-blatem-2-szuflady-60-cm-viva-cashmere-dab-coast-evoke","status":"publish","type":"product","link":"https:\/\/baldumarket.lt\/lt\/product\/zestaw-szafka-z-umywalka-i-blatem-2-szuflady-60-cm-viva-cashmere-dab-coast-evoke\/","title":{"rendered":"Spintel\u0117s su praustuvu ir stalvir\u0161iu su 2 stal\u010diais komplektas, 60 cm, \u201eViva Cashmere Oak Coast Evoke\u201c"},"content":{"rendered":"<p>\u201eViva Cashmere\u201c 60 cm \u201eCoast Evoke\u201c praustuvo spintel\u0117 su kriaukle ir stalvir\u0161iu, 2 stal\u010diais. \u201eViva Cashmere\u201c praustuvo spintel\u0117 su kriaukle derina elegancij\u0105 ir funkcionalum\u0105. Du erdv\u016bs stal\u010diai su \u0161velnaus u\u017edarymo mechanizmu ir trima\u010diais \u201eeglut\u0117s kaulo\u201c ra\u0161to fasadais suteikia j\u016bs\u0173 vonios kambariui unikalaus stiliaus. \u201eCoast Evoke Oak\u201c stalvir\u0161is suteikia nat\u016bralumo. Matmenys: Plotis (cm): 60 Gylis (cm): 40 Auk\u0161tis (cm): 57 Svoris (kg): 33 Techniniai duomenys: Komplekt\u0105 sudaro: \u201eViva Cashmere\u201c praustuvo spintel\u0117 su 2 stal\u010diais 60 cm, \u201eNOVA OAK\u201c vonios stalvir\u0161is 60 cm, \u201eLOLA-GW\u201c baltas blizgus keraminis praustuvas 40,5 cm Korpuso spalva: matin\u0117 ka\u0161myro spalva Priekin\u0117s spalvos: matin\u0117 ka\u0161myro spalva Ranken\u0117l\u0117s spalva: blizgi auksin\u0117, matin\u0117 juoda, blizgi chromas Stalvir\u0161io spalva: \u201eCoast Evoke Oak\u201c praustuvo spalva: blizgi balta Korpuso med\u017eiaga: laminuota plok\u0161t\u0117 Priekin\u0117s med\u017eiagos: MDF plok\u0161t\u0117 Ranken\u0117l\u0117s med\u017eiaga: plastikas Praustuvo med\u017eiaga: keramika Stalvir\u0161io med\u017eiaga: laminuota plok\u0161t\u0117 Stal\u010di\u0173 b\u0117geliai: \u0161velnaus u\u017edarymo sistema Praustuvas \u012fskai\u010diuotas: taip Stalvir\u0161is \u012fskai\u010diuotas: taip Surinkimo rinkinys \u012fskai\u010diuotas: taip Surinkimas: savaranki\u0161kas surinkimas. \u201eViva Cashmere\u201c praustuvo komplektas su praustuvu ir stalvir\u0161iu yra eleganti\u0161kas sprendimas, kuris suteiks j\u016bs\u0173 vonios kambariui unikalaus stiliaus ir harmonijos. Harmoningas matinio ka\u0161myro ir nat\u016bralaus \u201eCoast Evoke Oak\u201c akcento derinys suteikia ne tik estetinio patrauklumo, bet ir \u0161ilumos, tod\u0117l kiekvienas apsilankymas vonios kambaryje bus malonus. Trima\u010diai, frezuoti \u201esilk\u0117s kaulo\u201c ra\u0161to fasadai suteikia charakterio bet kokiam interjerui.<\/p>\n<p>Prakti\u0161kumas \u2013 dar vienas \u0161io komplekto privalumas. Du erdv\u016bs stal\u010diai suteikia puiki\u0105 viet\u0105 vonios kambario aksesuarams susid\u0117ti, tod\u0117l juos lengva sutvarkyti kasdien. \u0160velnaus u\u017edarymo sistema dar labiau padidina spintel\u0117s naudojimo patogum\u0105, pa\u0161alindama standartiniams baldams b\u016bding\u0105 triuk\u0161m\u0105. Pagamintas i\u0161 auk\u0161tos kokyb\u0117s med\u017eiag\u0173, toki\u0173 kaip MDF ir laminuota plok\u0161t\u0117, komplektas tarnaus daugel\u012f met\u0173 neprarasdamas savo \u017eavesio.<\/p>\n<p>D\u0117l gerai apgalvoto dizaino 60x40x57 cm dyd\u017eio praustuvo spintel\u0117 puikiai tinka \u012fvairiems interjerams, \u012fskaitant ma\u017eesnius vonios kambarius, kur svarbus kiekvienas centimetras. Ergonomi\u0161kas gylis ne tik suteikia vietos visiems svarbiausiems j\u016bs\u0173 aksesuarams, bet ir sukuria patog\u0173 bei funkcional\u0173 i\u0161d\u0117stym\u0105. Komplektas papildo kitas kolekcijas, tokias kaip \u201eNova Oak\u201c, \u201eNova White\u201c ir \u201eNova Cashmere\u201c, leisdamas jums sukurti unikalius interjerus.<\/p>\n<p>Jau nekalbant apie stilistin\u012f lankstum\u0105 \u2013 komplekte yra trij\u0173 spalv\u0173 ranken\u0117l\u0117s: blizgios auksin\u0117s, matin\u0117s juodos ir blizgaus chromo, tod\u0117l galite suasmeninti baldo i\u0161vaizd\u0105 pagal savo pageidavimus. Kiekviena detal\u0117 \u2013 nuo universali\u0173 spalv\u0173 iki auk\u0161tos kokyb\u0117s med\u017eiag\u0173 \u2013 buvo sukurta atsi\u017evelgiant \u012f j\u016bs\u0173 pasitenkinim\u0105. 2 met\u0173 garantija dar kart\u0105 patvirtina \u0161io i\u0161skirtinio komplekto patvarum\u0105 ir kokyb\u0119.<\/p>\n<p>Sukurkite erdv\u0119, kuri b\u016bt\u0173 ne tik funkcionali, bet ir gra\u017ei. \u201eViva Cashmere\u201c praustuvo komplektas su kriaukle ir stalvir\u0161iu yra puikus pasirinkimas tiems, kurie vertina elegancij\u0105 ir komfort\u0105 kasdieniame gyvenime.<\/p>","protected":false},"excerpt":{"rendered":"<p>Plotis (cm): 60<br \/>\n\u016agis (cm): 57<br \/>\nGylis (cm): 40<\/p>","protected":false},"featured_media":246262,"comment_status":"open","ping_status":"open","template":"","meta":[],"product_brand":[],"product_cat":[9117,2015,9183],"product_tag":[],"class_list":{"0":"post-246261","1":"product","2":"type-product","3":"status-publish","4":"has-post-thumbnail","6":"product_cat-bathroom","7":"product_cat-comad","8":"product_cat-bathroom-furniture-sets-comad","10":"first","11":"instock","12":"purchasable","13":"product-type-simple"},"_links":{"self":[{"href":"https:\/\/baldumarket.lt\/lt\/wp-json\/wp\/v2\/product\/246261","targetHints":{"allow":["GET"]}}],"collection":[{"href":"https:\/\/baldumarket.lt\/lt\/wp-json\/wp\/v2\/product"}],"about":[{"href":"https:\/\/baldumarket.lt\/lt\/wp-json\/wp\/v2\/types\/product"}],"replies":[{"embeddable":true,"href":"https:\/\/baldumarket.lt\/lt\/wp-json\/wp\/v2\/comments?post=246261"}],"wp:featuredmedia":[{"embeddable":true,"href":"https:\/\/baldumarket.lt\/lt\/wp-json\/wp\/v2\/media\/246262"}],"wp:attachment":[{"href":"https:\/\/baldumarket.lt\/lt\/wp-json\/wp\/v2\/media?parent=246261"}],"wp:term":[{"taxonomy":"product_brand","embeddable":true,"href":"https:\/\/baldumarket.lt\/lt\/wp-json\/wp\/v2\/product_brand?post=246261"},{"taxonomy":"product_cat","embeddable":true,"href":"https:\/\/baldumarket.lt\/lt\/wp-json\/wp\/v2\/product_cat?post=246261"},{"taxonomy":"product_tag","embeddable":true,"href":"https:\/\/baldumarket.lt\/lt\/wp-json\/wp\/v2\/product_tag?post=246261"}],"curies":[{"name":"wp","href":"https:\/\/api.w.org\/{rel}","templated":true}]}}