{"id":246258,"date":"2026-01-02T23:18:50","date_gmt":"2026-01-02T20:18:50","guid":{"rendered":"https:\/\/baldumarket.lt\/product\/zestaw-szafka-z-umywalka-i-blatem-2-szuflady-60-cm-viva-cashmere-bialy\/"},"modified":"2026-02-11T18:33:00","modified_gmt":"2026-02-11T15:33:00","slug":"zestaw-szafka-z-umywalka-i-blatem-2-szuflady-60-cm-viva-cashmere-bialy","status":"publish","type":"product","link":"https:\/\/baldumarket.lt\/lt\/product\/zestaw-szafka-z-umywalka-i-blatem-2-szuflady-60-cm-viva-cashmere-bialy\/","title":{"rendered":"Spintel\u0117s su kriaukle ir stalvir\u0161iu su 2 stal\u010diais komplektas, 60 cm, \u201eViva Cashmere White\u201c"},"content":{"rendered":"<p>\u201eViva Cashmere\u201c 60 cm balta kriaukl\u0117s spintel\u0117 su 2 stal\u010diais. \u201eViva Cashmere\u201c 60 cm kriaukl\u0117s spintel\u0117 sujungia eleganti\u0161k\u0105 dizain\u0105 ir funkcionalum\u0105. Subtil\u016bs frezuoti \u201esilk\u0117s kaulo\u201c ra\u0161to fasadai ir trij\u0173 spalv\u0173 ranken\u0117l\u0117s leid\u017eia suasmeninti. Du erdv\u016bs stal\u010diai su \u0161velniai u\u017esidaran\u010diais vyriais. Matmenys: Plotis (cm): 60 Gylis (cm): 40 Auk\u0161tis (cm): 57 Svoris (kg): 34,5 Techniniai duomenys: Komplekt\u0105 sudaro: Praustuvo spintel\u0117 su 2 stal\u010diais 60 cm Viva Cashmere, vonios stalvir\u0161is 60 cm NOVA WHITE, keraminis praustuvas LOLA-GW baltas blizgus 40,5 cm Korpuso spalva: Matin\u0117 ka\u0161myro spalva Priekin\u0117s spalvos: Matin\u0117 ka\u0161myro spalva Ranken\u0117l\u0117s spalva: Blizgi auksin\u0117, matin\u0117 juoda, blizgus chromas Stalvir\u0161io spalva: Balta Praustuvo spalva: Blizgi balta Korpuso med\u017eiaga: Laminuota plok\u0161t\u0117 Priekin\u0117 med\u017eiaga: MDF plok\u0161t\u0117 Ranken\u0117l\u0117s med\u017eiaga: Plastikas Stalvir\u0161io med\u017eiaga: Laminuota plok\u0161t\u0117 Kriaukl\u0117s: Keramika Stal\u010di\u0173 b\u0117geliai: \u0160velniai u\u017esidarantys Praustuvas \u012f komplekt\u0105 \u012feina: Taip Stalvir\u0161is \u012f komplekt\u0105 \u012feina: Taip Surinkimo rinkinys \u012f komplekt\u0105 \u012feina: Taip Surinkimas: Savaranki\u0161kas surinkimas \u201eViva Cashmere White\u201c kriaukl\u0117s ir stalvir\u0161io komplektas su 2 stal\u010diais, 60 cm, yra puikus sprendimas tiems, kurie nori savo vonios kambariui suteikti elegancijos ir funkcionalumo. Subtilus ka\u0161myro pavir\u0161ius puikiai dera su baltu stalvir\u0161iu, sukurdamas darni\u0105 ir \u0161iuolaiki\u0161k\u0105 estetik\u0105. Trima\u010diai, frezuoti \u201esilk\u0117s kaulo\u201c ra\u0161to fasadai neabejotinai yra intriguojantis akcentas, kuris suteiks charakterio bet kokiam interjerui. \u0160is baldas puikiai der\u0117s prie \u012fvairi\u0173 interjer\u0173 \u2013 nuo klasikini\u0173 iki modernesni\u0173.<\/p>\n<p>\u0160io komplekto funkcionalumas \u012fsp\u016bdingas. Du erdv\u016bs stal\u010diai suteikia vietos visiems svarbiausiems vonios kambario aksesuarams susid\u0117ti ir padeda palaikyti tvark\u0105. Be to, novatori\u0161ka \u0161velnaus u\u017edarymo sistema stal\u010di\u0173 naudojim\u0105 paver\u010dia tikru malonumu. Nesvarbu, ar jums reikia vietos kosmetikai, rank\u0161luos\u010diams ar valymo priemon\u0117ms, \u0161is komplektas suteiks jums patogumo ir lengv\u0105 prieig\u0105 prie visko, ko jums reikia.<\/p>\n<p>Auk\u0161tos kokyb\u0117s med\u017eiagos, tokios kaip MDF ir laminuota plok\u0161t\u0117, u\u017etikrina patvarum\u0105 ir ilgaam\u017ei\u0161kum\u0105. 40 cm gylis daro komplekt\u0105 idealiu ma\u017eesniems vonios kambariams, kur reikia i\u0161naudoti kiekvien\u0105 erdv\u0119. D\u0117l gerai apgalvoto dizaino galite m\u0117gautis funkcionalumu neprarandant estetikos.<\/p>\n<p>Be puikaus dizaino ir funkcionalumo, komplektas taip pat si\u016blo pritaikymo galimybes. Ranken\u0117l\u0117s, kurias galima \u012fsigyti trij\u0173 spalv\u0173 \u2013 blizgaus aukso, matin\u0117s juodos ir blizgaus chromo \u2013 suteikia plat\u0173 pasirinkim\u0105, kad atitikt\u0173 j\u016bs\u0173 individual\u0173 stili\u0173. Be to, visi\u0161kas suderinamumas su \u201eNova Oak\u201c, \u201eNova White\u201c ir \u201eNova Cashmere\u201c kolekcijomis leid\u017eia sukurti unikal\u0173 ir darn\u0173 interjero dizain\u0105.<\/p>\n<p>\u012esigydami praustuvo ir kriaukl\u0117s komplekt\u0105, investuojate ne tik \u012f esteti\u0161kai patrauklius baldus, bet ir \u012f kokyb\u0119 bei naudojimo paprastum\u0105, k\u0105 patvirtina dvej\u0173 met\u0173 garantija. \u201eComad\u201c vonios kambario baldai pristatomi savaranki\u0161kai surenkamose pakuot\u0117se, tod\u0117l tai prakti\u0161kas ir paprastas pasirinkimas visiems, norintiems savo vonios kambariui suteikti modernumo ir stiliaus.<\/p>","protected":false},"excerpt":{"rendered":"<p>Plotis (cm): 60<br \/>\n\u016agis (cm): 57<br \/>\nGylis (cm): 40<\/p>","protected":false},"featured_media":246259,"comment_status":"open","ping_status":"open","template":"","meta":[],"product_brand":[],"product_cat":[9117,2015,9183],"product_tag":[],"class_list":{"0":"post-246258","1":"product","2":"type-product","3":"status-publish","4":"has-post-thumbnail","6":"product_cat-bathroom","7":"product_cat-comad","8":"product_cat-bathroom-furniture-sets-comad","10":"first","11":"instock","12":"purchasable","13":"product-type-simple"},"_links":{"self":[{"href":"https:\/\/baldumarket.lt\/lt\/wp-json\/wp\/v2\/product\/246258","targetHints":{"allow":["GET"]}}],"collection":[{"href":"https:\/\/baldumarket.lt\/lt\/wp-json\/wp\/v2\/product"}],"about":[{"href":"https:\/\/baldumarket.lt\/lt\/wp-json\/wp\/v2\/types\/product"}],"replies":[{"embeddable":true,"href":"https:\/\/baldumarket.lt\/lt\/wp-json\/wp\/v2\/comments?post=246258"}],"wp:featuredmedia":[{"embeddable":true,"href":"https:\/\/baldumarket.lt\/lt\/wp-json\/wp\/v2\/media\/246259"}],"wp:attachment":[{"href":"https:\/\/baldumarket.lt\/lt\/wp-json\/wp\/v2\/media?parent=246258"}],"wp:term":[{"taxonomy":"product_brand","embeddable":true,"href":"https:\/\/baldumarket.lt\/lt\/wp-json\/wp\/v2\/product_brand?post=246258"},{"taxonomy":"product_cat","embeddable":true,"href":"https:\/\/baldumarket.lt\/lt\/wp-json\/wp\/v2\/product_cat?post=246258"},{"taxonomy":"product_tag","embeddable":true,"href":"https:\/\/baldumarket.lt\/lt\/wp-json\/wp\/v2\/product_tag?post=246258"}],"curies":[{"name":"wp","href":"https:\/\/api.w.org\/{rel}","templated":true}]}}