{"id":246254,"date":"2026-01-02T23:18:48","date_gmt":"2026-01-02T20:18:48","guid":{"rendered":"https:\/\/baldumarket.lt\/product\/zestaw-szafka-z-umywalka-i-blatem-2-szuflady-60-cm-viva-cashmere\/"},"modified":"2026-02-11T18:33:00","modified_gmt":"2026-02-11T15:33:00","slug":"zestaw-szafka-z-umywalka-i-blatem-2-szuflady-60-cm-viva-cashmere","status":"publish","type":"product","link":"https:\/\/baldumarket.lt\/lt\/product\/zestaw-szafka-z-umywalka-i-blatem-2-szuflady-60-cm-viva-cashmere\/","title":{"rendered":"Spintel\u0117s su praustuvu ir stalvir\u0161io su 2 stal\u010diais komplektas, 60 cm Viva Cashmere"},"content":{"rendered":"<p>\u201eViva\u201c ka\u0161myro kriaukl\u0117s spintel\u0117 su stalvir\u0161iu ir dviem stal\u010diais, 60 cm komplektas. \u201eViva\u201c ka\u0161myro kriaukl\u0117s spintel\u0117 su stalvir\u0161iu yra eleganti\u0161kas bet kurio vonios kambario papildymas. Tur\u0117dama du stal\u010dius ir stiling\u0105 \u201eCoast Oak\u201c stalvir\u0161\u012f, ji derina modern\u0173 dizain\u0105 su funkcionalumu. \u0160velniai u\u017esidarantys stal\u010diai ir platus ranken\u0117li\u0173 spalv\u0173 pasirinkimas. Matmenys: Plotis (cm): 60 Gylis (cm): 40 Auk\u0161tis (cm): 57 Svoris (kg): 36,5 Techniniai duomenys: Komplekt\u0105 sudaro: \u201eViva\u201c ka\u0161myro praustuvo spintel\u0117 su 2 stal\u010diais, 60 cm, \u201eNOVA CASHMERE\u201c vonios kambario stalvir\u0161is, 60 cm, \u201eDOMI-MB\u201c keraminis praustuvas, matinis baltas, 32 cm; Korpuso spalva: matin\u0117 ka\u0161myro spalva; Priekin\u0117 spalva: matin\u0117 ka\u0161myro spalva; Ranken\u0117li\u0173 spalva: blizgi auksin\u0117, matin\u0117 juoda, blizgus chromas; Stalvir\u0161io spalva: \u201eCoast Evoke Oak\u201c praustuvo spalva: matin\u0117 balta; Korpuso med\u017eiaga: laminuota plok\u0161t\u0117; Priekin\u0117 med\u017eiaga: MDF; Ranken\u0117li\u0173 med\u017eiaga: plastikas; Stalvir\u0161io med\u017eiaga: laminuota plok\u0161t\u0117; Stal\u010di\u0173 b\u0117geliai: tylus u\u017edarymas: praustuvo med\u017eiaga: keramika. Stalvir\u0161is yra komplekte: taip. Praustuvas yra komplekte: taip. \u012e komplekt\u0105 \u012feina: Taip. Surinkimas: Savaranki\u0161kas surinkimas. Garsaus prek\u0117s \u017eenklo \u201eComad\u201c sukurtas \u201eViva Cashmere\u201c 60 cm praustuvo komplektas su praustuvu ir stalvir\u0161iu bei 2 stal\u010diais yra puikus sprendimas tiems, kurie nori vonios kambaryje derinti estetik\u0105 ir funkcionalum\u0105. Eleganti\u0161kas matinis ka\u0161myro korpusas suteikia interjerui unikali\u0105 atmosfer\u0105, o trima\u010diai, frezuoti \u201esilk\u0117s kaulo\u201c ra\u0161to fasadai \u2013 unikal\u0173 charakter\u012f. \u0160is komplektas yra ne tik baldas, bet ir stilinga i\u0161rai\u0161ka, kuri pagyvins j\u016bs\u0173 erdv\u0119.<\/p>\n<p>Du erdv\u016bs stal\u010diai suteikia daug vietos svarbiausiems vonios kambario aksesuarams, tuo pa\u010diu u\u017etikrinant tvark\u0105 ir ai\u0161kum\u0105 kasdien naudojantis. Visi bald\u0173 elementai, \u012fskaitant \u0161velniai u\u017esidarant\u012f stal\u010di\u0173 sistem\u0105, buvo sukurti atsi\u017evelgiant \u012f maksimal\u0173 komfort\u0105. Patvarios med\u017eiagos, tokios kaip auk\u0161tos kokyb\u0117s MDF ir laminuota plok\u0161t\u0117, u\u017etikrina, kad baldas tarnaus ilgus metus ir i\u0161laikys eleganti\u0161k\u0105 i\u0161vaizd\u0105.<\/p>\n<p>60 cm ilgio vonios stalvir\u0161is i\u0161 \u201eNova Cashmere\u201c kolekcijos harmoningai papildo likus\u012f komplekt\u0105, sukurdamas darni\u0105 ir esteti\u0161kai patraukli\u0105 visum\u0105. Minimalistinis dizainas leid\u017eia lengvai pritaikyti j\u012f prie \u012fvairi\u0173 interjero dizain\u0173, o \u201eCoast Evoke\u201c \u0105\u017euolo spalva dar labiau sustiprina bendr\u0105 kompozicij\u0105. Svarbu tai, kad stalvir\u0161\u012f taip pat lengva valyti, tod\u0117l jis yra prakti\u0161kas sprendimas kasdieniam naudojimui.<\/p>\n<p>Matin\u0117s baltos spalvos keraminis stalvir\u0161io praustuvas DOMI-MB yra dar vienas \u0161io komplekto patrauklumo aspektas. Elegancijos ir prakti\u0161kumo derinys paver\u010dia j\u012f bet kurio vonios kambario traukos centru, traukian\u010diu ak\u012f ir suteikian\u010diu jam unikal\u0173 charakter\u012f. Be to, \u012fvairios ranken\u0117l\u0117s trij\u0173 mading\u0173 spalv\u0173 \u2013 blizgaus aukso, matin\u0117s juodos ir blizgaus chromo \u2013 leid\u017eia suasmeninti bald\u0105 pagal savo pageidavimus.<\/p>\n<p>Trumpai tariant, \u201eViva Cashmere\u201c 60 cm kriaukl\u0117s spintel\u0117 su stalvir\u0161iu ir 2 stal\u010diais yra puikus pasirinkimas tiems, kurie vertina stili\u0173 ir kokyb\u0119. \u0160is komplektas, apjungiantis modern\u0173 dizain\u0105, prakti\u0161kum\u0105 ir lengv\u0105 surinkim\u0105, gali tapti ne tik prakti\u0161ku j\u016bs\u0173 vonios kambario elementu, bet ir gra\u017eiu akcentu, pabr\u0117\u017eian\u010diu jo elegancij\u0105. Tegul kiekviena diena prasideda stilingame interjere, si\u016blan\u010diame tai, kas geriausia!<\/p>","protected":false},"excerpt":{"rendered":"<p>Plotis (cm): 60<br \/>\n\u016agis (cm): 57<br \/>\nGylis (cm): 40<\/p>","protected":false},"featured_media":246255,"comment_status":"open","ping_status":"open","template":"","meta":[],"product_brand":[],"product_cat":[9117,2015,9183],"product_tag":[],"class_list":{"0":"post-246254","1":"product","2":"type-product","3":"status-publish","4":"has-post-thumbnail","6":"product_cat-bathroom","7":"product_cat-comad","8":"product_cat-bathroom-furniture-sets-comad","10":"first","11":"instock","12":"purchasable","13":"product-type-simple"},"_links":{"self":[{"href":"https:\/\/baldumarket.lt\/lt\/wp-json\/wp\/v2\/product\/246254","targetHints":{"allow":["GET"]}}],"collection":[{"href":"https:\/\/baldumarket.lt\/lt\/wp-json\/wp\/v2\/product"}],"about":[{"href":"https:\/\/baldumarket.lt\/lt\/wp-json\/wp\/v2\/types\/product"}],"replies":[{"embeddable":true,"href":"https:\/\/baldumarket.lt\/lt\/wp-json\/wp\/v2\/comments?post=246254"}],"wp:featuredmedia":[{"embeddable":true,"href":"https:\/\/baldumarket.lt\/lt\/wp-json\/wp\/v2\/media\/246255"}],"wp:attachment":[{"href":"https:\/\/baldumarket.lt\/lt\/wp-json\/wp\/v2\/media?parent=246254"}],"wp:term":[{"taxonomy":"product_brand","embeddable":true,"href":"https:\/\/baldumarket.lt\/lt\/wp-json\/wp\/v2\/product_brand?post=246254"},{"taxonomy":"product_cat","embeddable":true,"href":"https:\/\/baldumarket.lt\/lt\/wp-json\/wp\/v2\/product_cat?post=246254"},{"taxonomy":"product_tag","embeddable":true,"href":"https:\/\/baldumarket.lt\/lt\/wp-json\/wp\/v2\/product_tag?post=246254"}],"curies":[{"name":"wp","href":"https:\/\/api.w.org\/{rel}","templated":true}]}}