{"id":246250,"date":"2026-01-02T23:18:45","date_gmt":"2026-01-02T20:18:45","guid":{"rendered":"https:\/\/baldumarket.lt\/product\/zestaw-szafka-z-umywalka-80-cm-z-blatem-i-regalem-adel-black\/"},"modified":"2026-02-11T18:33:00","modified_gmt":"2026-02-11T15:33:00","slug":"zestaw-szafka-z-umywalka-80-cm-z-blatem-i-regalem-adel-black","status":"publish","type":"product","link":"https:\/\/baldumarket.lt\/lt\/product\/zestaw-szafka-z-umywalka-80-cm-z-blatem-i-regalem-adel-black\/","title":{"rendered":"80 cm praustuvo spintel\u0117s su stalvir\u0161iu ir lentyna komplektas Adel Black"},"content":{"rendered":"<p>80 cm praustuvo spintel\u0117s su stalvir\u0161iu ir lentyna komplektas Adel Black Matmenys: Plotis (cm): 80 Gylis (cm): 46 Auk\u0161tis (cm): 57 Svoris (kg): 40 Techniniai duomenys: Komplekt\u0105 sudaro: 60 cm ADEL BLACK praustuvo spintel\u0117, Smile 1 modernus keraminis praustuvas su stalvir\u0161iu, Wotan 80 cm vonios stalvir\u0161is, Adel \/ Xilo Oak \u017eema spintel\u0117 Korpuso spalva: Matin\u0117 juoda Priekin\u0117s dalies spalva: Matin\u0117 juoda Ranken\u0117l\u0117s spalva: Blizgi auksin\u0117, Matin\u0117 juoda, Blizgus chromas Lentynos spalva: Wotan \u0105\u017euolas Stalvir\u0161io spalva: Wotan \u0105\u017euolas Praustuvo spalva: Blizgi balta Korpuso med\u017eiaga: Laminuota plok\u0161t\u0117 Priekin\u0117s dalies med\u017eiaga: MDF plok\u0161t\u0117 Ranken\u0117l\u0117s med\u017eiaga: Metalas Lentynos med\u017eiaga: Laminuota plok\u0161t\u0117 Stalvir\u0161io med\u017eiaga: MDF plok\u0161t\u0117 Praustuvo med\u017eiaga: Keramika Pridedama praustuvo: Taip B\u0117geliai: \u0160velniai u\u017esidaranti Lentyna pridedama: Taip Stalvir\u0161is pridedamas: Taip Tvirtinimo rinkinys pridedamas: Taip Surinkimas: Savaranki\u0161kas surinkimas<\/p>","protected":false},"excerpt":{"rendered":"<p>Plotis (cm): 80<br \/>\n\u016agis (cm): 57<br \/>\nGylis (cm): 46<\/p>","protected":false},"featured_media":246251,"comment_status":"open","ping_status":"open","template":"","meta":[],"product_brand":[],"product_cat":[9117,2015,9183],"product_tag":[],"class_list":{"0":"post-246250","1":"product","2":"type-product","3":"status-publish","4":"has-post-thumbnail","6":"product_cat-bathroom","7":"product_cat-comad","8":"product_cat-bathroom-furniture-sets-comad","10":"first","11":"instock","12":"purchasable","13":"product-type-simple"},"_links":{"self":[{"href":"https:\/\/baldumarket.lt\/lt\/wp-json\/wp\/v2\/product\/246250","targetHints":{"allow":["GET"]}}],"collection":[{"href":"https:\/\/baldumarket.lt\/lt\/wp-json\/wp\/v2\/product"}],"about":[{"href":"https:\/\/baldumarket.lt\/lt\/wp-json\/wp\/v2\/types\/product"}],"replies":[{"embeddable":true,"href":"https:\/\/baldumarket.lt\/lt\/wp-json\/wp\/v2\/comments?post=246250"}],"wp:featuredmedia":[{"embeddable":true,"href":"https:\/\/baldumarket.lt\/lt\/wp-json\/wp\/v2\/media\/246251"}],"wp:attachment":[{"href":"https:\/\/baldumarket.lt\/lt\/wp-json\/wp\/v2\/media?parent=246250"}],"wp:term":[{"taxonomy":"product_brand","embeddable":true,"href":"https:\/\/baldumarket.lt\/lt\/wp-json\/wp\/v2\/product_brand?post=246250"},{"taxonomy":"product_cat","embeddable":true,"href":"https:\/\/baldumarket.lt\/lt\/wp-json\/wp\/v2\/product_cat?post=246250"},{"taxonomy":"product_tag","embeddable":true,"href":"https:\/\/baldumarket.lt\/lt\/wp-json\/wp\/v2\/product_tag?post=246250"}],"curies":[{"name":"wp","href":"https:\/\/api.w.org\/{rel}","templated":true}]}}