{"id":246242,"date":"2026-01-02T23:18:42","date_gmt":"2026-01-02T20:18:42","guid":{"rendered":"https:\/\/baldumarket.lt\/product\/zestaw-szafka-z-umywalka-2s-80-cm-z-blatem-i-slupek-wysoki-ovalia-cremona\/"},"modified":"2026-02-11T18:33:00","modified_gmt":"2026-02-11T15:33:00","slug":"zestaw-szafka-z-umywalka-2s-80-cm-z-blatem-i-slupek-wysoki-ovalia-cremona","status":"publish","type":"product","link":"https:\/\/baldumarket.lt\/lt\/product\/zestaw-szafka-z-umywalka-2s-80-cm-z-blatem-i-slupek-wysoki-ovalia-cremona\/","title":{"rendered":"2 vnt. 80 cm praustuvo spinteli\u0173 su stalvir\u0161iu ir auk\u0161ta kolona Ovalia Cremona komplektas"},"content":{"rendered":"<p>\u201eOvalia Cremona\u201c 80 cm dviguba praustuvo spintel\u0117 su stalvir\u0161iu ir auk\u0161ta kolona. \u201eOvalia Cremona\u201c 80 cm dviguba praustuvo spintel\u0117 su stalvir\u0161iu ir auk\u0161ta kolona. Stilingas vonios kambario komplektas i\u0161 matin\u0117s \u0105\u017euolo keramikos, i\u0161siskiriantis apvaliomis formomis ir i\u0161skirtiniais grioveliais. Du stal\u010diai su \u0161velniu u\u017edarymu u\u017etikrina komfort\u0105. Matmenys: Plotis (cm): 80 Gylis (cm): 46 Auk\u0161tis (cm): 52 Techniniai duomenys: Komplekt\u0105 sudaro: Praustuvo spintel\u0117 2S 80 cm Ovalia Cremona, Vonios stalvir\u0161is 80 cm Ovalia Cremona, Keraminis praustuvas RIVER 2 OLIVE GREEN MATT UN 55 (E-6594) \u017dalia matin\u0117, Auk\u0161ta kolona 1 dur\u0173 Ovalia Cremona Korpuso spalva: Cremona \u0105\u017euolas Priekin\u0117s spalvos: Cremona \u0105\u017euolas Rankenos spalva: Matin\u0117 juoda Praustuvo spalva: Matin\u0117 \u017ealia Stalvir\u0161io spalva: Cremona \u0105\u017euolas Korpuso med\u017eiaga: laminuota plok\u0161t\u0117 Priekin\u0117s med\u017eiagos: MDF plok\u0161t\u0117 Rankenos med\u017eiaga: Metalas Praustuvai: Keramika, Stalvir\u0161io med\u017eiaga: MDF, B\u0117geliai: \u0160velniai u\u017esidarantys, Vyriai: \u0160velniai u\u017esidarantys, Dur\u0173 tvirtinimo kryptis: De\u0161in\u0117 \/ Kair\u0117, Praustuvas \u012fskai\u010diuotas: Taip, Stalvir\u0161is \u012fskai\u010diuotas: Taip, Surinkimo rinkinys \u012fskai\u010diuotas: Taip, Surinkimas: Savaranki\u0161kas surinkimas. \u201eOvalia Cremona 2S 80 cm\u201c praustuvo spintel\u0117 su stalvir\u0161iu ir auk\u0161ta kolona \u2013 tai tobulas stiliaus, funkcionalumo ir estetikos derinys, kuris pakeis j\u016bs\u0173 vonios kambar\u012f. I\u0161siskiriantis moderniu dizainu, \u0161is komplektas d\u017eiugina ak\u012f traukian\u010diomis detal\u0117mis. \u0160ilta \u201eCremona Oak\u201c spalva, \u012fkv\u0117pta nat\u016bralios medienos, sukuria jaukumo poj\u016bt\u012f, o unikal\u016bs, u\u017eapvalinti bald\u0173 kampai suteikia jiems lengvumo ir elegancijos. Meistri\u0161kai derinami elementai, tokie kaip matin\u0117s juodos spalvos ranken\u0117l\u0117s, sukuria \u012fdom\u0173 kontrast\u0105, suteikdami bendrai i\u0161vaizdai charakterio. Kasdien naudojant, praustuvo spintel\u0117 su dviem erdviais stal\u010diais u\u017etikrina puik\u0173 erdv\u0117s organizavim\u0105. D\u0117l \u0161velnaus u\u017edarymo sistemos stal\u010dius atidaryti ir u\u017edaryti kaskart nepaprastai patogu. Baldai, pasi\u017eymintys auk\u0161tos kokyb\u0117s MDF ir laminuotos plok\u0161t\u0117s gamyba, yra ne tik esteti\u0161ki, bet ir patvar\u016bs, u\u017etikrinantys ilgalaik\u012f naudojim\u0105 ir lengv\u0105 valym\u0105. Tai puikus sprendimas tiems, kurie vertina prakti\u0161kum\u0105 kasdieniame gyvenime. Keraminis \u201eRIVER 2\u201c alyvuogi\u0173 \u017ealios spalvos praustuvas ant stalvir\u0161io papildo komplekt\u0105, suteikdamas interjerui gaivumo ir nat\u016bralumo poj\u016bt\u012f. Ovali forma ir matin\u0117 apdaila puikiai dera su kitais baldais, pabr\u0117\u017edamos modern\u0173 dizain\u0105. Komplektas ne tik atrodo nuostabiai, bet ir yra prakti\u0161kas \u2013 praustuvas idealiai tinka kasdieniam naudojimui, u\u017etikrinant komfort\u0105 ir funkcionalum\u0105. Auk\u0161ta vienv\u0117r\u0117 kolona i\u0161 \u201eOvalia Cremona\u201c kolekcijos yra dar vienas elementas, kuris papuo\u0161 j\u016bs\u0173 vonios kambar\u012f. D\u0117l auk\u0161tos konstrukcijos ji pasi\u017eymi didele talpa, leid\u017eian\u010dia tvarkingai laikyti visus priedus ir organizuoti erdv\u0119. Vertikaliai grioveli\u0173 forma ir \u0161ilta \u201eCremona Oak\u201c apdaila suteikia elegancijos bet kokiam interjerui, kuri prad\u017eiugins daugyb\u0119 sve\u010di\u0173. \u201eOvalia Cremona\u201c kolekcija yra kokyb\u0117s ir d\u0117mesio detal\u0117ms sinonimas, u\u017etikrinanti lenki\u0161k\u0105 gamyb\u0105 i\u0161 FSC sertifikuot\u0173 med\u017eiag\u0173. Papildomi sutvirtinimai ir kruop\u0161\u010diai apgalvotas surinkimas leid\u017eia bald\u0173 komplekt\u0105 surinkti savaranki\u0161kai, nereikalaujant profesionalios pagalbos. Leiskite sau pasiduoti \u0161iems unikaliems baldams, kurie pavers j\u016bs\u0173 vonios kambar\u012f stiliaus ir komforto erdve!<\/p>","protected":false},"excerpt":{"rendered":"<p>Plotis (cm): 80<br \/>\n\u016agis (cm): 52<br \/>\nGylis (cm): 46<\/p>","protected":false},"featured_media":246243,"comment_status":"open","ping_status":"open","template":"","meta":[],"product_brand":[],"product_cat":[9117,2015,9183],"product_tag":[],"class_list":{"0":"post-246242","1":"product","2":"type-product","3":"status-publish","4":"has-post-thumbnail","6":"product_cat-bathroom","7":"product_cat-comad","8":"product_cat-bathroom-furniture-sets-comad","10":"first","11":"instock","12":"purchasable","13":"product-type-simple"},"_links":{"self":[{"href":"https:\/\/baldumarket.lt\/lt\/wp-json\/wp\/v2\/product\/246242","targetHints":{"allow":["GET"]}}],"collection":[{"href":"https:\/\/baldumarket.lt\/lt\/wp-json\/wp\/v2\/product"}],"about":[{"href":"https:\/\/baldumarket.lt\/lt\/wp-json\/wp\/v2\/types\/product"}],"replies":[{"embeddable":true,"href":"https:\/\/baldumarket.lt\/lt\/wp-json\/wp\/v2\/comments?post=246242"}],"wp:featuredmedia":[{"embeddable":true,"href":"https:\/\/baldumarket.lt\/lt\/wp-json\/wp\/v2\/media\/246243"}],"wp:attachment":[{"href":"https:\/\/baldumarket.lt\/lt\/wp-json\/wp\/v2\/media?parent=246242"}],"wp:term":[{"taxonomy":"product_brand","embeddable":true,"href":"https:\/\/baldumarket.lt\/lt\/wp-json\/wp\/v2\/product_brand?post=246242"},{"taxonomy":"product_cat","embeddable":true,"href":"https:\/\/baldumarket.lt\/lt\/wp-json\/wp\/v2\/product_cat?post=246242"},{"taxonomy":"product_tag","embeddable":true,"href":"https:\/\/baldumarket.lt\/lt\/wp-json\/wp\/v2\/product_tag?post=246242"}],"curies":[{"name":"wp","href":"https:\/\/api.w.org\/{rel}","templated":true}]}}