{"id":246234,"date":"2026-01-02T23:18:39","date_gmt":"2026-01-02T20:18:39","guid":{"rendered":"https:\/\/baldumarket.lt\/product\/zestaw-szafka-z-umywalka-2s-120-cm-z-blatem-i-slupek-wysoki-ovalia-cremona\/"},"modified":"2026-02-11T18:33:00","modified_gmt":"2026-02-11T15:33:00","slug":"zestaw-szafka-z-umywalka-2s-120-cm-z-blatem-i-slupek-wysoki-ovalia-cremona","status":"publish","type":"product","link":"https:\/\/baldumarket.lt\/lt\/product\/zestaw-szafka-z-umywalka-2s-120-cm-z-blatem-i-slupek-wysoki-ovalia-cremona\/","title":{"rendered":"2 vnt. 120 cm praustuvo spinteli\u0173 su stalvir\u0161iu ir auk\u0161ta kolona Ovalia Cremona komplektas"},"content":{"rendered":"<p>\u201eOvalia Cremona\u201c 120 cm dvigubos praustuvo spintel\u0117s komplektas su stalvir\u0161iu ir auk\u0161ta kolona. \u201eOvalia Cremona\u201c 120 cm dvigubos praustuvo spintel\u0117s komplektas su stalvir\u0161iu ir auk\u0161ta kolona. Eleganti\u0161kas komplektas su dviej\u0173 stal\u010di\u0173 praustuvo spintele, keraminiu praustuvu ir auk\u0161ta kolona. Nat\u016bralaus \u201eCremona\u201c \u0105\u017euolo dekoras ir \u0161velnus u\u017edarymas u\u017etikrina komfort\u0105. Matmenys: Plotis (cm): 120 Gylis (cm): 46 Auk\u0161tis (cm): 52 Techniniai duomenys: Komplekt\u0105 sudaro: Ovalia Cremona praustuvo spintel\u0117 2S 120 cm, Ovalia Cremona vonios kambario stalvir\u0161is 120 cm, BEYOND 3 WHITE E-6531 keraminis praustuvas ant stalvir\u0161io, baltas blizgus, Ovalia Cremona 1 dur\u0173 auk\u0161ta kolona Korpuso spalva: Cremona \u0105\u017euolas Priekin\u0117s spalvos: Cremona \u0105\u017euolas Rankenos spalva: Matin\u0117 juoda Praustuvo spalva: Blizgi balta Stalvir\u0161io spalva: Blizgi balta Korpuso med\u017eiaga: Laminuota plok\u0161t\u0117 Priekin\u0117s med\u017eiagos: MDF plok\u0161t\u0117 Rankenos med\u017eiaga: Metalas Praustuvai: Keramika, Stalvir\u0161io med\u017eiaga: MDF, B\u0117geliai: \u0160velniai u\u017esidarantys, Vyriai: \u0160velniai u\u017esidarantys, Dur\u0173 tvirtinimo kryptis: De\u0161in\u0117 \/ Kair\u0117, Stalvir\u0161is \u012fskai\u010diuotas: Taip, Praustuvas \u012fskai\u010diuotas: Taip, Tvirtinimo komplektas \u012fskai\u010diuotas: Taip, Surinkimas: Savaranki\u0161kas surinkimas. Atraskite bekompromis\u0119 Ovalia Cremona 120 cm 2 kriaukli\u0173 spintel\u0117s su stalvir\u0161iu ir auk\u0161ta kolona komplekto elegancij\u0105 ir funkcionalum\u0105. \u0160is unikalus modernaus dizaino ir tradicinio \u0161ilumos derinys paver\u010dia \u0161\u012f komplekt\u0105 j\u016bs\u0173 vonios kambario pagrindiniu akcentu. Vizualiai pakelkite kiekvien\u0105 kamp\u0105 subtiliais linkiais ir grioveliais i\u0161rai\u017eytais fasadais, kurie suteikia unikalaus charakterio. \u0160iltas \u201eCremona Oak\u201c dekoras kartu su juodo metalo rankenomis sukuria harmoning\u0105 visum\u0105 ir kartu jauki\u0105 atmosfer\u0105. Kruop\u0161\u010diai apgalvotas komplekto dizainas u\u017etikrina maksimal\u0173 funkcionalum\u0105 kasdieniam naudojimui. Du erdv\u016bs stal\u010diai puikiai tinka visiems j\u016bs\u0173 vonios kambario aksesuarams laikyti, o moderni \u0161velnaus u\u017edarymo sistema u\u017etikrina patog\u0173 ir tyl\u0173 kasdien\u012f naudojim\u0105. 46 cm gylio spintel\u0117 puikiai tiks bet kurioje erdv\u0117je, suteikdama jai modernumo neu\u017eimanti per daug vietos. Pridedamas MDF stalvir\u0161is leid\u017eia lengvai valyti ir daugel\u012f met\u0173 i\u0161laiko estetin\u0119 i\u0161vaizd\u0105. Lygus pavir\u0161ius papildo BEYOND 3 keramin\u012f praustuv\u0105 su eleganti\u0161ka balta blizgia apdaila. Visas komplektas spinduliuoja moderniu stiliumi, kuris tikrai patenkins net ir reikliausius vartotojus. Kiekvienas \u201eOvalia Cremona\u201c kolekcijos elementas pagamintas Lenkijoje i\u0161 auk\u0161\u010diausios kokyb\u0117s med\u017eiag\u0173, atitinkan\u010di\u0173 grie\u017etus FSC sertifikavimo standartus. D\u0117l intuityvaus dizaino surinkimas yra paprastas ir nereikalauja speciali\u0173 \u017eini\u0173. Komplektas pristatomas plok\u0161\u010diai supakuotas, tod\u0117l j\u012f lengva transportuoti ir naudoti bet kuriuose namuose. Pasirinkdami \u201eOvalia Cremona\u201c 120 cm dvigub\u0105 praustuvo spintel\u0119 su stalvir\u0161iu ir auk\u0161ta kolona, investuojate ne tik \u012f funkcionalum\u0105, bet ir \u012f estetik\u0105, kuri pagerins j\u016bs\u0173 interjer\u0105. Paverskite savo vonios kambar\u012f vieta, kurioje stilius ir kokyb\u0117 dera tarpusavyje, sukurdami \u0161ilumos ir jaukumo kupin\u0105 erdv\u0119.<\/p>","protected":false},"excerpt":{"rendered":"<p>Plotis (cm): 120<br \/>\n\u016agis (cm): 52<br \/>\nGylis (cm): 46<\/p>","protected":false},"featured_media":246235,"comment_status":"open","ping_status":"open","template":"","meta":[],"product_brand":[],"product_cat":[9117,2015,9183],"product_tag":[],"class_list":{"0":"post-246234","1":"product","2":"type-product","3":"status-publish","4":"has-post-thumbnail","6":"product_cat-bathroom","7":"product_cat-comad","8":"product_cat-bathroom-furniture-sets-comad","10":"first","11":"instock","12":"purchasable","13":"product-type-simple"},"_links":{"self":[{"href":"https:\/\/baldumarket.lt\/lt\/wp-json\/wp\/v2\/product\/246234","targetHints":{"allow":["GET"]}}],"collection":[{"href":"https:\/\/baldumarket.lt\/lt\/wp-json\/wp\/v2\/product"}],"about":[{"href":"https:\/\/baldumarket.lt\/lt\/wp-json\/wp\/v2\/types\/product"}],"replies":[{"embeddable":true,"href":"https:\/\/baldumarket.lt\/lt\/wp-json\/wp\/v2\/comments?post=246234"}],"wp:featuredmedia":[{"embeddable":true,"href":"https:\/\/baldumarket.lt\/lt\/wp-json\/wp\/v2\/media\/246235"}],"wp:attachment":[{"href":"https:\/\/baldumarket.lt\/lt\/wp-json\/wp\/v2\/media?parent=246234"}],"wp:term":[{"taxonomy":"product_brand","embeddable":true,"href":"https:\/\/baldumarket.lt\/lt\/wp-json\/wp\/v2\/product_brand?post=246234"},{"taxonomy":"product_cat","embeddable":true,"href":"https:\/\/baldumarket.lt\/lt\/wp-json\/wp\/v2\/product_cat?post=246234"},{"taxonomy":"product_tag","embeddable":true,"href":"https:\/\/baldumarket.lt\/lt\/wp-json\/wp\/v2\/product_tag?post=246234"}],"curies":[{"name":"wp","href":"https:\/\/api.w.org\/{rel}","templated":true}]}}