{"id":246226,"date":"2026-01-02T23:18:35","date_gmt":"2026-01-02T20:18:35","guid":{"rendered":"https:\/\/baldumarket.lt\/product\/zestaw-szafka-z-umywalka-2s-100-cm-z-blatem-i-slupek-wysoki-ovalia-cremona\/"},"modified":"2026-02-11T18:33:01","modified_gmt":"2026-02-11T15:33:01","slug":"zestaw-szafka-z-umywalka-2s-100-cm-z-blatem-i-slupek-wysoki-ovalia-cremona","status":"publish","type":"product","link":"https:\/\/baldumarket.lt\/lt\/product\/zestaw-szafka-z-umywalka-2s-100-cm-z-blatem-i-slupek-wysoki-ovalia-cremona\/","title":{"rendered":"2 vnt. 100 cm praustuvo spinteli\u0173 su stalvir\u0161iu ir auk\u0161ta kolona \u201eOvalia Cremona\u201c komplektas"},"content":{"rendered":"<p>2 praustuvo spinteli\u0173 komplektas 100 cm su stalvir\u0161iu ir auk\u0161ta kolona Ovalia Cremona. 2 praustuvo spinteli\u0173 komplektas 100 cm Ovalia Cremona \u2013 tai eleganti\u0161kas komplektas su praustuvo spintele ir stalvir\u0161iu, dekoruotas Cremona \u0105\u017euolu. \u0160velniai u\u017esidarantys stal\u010diai, matin\u0117s juodos metalin\u0117s ranken\u0117l\u0117s ir b\u016bdingi grioveliai suteikia jam unikal\u0173 stili\u0173. Matmenys: Plotis (cm): 100 Gylis (cm): 46 Auk\u0161tis (cm): 52 Techniniai duomenys: Komplekt\u0105 sudaro: Praustuvo spintel\u0117 2S 100 cm Ovalia Cremona, Vonios stalvir\u0161is 100 cm Ovalia Cremona, Keraminis praustuvas RIVER 2 BLACK MATT UN 55 (E-6594) Matin\u0117 juoda, Auk\u0161ta kolona 1 dur\u0173 Ovalia Cremona Korpuso spalva: Cremona \u0105\u017euolas Priekin\u0117s spalvos: Cremona \u0105\u017euolas Rankenos spalva: Matin\u0117 juoda Praustuvo spalva: Blizgi balta Korpuso med\u017eiaga: Laminuota plok\u0161t\u0117 Priekin\u0117 med\u017eiaga: MDF plok\u0161t\u0117 Rankenos med\u017eiaga: Metalas Praustuvai: Keramika B\u0117geliai: \u0160velniai u\u017esidaro Vyriai: \u0160velniai u\u017esidaro Dur\u0173 tvirtinimo kryptis: De\u0161in\u0117 \/ Kair\u0117 Praustuvas pridedamas: Taip Surinkimo komplektas pridedamas: Taip Surinkimas: Savaranki\u0161kas surinkimas Ovalia Cremona 2S 100 cm Praustuvo spintel\u0117 su stalvir\u0161iu ir auk\u0161ta kolona \u2013 tai komplektas, kuris pavers j\u016bs\u0173 vonios kambar\u012f stiliaus ir funkcionalumo oaze. \u0160ilta, nat\u016brali \u201eCremona Oak\u201c spalva kartu su eleganti\u0161kais juodais akcentais sukuria harmoning\u0105 visum\u0105, kuri d\u017eiugina ir traukia ak\u012f. Subtil\u016bs, u\u017eapvalinti kampai ir i\u0161rai\u0161kingi vertikal\u016bs grioveliai suteikia interjerui unikal\u0173 charakter\u012f, atitinkant\u012f \u0161iuolaikines gyvenam\u0173j\u0173 patalp\u0173 dizaino tendencijas. D\u0117l dviej\u0173 erdvi\u0173 stal\u010di\u0173 komplektas puikiai organizuoja vonios kambario erdv\u0119, padeda palaikyti tvark\u0105 ir estetik\u0105. Auk\u0161tos kokyb\u0117s bald\u0173 gamybos med\u017eiagos \u2013 MDF ir laminuota plok\u0161t\u0117 \u2013 u\u017etikrina patvarum\u0105 ir ilgaam\u017ei\u0161kum\u0105, o \u0161velnaus u\u017edarymo sistema suteikia patogumo kasdieniam naudojimui. \u0160is komplektas buvo sukurtas atsi\u017evelgiant \u012f estetik\u0105 ir funkcionalum\u0105, tod\u0117l idealiai tinka tiek ma\u017eesniems, tiek didesniems vonios kambariams. Eleganti\u0161kos matin\u0117s juodos spalvos keraminis praustuvas \u201eRIVER 2\u201c yra dar vienas elementas, u\u017ebaigiantis vaizd\u0105. Jo ovalo forma ir minimalistinis dizainas puikiai dera su \u201eOvalia Cremona\u201c kolekcijos baldais, sukurdami darni\u0105 kompozicij\u0105. Prakti\u0161ki praustuvo matmenys paver\u010dia j\u012f funkcionaliu pasirinkimu kiekvienam nam\u0173 \u016bkio nariui, leid\u017eian\u010diu lengvai naudotis vonios kambariu neprarandant estetikos. Auk\u0161ta kolona, taip pat apdailinta \u201eCremona Oak\u201c, suteikia papildomos vietos daiktams susid\u0117ti, tod\u0117l komplektas yra puikus sprendimas vonios kambario aksesuar\u0173 organizavimui. Auk\u0161ta gamybos kokyb\u0117, patvirtinta FSC sertifikatu, u\u017etikrina, kad pasirinkdami \u0161\u012f gamin\u012f remiate Lenkijos rink\u0105 ir r\u016bpinat\u0117s aplinka. Surinkimas yra paprastas \u2013 intuityvus dizainas leid\u017eia lengvai surinkti bet kam, o tai dar labiau padidina \u0161io komplekto patrauklum\u0105. Pasirink\u0119 \u201eOvalia Cremona 100 cm\u201c 2 kriaukli\u0173 spintel\u0119 su stalvir\u0161iu ir auk\u0161ta kolona, \u012fgysite ne tik funkcionalum\u0105, bet ir elegancij\u0105 bei kasdien\u012f komfort\u0105. Tai puikus pasirinkimas tiems, kurie nori savo vonios kambaryje \u012fdiegti modern\u0173 stili\u0173, pabr\u0117\u017edami erdv\u0117s individualum\u0105. Palepinkite save ir savo artimuosius ypatingomis akimirkomis gra\u017eiai suprojektuotame interjere, kuriame dera viskas, kas geriausia!<\/p>","protected":false},"excerpt":{"rendered":"<p>Plotis (cm): 100<br \/>\n\u016agis (cm): 52<br \/>\nGylis (cm): 46<\/p>","protected":false},"featured_media":246227,"comment_status":"open","ping_status":"open","template":"","meta":[],"product_brand":[],"product_cat":[9117,2015,9183],"product_tag":[],"class_list":{"0":"post-246226","1":"product","2":"type-product","3":"status-publish","4":"has-post-thumbnail","6":"product_cat-bathroom","7":"product_cat-comad","8":"product_cat-bathroom-furniture-sets-comad","10":"first","11":"instock","12":"purchasable","13":"product-type-simple"},"_links":{"self":[{"href":"https:\/\/baldumarket.lt\/lt\/wp-json\/wp\/v2\/product\/246226","targetHints":{"allow":["GET"]}}],"collection":[{"href":"https:\/\/baldumarket.lt\/lt\/wp-json\/wp\/v2\/product"}],"about":[{"href":"https:\/\/baldumarket.lt\/lt\/wp-json\/wp\/v2\/types\/product"}],"replies":[{"embeddable":true,"href":"https:\/\/baldumarket.lt\/lt\/wp-json\/wp\/v2\/comments?post=246226"}],"wp:featuredmedia":[{"embeddable":true,"href":"https:\/\/baldumarket.lt\/lt\/wp-json\/wp\/v2\/media\/246227"}],"wp:attachment":[{"href":"https:\/\/baldumarket.lt\/lt\/wp-json\/wp\/v2\/media?parent=246226"}],"wp:term":[{"taxonomy":"product_brand","embeddable":true,"href":"https:\/\/baldumarket.lt\/lt\/wp-json\/wp\/v2\/product_brand?post=246226"},{"taxonomy":"product_cat","embeddable":true,"href":"https:\/\/baldumarket.lt\/lt\/wp-json\/wp\/v2\/product_cat?post=246226"},{"taxonomy":"product_tag","embeddable":true,"href":"https:\/\/baldumarket.lt\/lt\/wp-json\/wp\/v2\/product_tag?post=246226"}],"curies":[{"name":"wp","href":"https:\/\/api.w.org\/{rel}","templated":true}]}}