{"id":246218,"date":"2026-01-02T23:18:30","date_gmt":"2026-01-02T20:18:30","guid":{"rendered":"https:\/\/baldumarket.lt\/product\/zestaw-szafka-z-umywalka-2d-60-cm-z-blatem-i-slupek-wysoki-viva-cashmere-bialy\/"},"modified":"2026-02-11T18:33:01","modified_gmt":"2026-02-11T15:33:01","slug":"zestaw-szafka-z-umywalka-2d-60-cm-z-blatem-i-slupek-wysoki-viva-cashmere-bialy","status":"publish","type":"product","link":"https:\/\/baldumarket.lt\/lt\/product\/zestaw-szafka-z-umywalka-2d-60-cm-z-blatem-i-slupek-wysoki-viva-cashmere-bialy\/","title":{"rendered":"Dviej\u0173 dur\u0173 praustuvo spinteli\u0173 komplektas, 60 cm, su stalvir\u0161iu ir auk\u0161ta kolona, \u200b\u200b\u201eViva Cashmere White\u201c"},"content":{"rendered":"<p>\u201eViva Cashmere White\u201c 60 cm 2D kriaukl\u0117s spintel\u0117 su stalvir\u0161iu ir auk\u0161ta kolona. \u0160is eleganti\u0161kas spinteli\u0173 komplektas pasi\u017eymi matiniu ka\u0161myro apdaila ir trima\u010diais \u201eeglut\u0117s\u201c ra\u0161to fasadais. Jame yra daug vietos daiktams susid\u0117ti ir blizgi balta kriaukl\u0117. Pridedamos trij\u0173 spalv\u0173 ranken\u0117l\u0117s. Matmenys: Plotis (cm): 60 Gylis (cm): 40 Auk\u0161tis (cm): 57 Svoris (kg): 47,5 Techniniai duomenys: Komplekt\u0105 sudaro: 2 dur\u0173 praustuvo spintel\u0117 60 cm Viva Cashmere, vonios stalvir\u0161is 60 cm NOVA WHITE, keraminis praustuvas LOLA-GW White Gloss 40,5 cm, 2 dur\u0173 auk\u0161ta spintel\u0117 30 cm Viva Cashmere, pakabinama spintel\u0117 27 cm NOVA WHITE Korpuso spalva: matin\u0117 ka\u0161myro plok\u0161t\u0117 Priekin\u0117 spalva: matin\u0117 ka\u0161myro plok\u0161t\u0117 Ranken\u0117l\u0117s spalva: blizgi auksin\u0117, matin\u0117 juoda, blizgus chromas Stalvir\u0161io spalva: balta Praustuvo spalva: blizgi balta Korpuso med\u017eiaga: laminuota plok\u0161t\u0117 Priekin\u0117 med\u017eiaga: MDF plok\u0161t\u0117 Ranken\u0117l\u0117s med\u017eiaga: plastikas Praustuvo med\u017eiaga: keramika Stalvir\u0161io med\u017eiaga: laminuota plok\u0161t\u0117 Vyriai: \u0161velniai u\u017esidarantys, Praustuvas \u012f komplekt\u0105 \u012feina: taip, Stalvir\u0161is \u012f komplekt\u0105 \u012feina: taip, Surinkimo komplektas \u012f komplekt\u0105 \u012feina: taip, Surinkimas: savaiminis surinkimas. \u201eViva Cashmere White\u201c 60 cm 2D praustuvo spintel\u0117 su stalvir\u0161iu ir auk\u0161ta kolona \u2013 eleganti\u0161kas pasirinkimas, kuris pakeis j\u016bs\u0173 vonios kambar\u012f, suteikdamas jam prabangos ir harmonijos atmosfer\u0105. \u0160is unikalus garsaus \u201eComad\u201c prek\u0117s \u017eenklo komplektas derina auk\u0161tos kokyb\u0117s meistri\u0161kum\u0105 su moderniu dizainu, tod\u0117l tai puikus pasirinkimas tiems, kurie vertina estetik\u0105 ir funkcionalum\u0105. \u0160ilti ka\u0161myro atspalviai ir trima\u010diai \u201esilk\u0117s kaulo\u201c ra\u0161to fasadai suteikia baldui subtil\u0173 charakter\u012f, traukia ak\u012f ir sukuria jauki\u0105 atmosfer\u0105.<\/p>\n<p>\u0160i 60 cm plo\u010dio praustuvo spintel\u0117 si\u016blo apgalvotus sprendimus kasdieniam naudojimui. D\u0117l erdvi\u0173, dviej\u0173 dureli\u0173 daiktad\u0117\u017ei\u0173 su \u0161velnaus u\u017edarymo sistema galite m\u0117gautis patogumu ir komfortu. Nesvarbu, ar jums reikia vietos kosmetikai, ar rank\u0161luos\u010diams, \u0161i spintel\u0117 suteikia ideali\u0105 viet\u0105 daiktams susid\u0117ti ir padeda palaikyti tvark\u0105 vonios kambaryje. Ergonomi\u0161kas 40 cm gylis daro j\u0105 puikiu sprendimu net ir ma\u017eesn\u0117ms erdv\u0117ms.<\/p>\n<p>Baltas blizgus keraminis praustuvas \u201eLOLA-GW\u201c ir vonios stalvir\u0161is \u201eNOVA WHITE\u201c harmoningai papildo vis\u0105 komplekt\u0105, u\u017etikrindami prakti\u0161kum\u0105 ir lengv\u0105 valym\u0105. Baltos kriaukl\u0117s ir stalvir\u0161io derinys sukuria eleganti\u0161k\u0105 kontrast\u0105 su spintel\u0117s ka\u0161myro apdaila, kartu u\u017etikrindamas stilistin\u012f vientisum\u0105 ir modern\u0173 vaizd\u0105. Kiekviena detal\u0117 \u2013 nuo ranken\u0117li\u0173, kuri\u0173 galima rinktis i\u0161 trij\u0173 spalv\u0173 \u2013 auksin\u0117s, chromuotos ir matin\u0117s juodos \u2013 iki kruop\u0161\u010diai apdirbt\u0173 fasad\u0173 \u2013 spinduliuoja harmonij\u0105 ir elegancij\u0105.<\/p>\n<p>Estetika \u2013 ne vienintelis svarbus dalykas. Komplekt\u0105 sudaro auk\u0161ta, 140 cm auk\u0161\u010dio, dviej\u0173 dur\u0173 spintel\u0117, kurioje yra papildomos vietos daiktams susid\u0117ti. Penkios erdvios lentynos leid\u017eia tvarkingai susid\u0117ti kosmetik\u0105 ir kitus kasdienius reikmenis. Auk\u0161tos kokyb\u0117s komplekto med\u017eiagos, tokios kaip MDF ir laminuota plok\u0161t\u0117, garantuoja jo patvarum\u0105 ir ilgaam\u017ei\u0161kum\u0105. Komplektas pristatomas savaranki\u0161kai surenkamose pakuot\u0117se, tod\u0117l j\u012f dar lengviau \u012fsigyti visiems, norintiems be dideli\u0173 pastang\u0173 pakeisti savo erdv\u0119.<\/p>\n<p>Rinkit\u0117s \u201eViva Cashmere White\u201c 60 cm 2-D praustuvo spintel\u0119 su stalvir\u0161iu ir auk\u0161ta kolona ir suteikite savo vonios kambariui unikal\u0173 stili\u0173 bei funkcionalum\u0105. Tai investicija, kuri teiks pasitenkinim\u0105 ilgus metus, kuriai suteikiama 2 met\u0173 garantija. Paverskite savo vonios kambar\u012f atsipalaidavimo ir estetinio malonumo vieta, kur kiekvienas elementas yra kruop\u0161\u010diai apgalvotas ir puikiai dera su likusiu dekoru.<\/p>","protected":false},"excerpt":{"rendered":"<p>Plotis (cm): 60<br \/>\n\u016agis (cm): 57<br \/>\nGylis (cm): 40<\/p>","protected":false},"featured_media":246219,"comment_status":"open","ping_status":"open","template":"","meta":[],"product_brand":[],"product_cat":[9117,2015,9183],"product_tag":[],"class_list":{"0":"post-246218","1":"product","2":"type-product","3":"status-publish","4":"has-post-thumbnail","6":"product_cat-bathroom","7":"product_cat-comad","8":"product_cat-bathroom-furniture-sets-comad","10":"first","11":"instock","12":"purchasable","13":"product-type-simple"},"_links":{"self":[{"href":"https:\/\/baldumarket.lt\/lt\/wp-json\/wp\/v2\/product\/246218","targetHints":{"allow":["GET"]}}],"collection":[{"href":"https:\/\/baldumarket.lt\/lt\/wp-json\/wp\/v2\/product"}],"about":[{"href":"https:\/\/baldumarket.lt\/lt\/wp-json\/wp\/v2\/types\/product"}],"replies":[{"embeddable":true,"href":"https:\/\/baldumarket.lt\/lt\/wp-json\/wp\/v2\/comments?post=246218"}],"wp:featuredmedia":[{"embeddable":true,"href":"https:\/\/baldumarket.lt\/lt\/wp-json\/wp\/v2\/media\/246219"}],"wp:attachment":[{"href":"https:\/\/baldumarket.lt\/lt\/wp-json\/wp\/v2\/media?parent=246218"}],"wp:term":[{"taxonomy":"product_brand","embeddable":true,"href":"https:\/\/baldumarket.lt\/lt\/wp-json\/wp\/v2\/product_brand?post=246218"},{"taxonomy":"product_cat","embeddable":true,"href":"https:\/\/baldumarket.lt\/lt\/wp-json\/wp\/v2\/product_cat?post=246218"},{"taxonomy":"product_tag","embeddable":true,"href":"https:\/\/baldumarket.lt\/lt\/wp-json\/wp\/v2\/product_tag?post=246218"}],"curies":[{"name":"wp","href":"https:\/\/api.w.org\/{rel}","templated":true}]}}