{"id":246215,"date":"2026-01-02T23:18:28","date_gmt":"2026-01-02T20:18:28","guid":{"rendered":"https:\/\/baldumarket.lt\/product\/zestaw-szafka-z-umywalka-2d-60-cm-z-blatem-i-slupek-wysoki-viva-cashmere\/"},"modified":"2026-02-11T18:33:01","modified_gmt":"2026-02-11T15:33:01","slug":"zestaw-szafka-z-umywalka-2d-60-cm-z-blatem-i-slupek-wysoki-viva-cashmere","status":"publish","type":"product","link":"https:\/\/baldumarket.lt\/lt\/product\/zestaw-szafka-z-umywalka-2d-60-cm-z-blatem-i-slupek-wysoki-viva-cashmere\/","title":{"rendered":"Dviej\u0173 dur\u0173 praustuvo spintel\u0117s 60 cm su stalvir\u0161iu ir auk\u0161ta kolona \u201eViva Cashmere\u201c komplektas"},"content":{"rendered":"<p>2D praustuvo spinteli\u0173 komplektas 60 cm su stalvir\u0161iu ir auk\u0161ta kolona Viva Cashmere. Eleganti\u0161kas komplektas su praustuvo spintele, keraminiu praustuvu ir auk\u0161ta kolona, subtilios ka\u0161myro spalvos. Modern\u016bs, frezuoti \u201esilk\u0117s kaulo\u201c ra\u0161to fasadai ir trij\u0173 spalv\u0173 ranken\u0117l\u0117s leid\u017eia suasmeninti. Matmenys: Plotis (cm): 60 Gylis (cm): 40 Auk\u0161tis (cm): 57 Svoris (kg): 49,5 Techniniai duomenys: Komplekt\u0105 sudaro: 2 dur\u0173 praustuvo spintel\u0117 60 cm \u201eViva Cashmere\u201c, vonios stalvir\u0161is 60 cm \u201eNOVA CASHMERE\u201c, keraminis praustuvas DOMI-MB balta matin\u0117 32 cm, 2 dur\u0173 auk\u0161ta spintel\u0117 30 cm \u201eViva Cashmere\u201c Korpuso spalva: matin\u0117 ka\u0161myro spalva Priekin\u0117s spalvos spalva: matin\u0117 ka\u0161myro spalva Rankenos spalva: blizgi auksin\u0117, matin\u0117 juoda, blizgi chromuota Stalvir\u0161io spalva: matin\u0117 ka\u0161myro spalva Praustuvo spalva: matin\u0117 balta Korpuso med\u017eiaga: laminuota plok\u0161t\u0117 Priekin\u0117s med\u017eiagos med\u017eiaga: MDF plok\u0161t\u0117 Rankenos med\u017eiaga: plastikas Stalvir\u0161io med\u017eiaga: laminuota plok\u0161t\u0117 Praustuvo med\u017eiaga: keramika Vyriai: \u0161velniai u\u017esidarantys Praustuvas \u012fskai\u010diuotas: taip Stalvir\u0161is \u012fskai\u010diuotas: taip Tvirtinimo komplektas \u012fskai\u010diuotas: taip Surinkimas: savaranki\u0161kas surinkimas. \u201eViva Cashmere\u201c 60 cm 2 dur\u0173 praustuvo spintel\u0117 su stalvir\u0161iu ir auk\u0161ta kolona yra puikus sprendimas tiems, kurie nori savo vonios kambariui suteikti elegancijos ir modernumo. \u0160is baldas pasi\u017eymi gra\u017eia ka\u0161myro apdaila, kuri \u017eavi savo subtilumu ir suteikia interjerui unikalaus charakterio. Trima\u010diai, frezuoti, eglut\u0117s formos fasadai suteikia intriguojant\u012f akcent\u0105 bet kuriam kambariui, patraukia d\u0117mes\u012f ir sukuria harmoning\u0105 erdv\u0119.<\/p>\n<p>60 cm plo\u010dio dviej\u0173 dureli\u0173 praustuvo spintel\u0117 si\u016blo daug vietos svarbiausiems vonios kambario aksesuarams laikyti. \u0160velnaus u\u017edarymo dureli\u0173 sistema u\u017etikrina patog\u0173 kasdien\u012f naudojim\u0105, pa\u0161alindama atidarymo ir u\u017edarymo triuk\u0161m\u0105. D\u0117l gerai apgalvoto dizaino spintel\u0117 puikiai derina stili\u0173 ir funkcionalum\u0105, tod\u0117l tai idealus sprendimas net ir ma\u017eesn\u0117ms erdv\u0117ms, kur kiekvienas centimetras yra vertingas.<\/p>\n<p>Komplekt\u0105 sudaro eleganti\u0161ka keramin\u0117 stalvir\u0161io kriaukl\u0117, kuri kartu su ka\u0161myro spalvos stalvir\u0161iu sukuria harmoning\u0105 visum\u0105. I\u0161 auk\u0161tos kokyb\u0117s med\u017eiag\u0173 pagamintas stalvir\u0161is yra esteti\u0161kai patrauklus ir prakti\u0161kas \u2013 jo pavir\u0161i\u0173 lengva valyti ir pri\u017ei\u016br\u0117ti. Be to, galimyb\u0117 rinktis i\u0161 trij\u0173 spalv\u0173 \u2013 blizgios aukso, matin\u0117s juodos ir chromo \u2013 ranken\u0117li\u0173 leid\u017eia sukurti suasmenint\u0105 i\u0161vaizd\u0105, puikiai atitinkan\u010di\u0105 individualius naudotojo poreikius ir stili\u0173.<\/p>\n<p>Visa tai \u201eViva Cashmere\u201c spintel\u0117s ir kriaukl\u0117s komplekt\u0105 paver\u010dia ne tik i\u0161samiu daikt\u0173 laikymo sprendimu, bet ir puikiu pasirinkimu, suteikian\u010diu j\u016bs\u0173 vonios kambariui elegancijos ir rafinuotumo. Kiekvienas elementas buvo kruop\u0161\u010diai sukurtas atsi\u017evelgiant \u012f kokyb\u0119 ir ilgaam\u017ei\u0161kum\u0105, o 2 met\u0173 garantija yra papildomas privalumas, pabr\u0117\u017eiantis gamintojo \u012fsipareigojim\u0105 u\u017etikrinti klient\u0173 pasitenkinim\u0105.<\/p>\n<p>Nelaukite! Sukurkite savo svajoni\u0173 vonios kambar\u012f, kuris ne tik prad\u017eiugins j\u016bs\u0173 \u0161eim\u0105, bet ir taps atsipalaidavimo bei pails\u0117jimo vieta. Investuokite \u012f eleganti\u0161k\u0105 praustuvo ir kriaukl\u0117s komplekt\u0105 ir m\u0117gaukit\u0117s i\u0161skirtiniu stiliumi bei funkcionalumu ilgus metus.<\/p>","protected":false},"excerpt":{"rendered":"<p>Plotis (cm): 60<br \/>\n\u016agis (cm): 57<br \/>\nGylis (cm): 40<\/p>","protected":false},"featured_media":246216,"comment_status":"open","ping_status":"open","template":"","meta":[],"product_brand":[],"product_cat":[9117,2015,9183],"product_tag":[],"class_list":{"0":"post-246215","1":"product","2":"type-product","3":"status-publish","4":"has-post-thumbnail","6":"product_cat-bathroom","7":"product_cat-comad","8":"product_cat-bathroom-furniture-sets-comad","10":"first","11":"instock","12":"purchasable","13":"product-type-simple"},"_links":{"self":[{"href":"https:\/\/baldumarket.lt\/lt\/wp-json\/wp\/v2\/product\/246215","targetHints":{"allow":["GET"]}}],"collection":[{"href":"https:\/\/baldumarket.lt\/lt\/wp-json\/wp\/v2\/product"}],"about":[{"href":"https:\/\/baldumarket.lt\/lt\/wp-json\/wp\/v2\/types\/product"}],"replies":[{"embeddable":true,"href":"https:\/\/baldumarket.lt\/lt\/wp-json\/wp\/v2\/comments?post=246215"}],"wp:featuredmedia":[{"embeddable":true,"href":"https:\/\/baldumarket.lt\/lt\/wp-json\/wp\/v2\/media\/246216"}],"wp:attachment":[{"href":"https:\/\/baldumarket.lt\/lt\/wp-json\/wp\/v2\/media?parent=246215"}],"wp:term":[{"taxonomy":"product_brand","embeddable":true,"href":"https:\/\/baldumarket.lt\/lt\/wp-json\/wp\/v2\/product_brand?post=246215"},{"taxonomy":"product_cat","embeddable":true,"href":"https:\/\/baldumarket.lt\/lt\/wp-json\/wp\/v2\/product_cat?post=246215"},{"taxonomy":"product_tag","embeddable":true,"href":"https:\/\/baldumarket.lt\/lt\/wp-json\/wp\/v2\/product_tag?post=246215"}],"curies":[{"name":"wp","href":"https:\/\/api.w.org\/{rel}","templated":true}]}}