{"id":246207,"date":"2026-01-02T23:18:25","date_gmt":"2026-01-02T20:18:25","guid":{"rendered":"https:\/\/baldumarket.lt\/product\/zestaw-szafka-z-podwojna-umywalka-meblowa-120-cm-i-2-polslupki-oraz-2-lustra-i-sedes-talia-casella-czarny-mat\/"},"modified":"2026-02-11T18:33:01","modified_gmt":"2026-02-11T15:33:01","slug":"zestaw-szafka-z-podwojna-umywalka-meblowa-120-cm-i-2-polslupki-oraz-2-lustra-i-sedes-talia-casella-czarny-mat","status":"publish","type":"product","link":"https:\/\/baldumarket.lt\/lt\/product\/zestaw-szafka-z-podwojna-umywalka-meblowa-120-cm-i-2-polslupki-oraz-2-lustra-i-sedes-talia-casella-czarny-mat\/","title":{"rendered":"Spintel\u0117s su dvigubu praustuvu 120 cm ir 2 puskolon\u0117mis, 2 veidrod\u017eiais ir klozetu komplektas, Talia Casella matin\u0117 juoda spalva"},"content":{"rendered":"<p>\u201eTalia Casella\u201c matin\u0117s juodos spalvos dviguba praustuvo spintel\u0117 su 120 cm praustuvu, 2 pusapval\u0117mis kolon\u0117l\u0117mis, 2 veidrod\u017eiais ir klozetu. Eleganti\u0161kas \u201eTalia Casella\u201c vonios kambario komplektas pasi\u017eymi matin\u0117s juodos spalvos korpusu ir \u201eCasella Oak\u201c fasadais. Jame yra dvi funkcionalios keramin\u0117s kriaukl\u0117s, LED veidrod\u017eiai ir patogios pusapval\u0117s kolon\u0117l\u0117s. \u0160velnaus u\u017edarymo sistema padidina komfort\u0105. Matmenys: Plotis (cm): 120 Gylis (cm): 46 Auk\u0161tis (cm): 50 Svoris (kg): 102 Techniniai duomenys: Komplekt\u0105 sudaro: SKY 1 keraminis baldinis praustuvas 120D MATT WHITE E-8099-120D matin\u0117 balta spalva, LED veidrod\u017eiai be r\u0117mo 2 vnt., Talia Casella 1 dur\u0173 vonios kambario pusiau kolona 2 vnt., Talia Casella 60 cm praustuvo spintel\u0117 su 2 stal\u010diais 2 vnt., PAKABINAMAS BALTA KABINAMAS TUALETAS Korpuso spalva: Matin\u0117 juoda Priekin\u0117s dalies spalva: Casella \u0105\u017euolas Ranken\u0117l\u0117s spalva: Pakuot\u0117je \u2013 blizgi auksin\u0117, matin\u0117 juoda, blizgus chromas Praustuvo spalva: Matin\u0117 balta Korpuso med\u017eiaga: Laminuota plok\u0161t\u0117 Priekin\u0117 dalis: MDF Ranken\u0117l\u0117s med\u017eiaga: Plastikas Praustuvo med\u017eiaga: Keramika B\u0117geliai: \u0160velnaus u\u017edarymo, Praustuvas \u012fskai\u010diuotas: Taip, Stalvir\u0161is \u012fskai\u010diuotas: Ne, Tvirtinimo komplektas \u012fskai\u010diuotas: Taip, Surinkimas: Savaranki\u0161kas surinkimas. 120 cm dvigubos praustuvo spintel\u0117s komplektas yra tobulas elegancijos ir modernumo derinys, kuris pakeis j\u016bs\u0173 vonios kambar\u012f. \u0160is unikalus, kruop\u0161\u010diai sukurtas komplektas \u017eavi minimalistiniu matin\u0117s juodos ir \u201eCasella Oak\u201c \u0105\u017euolo spalv\u0173 stiliumi, suteikian\u010diu interjerui nat\u016bralaus \u0161ilumos. Spinteli\u0173 fasadai, apdailinti subtiliu frezuotu r\u0117mu, traukia ak\u012f ir suteikia baldams nesenstant\u012f charakter\u012f, kartu puikiai dera su \u0161iuolaikin\u0117mis dizaino tendencijomis. Ypatingas komplekto bruo\u017eas \u2013 dvigubas praustuvas, pagamintas i\u0161 eleganti\u0161kos matin\u0117s baltos spalvos keramikos, kuris ne tik atrodo nuostabiai, bet ir u\u017etikrina patog\u0173 naudojim\u0105. D\u0117l dviej\u0173 erdvi\u0173 stal\u010di\u0173 su \u0161velnaus u\u017edarymo sistema galite efektyviai laikyti visus b\u016btiniausius vonios kambario aksesuarus, u\u017etikrindami tvark\u0105 ir \u0161var\u0105. 50 cm auk\u0161\u010dio spintel\u0117 suteikia erdvei lengvumo, tod\u0117l vonios kambarys tampa erdvesnis ir kvie\u010diantis kasdieniam poilsiui. \u201eTalia Casella\u201c kolekcija si\u016blo pritaikymo galimybes d\u0117l trij\u0173 skirting\u0173 ranken\u0117li\u0173 spalv\u0173 \u2013 blizgios auksin\u0117s, chromuotos ir matin\u0117s juodos. \u0160is lankstus po\u017ei\u016bris leid\u017eia pritaikyti baldus prie individualaus stiliaus. Baldai pagaminti i\u0161 patvari\u0173 med\u017eiag\u0173, toki\u0173 kaip MDF ir laminatas, u\u017etikrinan\u010di\u0173 auk\u0161t\u0105 kokyb\u0119, ilgaam\u017ei\u0161kum\u0105 ir estetin\u012f patrauklum\u0105 daugel\u012f met\u0173. Kiekvienas baldas pristatomas savaranki\u0161kai surenkamose pakuot\u0117se, o intuityvus dizainas paver\u010dia surinkim\u0105 tikru malonumu. 2 met\u0173 garantija u\u017etikrina, kad pasirinkdami 120 cm spintel\u0117s su dviguba kriaukle komplekt\u0105, renkat\u0117s patvarum\u0105 ir kokyb\u0119. Jei ie\u0161kote bald\u0173, kuriuose der\u0117t\u0173 elegancija, funkcionalumas ir modernus stilius, \u0161is komplektas tikrai pateisins j\u016bs\u0173 l\u016bkes\u010dius.<\/p>","protected":false},"excerpt":{"rendered":"<p>Plotis (cm): 120<br \/>\n\u016agis (cm): 50<br \/>\nGylis (cm): 46<\/p>","protected":false},"featured_media":246208,"comment_status":"open","ping_status":"open","template":"","meta":[],"product_brand":[],"product_cat":[9117,2015,9183],"product_tag":[],"class_list":{"0":"post-246207","1":"product","2":"type-product","3":"status-publish","4":"has-post-thumbnail","6":"product_cat-bathroom","7":"product_cat-comad","8":"product_cat-bathroom-furniture-sets-comad","10":"first","11":"instock","12":"purchasable","13":"product-type-simple"},"_links":{"self":[{"href":"https:\/\/baldumarket.lt\/lt\/wp-json\/wp\/v2\/product\/246207","targetHints":{"allow":["GET"]}}],"collection":[{"href":"https:\/\/baldumarket.lt\/lt\/wp-json\/wp\/v2\/product"}],"about":[{"href":"https:\/\/baldumarket.lt\/lt\/wp-json\/wp\/v2\/types\/product"}],"replies":[{"embeddable":true,"href":"https:\/\/baldumarket.lt\/lt\/wp-json\/wp\/v2\/comments?post=246207"}],"wp:featuredmedia":[{"embeddable":true,"href":"https:\/\/baldumarket.lt\/lt\/wp-json\/wp\/v2\/media\/246208"}],"wp:attachment":[{"href":"https:\/\/baldumarket.lt\/lt\/wp-json\/wp\/v2\/media?parent=246207"}],"wp:term":[{"taxonomy":"product_brand","embeddable":true,"href":"https:\/\/baldumarket.lt\/lt\/wp-json\/wp\/v2\/product_brand?post=246207"},{"taxonomy":"product_cat","embeddable":true,"href":"https:\/\/baldumarket.lt\/lt\/wp-json\/wp\/v2\/product_cat?post=246207"},{"taxonomy":"product_tag","embeddable":true,"href":"https:\/\/baldumarket.lt\/lt\/wp-json\/wp\/v2\/product_tag?post=246207"}],"curies":[{"name":"wp","href":"https:\/\/api.w.org\/{rel}","templated":true}]}}