{"id":246203,"date":"2026-01-02T23:18:23","date_gmt":"2026-01-02T20:18:23","guid":{"rendered":"https:\/\/baldumarket.lt\/product\/zestaw-szafka-z-podwojna-umywalka-meblowa-120-cm-4-szuflady-talia-casella-2\/"},"modified":"2026-02-11T18:33:01","modified_gmt":"2026-02-11T15:33:01","slug":"zestaw-szafka-z-podwojna-umywalka-meblowa-120-cm-4-szuflady-talia-casella-2","status":"publish","type":"product","link":"https:\/\/baldumarket.lt\/lt\/product\/zestaw-szafka-z-podwojna-umywalka-meblowa-120-cm-4-szuflady-talia-casella-2\/","title":{"rendered":"Talia Casella dvigubas praustuvas, 120 cm, 4 stal\u010diai"},"content":{"rendered":"<p>Talia Casella 120 cm dvigubos kriaukl\u0117s spintel\u0117s komplektas su 4 stal\u010diais. \u0160is dvigubos kriaukl\u0117s spintel\u0117s komplektas i\u0161 \u201eTalia Casella\u201c kolekcijos derina elegancij\u0105 ir modernum\u0105. Matin\u0117s juodos spalvos korpusas su \u0105\u017euoliniais fasadais traukia d\u0117mes\u012f. Du stal\u010diai suteikia daug vietos daiktams susid\u0117ti, o \u0161velnaus u\u017edarymo funkcija u\u017etikrina komfort\u0105. Matmenys: Plotis (cm): 120 Gylis (cm): 46 Auk\u0161tis (cm): 50 Svoris (kg): 54 Techniniai duomenys: Korpuso spalva: Matin\u0117 juoda Komplekt\u0105 sudaro: SKY 1 Keraminis baldinis praustuvas 120D MATT WHITE E-8099-120D Matin\u0117 balta, 60 cm Praustuvo spintel\u0117 su 2 stal\u010diais Talia Casella 2 vnt. Priekin\u0117s spalvos: Casella \u0105\u017euolo Ranken\u0117l\u0117s spalva: Pakuot\u0117je \u2013 aukso blizgi, juoda matin\u0117, chromo blizgi Praustuvo spalva: Matin\u0117 balta Korpuso med\u017eiaga: laminuota plok\u0161t\u0117 Priekin\u0117 med\u017eiaga: MDF plok\u0161t\u0117 Ranken\u0117l\u0117s med\u017eiaga: plastikas Praustuvo med\u017eiaga: keramika \u012e komplekt\u0105 \u012feina praustuvas: Taip B\u0117geliai: \u0160velnaus u\u017edarymo sistema Pakuot\u0117je surinkimas \u012ftrauktas: Taip Surinkimas: Savaranki\u0161kas surinkimas. 120 cm praustuvo spintel\u0117 su dvigubu praustuvu \u2013 puikus sprendimas ie\u0161kantiems eleganti\u0161ko ir prakti\u0161ko vonios kambario baldo. Praustuvo spintel\u0117 kartu su matin\u0117s baltos spalvos keraminiu praustuvu i\u0161 SKY 1 120D kolekcijos sukuria ry\u0161k\u0173 \u012fsp\u016bd\u012f. Minimalistinis, modernus dizainas suteikia interjerui gaivumo, derindamas klasikinius elementus su madingais akcentais. Matin\u0117s juodos spalvos spintel\u0117s ir \u201eCasella\u201c \u0105\u017euolo apdaila i\u0161ry\u0161kina nat\u016bral\u0173 medienos gro\u017e\u012f, kartu suteikdamos jaukumo ir harmonijos bet kokiam vonios kambariui.<\/p>\n<p>Patogi ir erdvi spintel\u0117 su dviem stal\u010diais suteikia daug vietos vonios kambario aksesuarams. D\u0117l intuityvaus i\u0161d\u0117stymo kiekvienas daiktas randa savo viet\u0105, tod\u0117l kasdienis tvarkymas tampa paprastesnis. Be to, optimalus spintel\u0117s auk\u0161tis \u2013 vos 50 cm \u2013 suteikia erdvumo ir vizualiai lengvumo. \u0160velnaus u\u017edarymo sistema u\u017etikrina tyl\u0173 stal\u010di\u0173 veikim\u0105 ir patog\u0173 kasdien\u012f naudojim\u0105.<\/p>\n<p>Taip pat verta apsvarstyti komplekto pritaikymo galimybes. Komplekte yra trij\u0173 patraukli\u0173 atspalvi\u0173 ranken\u0117l\u0117s: blizgios aukso, matin\u0117s juodos ir blizgaus chromo, tod\u0117l galite pritaikyti i\u0161vaizd\u0105 pagal savo individualius pageidavimus. \u0160ios detal\u0117s suteikia kiekvienam baldui unikalumo ir puikiai papildo j\u016bs\u0173 vonios kambario stili\u0173. Be to, lenki\u0161ka gamyba, naudojant auk\u0161\u010diausios kokyb\u0117s med\u017eiagas, tokias kaip MDF ir laminuota plok\u0161t\u0117, garantuoja patvarum\u0105 ir estetin\u012f patrauklum\u0105 daugeliui met\u0173.<\/p>\n<p>Kiekviena \u201eTalia Casella\u201c kolekcija yra kruop\u0161\u010diai sukurta ir pristatoma savaranki\u0161kai surenkamose pakuot\u0117se, kad b\u016bt\u0173 lengva surinkti. Paprastas dizainas nereikalauja joki\u0173 speciali\u0173 \u012fg\u016bd\u017ei\u0173, tod\u0117l visas procesas greitas ir paprastas. Komplektui suteikiama 2 met\u0173 garantija, u\u017etikrinanti kokyb\u0119 ir naudotoj\u0173 pasitenkinim\u0105. Rinkit\u0117s \u201eTalia Casella\u201c, kad \u012f savo vonios kambar\u012f \u012fne\u0161tum\u0117te elegancijos ir modernumo \u2013 stiliaus, kuris d\u017eiugins tiek \u0161eimos narius, tiek sve\u010dius.<\/p>","protected":false},"excerpt":{"rendered":"<p>Plotis (cm): 120<br \/>\n\u016agis (cm): 50<br \/>\nGylis (cm): 46<\/p>","protected":false},"featured_media":246204,"comment_status":"open","ping_status":"open","template":"","meta":[],"product_brand":[],"product_cat":[9117,2015,9183],"product_tag":[],"class_list":{"0":"post-246203","1":"product","2":"type-product","3":"status-publish","4":"has-post-thumbnail","6":"product_cat-bathroom","7":"product_cat-comad","8":"product_cat-bathroom-furniture-sets-comad","10":"first","11":"instock","12":"purchasable","13":"product-type-simple"},"_links":{"self":[{"href":"https:\/\/baldumarket.lt\/lt\/wp-json\/wp\/v2\/product\/246203","targetHints":{"allow":["GET"]}}],"collection":[{"href":"https:\/\/baldumarket.lt\/lt\/wp-json\/wp\/v2\/product"}],"about":[{"href":"https:\/\/baldumarket.lt\/lt\/wp-json\/wp\/v2\/types\/product"}],"replies":[{"embeddable":true,"href":"https:\/\/baldumarket.lt\/lt\/wp-json\/wp\/v2\/comments?post=246203"}],"wp:featuredmedia":[{"embeddable":true,"href":"https:\/\/baldumarket.lt\/lt\/wp-json\/wp\/v2\/media\/246204"}],"wp:attachment":[{"href":"https:\/\/baldumarket.lt\/lt\/wp-json\/wp\/v2\/media?parent=246203"}],"wp:term":[{"taxonomy":"product_brand","embeddable":true,"href":"https:\/\/baldumarket.lt\/lt\/wp-json\/wp\/v2\/product_brand?post=246203"},{"taxonomy":"product_cat","embeddable":true,"href":"https:\/\/baldumarket.lt\/lt\/wp-json\/wp\/v2\/product_cat?post=246203"},{"taxonomy":"product_tag","embeddable":true,"href":"https:\/\/baldumarket.lt\/lt\/wp-json\/wp\/v2\/product_tag?post=246203"}],"curies":[{"name":"wp","href":"https:\/\/api.w.org\/{rel}","templated":true}]}}