{"id":246199,"date":"2026-01-02T23:18:21","date_gmt":"2026-01-02T20:18:21","guid":{"rendered":"https:\/\/baldumarket.lt\/product\/zestaw-szafka-z-podwojna-umywalka-meblowa-120-cm-4-szuflady-talia-casella\/"},"modified":"2026-02-11T18:33:02","modified_gmt":"2026-02-11T15:33:02","slug":"zestaw-szafka-z-podwojna-umywalka-meblowa-120-cm-4-szuflady-talia-casella","status":"publish","type":"product","link":"https:\/\/baldumarket.lt\/lt\/product\/zestaw-szafka-z-podwojna-umywalka-meblowa-120-cm-4-szuflady-talia-casella\/","title":{"rendered":"Talia Casella dvigubas praustuvas, 120 cm, 4 stal\u010diai"},"content":{"rendered":"<p>\u201eTalia Casella\u201c 120 cm dvigubos kriaukl\u0117s komplektas su 4 stal\u010diais. \u201eTalia Casella\u201c komplekte derinamas elegancija ir modernumas. Dvigubo dubens keramin\u0117 kriaukl\u0117 su matin\u0117s juodos spalvos apdaila ir auk\u0161tos kokyb\u0117s med\u017eiagomis, tokiomis kaip MDF, u\u017etikrina patvarum\u0105. Du stal\u010diai su \u0161velnaus u\u017edarymo sistema suteikia prakti\u0161kumo ir estetikos. Matmenys: Plotis (cm): 120 Gylis (cm): 46 Auk\u0161tis (cm): 50 Svoris (kg): 67 Techniniai duomenys: Komplekt\u0105 sudaro: Praustuvo spintel\u0117 60 cm, 2 stal\u010diai, \u201eTalia Casella\u201c 2 vnt., Keraminis baldinis praustuvas dvigubas dubens 120 cm, SKY 1 BLACK MATT 120D E-8099-120D Matin\u0117 juoda Korpuso spalva: Matin\u0117 juoda Priekin\u0117s dalies spalva: Casella \u0105\u017euolas Ranken\u0117l\u0117s spalva: Pakuot\u0117je \u2013 blizgios aukso, matin\u0117s juodos, blizgan\u010dio chromo Praustuvo spalva: Matin\u0117 juoda Korpuso med\u017eiaga: laminuota plok\u0161t\u0117 Priekin\u0117 dalis: MDF plok\u0161t\u0117 Ranken\u0117l\u0117s med\u017eiaga: Plastikas Praustuvo med\u017eiaga: keramika Praustuvas yra komplekte: Taip, B\u0117geliai: \u0160velniai u\u017esidaranti, Surinkimo komplektas yra komplekte: Taip, Surinkimas: Savaranki\u0161kas surinkimas. Suteikite savo vonios kambariui prabangos su \u201eTalia Casella\u201c dviguba praustuvo komplektu. \u0160is eleganti\u0161kas 120 cm plo\u010dio komplektas derina modern\u0173 dizain\u0105 su nat\u016bralios medienos \u0161iluma, tod\u0117l tai puikus pasirinkimas tiems, kurie vertina estetik\u0105 ir funkcionalum\u0105. I\u0161skirtiniai fasadai su frezuotu r\u0117mu, pagaminti i\u0161 \u201eCasella Oak\u201c apdailos, suteikia interjerui harmonijos ir jaukumo, o tamsiai matin\u0117s juodos spalvos korpusas suteikia i\u0161skirtinumo.<\/p>\n<p>Kiekvienas i\u0161 dviej\u0173 komplekto stal\u010di\u0173 puikiai tinka b\u016btiniausi\u0173 vonios kambario aksesuar\u0173 laikymui, leid\u017eia palaikyti tvark\u0105 ir organizuotum\u0105. Lengvas, 50 cm auk\u0161\u010dio dizainas suteikia erdvumo ir tvarkingumo, sukurdamas malon\u0173 \u012fsp\u016bd\u012f bet kuriame vonios kambaryje. \u0160velniai u\u017esidaranti stal\u010di\u0173 sistema u\u017etikrina patog\u0173 ir tyl\u0173 naudojim\u0105, o tvirtos med\u017eiagos, tokios kaip MDF ir laminatas, u\u017etikrina ilgaam\u017ei\u0161kum\u0105 nepakenkiant bald\u0173 estetiniam patrauklumui.<\/p>\n<p>Vienas i\u0161 pagrindini\u0173 \u201eTalia Casella\u201c komplekto privalum\u0173 yra jo pritaikymo galimyb\u0117s. Komplekt\u0105 sudaro trij\u0173 spalv\u0173 ranken\u0117l\u0117s: blizgios aukso, chromo ir matin\u0117s juodos, tod\u0117l jas lengva pritaikyti prie individuali\u0173 stiliaus pageidavim\u0173. Tai leid\u017eia kiekvienam suteikti savo vonios kambariui unikal\u0173 charakter\u012f, atspindint\u012f asmenin\u012f skon\u012f ir tendencijas. Be to, d\u0117l intuityvaus dizaino surinkimas yra paprastas net ir tiems, kurie neturi speciali\u0173 \u017eini\u0173.<\/p>\n<p>Pasirinkdami \u201eTalia Casella\u201c bald\u0173 komplekt\u0105, renkat\u0117s kokyb\u0119 ir elegancij\u0105, kuri d\u017eiugins ak\u012f ilgus metus. Kiekvienas baldas buvo kruop\u0161\u010diai sukurtas atsi\u017evelgiant \u012f funkcionalum\u0105 ir stili\u0173, tod\u0117l tai puikus sprendimas moderniems vonios kambariams. Be to, komplektui suteikiama 2 met\u0173 garantija, u\u017etikrinanti patvarum\u0105 ir pasitenkinim\u0105 pirkiniu. Investuokite \u012f baldus, kurie pavers j\u016bs\u0173 vonios kambar\u012f atsipalaidavimo ir \u012fsp\u016bdingo dizaino oaze!<\/p>","protected":false},"excerpt":{"rendered":"<p>Plotis (cm): 120<br \/>\n\u016agis (cm): 50<br \/>\nGylis (cm): 46<\/p>","protected":false},"featured_media":246200,"comment_status":"open","ping_status":"open","template":"","meta":[],"product_brand":[],"product_cat":[9117,2015,9183],"product_tag":[],"class_list":{"0":"post-246199","1":"product","2":"type-product","3":"status-publish","4":"has-post-thumbnail","6":"product_cat-bathroom","7":"product_cat-comad","8":"product_cat-bathroom-furniture-sets-comad","10":"first","11":"instock","12":"purchasable","13":"product-type-simple"},"_links":{"self":[{"href":"https:\/\/baldumarket.lt\/lt\/wp-json\/wp\/v2\/product\/246199","targetHints":{"allow":["GET"]}}],"collection":[{"href":"https:\/\/baldumarket.lt\/lt\/wp-json\/wp\/v2\/product"}],"about":[{"href":"https:\/\/baldumarket.lt\/lt\/wp-json\/wp\/v2\/types\/product"}],"replies":[{"embeddable":true,"href":"https:\/\/baldumarket.lt\/lt\/wp-json\/wp\/v2\/comments?post=246199"}],"wp:featuredmedia":[{"embeddable":true,"href":"https:\/\/baldumarket.lt\/lt\/wp-json\/wp\/v2\/media\/246200"}],"wp:attachment":[{"href":"https:\/\/baldumarket.lt\/lt\/wp-json\/wp\/v2\/media?parent=246199"}],"wp:term":[{"taxonomy":"product_brand","embeddable":true,"href":"https:\/\/baldumarket.lt\/lt\/wp-json\/wp\/v2\/product_brand?post=246199"},{"taxonomy":"product_cat","embeddable":true,"href":"https:\/\/baldumarket.lt\/lt\/wp-json\/wp\/v2\/product_cat?post=246199"},{"taxonomy":"product_tag","embeddable":true,"href":"https:\/\/baldumarket.lt\/lt\/wp-json\/wp\/v2\/product_tag?post=246199"}],"curies":[{"name":"wp","href":"https:\/\/api.w.org\/{rel}","templated":true}]}}