{"id":246195,"date":"2026-01-02T23:18:19","date_gmt":"2026-01-02T20:18:19","guid":{"rendered":"https:\/\/baldumarket.lt\/product\/zestaw-szafka-z-blatem-i-umywalka-nablatowa-80-cm-talia-casella-czarny-mat\/"},"modified":"2026-02-11T18:33:02","modified_gmt":"2026-02-11T15:33:02","slug":"zestaw-szafka-z-blatem-i-umywalka-nablatowa-80-cm-talia-casella-czarny-mat","status":"publish","type":"product","link":"https:\/\/baldumarket.lt\/lt\/product\/zestaw-szafka-z-blatem-i-umywalka-nablatowa-80-cm-talia-casella-czarny-mat\/","title":{"rendered":"Spintel\u0117s su stalvir\u0161iu ir praustuvo komplektas, 80 cm, \u201eTalia Casella\u201c, matin\u0117s juodos spalvos"},"content":{"rendered":"<p>\u201eTalia Casella\u201c matin\u0117s juodos spalvos stalvir\u0161io spintel\u0117 ir 80 cm praustuvo komplektas. \u201eTalia Casella\u201c komplekte dera klasikinis stilius ir modernumas. \u0160i praustuvo spintel\u0117 su frezuotais fasadais, matin\u0117s juodos spalvos \u201eCasella Oak\u201c apdaila, turi du stal\u010dius su \u0161velnaus u\u017edarymo sistema. Baltos blizgios spalvos stalvir\u0161io praustuvas u\u017ebaigia stiling\u0105 dizain\u0105. Matmenys: Plotis (cm): 80 Gylis (cm): 46 Auk\u0161tis (cm): 50 Svoris (kg): 39,7 Techniniai duomenys: Komplekt\u0105 sudaro: Praustuvo spintel\u0117 80 cm 2 stal\u010diai Talia Casella, Vonios stalvir\u0161is 80 cm juodas, Keraminis praustuvas TRUST 2 WHITE E-6282 baltas blizgus Korpuso spalva: Matin\u0117 juoda Priekin\u0117s dalies spalva: Casella \u0105\u017euolas Ranken\u0117l\u0117s spalva: Pakuot\u0117 \u2013 auksin\u0117 blizgi, matin\u0117 juoda, blizgus chromas Stalvir\u0161io spalva: Matin\u0117 juoda Praustuvo spalva: Blizgi balta Korpuso med\u017eiaga: laminuota plok\u0161t\u0117 Priekin\u0117 dalis: MDF plok\u0161t\u0117 Ranken\u0117l\u0117s med\u017eiaga: plastikas Stalvir\u0161io med\u017eiaga: Laminuota plok\u0161t\u0117 Praustuvai: Keramika B\u0117geliai: \u0160velniai u\u017esidaranti Stalvir\u0161is \u012ftrauktas: Taip Praustuvas \u012ftrauktas: Taip Surinkimo rinkinys \u012ftrauktas: Taip Surinkimas: Savaranki\u0161kas surinkimas Talia Casella 80 cm spintel\u0117 su stalvir\u0161iu ir praustuvo komplektas yra puikus sprendimas tiems, kurie vertina stili\u0173 ir funkcionalum\u0105 savo vonios kambario dizaine. Jos nesenstantis dizainas harmoningai derina klasikin\u0119 elegancij\u0105 su moderniais akcentais, tod\u0117l jis stilingai dera bet kurioje erdv\u0117je. \u0160ilta \u201eCasella Oak\u201c apdaila fasaduose i\u0161ry\u0161kina nat\u016bral\u0173 medienos gro\u017e\u012f, o sodri, matin\u0117 juoda korpuso spalva suteikia baldams i\u0161skirtinio charakterio ir sukuria unikali\u0105 atmosfer\u0105 j\u016bs\u0173 vonios kambaryje.<\/p>\n<p>\u201eTalia Casella\u201c kolekcija si\u016blo prakti\u0161kus sprendimus, kurie supaprastina kasdien\u012f gyvenim\u0105. Du erdv\u016bs stal\u010diai suteikia daug vietos svarbiausiems vonios kambario aksesuarams laikyti, o j\u0173 \u0161velnaus u\u017edarymo funkcija leid\u017eia naudotis baldais nepaprastai patogiai. Ergonomi\u0161kas 50 cm spintel\u0117s auk\u0161tis suteikia erdvumo poj\u016bt\u012f, palyginti su tradiciniais modeliais \u2013 savyb\u0119, kuri\u0105 minimalistinio interjero entuziastai tikrai \u012fvertins.<\/p>\n<p>Baldai pristatomi savaranki\u0161kai surenkamose pakuot\u0117se, o d\u0117l intuityvaus dizaino surinkimui nereikia speciali\u0173 \u017eini\u0173. Papildomas privalumas \u2013 galimyb\u0117 suasmeninti rankenas trimis spalvomis (blizgios aukso, matin\u0117s juodos ir blizgaus chromo), leid\u017eianti baldus pritaikyti prie individuali\u0173 estetini\u0173 pageidavim\u0173. FSC sertifikuota Lenkijoje pagaminta produkcija garantuoja, kad pasirinkdami \u0161\u012f komplekt\u0105 investuojate \u012f kokyb\u0119 ir ilgaam\u017ei\u0161kum\u0105.<\/p>\n<p>80 cm stalvir\u0161is su gilia, matin\u0117s juodos spalvos apdaila puikiai papildo vis\u0105 dizain\u0105, derindamas elegancij\u0105 su moderniu stiliumi. Lengvai valomas stalvir\u0161io pavir\u0161ius leid\u017eia j\u012f nepaprastai lengvai i\u0161laikyti nepriekai\u0161tingos b\u016bkl\u0117s. Blizgios baltos spalvos stalvir\u0161io praustuvas TRUST 2 WHITE (E-6282) puikiai papildo bendr\u0105 dizain\u0105, suteikdamas i\u0161d\u0117stymui gaivumo ir lengvumo.<\/p>\n<p>Rinkit\u0117s \u201eTalia Casella\u201c 80 cm stalvir\u0161io praustuvo komplekt\u0105 ir m\u0117gaukit\u0117s ne tik estetika, bet ir i\u0161skirtiniu funkcionalumu savo vonios kambaryje. D\u0117l d\u0117mesio detal\u0117ms ir auk\u0161tos kokyb\u0117s med\u017eiag\u0173 naudojimo galite b\u016bti tikri, kad \u0161ie baldai tarnaus jums daugel\u012f met\u0173, u\u017etikrindami pasitenkinim\u0105 jais ir kasdieni\u0173 ritual\u0173 komfort\u0105. Pamatykite, kaip klasikinis paprastumas kartu su modernumu gali pakeisti j\u016bs\u0173 vonios kambario erdv\u0119!<\/p>","protected":false},"excerpt":{"rendered":"<p>Plotis (cm): 80<br \/>\n\u016agis (cm): 50<br \/>\nGylis (cm): 46<\/p>","protected":false},"featured_media":246196,"comment_status":"open","ping_status":"open","template":"","meta":[],"product_brand":[],"product_cat":[9117,2015,9183],"product_tag":[],"class_list":{"0":"post-246195","1":"product","2":"type-product","3":"status-publish","4":"has-post-thumbnail","6":"product_cat-bathroom","7":"product_cat-comad","8":"product_cat-bathroom-furniture-sets-comad","10":"first","11":"instock","12":"purchasable","13":"product-type-simple"},"_links":{"self":[{"href":"https:\/\/baldumarket.lt\/lt\/wp-json\/wp\/v2\/product\/246195","targetHints":{"allow":["GET"]}}],"collection":[{"href":"https:\/\/baldumarket.lt\/lt\/wp-json\/wp\/v2\/product"}],"about":[{"href":"https:\/\/baldumarket.lt\/lt\/wp-json\/wp\/v2\/types\/product"}],"replies":[{"embeddable":true,"href":"https:\/\/baldumarket.lt\/lt\/wp-json\/wp\/v2\/comments?post=246195"}],"wp:featuredmedia":[{"embeddable":true,"href":"https:\/\/baldumarket.lt\/lt\/wp-json\/wp\/v2\/media\/246196"}],"wp:attachment":[{"href":"https:\/\/baldumarket.lt\/lt\/wp-json\/wp\/v2\/media?parent=246195"}],"wp:term":[{"taxonomy":"product_brand","embeddable":true,"href":"https:\/\/baldumarket.lt\/lt\/wp-json\/wp\/v2\/product_brand?post=246195"},{"taxonomy":"product_cat","embeddable":true,"href":"https:\/\/baldumarket.lt\/lt\/wp-json\/wp\/v2\/product_cat?post=246195"},{"taxonomy":"product_tag","embeddable":true,"href":"https:\/\/baldumarket.lt\/lt\/wp-json\/wp\/v2\/product_tag?post=246195"}],"curies":[{"name":"wp","href":"https:\/\/api.w.org\/{rel}","templated":true}]}}