{"id":246187,"date":"2026-01-02T23:18:16","date_gmt":"2026-01-02T20:18:16","guid":{"rendered":"https:\/\/baldumarket.lt\/product\/zestaw-szafka-z-blatem-i-umywalka-nablatowa-80-cm-ovalia-cremona\/"},"modified":"2026-02-11T18:33:02","modified_gmt":"2026-02-11T15:33:02","slug":"zestaw-szafka-z-blatem-i-umywalka-nablatowa-80-cm-ovalia-cremona","status":"publish","type":"product","link":"https:\/\/baldumarket.lt\/lt\/product\/zestaw-szafka-z-blatem-i-umywalka-nablatowa-80-cm-ovalia-cremona\/","title":{"rendered":"Stalvir\u0161io spintel\u0117s ir stalvir\u0161io praustuvo 80 cm komplektas Ovalia Cremona"},"content":{"rendered":"<p>Spintel\u0117s su stalvir\u0161iu ir praustuvo komplektas 80 cm Ovalia Cremona. Spintel\u0117 su stalvir\u0161iu ir praustuvu 80 cm Ovalia Cremona \u2013 tai eleganti\u0161kas stiliaus ir funkcionalumo derinys. Pagaminta i\u0161 MDF ir laminato, pasi\u017eymi tyliu u\u017edarymu, u\u017eapvalintais kampais ir gra\u017eiu Cremona \u0105\u017euolo dekoru, kuris suteiks jaukumo j\u016bs\u0173 namams. Matmenys: Plotis (cm): 80 Gylis (cm): 46 Auk\u0161tis (cm): 52 Techniniai duomenys: Komplekt\u0105 sudaro: 2S praustuvo spintel\u0117 80 cm Ovalia Cremona, 80 cm Ovalia Cremona vonios kambario stalvir\u0161is, CLOUD FREE WHITE E-6588 baltai blizgi keramin\u0117 stalvir\u0161in\u0117 praustuv\u0117 Korpuso spalva: Cremona \u0105\u017euolas Priekin\u0117s spalvos: Cremona \u0105\u017euolas Ranken\u0117l\u0117s spalva: Matin\u0117 juoda Stalvir\u0161io spalva: Cremona \u0105\u017euolas Praustuvo spalva: Blizgi balta Korpuso med\u017eiaga: laminuota plok\u0161t\u0117 Priekin\u0117s med\u017eiagos: MDF plok\u0161t\u0117 Ranken\u0117l\u0117s med\u017eiaga: Metalas Stalvir\u0161io med\u017eiaga: MDF Praustuvo med\u017eiaga: Keramika B\u0117geliai: \u0160velniai u\u017esidaranti Praustuvas \u012fskai\u010diuotas: Taip Stalvir\u0161is \u012fskai\u010diuotas: Taip Surinkimo rinkinys \u012fskai\u010diuotas: Taip Surinkimas: Savaranki\u0161kas surinkimas Ovalia Cremona 80 cm spintel\u0117 su stalvir\u0161iu ir praustuvo komplektas yra puikus pasirinkimas tiems, kurie vertina stili\u0173 ir funkcionalum\u0105 savo interjere. Pagamintas i\u0161 patvari\u0173 med\u017eiag\u0173, \u0161is komplektas derina eleganti\u0161k\u0105 dizain\u0105 ir prakti\u0161kum\u0105, tod\u0117l puikiai tinka bet kokiam vonios kambariui. \u0160ilta Cremona \u0105\u017euolo spalva dera su baltais praustuvo akcentais, sukurdama jauki\u0105 erdv\u0119, kurioje galite atsipalaiduoti po sunkios dienos. Unikal\u016bs u\u017eapvalinti spintel\u0117s kampai ir i\u0161rai\u0161kingi vertikal\u016bs grioveliai suteikia baldams ne tik lengvumo, bet ir unikalaus charakterio. Matin\u0117s juodos ranken\u0117l\u0117s puikiai kontrastuoja su \u0161ilta apdaila, pabr\u0117\u017edamos viso komplekto elegancij\u0105. Kartu su CLOUD FREE WHITE stalvir\u0161io praustuvu \u201eOvalia Cremona\u201c komplektas tampa bet kurio vonios kambario traukos centru, pritraukian\u010diu d\u0117mes\u012f ir pelnan\u010diu sve\u010di\u0173 \u012fvertinim\u0105. Paprastas naudojimas \u2013 dar vienas \u0161ios unikalios kompozicijos privalumas. Du erdv\u016bs stal\u010diai suteikia pakankamai vietos visiems j\u016bs\u0173 vonios kambario aksesuarams, padeda palaikyti tvark\u0105. \u0160velnaus u\u017edarymo sistema leid\u017eia stal\u010dius atidaryti ir u\u017edaryti \u0161velniai ir beveik be garso, o tai \u017eymiai pagerina kasdienio naudojimo komfort\u0105. D\u0117l 46 cm gylio spintel\u0117 neu\u017eima daug vietos, tuo pa\u010diu maksimaliai i\u0161naudodama turim\u0105 erdv\u0119. Visi \u201eOvalia Cremona\u201c kolekcijos elementai buvo sukurti atsi\u017evelgiant \u012f smulkiausias detales. Lenki\u0161ka gamyba, pagr\u012fsta FSC sertifikuotomis med\u017eiagomis, u\u017etikrina ne tik auk\u0161t\u0105 gamini\u0173 kokyb\u0119, bet ir j\u0173 ekologi\u0161kum\u0105. Baldai pristatomi savaranki\u0161kai surenkamose pakuot\u0117se, o d\u0117l intuityvaus dizaino juos lengvai surinks net neturintys surinkimo patirties. Pasirinkdami \u201eOvalia Cremona 80 cm\u201c stalvir\u0161io spintel\u0117s ir praustuvo komplekt\u0105, investuojate \u012f elegancij\u0105, kuri ne tik pagerins j\u016bs\u0173 vonios kambario estetik\u0105, bet ir suteiks funkcionali\u0173 sprendim\u0173 ateinantiems metams. Pasiruo\u0161kite sulaukti kompliment\u0173 i\u0161 \u0161eimos ir draug\u0173, m\u0117gaudamiesi gra\u017eiu ir prakti\u0161ku interjeru, kuris puikiai atitinka \u0161iuolaikines dizaino tendencijas.<\/p>","protected":false},"excerpt":{"rendered":"<p>Plotis (cm): 80<br \/>\n\u016agis (cm): 52<br \/>\nGylis (cm): 46<\/p>","protected":false},"featured_media":246188,"comment_status":"open","ping_status":"open","template":"","meta":[],"product_brand":[],"product_cat":[9117,2015,9183],"product_tag":[],"class_list":{"0":"post-246187","1":"product","2":"type-product","3":"status-publish","4":"has-post-thumbnail","6":"product_cat-bathroom","7":"product_cat-comad","8":"product_cat-bathroom-furniture-sets-comad","10":"first","11":"instock","12":"purchasable","13":"product-type-simple"},"_links":{"self":[{"href":"https:\/\/baldumarket.lt\/lt\/wp-json\/wp\/v2\/product\/246187","targetHints":{"allow":["GET"]}}],"collection":[{"href":"https:\/\/baldumarket.lt\/lt\/wp-json\/wp\/v2\/product"}],"about":[{"href":"https:\/\/baldumarket.lt\/lt\/wp-json\/wp\/v2\/types\/product"}],"replies":[{"embeddable":true,"href":"https:\/\/baldumarket.lt\/lt\/wp-json\/wp\/v2\/comments?post=246187"}],"wp:featuredmedia":[{"embeddable":true,"href":"https:\/\/baldumarket.lt\/lt\/wp-json\/wp\/v2\/media\/246188"}],"wp:attachment":[{"href":"https:\/\/baldumarket.lt\/lt\/wp-json\/wp\/v2\/media?parent=246187"}],"wp:term":[{"taxonomy":"product_brand","embeddable":true,"href":"https:\/\/baldumarket.lt\/lt\/wp-json\/wp\/v2\/product_brand?post=246187"},{"taxonomy":"product_cat","embeddable":true,"href":"https:\/\/baldumarket.lt\/lt\/wp-json\/wp\/v2\/product_cat?post=246187"},{"taxonomy":"product_tag","embeddable":true,"href":"https:\/\/baldumarket.lt\/lt\/wp-json\/wp\/v2\/product_tag?post=246187"}],"curies":[{"name":"wp","href":"https:\/\/api.w.org\/{rel}","templated":true}]}}