{"id":246183,"date":"2026-01-02T23:18:14","date_gmt":"2026-01-02T20:18:14","guid":{"rendered":"https:\/\/baldumarket.lt\/product\/zestaw-szafka-z-blatem-i-umywalka-nablatowa-60-cm-talia-casella-czarny-mat\/"},"modified":"2026-02-11T18:33:02","modified_gmt":"2026-02-11T15:33:02","slug":"zestaw-szafka-z-blatem-i-umywalka-nablatowa-60-cm-talia-casella-czarny-mat","status":"publish","type":"product","link":"https:\/\/baldumarket.lt\/lt\/product\/zestaw-szafka-z-blatem-i-umywalka-nablatowa-60-cm-talia-casella-czarny-mat\/","title":{"rendered":"Spintel\u0117s su stalvir\u0161iu ir praustuvo komplektas, 60 cm, \u201eTalia Casella\u201c, matin\u0117s juodos spalvos"},"content":{"rendered":"<p>Spintel\u0117s su stalvir\u0161iu ir ant stalvir\u0161io pastatomo praustuvo komplektas, 60 cm, \u201eTalia Casella\u201c matin\u0117s juodos spalvos. Eleganti\u0161ka 60 cm praustuvo spintel\u0117, pagaminta i\u0161 patvari\u0173 med\u017eiag\u0173, matin\u0117s juodos spalvos su \u201eCasella Oak\u201c dekoru. Du stal\u010diai su \u0161velniu u\u017edarymu ir galimyb\u0117 suasmeninti ranken\u0117les u\u017etikrina stili\u0173 ir funkcionalum\u0105 j\u016bs\u0173 vonios kambaryje. Matmenys: Plotis (cm): 60 Gylis (cm): 46 Auk\u0161tis (cm): 50 Svoris (kg): 32,8 Techniniai duomenys: Korpuso spalva: Matin\u0117 juoda Komplekt\u0105 sudaro: Praustuvo spintel\u0117 60 cm 2 stal\u010diai Talia Casella, Vonios stalvir\u0161is 60 cm juodas, Keraminis praustuvas MAJA-GW Balta blizgi 36,5 cm Priekin\u0117s spalvos: Casella \u0105\u017euolo Ranken\u0117l\u0117s spalva: Pakuot\u0117 \u2013 Auksin\u0117 blizgi, Matin\u0117 juoda, Blizgus chromas Stalvir\u0161io spalva: Matin\u0117 juoda Praustuvo spalva: Blizgi balta Korpuso med\u017eiaga: Laminuota plok\u0161t\u0117 Priekin\u0117s med\u017eiagos: MDF plok\u0161t\u0117 Ranken\u0117l\u0117s med\u017eiaga: Plastikas Stalvir\u0161io med\u017eiaga: Laminuota plok\u0161t\u0117 Praustuvo med\u017eiaga: Keramika B\u0117geliai: \u0160velnaus u\u017edarymo, Stalvir\u0161is \u012fskai\u010diuotas: Taip, Praustuvas \u012fskai\u010diuotas: Taip, Surinkimo komplektas \u012fskai\u010diuotas: Taip, Surinkimas: Savaranki\u0161kas surinkimas. Talia Casella 60 cm stalvir\u0161io ir praustuvo komplektas yra unikalaus dizaino, kuriame derinamas klasikinis elegancija su moderniu stiliumi. Pagaminta i\u0161 auk\u0161\u010diausios kokyb\u0117s med\u017eiag\u0173, \u0161i spintel\u0117 ne tik traukia ak\u012f patrauklia i\u0161vaizda, bet ir stebina savo funkcionalumu, prisitaikydama prie \u0161iuolaikinio interjero poreiki\u0173. I\u0161skirtiniai fasadai, papuo\u0161ti subtiliu frezuotu Casella \u0105\u017euolo r\u0117meliu, suteikia nesenstan\u010dio \u017eavesio, o matin\u0117s juodos spalvos korpusas suteikia vonios kambariui modernumo ir sukuria harmoning\u0105 visum\u0105.<\/p>\n<p>\u0160io komplekto viduje yra du erdv\u016bs stal\u010diai, kuriuose yra daug vietos vonios kambario aksesuarams ir kurie padeda palaikyti tvark\u0105. Suma\u017eintas spintel\u0117s auk\u0161tis iki 50 cm suteikia kambariui lengvumo, tod\u0117l jis atrodo erdvesnis ir patogesnis. \u0160velnaus u\u017edarymo stal\u010di\u0173 sistema yra dar vienas privalumas, u\u017etikrinantis papildom\u0105 komfort\u0105 kasdien naudojantis.<\/p>\n<p>Kiekviena \u201eTalia Casella\u201c kolekcijos detal\u0117 buvo sukurta galvojant apie naudotojus, k\u0105 \u012frodo naudojamos auk\u0161tos kokyb\u0117s med\u017eiagos, tokios kaip MDF ir laminatas. D\u0117l tvirtos konstrukcijos baldai puikiai tarnaus daugel\u012f met\u0173, i\u0161laikydami estetin\u012f patrauklum\u0105. Komplektas pristatomas savaranki\u0161kai surenkamose pakuot\u0117se, tod\u0117l j\u012f lengva surinkti be profesionalios pagalbos.<\/p>\n<p>60 cm stalvir\u0161is, nuda\u017eytas tamsiai matine juoda spalva, puikiai dera su blizgios baltos spalvos keraminiu praustuvu MAJA-GW. \u0160is harmoningas spalv\u0173 derinys ne tik suteikia elegancijos, bet ir atitinka dabartines dizaino tendencijas. Taip pat verta pamin\u0117ti, kad visos gaminyje naudojamos med\u017eiagos yra sertifikuotos FSC, o tai u\u017etikrina auk\u0161t\u0105 kokyb\u0119 ir ekologi\u0161k\u0105 gamyb\u0105.<\/p>\n<p>Pasirinkdami \u201eTalia Casella\u201c 60 cm stalvir\u0161io spintel\u0117s ir kriaukl\u0117s komplekt\u0105, investuojate ne tik \u012f funkcionalius ir esteti\u0161kai patrauklius baldus, bet ir \u012f gamin\u012f, kuris atitinka \u0161iuolaikin\u0117s meistri\u0161kumo ekologinius principus. 2 met\u0173 garantija puikiai liudija m\u016bs\u0173 \u012fsipareigojim\u0105 kokybei, o komplekto suasmeninimas pasirinkus ranken\u0117li\u0173 spalvas leid\u017eia j\u012f pritaikyti prie individuali\u0173 poreiki\u0173 ir interjero dizaino stiliaus.<\/p>","protected":false},"excerpt":{"rendered":"<p>Plotis (cm): 60<br \/>\n\u016agis (cm): 50<br \/>\nGylis (cm): 46<\/p>","protected":false},"featured_media":246184,"comment_status":"open","ping_status":"open","template":"","meta":[],"product_brand":[],"product_cat":[9117,2015,9183],"product_tag":[],"class_list":{"0":"post-246183","1":"product","2":"type-product","3":"status-publish","4":"has-post-thumbnail","6":"product_cat-bathroom","7":"product_cat-comad","8":"product_cat-bathroom-furniture-sets-comad","10":"first","11":"instock","12":"purchasable","13":"product-type-simple"},"_links":{"self":[{"href":"https:\/\/baldumarket.lt\/lt\/wp-json\/wp\/v2\/product\/246183","targetHints":{"allow":["GET"]}}],"collection":[{"href":"https:\/\/baldumarket.lt\/lt\/wp-json\/wp\/v2\/product"}],"about":[{"href":"https:\/\/baldumarket.lt\/lt\/wp-json\/wp\/v2\/types\/product"}],"replies":[{"embeddable":true,"href":"https:\/\/baldumarket.lt\/lt\/wp-json\/wp\/v2\/comments?post=246183"}],"wp:featuredmedia":[{"embeddable":true,"href":"https:\/\/baldumarket.lt\/lt\/wp-json\/wp\/v2\/media\/246184"}],"wp:attachment":[{"href":"https:\/\/baldumarket.lt\/lt\/wp-json\/wp\/v2\/media?parent=246183"}],"wp:term":[{"taxonomy":"product_brand","embeddable":true,"href":"https:\/\/baldumarket.lt\/lt\/wp-json\/wp\/v2\/product_brand?post=246183"},{"taxonomy":"product_cat","embeddable":true,"href":"https:\/\/baldumarket.lt\/lt\/wp-json\/wp\/v2\/product_cat?post=246183"},{"taxonomy":"product_tag","embeddable":true,"href":"https:\/\/baldumarket.lt\/lt\/wp-json\/wp\/v2\/product_tag?post=246183"}],"curies":[{"name":"wp","href":"https:\/\/api.w.org\/{rel}","templated":true}]}}