{"id":246175,"date":"2026-01-02T23:18:11","date_gmt":"2026-01-02T20:18:11","guid":{"rendered":"https:\/\/baldumarket.lt\/product\/zestaw-szafka-z-blatem-i-umywalka-nablatowa-120-cm-ovalia-cremona\/"},"modified":"2026-02-11T18:33:02","modified_gmt":"2026-02-11T15:33:02","slug":"zestaw-szafka-z-blatem-i-umywalka-nablatowa-120-cm-ovalia-cremona","status":"publish","type":"product","link":"https:\/\/baldumarket.lt\/lt\/product\/zestaw-szafka-z-blatem-i-umywalka-nablatowa-120-cm-ovalia-cremona\/","title":{"rendered":"Stalvir\u0161io spintel\u0117s ir stalvir\u0161io praustuvo komplektas 120 cm Ovalia Cremona"},"content":{"rendered":"<p>\u201eOvalia Cremona\u201c stalvir\u0161io spintel\u0117 ir 120 cm praustuvas. \u201eOvalia Cremona\u201c vonios kambario komplekte eleganti\u0161ka stalvir\u0161io spintel\u0117 ir keraminis praustuvas yra sujungti. \u0160ilta \u0105\u017euolo spalva, matin\u0117s juodos ranken\u0117l\u0117s ir \u0161velniai u\u017esidarantys stal\u010diai u\u017etikrina funkcionalum\u0105 ir stili\u0173. Eleganti\u0161ka kokyb\u0117 atsispindi detal\u0117se ir patvariose med\u017eiagose. Matmenys: Plotis (cm): 120 Gylis (cm): 46 Auk\u0161tis (cm): 52 Techniniai duomenys: Korpuso spalva: Cremona Oak Komplekt\u0105 sudaro: Praustuvo spintel\u0117 2S 120 cm Ovalia Cremona, Vonios stalvir\u0161is 120 cm Ovalia Cremona, Keraminis stalvir\u0161is Praustuvas RIVER 2 GREY MATT UN 55 (E-6594) \u0160viesaus betono matin\u0117 Priekin\u0117s dalies spalva: Cremona Oak Rankenos spalva: Matin\u0117 juoda Stalvir\u0161io spalva: Cremona Oak Praustuvo spalva: \u0160viesaus betono Korpuso med\u017eiaga: Laminuota plok\u0161t\u0117 Priekin\u0117s dalies med\u017eiaga: MDF plok\u0161t\u0117 Rankenos med\u017eiaga: Metalas Stalvir\u0161io med\u017eiaga: MDF plok\u0161t\u0117 Praustuv\u0173 med\u017eiaga: Keramika, B\u0117geliai: \u0160velnaus u\u017edarymo, Praustuvas \u012fskai\u010diuotas: Taip, Stalvir\u0161is \u012fskai\u010diuotas: Taip, Tvirtinimo komplektas \u012fskai\u010diuotas: Taip, Surinkimas: Savaranki\u0161kas surinkimas. Ovalia Cremona 120 cm stalvir\u0161io ir praustuvo komplektas yra puikus sprendimas tiems, kurie nori savo vonios kambariui suteikti i\u0161skirtinio stiliaus ir funkcionalumo. Sukurtas kruop\u0161\u010diai ir kruop\u0161\u010diai, \u0161is komplektas derina elegancij\u0105 ir modern\u0173 dizain\u0105, tikrai pritraukdamas kiekvieno lankytojo d\u0117mes\u012f. \u0160ilta Kremonos \u0105\u017euolo spalva kartu su subtiliomis, matin\u0117mis juodomis metalin\u0117mis ranken\u0117l\u0117mis atspindi nat\u016bral\u0173 med\u017eio gro\u017e\u012f ir sukuria jauki\u0105 atmosfer\u0105. Dviej\u0173 stal\u010di\u0173 praustuvo spintel\u0117 suteikia daug vietos visiems j\u016bs\u0173 vonios kambario aksesuarams susid\u0117ti. 46 cm gylis ir kruop\u0161\u010diai suprojektuoti, u\u017eapvalinti kampai suteikia visam baldui lengvumo ir modernistin\u0117s i\u0161rai\u0161kos. \u0160viesaus betono atspalvio \u201eRiver 2\u201c stalvir\u0161io praustuvas puikiai papildo stalvir\u0161\u012f, sukurdamas eleganti\u0161k\u0105 visum\u0105, kuri patenkins net ir reikliausius vartotojus. Patogumas kasdien naudojant yra vienas i\u0161 pagrindini\u0173 \u0161io komplekto privalum\u0173. \u0160velnaus u\u017edarymo sistema leid\u017eia stal\u010dius naudoti skland\u017eiai ir maloniai, pa\u0161alindama nereikaling\u0105 triuk\u0161m\u0105. D\u0117l auk\u0161tos kokyb\u0117s med\u017eiag\u0173, toki\u0173 kaip MDF ir laminuota plok\u0161t\u0117, baldai daugel\u012f met\u0173 i\u0161laikys estetin\u0119 i\u0161vaizd\u0105, o lengvas valymas daro juos prakti\u0161kus kasdieniam naudojimui. Pagaminta Lenkijoje i\u0161 FSC sertifikuot\u0173 med\u017eiag\u0173, garantuoja patvarum\u0105 ir ekologi\u0161kum\u0105. Komplektas pristatomas savaranki\u0161kai surenkamose pakuot\u0117se, tod\u0117l j\u012f galima greitai ir lengvai surinkti. Kiekvienas \u201eOvalia Cremona\u201c kolekcijos baldas pasi\u017eymi kruop\u0161\u010diu meistri\u0161kumu ir estetika, tod\u0117l tai unikalus pasirinkimas tiems, kurie vertina specializuotus sprendimus savo aplinkoje. Nesvarbu, ar projektuojate modern\u0173 vonios kambar\u012f, ar norite atnaujinti jo i\u0161vaizd\u0105, \u201eOvalia Cremona\u201c 120 cm stalvir\u0161io praustuvo komplektas su stalvir\u0161iu ir praustuvu yra puikus pasirinkimas. Jo stilius ir funkcionalumas kiekvien\u0105 vonios kambaryje praleist\u0105 akimirk\u0105 pavers tikru malonumu. \u0160io baldo \u012ftraukimas \u012f j\u016bs\u0173 interjer\u0105 yra \u017eingsnis kuriant erdv\u0119, kurioje svarbi kiekviena detal\u0117.<\/p>","protected":false},"excerpt":{"rendered":"<p>Plotis (cm): 120<br \/>\n\u016agis (cm): 52<br \/>\nGylis (cm): 46<\/p>","protected":false},"featured_media":246176,"comment_status":"open","ping_status":"open","template":"","meta":[],"product_brand":[],"product_cat":[9117,2015,9183],"product_tag":[],"class_list":{"0":"post-246175","1":"product","2":"type-product","3":"status-publish","4":"has-post-thumbnail","6":"product_cat-bathroom","7":"product_cat-comad","8":"product_cat-bathroom-furniture-sets-comad","10":"first","11":"instock","12":"purchasable","13":"product-type-simple"},"_links":{"self":[{"href":"https:\/\/baldumarket.lt\/lt\/wp-json\/wp\/v2\/product\/246175","targetHints":{"allow":["GET"]}}],"collection":[{"href":"https:\/\/baldumarket.lt\/lt\/wp-json\/wp\/v2\/product"}],"about":[{"href":"https:\/\/baldumarket.lt\/lt\/wp-json\/wp\/v2\/types\/product"}],"replies":[{"embeddable":true,"href":"https:\/\/baldumarket.lt\/lt\/wp-json\/wp\/v2\/comments?post=246175"}],"wp:featuredmedia":[{"embeddable":true,"href":"https:\/\/baldumarket.lt\/lt\/wp-json\/wp\/v2\/media\/246176"}],"wp:attachment":[{"href":"https:\/\/baldumarket.lt\/lt\/wp-json\/wp\/v2\/media?parent=246175"}],"wp:term":[{"taxonomy":"product_brand","embeddable":true,"href":"https:\/\/baldumarket.lt\/lt\/wp-json\/wp\/v2\/product_brand?post=246175"},{"taxonomy":"product_cat","embeddable":true,"href":"https:\/\/baldumarket.lt\/lt\/wp-json\/wp\/v2\/product_cat?post=246175"},{"taxonomy":"product_tag","embeddable":true,"href":"https:\/\/baldumarket.lt\/lt\/wp-json\/wp\/v2\/product_tag?post=246175"}],"curies":[{"name":"wp","href":"https:\/\/api.w.org\/{rel}","templated":true}]}}