{"id":246167,"date":"2026-01-02T23:18:08","date_gmt":"2026-01-02T20:18:08","guid":{"rendered":"https:\/\/baldumarket.lt\/product\/zestaw-szafka-z-blatem-i-umywalka-nablatowa-100-cm-ovalia-cremona\/"},"modified":"2026-02-11T18:33:02","modified_gmt":"2026-02-11T15:33:02","slug":"zestaw-szafka-z-blatem-i-umywalka-nablatowa-100-cm-ovalia-cremona","status":"publish","type":"product","link":"https:\/\/baldumarket.lt\/lt\/product\/zestaw-szafka-z-blatem-i-umywalka-nablatowa-100-cm-ovalia-cremona\/","title":{"rendered":"Stalvir\u0161io spintel\u0117s ir stalvir\u0161io praustuvo 100 cm komplektas Ovalia Cremona"},"content":{"rendered":"<p>Spintel\u0117s su stalvir\u0161iu ir praustuvo komplektas 100 cm Ovalia Cremona. Spintel\u0117s su stalvir\u0161iu ir praustuvo komplektas 100 cm Ovalia Cremona \u2013 tai elegancijos ir funkcionalumo derinys. \u0160iltas Cremona \u0105\u017euolo dekoras, juodos metalin\u0117s ranken\u0117l\u0117s ir \u0161velnaus u\u017edarymo sistema kiekvien\u0105 maudyn\u0119 paver\u010dia malonumu. Matmenys: Plotis (cm): 100 Gylis (cm): 46 Auk\u0161tis (cm): 52 Techniniai duomenys: Komplekt\u0105 sudaro: Praustuvo spintel\u0117 2S 100 cm Ovalia Cremona, Vonios stalvir\u0161is 100 cm Ovalia Cremona, Keraminis stalvir\u0161is Praustuvas UN-LENA-MW17 Matin\u0117 balta Korpuso spalva: Kremonos \u0105\u017euolas Priekin\u0117s dalies spalva: Kremonos \u0105\u017euolas Ranken\u0117l\u0117s spalva: Matin\u0117 juoda Stalvir\u0161io spalva: Kremonos \u0105\u017euolas Praustuvo spalva: Matin\u0117 balta Korpuso med\u017eiaga: Laminuota plok\u0161t\u0117 Priekin\u0117 dalis: MDF plok\u0161t\u0117 Ranken\u0117l\u0117s med\u017eiaga: Metalas Stalvir\u0161io med\u017eiaga: MDF plok\u0161t\u0117 Praustuv\u0173 med\u017eiaga: Keramika B\u0117geliai: \u0160velniai u\u017esidaranti Praustuvas \u012fskai\u010diuotas: Taip Stalvir\u0161is \u012fskai\u010diuotas: Taip Surinkimo rinkinys \u012fskai\u010diuotas: Taip Surinkimas: Savaranki\u0161kas surinkimas \u201eComad\u201c \u201eOvalia Cremona\u201c 100 cm stalvir\u0161io spintel\u0117s ir praustuvo komplektas \u2013 puikus sprendimas moderniam vonios kambariui, kuriame eleganti\u0161kas dizainas derinamas su funkcionalumu. \u0160is stilingas komplektas, pagamintas i\u0161 auk\u0161tos kokyb\u0117s med\u017eiag\u0173, d\u017eiugina \u0161iltu Kremonos \u0105\u017euolo dekoru, kuris sukuria jauki\u0105 atmosfer\u0105. I\u0161skirtiniai u\u017eapvalinti kampai ir vertikal\u016bs grioveliai fasaduose suteikia baldams unikalaus charakterio ir lengvumo, tod\u0117l jie yra ne tik prakti\u0161kas, bet ir dekoratyvus elementas bet kuriame vonios kambaryje. Du erdv\u016bs stal\u010diai leid\u017eia patogiai laikyti vonios kambario aksesuarus, tod\u0117l daug lengviau palaikyti tvark\u0105. Taip pat verta atkreipti d\u0117mes\u012f \u012f \u0161velnaus u\u017edarymo sistem\u0105, kuri u\u017etikrina skland\u0173 ir tyl\u0173 stal\u010di\u0173 atidarym\u0105 ir u\u017edarym\u0105. \u0160ie i\u0161man\u016bs sprendimai kasdien\u012f naudojim\u0105si vonios kambariu paver\u010dia malonumu, o baldai i\u0161laiko estetin\u012f patrauklum\u0105 ilgus metus. Matin\u0117s baltos spalvos stalvir\u0161io praustuvas UN-LENA-MW17 puikiai papildo vis\u0105 dizain\u0105, sukurdamas harmoning\u0105 kompozicij\u0105 su 100 cm stalvir\u0161iu. D\u0117l keramin\u0117s konstrukcijos praustuvas ne tik puikiai atrodo, bet ir yra itin funkcionalus bei lengvai valomas. Siekiant dar labiau supaprastinti montavim\u0105, komplekte yra surinkimo rinkinys, kuris leid\u017eia savaranki\u0161kai surinkti baldus intuityviai ir maloniai. Visi \u201eOvalia Cremona\u201c kolekcijos elementai yra kruop\u0161\u010diai sukurti, tod\u0117l tai puikus pasirinkimas tiems, kurie vienodai vertina kokyb\u0119 ir estetik\u0105. Lenki\u0161ka gamyba ir FSC sertifikuotos med\u017eiagos garantuoja ilgaam\u017ei\u0161kum\u0105 ir ekologi\u0161kum\u0105. Be to, \u0161ie baldai puikiai dera su kitais m\u016bs\u0173 si\u016blomais gaminiais, leisdami jums suasmeninti savo erdv\u0119 ir sukurti unikal\u0173, harmoning\u0105 i\u0161d\u0117stym\u0105. Pasirinkdami \u201eOvalia Cremona 100 cm\u201c stalvir\u0161io spintel\u0117s ir praustuvo komplekt\u0105, investuojate \u012f stiling\u0105 ir prakti\u0161k\u0105 bald\u0105, kuris neabejotinai papuo\u0161 j\u016bs\u0173 vonios kambario interjer\u0105, suteikdamas elegancijos ir modernumo. Palepinkite save ir savo artimuosius kasdieniu komfortu pasirinkdami baldus, kurie derina funkcionalum\u0105, estetik\u0105 ir auk\u0161tos kokyb\u0117s meistri\u0161kum\u0105.<\/p>","protected":false},"excerpt":{"rendered":"<p>Plotis (cm): 100<br \/>\n\u016agis (cm): 52<br \/>\nGylis (cm): 46<\/p>","protected":false},"featured_media":246168,"comment_status":"open","ping_status":"open","template":"","meta":[],"product_brand":[],"product_cat":[9117,2015,9183],"product_tag":[],"class_list":{"0":"post-246167","1":"product","2":"type-product","3":"status-publish","4":"has-post-thumbnail","6":"product_cat-bathroom","7":"product_cat-comad","8":"product_cat-bathroom-furniture-sets-comad","10":"first","11":"instock","12":"purchasable","13":"product-type-simple"},"_links":{"self":[{"href":"https:\/\/baldumarket.lt\/lt\/wp-json\/wp\/v2\/product\/246167","targetHints":{"allow":["GET"]}}],"collection":[{"href":"https:\/\/baldumarket.lt\/lt\/wp-json\/wp\/v2\/product"}],"about":[{"href":"https:\/\/baldumarket.lt\/lt\/wp-json\/wp\/v2\/types\/product"}],"replies":[{"embeddable":true,"href":"https:\/\/baldumarket.lt\/lt\/wp-json\/wp\/v2\/comments?post=246167"}],"wp:featuredmedia":[{"embeddable":true,"href":"https:\/\/baldumarket.lt\/lt\/wp-json\/wp\/v2\/media\/246168"}],"wp:attachment":[{"href":"https:\/\/baldumarket.lt\/lt\/wp-json\/wp\/v2\/media?parent=246167"}],"wp:term":[{"taxonomy":"product_brand","embeddable":true,"href":"https:\/\/baldumarket.lt\/lt\/wp-json\/wp\/v2\/product_brand?post=246167"},{"taxonomy":"product_cat","embeddable":true,"href":"https:\/\/baldumarket.lt\/lt\/wp-json\/wp\/v2\/product_cat?post=246167"},{"taxonomy":"product_tag","embeddable":true,"href":"https:\/\/baldumarket.lt\/lt\/wp-json\/wp\/v2\/product_tag?post=246167"}],"curies":[{"name":"wp","href":"https:\/\/api.w.org\/{rel}","templated":true}]}}