{"id":246162,"date":"2026-01-02T23:18:06","date_gmt":"2026-01-02T20:18:06","guid":{"rendered":"https:\/\/baldumarket.lt\/product\/zestaw-szafka-z-blatem-i-2-umywalki-nablatowe-120-cm-talia-casella-czarny-mat\/"},"modified":"2026-02-11T18:33:02","modified_gmt":"2026-02-11T15:33:02","slug":"zestaw-szafka-z-blatem-i-2-umywalki-nablatowe-120-cm-talia-casella-czarny-mat","status":"publish","type":"product","link":"https:\/\/baldumarket.lt\/lt\/product\/zestaw-szafka-z-blatem-i-2-umywalki-nablatowe-120-cm-talia-casella-czarny-mat\/","title":{"rendered":"Spintel\u0117s su stalvir\u0161iu ir 2 ant stalvir\u0161io pakabinam\u0173 praustuv\u0173 komplektas, 120 cm, Talia Casella, matin\u0117s juodos spalvos"},"content":{"rendered":"<p>\u201eTalia Casella\u201c komplektas, kur\u012f sudaro stalvir\u0161io spintel\u0117 ir dvi 120 cm stalvir\u0161io kriaukl\u0117s, matin\u0117s juodos spalvos. \u201eTalia Casella\u201c komplektas \u2013 tai eleganti\u0161ka spintel\u0117 su dviem stalvir\u0161io kriaukl\u0117mis, derinanti klasikin\u012f ir modern\u0173 stili\u0173. Tamsiai matin\u0117 juoda ir nat\u016bralus \u201eCasella\u201c \u0105\u017euolas sukuria harmoning\u0105 visum\u0105. \u0160velniai u\u017esidarantys stal\u010diai ir suasmenintos rankenos \u2013 papildomi privalumai. Matmenys: Plotis (cm): 120 Gylis (cm): 46 Auk\u0161tis (cm): 50 Svoris (kg): 62,5 Techniniai duomenys: Korpuso spalva: Matin\u0117 juoda Komplekt\u0105 sudaro: Praustuvo spintel\u0117 60 cm (2 stal\u010diai) \u201eTalia Casella\u201c (2 vnt.), Keraminis stalvir\u0161io praustuvas MONA-MB12 (52 cm), matin\u0117 juoda (2 vnt.), Juodas vonios stalvir\u0161is 120 cm Priekin\u0117s spalvos: \u201eCasella Oak\u201c Ranken\u0117li\u0173 spalva: Pakuot\u0117 \u2013 blizgi auksin\u0117, matin\u0117 juoda, blizgus chromas Stalvir\u0161io spalva: Matin\u0117 juoda Praustuvo spalva: Matin\u0117 juoda, auksin\u0117 Korpuso med\u017eiaga: laminuota plok\u0161t\u0117 Priekin\u0117 med\u017eiaga: MDF plok\u0161t\u0117 Ranken\u0117li\u0173 med\u017eiaga: plastikas Stalvir\u0161io med\u017eiaga: laminuota plok\u0161t\u0117 Praustuvo med\u017eiaga: keramika B\u0117geliai: \u0161velnaus u\u017edarymo. Praustuvas komplekte: taip. Stalvir\u0161is \u012f komplekt\u0105 \u012feina: Taip. Surinkimo rinkinys \u012f komplekt\u0105 \u012feina: Taip. Surinkimas: Savaranki\u0161kas surinkimas. \u201eTalia Casella\u201c komplekte, kur\u012f sudaro spintel\u0117 su stalvir\u0161iu ir du 120 cm ant stalvir\u0161io montuojami praustuvai, susitinka elegancija ir modernumas \u2013 tikras ak\u012f traukiantis akcentas visiems, vertinantiems estetik\u0105 ir funkcionalum\u0105 vonios kambaryje. \u201eTalia Casella\u201c kolekcija derina klasikin\u012f paprastum\u0105 su moderniais akcentais, o unikalios savyb\u0117s paver\u010dia j\u0105 j\u016bs\u0173 interjero \u0161irdimi. Matin\u0117s juodos spalvos korpusai su \u0105\u017euoliniais fasadais su \u201eCasella\u201c dekoru sukuria harmoning\u0105 kompozicij\u0105, kuri puikiai dera prie \u012fvairi\u0173 interjer\u0173.<\/p>\n<p>Komplekt\u0105 sudaro 60 cm plo\u010dio praustuvo spintel\u0117 ir du MONA-MB12 keraminiai stalvir\u0161io praustuvai, kurie traukia d\u0117mes\u012f savo i\u0161skirtine matin\u0117s juodos spalvos apdaila. 50 cm auk\u0161tis garantuoja erdvum\u0105 ir \u0161viesum\u0105, suteikdamas j\u016bs\u0173 vonios kambariui naujo spindesio. Du stal\u010diai si\u016blo ne\u012ftik\u0117tinai prakti\u0161k\u0105 vonios kambario aksesuar\u0173 organizavimo sprendim\u0105, tod\u0117l kasdien naudojant juos lengviau palaikyti tvark\u0105.<\/p>\n<p>Komplekte taip pat yra stilingas 120 cm ilgio vonios stalvir\u0161is, kuris puikiai dera su kriaukl\u0117mis ir pabr\u0117\u017eia j\u0173 modern\u0173 charakter\u012f. Lengvai valomas stalvir\u0161io pavir\u0161ius kasdien\u0119 prie\u017ei\u016br\u0105 paver\u010dia malonumu. Be to, \u0161velnaus u\u017edarymo stal\u010di\u0173 sistema u\u017etikrina komfort\u0105 ir maloni\u0105 patirt\u012f, nes pa\u0161alina triuk\u0161m\u0105 juos u\u017edarant.<\/p>\n<p>Visa \u201eTalia Casella\u201c kolekcija sukurta atsi\u017evelgiant \u012f prakti\u0161kum\u0105 ir estetik\u0105. Baldai pristatomi su intuityviomis surinkimo instrukcijomis, u\u017etikrinan\u010diomis, kad juos surinkti gali net ir neturintys specializuot\u0173 \u017eini\u0173 asmenys. Papildomas privalumas \u2013 lenk\u0173 meistri\u0161kumas i\u0161 FSC sertifikuot\u0173 med\u017eiag\u0173, \u012frodantis bald\u0173 kokyb\u0119 ir ilgaam\u017ei\u0161kum\u0105. D\u0117l galimyb\u0117s suasmeninti rankenas, galite jas pritaikyti pagal savo individualius pageidavimus, pasirinkdami vien\u0105 i\u0161 trij\u0173 spalv\u0173 variant\u0173: blizgaus aukso, matin\u0117s juodos ir blizgaus chromo.<\/p>\n<p>Trumpai tariant, \u201eTalia Casella\u201c stalvir\u0161io spintel\u0117s ir dviej\u0173 120 cm stalvir\u0161io kriaukli\u0173 komplektas yra puikus pasirinkimas ie\u0161kantiems modernaus stiliaus ir klasikinio dizaino harmonijos. \u0160ie baldai i\u0161skirs j\u016bs\u0173 vonios kambar\u012f, o j\u0173 prakti\u0161kos savyb\u0117s pavers kasdien\u012f naudojim\u0105 grynu malonumu. Atraskite gro\u017e\u012f, kur\u012f \u201eTalia Casella\u201c kolekcija suteiks j\u016bs\u0173 interjerui, ir m\u0117gaukit\u0117s modernumu kiekvien\u0105 dien\u0105.<\/p>","protected":false},"excerpt":{"rendered":"<p>Plotis (cm): 120<br \/>\n\u016agis (cm): 50<br \/>\nGylis (cm): 46<\/p>","protected":false},"featured_media":246163,"comment_status":"open","ping_status":"open","template":"","meta":[],"product_brand":[],"product_cat":[9117,2015,9183],"product_tag":[],"class_list":{"0":"post-246162","1":"product","2":"type-product","3":"status-publish","4":"has-post-thumbnail","6":"product_cat-bathroom","7":"product_cat-comad","8":"product_cat-bathroom-furniture-sets-comad","10":"first","11":"instock","12":"purchasable","13":"product-type-simple"},"_links":{"self":[{"href":"https:\/\/baldumarket.lt\/lt\/wp-json\/wp\/v2\/product\/246162","targetHints":{"allow":["GET"]}}],"collection":[{"href":"https:\/\/baldumarket.lt\/lt\/wp-json\/wp\/v2\/product"}],"about":[{"href":"https:\/\/baldumarket.lt\/lt\/wp-json\/wp\/v2\/types\/product"}],"replies":[{"embeddable":true,"href":"https:\/\/baldumarket.lt\/lt\/wp-json\/wp\/v2\/comments?post=246162"}],"wp:featuredmedia":[{"embeddable":true,"href":"https:\/\/baldumarket.lt\/lt\/wp-json\/wp\/v2\/media\/246163"}],"wp:attachment":[{"href":"https:\/\/baldumarket.lt\/lt\/wp-json\/wp\/v2\/media?parent=246162"}],"wp:term":[{"taxonomy":"product_brand","embeddable":true,"href":"https:\/\/baldumarket.lt\/lt\/wp-json\/wp\/v2\/product_brand?post=246162"},{"taxonomy":"product_cat","embeddable":true,"href":"https:\/\/baldumarket.lt\/lt\/wp-json\/wp\/v2\/product_cat?post=246162"},{"taxonomy":"product_tag","embeddable":true,"href":"https:\/\/baldumarket.lt\/lt\/wp-json\/wp\/v2\/product_tag?post=246162"}],"curies":[{"name":"wp","href":"https:\/\/api.w.org\/{rel}","templated":true}]}}