{"id":246156,"date":"2026-01-02T23:18:03","date_gmt":"2026-01-02T20:18:03","guid":{"rendered":"https:\/\/baldumarket.lt\/product\/zestaw-szafka-z-blatem-80-cm-i-umywalka-nablatowa-nordic-cremona-2\/"},"modified":"2026-02-11T18:33:02","modified_gmt":"2026-02-11T15:33:02","slug":"zestaw-szafka-z-blatem-80-cm-i-umywalka-nablatowa-nordic-cremona-2","status":"publish","type":"product","link":"https:\/\/baldumarket.lt\/lt\/product\/zestaw-szafka-z-blatem-80-cm-i-umywalka-nablatowa-nordic-cremona-2\/","title":{"rendered":"Spintel\u0117s su 80 cm stalvir\u0161i\u0173 ir praustuvo komplektas \u201eNordic Cremona\u201c"},"content":{"rendered":"<p>Spintel\u0117s su 80 cm stalvir\u0161iu ir praustuvo \u201eNordic Cremona\u201c komplektas. Spintel\u0117s su 80 cm stalvir\u0161iu ir praustuvo \u201eNordic Cremona\u201c komplektas \u2013 tai tobulas elegancijos ir funkcionalumo derinys. Du stal\u010diai su \u0161velnaus u\u017edarymo mechanizmu, gra\u017eus \u201eCremona Oak\u201c dekoras ir subtiliai grioveliais dekoruoti fasadai suteiks j\u016bs\u0173 vonios kambariui harmonijos. Matmenys: Plotis (cm): 80 Gylis (cm): 46 Auk\u0161tis (cm): 57 Techniniai duomenys: Komplekt\u0105 sudaro: 80 cm praustuvo spintel\u0117 su 2 \u201eNordic Cremona\u201c stal\u010diais, 80 cm \u201eCremona\u201c \u0105\u017euolo vonios stalvir\u0161is, LENA MW17 keraminis praustuvas Korpuso spalva: \u201eCremona\u201c \u0105\u017euolas Priekin\u0117s spalvos: \u201eCremona\u201c \u0105\u017euolas Stalvir\u0161io spalva: \u201eCremona\u201c \u0105\u017euolas Praustuvo spalva: Matin\u0117 balta Korpuso med\u017eiaga: laminuota plok\u0161t\u0117 Priekin\u0117 med\u017eiaga: MDF plok\u0161t\u0117 Stalvir\u0161io med\u017eiaga: MDF plok\u0161t\u0117 Praustuvo med\u017eiaga: keramika B\u0117geliai: \u0160velniai u\u017esidarantis Praustuvas yra komplekte: Taip Stalvir\u0161is yra komplekte: Taip Surinkimo rinkinys yra komplekte: Taip Surinkimas: Savaranki\u0161kas surinkimas Atraskite nauj\u0105 atsipalaidavimo lyg\u012f savo vonios kambaryje su \u201eNordic Cremona\u201c spintele su stalvir\u0161iu 80 cm ir praustuvu ant stalvir\u0161io. \u0160is eleganti\u0161kas komplektas derina modern\u0173 dizain\u0105 su funkcionalumu, neabejotinai pakeisdamas j\u016bs\u0173 erdv\u0117s i\u0161vaizd\u0105. Spintel\u0117, dekoruota subtiliais vertikaliais grioveliais, suteikia interjerui lengvumo ir rafinuotumo. Nat\u016brali \u201eCremona\u201c \u0105\u017euolo apdaila skleid\u017eia \u0161ilum\u0105, sukurdama maloni\u0105 atmosfer\u0105, kvie\u010dian\u010di\u0105 atsipalaiduoti. Du erdv\u016bs stal\u010diai sukurti tam, kad j\u016bs\u0173 vonios kambarys b\u016bt\u0173 tvarkingas, juose yra pakankamai vietos visiems j\u016bs\u0173 aksesuarams ir kosmetikai. D\u0117l \u0161velnaus u\u017edarymo sistemos naudotis baldais tampa dar patogiau \u2013 tylus veikimas sukuria ramyb\u0117s ir harmonijos poj\u016bt\u012f, o kiekviena detal\u0117 orientuota \u012f naudotoj\u0105 ir jo poreikius. M\u016bs\u0173 \u201eNordic Cremona\u201c kolekcijos baldai yra ne tik esteti\u0161kai patraukl\u016bs, bet ir ne\u012ftik\u0117tinai patvar\u016bs. Pagaminti i\u0161 auk\u0161tos kokyb\u0117s laminuotos plok\u0161t\u0117s ir MDF, jie yra atspar\u016bs kasdieniam naudojimui ir daugel\u012f met\u0173 i\u0161laiko unikali\u0105 i\u0161vaizd\u0105. Lenki\u0161ka gamyba i\u0161 sertifikuot\u0173 med\u017eiag\u0173, atitinkan\u010di\u0173 FSC standart\u0105, garantuoja ne tik kokyb\u0119, bet ir ekologi\u0161kum\u0105. 80 cm stalvir\u0161is, taip pat su \u201eCremona Oak\u201c apdaila, gra\u017eiai papildo vis\u0105 dizain\u0105, u\u017etikrindamas stilistin\u012f vientisum\u0105. Jo lygus, lengvai valomas pavir\u0161ius palengvina kasdien\u0119 prie\u017ei\u016br\u0105 nei bet kada anks\u010diau. Montavimas paprastas \u2013 tereikia i\u0161gr\u0119\u017eti tinkam\u0105 skyl\u0119 ir gausite funkcionali\u0105 bei eleganti\u0161k\u0105 erdv\u0119 savo kasdieniams gro\u017eio ritualams. Pasirink\u0119 \u201eNordic Cremona\u201c spintel\u0119 su 80 cm stalvir\u0161iu ir praustuvu, investuojate \u012f erdv\u0119, kurioje dera stilius, patvarumas ir kasdienis komfortas. Suasmeninkite savo vonios kambar\u012f \u0161iuo unikaliu baldu, kuris taps j\u016bs\u0173 ramios poilsio vietos \u0161irdimi.<\/p>","protected":false},"excerpt":{"rendered":"<p>Plotis (cm): 80<br \/>\n\u016agis (cm): 57<br \/>\nGylis (cm): 46<\/p>","protected":false},"featured_media":246157,"comment_status":"open","ping_status":"open","template":"","meta":[],"product_brand":[],"product_cat":[9117,2015,9183],"product_tag":[],"class_list":{"0":"post-246156","1":"product","2":"type-product","3":"status-publish","4":"has-post-thumbnail","6":"product_cat-bathroom","7":"product_cat-comad","8":"product_cat-bathroom-furniture-sets-comad","10":"first","11":"instock","12":"purchasable","13":"product-type-simple"},"_links":{"self":[{"href":"https:\/\/baldumarket.lt\/lt\/wp-json\/wp\/v2\/product\/246156","targetHints":{"allow":["GET"]}}],"collection":[{"href":"https:\/\/baldumarket.lt\/lt\/wp-json\/wp\/v2\/product"}],"about":[{"href":"https:\/\/baldumarket.lt\/lt\/wp-json\/wp\/v2\/types\/product"}],"replies":[{"embeddable":true,"href":"https:\/\/baldumarket.lt\/lt\/wp-json\/wp\/v2\/comments?post=246156"}],"wp:featuredmedia":[{"embeddable":true,"href":"https:\/\/baldumarket.lt\/lt\/wp-json\/wp\/v2\/media\/246157"}],"wp:attachment":[{"href":"https:\/\/baldumarket.lt\/lt\/wp-json\/wp\/v2\/media?parent=246156"}],"wp:term":[{"taxonomy":"product_brand","embeddable":true,"href":"https:\/\/baldumarket.lt\/lt\/wp-json\/wp\/v2\/product_brand?post=246156"},{"taxonomy":"product_cat","embeddable":true,"href":"https:\/\/baldumarket.lt\/lt\/wp-json\/wp\/v2\/product_cat?post=246156"},{"taxonomy":"product_tag","embeddable":true,"href":"https:\/\/baldumarket.lt\/lt\/wp-json\/wp\/v2\/product_tag?post=246156"}],"curies":[{"name":"wp","href":"https:\/\/api.w.org\/{rel}","templated":true}]}}