{"id":246151,"date":"2026-01-02T23:18:00","date_gmt":"2026-01-02T20:18:00","guid":{"rendered":"https:\/\/baldumarket.lt\/product\/zestaw-szafka-z-blatem-80-cm-i-umywalka-nablatowa-nordic-cremona\/"},"modified":"2026-02-11T18:33:02","modified_gmt":"2026-02-11T15:33:02","slug":"zestaw-szafka-z-blatem-80-cm-i-umywalka-nablatowa-nordic-cremona","status":"publish","type":"product","link":"https:\/\/baldumarket.lt\/lt\/product\/zestaw-szafka-z-blatem-80-cm-i-umywalka-nablatowa-nordic-cremona\/","title":{"rendered":"Spintel\u0117s su 80 cm stalvir\u0161i\u0173 ir praustuvo komplektas \u201eNordic Cremona\u201c"},"content":{"rendered":"<p>Spintel\u0117s su 80 cm stalvir\u0161iu ir praustuvo \u201eNordic Cremona\u201c komplektas. Spintel\u0117s su 80 cm stalvir\u0161iu ir praustuvo \u201eNordic Cremona\u201c komplektas \u2013 tai elegancijos ir funkcionalumo derinys. Subtil\u016bs grioveliai, \u0161velnaus u\u017edarymo sistema ir nat\u016bralaus Kremonos \u0105\u017euolo dekoras u\u017etikrina estetik\u0105, o didel\u0117 daiktad\u0117\u017e\u0117 palengvina naudojim\u0105. Matmenys: Plotis (cm): 80 Gylis (cm): 46 Auk\u0161tis (cm): 57 Techniniai duomenys: Komplekt\u0105 sudaro: 80 cm praustuvo spintel\u0117 su 2 stal\u010diais \u201eNordic Cremona\u201c, 80 cm vonios stalvir\u0161is \u201eCremona Oak\u201c, 2 keraminiai praustuvai su stalvir\u0161iais \u201eTRUST OLIVER GREEN E-6282\u201c \u017ealia matin\u0117 Korpuso spalva: \u201eCremona Oak\u201c Priekin\u0117s spalvos: \u201eCremona Oak\u201c Stalvir\u0161io spalva: \u201eCremona Oak\u201c Praustuvo spalva: \u201e\u017dalia matin\u0117\u201c Korpuso med\u017eiaga: laminuota plok\u0161t\u0117 Priekin\u0117 med\u017eiaga: MDF plok\u0161t\u0117 Stalvir\u0161io med\u017eiaga: MDF plok\u0161t\u0117 Praustuvo med\u017eiaga: keramika B\u0117geliai: Tylus u\u017edarymas: Praustuvas \u012fskai\u010diuotas: Taip Stalvir\u0161is \u012fskai\u010diuotas: Taip \u012eskai\u010diuotas montavimo rinkinys: Taip Surinkimas: Savaranki\u0161kas surinkimas \u201eNordic Cremona\u201c spintel\u0117 su 80 cm stalvir\u0161iu ir praustuvo komplektu yra puikus pasirinkimas bet kokiam moderniam vonios kambariui. Eleganti\u0161ka forma, pary\u0161kinta subtiliomis detal\u0117mis, suteikia interjerui unikal\u0173 charakter\u012f. Subtil\u016bs, vertikaliai i\u0161rai\u017eyti fasadai suteikia baldams lengvumo, o nat\u016brali Kremonos \u0105\u017euolo apdaila \u2013 \u0161ilumos ir harmonijos, atkurdama tikros medienos gro\u017e\u012f.<\/p>\n<p>\u0160io komplekto \u0161irdis \u2013 funkcionali praustuvo spintel\u0117, kuri \u017eavi minimalistiniu dizainu. Du erdv\u016bs stal\u010diai leid\u017eia lengvai susid\u0117ti visus vonios kambario aksesuarus, o \u0161velnaus u\u017edarymo sistema u\u017etikrina komfort\u0105 kasdien naudojant. Kiekviena detal\u0117 kruop\u0161\u010diai apgalvota, pabr\u0117\u017eiant gamybos kokyb\u0119 ir d\u0117mes\u012f detal\u0117ms, o patvarios med\u017eiagos, tokios kaip MDF ir laminuota plok\u0161t\u0117, garantuoja esteti\u0161k\u0105 ir moderni\u0105 i\u0161vaizd\u0105 ilgus metus.<\/p>\n<p>80 cm ilgio vonios stalvir\u0161is u\u017ebaigia komplekt\u0105, su\u0161ildydamas kambar\u012f nat\u016bralia Kremonos \u0105\u017euolo apdaila. Jis ne tik vizualiai patrauklus, bet ir prakti\u0161kas bei lengvai valomas, o tai labai svarbu kasdieniam naudojimui. Tikslus stalvir\u0161io gamybos procesas ir stabilumas u\u017etikrina, kad jis daugel\u012f met\u0173 tarnaus kaip funkcionalus pavir\u0161ius j\u016bs\u0173 vonios kambaryje.<\/p>\n<p>Komplekt\u0105 taip pat sudaro matin\u0117s \u017ealios spalvos stalvir\u0161io praustuvas TRUST 2 OLIVER GREEN ir visi reikalingi tvirtinimo priedai. Keraminis praustuvas derina elegancij\u0105 ir funkcionalum\u0105, o harmoningas stiklas vizualiai pagerina erdv\u0119. D\u0117l unikali\u0173 spalv\u0173 ir modernios formos visas komplektas atrodo i\u0161skirtinai stilingai, tod\u0117l galite visi\u0161kai pritaikyti interjer\u0105 savo poreikiams.<\/p>\n<p>Nelaukite ilgiau ir sukurkite unikali\u0105 erdv\u0119 savo vonios kambaryje su \u201eNordic Cremona\u201c 80 cm spintele su stalvir\u0161iu ir praustuvu. Lenki\u0161ka gamyba, paremta sertifikuotomis med\u017eiagomis, garantuoja ne tik estetik\u0105, bet ir kokyb\u0119 bei patvarum\u0105 ilgus metus. D\u0117l intuityvaus dizaino, montavimas yra paprastas, tod\u0117l \u0161is komplektas yra puikus pasirinkimas visiems, norintiems, kad j\u0173 vonios kambarys b\u016bt\u0173 ir gra\u017eus, ir funkcionalus.<\/p>","protected":false},"excerpt":{"rendered":"<p>Plotis (cm): 80<br \/>\n\u016agis (cm): 57<br \/>\nGylis (cm): 46<\/p>","protected":false},"featured_media":246152,"comment_status":"open","ping_status":"open","template":"","meta":[],"product_brand":[],"product_cat":[9117,2015,9183],"product_tag":[],"class_list":{"0":"post-246151","1":"product","2":"type-product","3":"status-publish","4":"has-post-thumbnail","6":"product_cat-bathroom","7":"product_cat-comad","8":"product_cat-bathroom-furniture-sets-comad","10":"first","11":"instock","12":"purchasable","13":"product-type-simple"},"_links":{"self":[{"href":"https:\/\/baldumarket.lt\/lt\/wp-json\/wp\/v2\/product\/246151","targetHints":{"allow":["GET"]}}],"collection":[{"href":"https:\/\/baldumarket.lt\/lt\/wp-json\/wp\/v2\/product"}],"about":[{"href":"https:\/\/baldumarket.lt\/lt\/wp-json\/wp\/v2\/types\/product"}],"replies":[{"embeddable":true,"href":"https:\/\/baldumarket.lt\/lt\/wp-json\/wp\/v2\/comments?post=246151"}],"wp:featuredmedia":[{"embeddable":true,"href":"https:\/\/baldumarket.lt\/lt\/wp-json\/wp\/v2\/media\/246152"}],"wp:attachment":[{"href":"https:\/\/baldumarket.lt\/lt\/wp-json\/wp\/v2\/media?parent=246151"}],"wp:term":[{"taxonomy":"product_brand","embeddable":true,"href":"https:\/\/baldumarket.lt\/lt\/wp-json\/wp\/v2\/product_brand?post=246151"},{"taxonomy":"product_cat","embeddable":true,"href":"https:\/\/baldumarket.lt\/lt\/wp-json\/wp\/v2\/product_cat?post=246151"},{"taxonomy":"product_tag","embeddable":true,"href":"https:\/\/baldumarket.lt\/lt\/wp-json\/wp\/v2\/product_tag?post=246151"}],"curies":[{"name":"wp","href":"https:\/\/api.w.org\/{rel}","templated":true}]}}