{"id":246141,"date":"2026-01-02T23:17:55","date_gmt":"2026-01-02T20:17:55","guid":{"rendered":"https:\/\/baldumarket.lt\/product\/zestaw-szafka-z-blatem-60-cm-i-umywalka-nablatowa-oraz-slupek-wysoki-talia-casella-czarny-mat\/"},"modified":"2026-02-11T18:33:03","modified_gmt":"2026-02-11T15:33:03","slug":"zestaw-szafka-z-blatem-60-cm-i-umywalka-nablatowa-oraz-slupek-wysoki-talia-casella-czarny-mat","status":"publish","type":"product","link":"https:\/\/baldumarket.lt\/lt\/product\/zestaw-szafka-z-blatem-60-cm-i-umywalka-nablatowa-oraz-slupek-wysoki-talia-casella-czarny-mat\/","title":{"rendered":"60 cm stalvir\u0161io spintel\u0117s, stalvir\u0161io praustuvo ir auk\u0161to liemens \u201eCasella Matte Black\u201c kolon\u0117l\u0117s komplektas"},"content":{"rendered":"<p>\u201eTalia Casella\u201c komplektas, kur\u012f sudaro 60 cm stalvir\u0161is, ant stalvir\u0161io pastatomas praustuvas ir auk\u0161ta kolona, derina eleganti\u0161k\u0105 juod\u0105 spalv\u0105 su nat\u016bralia \u201eCasella Oak\u201c apdaila. Jame yra spintel\u0117 su dviem stal\u010diais ir keraminis praustuvas. \u0160velnaus u\u017edarymo sistema ir ergonomi\u0161kas auk\u0161tis u\u017etikrina patog\u0173 naudojim\u0105. Suasmeninkite savo interjero \u017eaves\u012f. Matmenys: Plotis (cm): 60 Gylis (cm): 46 Auk\u0161tis (cm): 50 Svoris (kg): 49,6 Techniniai duomenys: Komplekt\u0105 sudaro: Talia Casella 1 dur\u0173 auk\u0161ta kolona 30 cm, Talia Casella 60 cm praustuvo spintel\u0117 su 2 stal\u010diais, juodas vonios stalvir\u0161is 60 cm, MAJA-GW baltas blizgus keraminis praustuvas su stalvir\u0161iu 36,5 cm Korpuso spalva: matin\u0117 juoda Priekin\u0117 spalva: Casella \u0105\u017euolas Ranken\u0117l\u0117s spalva: pakuot\u0117 \u2013 aukso blizgi, matin\u0117 juoda, blizgus chromas Praustuvo spalva: blizgi balta Stalvir\u0161io spalva: matin\u0117 juoda Korpuso med\u017eiaga: laminuota plok\u0161t\u0117 Priekin\u0117 med\u017eiaga: MDF plok\u0161t\u0117 Ranken\u0117l\u0117s med\u017eiaga: plastikas Stalvir\u0161io med\u017eiaga: laminuota plok\u0161t\u0117 Praustuvo med\u017eiaga: keramika B\u0117geliai: \u0161velniai u\u017esidarantys, Stalvir\u0161is \u012fskai\u010diuotas: taip, Praustuvas \u012fskai\u010diuotas: taip, Montavimo rinkinys \u012fskai\u010diuotas: taip, Surinkimas: savaranki\u0161kas surinkimas. Talia Casella matin\u0117s juodos spalvos stalvir\u0161io spintel\u0117s ir praustuvo komplektas yra unikalus sprendimas, kuris j\u016bs\u0173 vonios kambariui suteiks elegancijos ir modernumo. Kiekvienas komplekto elementas \u2013 nuo spintel\u0117s iki kriaukl\u0117s \u2013 buvo sukurtas kruop\u0161\u010diai, tod\u0117l \u0161is komplektas yra ne tik funkcionalus, bet ir esteti\u0161kai patrauklus. Rafinuotas matin\u0117s juodos spalvos ir \u201eCasella Oak\u201c medienos derinys suteikia interjerui charakterio ir jaukios atmosferos.<\/p>\n<p>Komplekto \u0161irdis \u2013 praustuvo spintel\u0117, kuri, b\u016bdama 50 cm auk\u0161\u010dio, suteikia erdvumo poj\u016bt\u012f. Du erdv\u016bs stal\u010diai puikiai tinka vonios kambario aksesuarams susid\u0117ti ir padeda palaikyti tvark\u0105. Be to, \u0161velnaus u\u017edarymo stal\u010di\u0173 sistema padidina komfort\u0105, pa\u0161alindama triuk\u0161m\u0105 ir netvark\u0105, o tai labai pageidautina nam\u0173 interjere.<\/p>\n<p>Eleganti\u0161kos matin\u0117s juodos spalvos vonios stalvir\u0161is puikiai dera prie blizgios baltos spalvos keraminio praustuvo MAJA-GW. \u0160is harmoningas spalv\u0173 derinys ne tik atrodo gra\u017eiai, bet ir dera prie \u012fvairi\u0173 interjero stili\u0173 \u2013 nuo minimalistinio iki klasikinio. Geras skonis kartu su moderniais akcentais paver\u010dia \u201eTalia Casella\u201c komplekt\u0105 puikiu pasirinkimu ie\u0161kantiems nesenstan\u010dio dizaino.<\/p>\n<p>\u201eTalia Casella\u201c kolekcija taip pat yra i\u0161skirtinai prakti\u0161ka \u2013 baldai pristatomi savaranki\u0161kai surenkamose pakuot\u0117se, o intuityvus dizainas u\u017etikrina greit\u0105 surinkim\u0105. D\u0117l \u012fvairi\u0173 ranken\u0117li\u0173 komplekte yra trij\u0173 spalv\u0173 variantai: blizgios aukso, blizgios chromo ir matin\u0117s juodos, tod\u0117l galite suasmeninti erdv\u0119 ir pritaikyti baldus pagal savo pageidavimus. Be to, gamintojas suteikia 2 met\u0173 garantij\u0105, \u012frodan\u010di\u0105 auk\u0161t\u0105 gamini\u0173 kokyb\u0119 ir ilgaam\u017ei\u0161kum\u0105.<\/p>\n<p>Trumpai tariant, \u201eTalia Casella\u201c 60 cm stalvir\u0161io spintel\u0117s ir praustuvo komplektas yra tobulas elegancijos, funkcionalumo ir modernumo derinys. D\u0117l tvirt\u0173 med\u017eiag\u0173, esteti\u0161kos apdailos ir pritaikymo galimybi\u0173 jis puikiai papildys bet kur\u012f vonios kambar\u012f. Nelaukite! Patys \u012fsitikinkite, kaip bald\u0173 pakeitimas gali pakeisti j\u016bs\u0173 interjer\u0105 ir suteikti jam charakterio!<\/p>","protected":false},"excerpt":{"rendered":"<p>Plotis (cm): 60<br \/>\n\u016agis (cm): 50<br \/>\nGylis (cm): 46<\/p>","protected":false},"featured_media":246142,"comment_status":"open","ping_status":"open","template":"","meta":[],"product_brand":[],"product_cat":[9117,2015,9183],"product_tag":[],"class_list":{"0":"post-246141","1":"product","2":"type-product","3":"status-publish","4":"has-post-thumbnail","6":"product_cat-bathroom","7":"product_cat-comad","8":"product_cat-bathroom-furniture-sets-comad","10":"first","11":"instock","12":"purchasable","13":"product-type-simple"},"_links":{"self":[{"href":"https:\/\/baldumarket.lt\/lt\/wp-json\/wp\/v2\/product\/246141","targetHints":{"allow":["GET"]}}],"collection":[{"href":"https:\/\/baldumarket.lt\/lt\/wp-json\/wp\/v2\/product"}],"about":[{"href":"https:\/\/baldumarket.lt\/lt\/wp-json\/wp\/v2\/types\/product"}],"replies":[{"embeddable":true,"href":"https:\/\/baldumarket.lt\/lt\/wp-json\/wp\/v2\/comments?post=246141"}],"wp:featuredmedia":[{"embeddable":true,"href":"https:\/\/baldumarket.lt\/lt\/wp-json\/wp\/v2\/media\/246142"}],"wp:attachment":[{"href":"https:\/\/baldumarket.lt\/lt\/wp-json\/wp\/v2\/media?parent=246141"}],"wp:term":[{"taxonomy":"product_brand","embeddable":true,"href":"https:\/\/baldumarket.lt\/lt\/wp-json\/wp\/v2\/product_brand?post=246141"},{"taxonomy":"product_cat","embeddable":true,"href":"https:\/\/baldumarket.lt\/lt\/wp-json\/wp\/v2\/product_cat?post=246141"},{"taxonomy":"product_tag","embeddable":true,"href":"https:\/\/baldumarket.lt\/lt\/wp-json\/wp\/v2\/product_tag?post=246141"}],"curies":[{"name":"wp","href":"https:\/\/api.w.org\/{rel}","templated":true}]}}