{"id":246135,"date":"2026-01-02T23:17:52","date_gmt":"2026-01-02T20:17:52","guid":{"rendered":"https:\/\/baldumarket.lt\/product\/zestaw-szafka-z-blatem-60-cm-i-umywalka-nablatowa-oraz-slupek-wysoki-2-polslupki-lustro-i-sedes-talia-casella-czarny-mat\/"},"modified":"2026-02-11T18:33:03","modified_gmt":"2026-02-11T15:33:03","slug":"zestaw-szafka-z-blatem-60-cm-i-umywalka-nablatowa-oraz-slupek-wysoki-2-polslupki-lustro-i-sedes-talia-casella-czarny-mat","status":"publish","type":"product","link":"https:\/\/baldumarket.lt\/lt\/product\/zestaw-szafka-z-blatem-60-cm-i-umywalka-nablatowa-oraz-slupek-wysoki-2-polslupki-lustro-i-sedes-talia-casella-czarny-mat\/","title":{"rendered":"60 cm stalvir\u0161io spintel\u0117s ir stalvir\u0161io praustuvo, auk\u0161to stulpelio su dviem puskolon\u0117l\u0117mis, veidrod\u017eio ir unitazo komplektas, Talia Casella, matin\u0117 juoda spalva"},"content":{"rendered":"<p>\u201eTalia Casella\u201c komplektas derina modernum\u0105 su klasikine elegancija. Matin\u0117 juoda apdaila, frezuoti fasadai ir \u201eCasella Oak\u201c dekoras sukuria harmoning\u0105 vaizd\u0105. Du stal\u010diai ir \u0161velnaus u\u017edarymo sistema u\u017etikrina komfort\u0105 ir daug vietos aksesuarams. Matmenys: Plotis (cm): 60 Gylis (cm): 46 Auk\u0161tis (cm): 50 Svoris (kg): 91,1 Techniniai duomenys: Komplekt\u0105 sudaro: Talia Casella vien\u0173 dur\u0173 pusin\u0117 kolona, 2 vnt., Juodas vonios stalvir\u0161is, 60 cm, Modernus praustuvas E- 6276 MATT BLACK, SIENINIS JUODAS TUALETAS, pakabinamas tualetas, Talia Casella 60 cm praustuvo spintel\u0117 su 2 stal\u010diais, Hestia 60 veidrodis su LED, Talia Casella vien\u0173 dur\u0173 auk\u0161ta kolona, 30 cm Korpuso spalva: Matin\u0117 juoda Priekin\u0117 spalva: Casella \u0105\u017euolas Ranken\u0117l\u0117s spalva: Pakuot\u0117 \u2013 blizgi auksin\u0117, matin\u0117 juoda, blizgi chromo Stalvir\u0161is: Matin\u0117 juoda Praustuvo spalva: Matin\u0117 juoda Tualeto s\u0117dyn\u0117s spalva: Matin\u0117 juoda Korpuso med\u017eiaga: Laminuota plok\u0161t\u0117 Priekin\u0117 med\u017eiaga: MDF plok\u0161t\u0117 Ranken\u0117l\u0117s med\u017eiaga: Plastikas Stalvir\u0161io med\u017eiaga: Laminuota plok\u0161t\u0117 Praustuvo med\u017eiaga: Keramika Tualeto s\u0117dyn\u0117s med\u017eiaga: Keramika Vyriai: \u0160velniai u\u017esidaro B\u0117geliai: \u0160velniai u\u017esidaro Stalvir\u0161is \u012ftrauktas: Taip Praustuvas \u012ftrauktas: Taip Tualeto s\u0117dyn\u0117 \u012ftraukta: Taip Surinkimas \u012e komplekt\u0105 \u012ftrauktas: Taip Surinkimas: Savaranki\u0161kas surinkimas \u201eCasella Talia\u201c auk\u0161ta kolona su 60 cm stalvir\u0161iu, matin\u0117s juodos spalvos apdaila, yra puikus pasirinkimas tiems, kurie nori savo vonios kambaryje derinti elegancij\u0105 su modernumu. Komplektas \u017eavi gerai apgalvota estetika ir puikiu meistri\u0161kumu, tod\u0117l tampa bet kurio interjero traukos centru. D\u0117l unikali\u0173 ir i\u0161skirtini\u0173 fasad\u0173 su subtiliu, frezuotu r\u0117mu \u0161ie baldai suteikia erdvei unikalumo, o j\u0173 nat\u016bral\u0173 gro\u017e\u012f pary\u0161kina \u201eCasella Oak\u201c dekoras, suteikiantis kambariui \u0161ilumos ir harmonijos.<\/p>\n<p>50 cm auk\u0161\u010dio praustuvo spintel\u0117 atrodo lengva ir erdvi, puikiai atitinkanti \u0161iuolaikines interjero dizaino tendencijas. Du stal\u010diai suteikia daug vietos daiktams susid\u0117ti, tod\u0117l vonios kambario aksesuarus galite lengvai susitvarkyti netrikdydami ramios atmosferos. \u0160velniai u\u017esidarantys stal\u010diai u\u017etikrina patog\u0173 naudojim\u0105, tod\u0117l atidarant ar u\u017edarant nereik\u0117s nerimauti d\u0117l triuk\u0161mo.<\/p>\n<p>Kiekvienas baldas pagamintas i\u0161 auk\u0161tos kokyb\u0117s med\u017eiag\u0173, toki\u0173 kaip MDF ir laminuota plok\u0161t\u0117, u\u017etikrinan\u010di\u0173 patvarum\u0105 ir gra\u017ei\u0105 i\u0161vaizd\u0105 ilgus metus. Be to, komplekte yra paprastas surinkimo rinkinys, tod\u0117l baldus lengva surinkti patiems. D\u0117l modernaus dizaino surinkimas yra greitas ir intuityvus, tod\u0117l nereikia b\u016bti ekspertu, kad gal\u0117tum\u0117te m\u0117gautis \u0161ios kolekcijos gro\u017eiu.<\/p>\n<p>Matin\u0117s juodos spalvos stalvir\u0161io praustuvas ir auk\u0161tos kokyb\u0117s \u201eHestia 60\u201c veidrodis su LED ap\u0161vietimu u\u017ebaigia vaizd\u0105, sukurdami harmoning\u0105 erdv\u0119, kuri su\u017eav\u0117s kiekvien\u0105 sve\u010di\u0105. Pasirink\u0119 \u201eTalia Casella\u201c komplekt\u0105, \u012f savo vonios kambar\u012f \u012fne\u0161ate modern\u0173 stili\u0173, derinant\u012f su klasikiniu paprastumu. Tiems, kurie vertina elegancij\u0105 ir funkcionalum\u0105, \u0161is komplektas yra puikus pasirinkimas norint pagerinti savo interjer\u0105.<\/p>\n<p>\u201eTalia Casella\u201c komplektas pasi\u017eymi ne tik estetika, bet ir prakti\u0161kumu. Pasirink\u0119 Lenkijoje pagamintus baldus, galite b\u016bti tikri d\u0117l kokyb\u0117s, patvirtintos FSC sertifikatu. Dvej\u0173 met\u0173 garantija suteikia papildomo u\u017etikrinimo, kad investuoti \u012f \u0161\u012f komplekt\u0105 yra teisingas pasirinkimas. Atraskite nauj\u0105 elegancijos ir funkcionalumo dimensij\u0105 su \u201eTalia Casella\u201c baldais!<\/p>","protected":false},"excerpt":{"rendered":"<p>Plotis (cm): 60<br \/>\n\u016agis (cm): 50<br \/>\nGylis (cm): 46<\/p>","protected":false},"featured_media":246136,"comment_status":"open","ping_status":"open","template":"","meta":[],"product_brand":[],"product_cat":[9117,2015,9183],"product_tag":[],"class_list":{"0":"post-246135","1":"product","2":"type-product","3":"status-publish","4":"has-post-thumbnail","6":"product_cat-bathroom","7":"product_cat-comad","8":"product_cat-bathroom-furniture-sets-comad","10":"first","11":"instock","12":"purchasable","13":"product-type-simple"},"_links":{"self":[{"href":"https:\/\/baldumarket.lt\/lt\/wp-json\/wp\/v2\/product\/246135","targetHints":{"allow":["GET"]}}],"collection":[{"href":"https:\/\/baldumarket.lt\/lt\/wp-json\/wp\/v2\/product"}],"about":[{"href":"https:\/\/baldumarket.lt\/lt\/wp-json\/wp\/v2\/types\/product"}],"replies":[{"embeddable":true,"href":"https:\/\/baldumarket.lt\/lt\/wp-json\/wp\/v2\/comments?post=246135"}],"wp:featuredmedia":[{"embeddable":true,"href":"https:\/\/baldumarket.lt\/lt\/wp-json\/wp\/v2\/media\/246136"}],"wp:attachment":[{"href":"https:\/\/baldumarket.lt\/lt\/wp-json\/wp\/v2\/media?parent=246135"}],"wp:term":[{"taxonomy":"product_brand","embeddable":true,"href":"https:\/\/baldumarket.lt\/lt\/wp-json\/wp\/v2\/product_brand?post=246135"},{"taxonomy":"product_cat","embeddable":true,"href":"https:\/\/baldumarket.lt\/lt\/wp-json\/wp\/v2\/product_cat?post=246135"},{"taxonomy":"product_tag","embeddable":true,"href":"https:\/\/baldumarket.lt\/lt\/wp-json\/wp\/v2\/product_tag?post=246135"}],"curies":[{"name":"wp","href":"https:\/\/api.w.org\/{rel}","templated":true}]}}