{"id":246131,"date":"2026-01-02T23:17:49","date_gmt":"2026-01-02T20:17:49","guid":{"rendered":"https:\/\/baldumarket.lt\/product\/zestaw-szafka-z-blatem-60-cm-i-umywalka-nablatowa-nordic-cremona-2\/"},"modified":"2026-02-11T18:33:03","modified_gmt":"2026-02-11T15:33:03","slug":"zestaw-szafka-z-blatem-60-cm-i-umywalka-nablatowa-nordic-cremona-2","status":"publish","type":"product","link":"https:\/\/baldumarket.lt\/lt\/product\/zestaw-szafka-z-blatem-60-cm-i-umywalka-nablatowa-nordic-cremona-2\/","title":{"rendered":"60 cm stalvir\u0161io spintel\u0117s ir \u201eNordic Cremona\u201c stalvir\u0161io praustuvo komplektas"},"content":{"rendered":"<p>Spintel\u0117s su 60 cm stalvir\u0161iu ir \u201eNordic Cremona\u201c praustuvo komplektas. Spintel\u0117s su 60 cm stalvir\u0161iu ir \u201eNordic Cremona\u201c praustuvo komplektas \u2013 tai puikus modernumo ir elegancijos derinys. Fasadai su vertikaliais grioveliais i\u0161 \u201eCremona Oak\u201c dekoro ir \u0161velniai u\u017esidarantys stal\u010diai u\u017etikrina funkcionalum\u0105 ir unikal\u0173 stili\u0173. Matmenys: Plotis (cm): 60 Gylis (cm): 45,8 Auk\u0161tis (cm): 57 Svoris (kg): 20,5 Techniniai duomenys: Komplekt\u0105 sudaro: Praustuvo spintel\u0117 60 cm su 2 stal\u010diais \u201eNordic Cremona\u201c, vonios stalvir\u0161is 60 cm \u201eCremona Oak\u201c, keraminis praustuvas WIKI-SW baltai blizgi 36 cm Korpuso spalva: \u201eCremona Oak\u201c Priekin\u0117s spalvos: \u201eCremona Oak\u201c Praustuvo spalva: baltai blizgi Stalvir\u0161io spalva: \u201eCremona Oak\u201c Korpuso med\u017eiaga: laminuota plok\u0161t\u0117 Priekin\u0117s med\u017eiagos: MDF plok\u0161t\u0117 Stalvir\u0161io med\u017eiaga: MDF plok\u0161t\u0117 Med\u017eiaga: Kriaukl\u0117s: Keramin\u0117s, B\u0117geliai: \u0160velniai u\u017esidarantys, Praustuvas \u012f komplekt\u0105 \u012feina: Taip, Stalvir\u0161is \u012f komplekt\u0105 \u012feina: Taip, Montavimo rinkinys \u012f komplekt\u0105 \u012feina: Taip, Surinkimas: Savaranki\u0161kas surinkimas. Norite savo vonios kambariui suteikti elegancijos ir modernumo? 60 cm praustuvo spintel\u0117 su stalvir\u0161iu ir \u201eNordic Cremona\u201c praustuvo komplektas yra puikus sprendimas, derinantis estetik\u0105 ir funkcionalum\u0105. D\u0117l unikalios \u201eCremona\u201c \u0105\u017euolo apdailos ir subtili\u0173, vertikali\u0173 grioveli\u0173 priekin\u0117se dalyse \u0161is komplektas neabejotinai suteiks charakterio bet kokiam interjerui, sukurdamas harmoning\u0105 ir jauki\u0105 atmosfer\u0105.<\/p>\n<p>60 cm plo\u010dio praustuvo spintel\u0117 sukurta atsi\u017evelgiant \u012f maksimal\u0173 naudojimo patogum\u0105. Du erdv\u016bs stal\u010diai suteikia daug vietos svarbiausiems vonios kambario aksesuarams susid\u0117ti ir padeda palaikyti tvark\u0105. D\u0117l \u0161velnaus u\u017edarymo sistemos galite b\u016bti tikri, kad kasdienis naudojimas bus patogus, o kiekvienas komplekto elementas buvo kruop\u0161\u010diai pagamintas, kad atitikt\u0173 j\u016bs\u0173 l\u016bkes\u010dius.<\/p>\n<p>Verta pamin\u0117ti, kad 60 cm vonios stalvir\u0161is, pagamintas i\u0161 MDF plok\u0161t\u0117s, padengtos PVC folija, yra ne tik esteti\u0161kai patrauklus, bet ir lengvai valomas. Jis su\u0161ildo interjer\u0105, atkartoja gra\u017eius nat\u016bralaus med\u017eio ra\u0161tus ir per kelias sekundes suteikia jam nauj\u0105 blizges\u012f. Poliruota gamyba naudojant FSC sertifikuotas med\u017eiagas u\u017etikrina ilgaam\u017ei\u0161kum\u0105 ir tvirtum\u0105, o tai naudinga ne tik j\u016bs\u0173 vonios kambariui, bet ir aplinkai.<\/p>\n<p>Klasikin\u0117s blizgios baltos spalvos keraminis praustuvas WIKI-SW papildo visum\u0105, sudarydamas tobul\u0105 kontrast\u0105 su \u0161iluma pasi\u017eymin\u010dia Kremonos \u0105\u017euolo mediena. D\u0117l savo dizaino j\u012f lengva sumontuoti, tod\u0117l \u0161is komplektas yra ne tik gra\u017eus, bet ir prakti\u0161kas. Patogus naudoti ir stilingas, jis tampa bet kurio vonios kambario \u0161irdimi, suteikdamas harmoning\u0105 elegancijos akcent\u0105.<\/p>\n<p>Pasirink\u0119 \u201eNordic Cremona\u201c komplekt\u0105, gausite ne tik gro\u017e\u012f, bet ir universalum\u0105 bei funkcionalum\u0105. D\u0117l nesenstan\u010dio dizaino jis puikiai tinka \u012fvairiems interjero stiliams \u2013 nuo skandinavi\u0161ko iki modernaus. Investuokite \u012f kokyb\u0119, kuri tarnaus ilgus metus, ir estetik\u0105, kuri d\u017eiugins jus ir j\u016bs\u0173 sve\u010dius!<\/p>","protected":false},"excerpt":{"rendered":"<p>Plotis (cm): 60<br \/>\n\u016agis (cm): 57<br \/>\nGylis (cm): 45,8<\/p>","protected":false},"featured_media":246132,"comment_status":"open","ping_status":"open","template":"","meta":[],"product_brand":[],"product_cat":[9117,2015,9183],"product_tag":[],"class_list":{"0":"post-246131","1":"product","2":"type-product","3":"status-publish","4":"has-post-thumbnail","6":"product_cat-bathroom","7":"product_cat-comad","8":"product_cat-bathroom-furniture-sets-comad","10":"first","11":"instock","12":"purchasable","13":"product-type-simple"},"_links":{"self":[{"href":"https:\/\/baldumarket.lt\/lt\/wp-json\/wp\/v2\/product\/246131","targetHints":{"allow":["GET"]}}],"collection":[{"href":"https:\/\/baldumarket.lt\/lt\/wp-json\/wp\/v2\/product"}],"about":[{"href":"https:\/\/baldumarket.lt\/lt\/wp-json\/wp\/v2\/types\/product"}],"replies":[{"embeddable":true,"href":"https:\/\/baldumarket.lt\/lt\/wp-json\/wp\/v2\/comments?post=246131"}],"wp:featuredmedia":[{"embeddable":true,"href":"https:\/\/baldumarket.lt\/lt\/wp-json\/wp\/v2\/media\/246132"}],"wp:attachment":[{"href":"https:\/\/baldumarket.lt\/lt\/wp-json\/wp\/v2\/media?parent=246131"}],"wp:term":[{"taxonomy":"product_brand","embeddable":true,"href":"https:\/\/baldumarket.lt\/lt\/wp-json\/wp\/v2\/product_brand?post=246131"},{"taxonomy":"product_cat","embeddable":true,"href":"https:\/\/baldumarket.lt\/lt\/wp-json\/wp\/v2\/product_cat?post=246131"},{"taxonomy":"product_tag","embeddable":true,"href":"https:\/\/baldumarket.lt\/lt\/wp-json\/wp\/v2\/product_tag?post=246131"}],"curies":[{"name":"wp","href":"https:\/\/api.w.org\/{rel}","templated":true}]}}