{"id":246125,"date":"2026-01-02T23:17:46","date_gmt":"2026-01-02T20:17:46","guid":{"rendered":"https:\/\/baldumarket.lt\/product\/zestaw-szafka-z-blatem-60-cm-i-umywalka-nablatowa-nordic-cremona\/"},"modified":"2026-04-25T23:17:06","modified_gmt":"2026-04-25T20:17:06","slug":"zestaw-szafka-z-blatem-60-cm-i-umywalka-nablatowa-nordic-cremona","status":"publish","type":"product","link":"https:\/\/baldumarket.lt\/lt\/product\/zestaw-szafka-z-blatem-60-cm-i-umywalka-nablatowa-nordic-cremona\/","title":{"rendered":"60 cm stalvir\u0161io spintel\u0117s ir \u201eNordic Cremona\u201c stalvir\u0161io praustuvo komplektas"},"content":{"rendered":"<p>\u201eNordic Cremona\u201c 60 cm stalvir\u0161io spintel\u0117s ir praustuvo komplektas. \u201eNordic Cremona\u201c 60 cm stalvir\u0161io spintel\u0117s ir praustuvo komplektas derina elegancij\u0105 ir funkcionalum\u0105. Jame yra du stal\u010diai su \u0161velnaus u\u017edarymo sistema, o nat\u016brali \u201eCremona Oak\u201c apdaila suteikia \u0161ilt\u0105 akcent\u0105. Keraminis \u017ealiai matin\u0117s spalvos praustuvas. Matmenys: Plotis (cm): 60 Gylis (cm): 46 Auk\u0161tis (cm): 57 Techniniai duomenys: Komplekt\u0105 sudaro: Praustuvo spintel\u0117 60 cm, 2 \u201eNordic Cremona\u201c stal\u010diai, vonios stalvir\u0161is 60 cm, \u201eCremona Oak\u201c, keraminis praustuvas BEYOND 2 OLIVER GREEN E-6565, matin\u0117 \u017ealia; Korpuso spalva: \u201eCremona Oak\u201c; Priekin\u0117s spalvos: \u201eCremona Oak\u201c; Stalvir\u0161io spalva: \u201eCremona Oak\u201c; Praustuvo spalva: matin\u0117 \u017ealia; Korpuso med\u017eiaga: laminuota plok\u0161t\u0117; Priekin\u0117s med\u017eiagos med\u017eiaga: MDF plok\u0161t\u0117; Stalvir\u0161io med\u017eiaga: MDF plok\u0161t\u0117; Praustuvo med\u017eiaga: keramika; B\u0117geliai: \u0160velniai u\u017esidarantis; Praustuvas komplekte: Taip; Stalvir\u0161is komplekte: Taip; Tvirtinimo pakuot\u0117 komplekte: Taip; Surinkimas: Savaranki\u0161kas surinkimas. Atraskite nauj\u0105 kokyb\u0117s lyg\u012f savo vonios kambaryje su \u201eNordic Cremona\u201c spintele su 60 cm stalvir\u0161iu ir praustuvu. \u0160is eleganti\u0161kas ir modernus baldas derina funkcionalum\u0105 ir subtili\u0105 estetik\u0105, kuri pakeis bet kok\u012f interjer\u0105. 60 cm plo\u010dio, 57 cm auk\u0161\u010dio ir 46 cm gylio spintel\u0117 su dviem erdviais stal\u010diais suteikia vietos vonios kambario aksesuarams ir padeda palaikyti tvark\u0105. \u201eCremona Oak\u201c apdaila suteikia j\u016bs\u0173 erdvei \u0161ilumos ir nat\u016bralaus \u017eavesio.<\/p>\n<p>\u0160io baldo dizainas \u017eavi subtiliais, vertikaliai grioveliais i\u0161rai\u017eytais fasadais, suteikian\u010diais lengvumo ir elegancijos. Asimetri\u0161ka rankena, sumaniai integruota \u012f spintel\u0117s form\u0105, suteikia visam baldui darn\u0173, modern\u0173 vaizd\u0105. D\u0117l kruop\u0161taus pagaminimo i\u0161 patvari\u0173 med\u017eiag\u0173, toki\u0173 kaip MDF ir laminuota plok\u0161t\u0117, \u0161is baldas d\u017eiugins ak\u012f ilgus metus ir i\u0161liks puikios b\u016bkl\u0117s.<\/p>\n<p>Komplekt\u0105 papildo matin\u0117s \u017ealios spalvos keraminis praustuvas BEYOND 2 OLIVER GREEN. Unikali spalva ne tik traukia ak\u012f, bet ir suteikia vonios kambariui gaivumo bei originalumo. 60 cm stalvir\u0161is ne tik su\u0161ildo interjer\u0105, bet ir suteikia prakti\u0161k\u0105 erdv\u0119 kasdienei prie\u017ei\u016brai. Lengvai valomas pavir\u0161ius leid\u017eia lengviau nei bet kada anks\u010diau palaikyti tvark\u0105.<\/p>\n<p>Pasirinkdami Lenkijos gamintojo spintel\u0119 su stalvir\u0161iu ir praustuvu, investuojate \u012f kokyb\u0119 ir ilgaam\u017ei\u0161kum\u0105, turin\u010dius FSC sertifikat\u0105. Baldai pristatomi savaranki\u0161kai surenkamose pakuot\u0117se, tod\u0117l juos gali lengvai surinkti kiekvienas namuose. Intuityvus dizainas rei\u0161kia, kad surinkimui nereikia speciali\u0173 \u017eini\u0173 \u2013 kiekvienas gali m\u0117gautis dizaino gro\u017eiu ir prakti\u0161kumu kiekvien\u0105 dien\u0105.<\/p>\n<p>Neleiskite, kad j\u016bs\u0173 vonios kambarys b\u016bt\u0173 tik funkcionali erdv\u0117 \u2013 paverskite j\u012f stilinga erdve su \u201eNordic Cremona\u201c spintele su 60 cm stalvir\u0161iu ir praustuvu. M\u0117gaukit\u0117s komfortu, estetika ir d\u017eiaugsmu, kur\u012f suteikia baldai, apjungiantys visus \u0161iuos elementus. Rinkit\u0117s kokyb\u0119, rinkit\u0117s stili\u0173 \u2013 rinkit\u0117s \u201eNordic Cremona\u201c!<\/p>","protected":false},"excerpt":{"rendered":"<p>Plotis (cm): 60<br \/>\n\u016agis (cm): 57<br \/>\nGylis (cm): 46<\/p>","protected":false},"featured_media":246126,"comment_status":"open","ping_status":"open","template":"","meta":[],"product_brand":[],"product_cat":[9117,2015,9183],"product_tag":[],"class_list":{"0":"post-246125","1":"product","2":"type-product","3":"status-publish","4":"has-post-thumbnail","6":"product_cat-bathroom","7":"product_cat-comad","8":"product_cat-bathroom-furniture-sets-comad","10":"first","11":"instock","12":"purchasable","13":"product-type-simple"},"_links":{"self":[{"href":"https:\/\/baldumarket.lt\/lt\/wp-json\/wp\/v2\/product\/246125","targetHints":{"allow":["GET"]}}],"collection":[{"href":"https:\/\/baldumarket.lt\/lt\/wp-json\/wp\/v2\/product"}],"about":[{"href":"https:\/\/baldumarket.lt\/lt\/wp-json\/wp\/v2\/types\/product"}],"replies":[{"embeddable":true,"href":"https:\/\/baldumarket.lt\/lt\/wp-json\/wp\/v2\/comments?post=246125"}],"wp:featuredmedia":[{"embeddable":true,"href":"https:\/\/baldumarket.lt\/lt\/wp-json\/wp\/v2\/media\/246126"}],"wp:attachment":[{"href":"https:\/\/baldumarket.lt\/lt\/wp-json\/wp\/v2\/media?parent=246125"}],"wp:term":[{"taxonomy":"product_brand","embeddable":true,"href":"https:\/\/baldumarket.lt\/lt\/wp-json\/wp\/v2\/product_brand?post=246125"},{"taxonomy":"product_cat","embeddable":true,"href":"https:\/\/baldumarket.lt\/lt\/wp-json\/wp\/v2\/product_cat?post=246125"},{"taxonomy":"product_tag","embeddable":true,"href":"https:\/\/baldumarket.lt\/lt\/wp-json\/wp\/v2\/product_tag?post=246125"}],"curies":[{"name":"wp","href":"https:\/\/api.w.org\/{rel}","templated":true}]}}